{"id":14140,"date":"2025-10-29T08:57:38","date_gmt":"2025-10-29T01:57:38","guid":{"rendered":"https:\/\/web-ban-le.mbws.vn\/suc-khoe\/?post_type=product&#038;p=14140"},"modified":"2025-10-29T08:58:31","modified_gmt":"2025-10-29T01:58:31","slug":"vien-ho-dau-tram-bac-ha-camphor-eucapsoft-lo-40-vien","status":"publish","type":"product","link":"https:\/\/web-ban-le.mbws.vn\/suc-khoe\/san-pham\/vien-ho-dau-tram-bac-ha-camphor-eucapsoft-lo-40-vien\/","title":{"rendered":"Vi\u00ean ho d\u1ea7u tr\u00e0m &#8211; b\u1ea1c h\u00e0 &#8211; camphor EUCAPSOFT L\u1ecd 40 vi\u00ean"},"content":{"rendered":"<div class=\"e8lZp3\">\n<p class=\"QN2lPu\">Th\u00e0nh ph\u1ea7n <\/p>\n<p class=\"QN2lPu\">\n<p class=\"QN2lPu\">Ho\u1ea1t ch\u1ea5t: Eucalyptol 80mg, Camphor 12mg, B\u1ea1c h\u00e0 12mg. T\u00e1 d\u01b0\u1ee3c: Gelatin , Sorbitol, ph\u1ea9m m\u00e0u (160(i), 133).<\/p>\n<p class=\"QN2lPu\">M\u00f4 t\u1ea3:<\/p>\n<p class=\"QN2lPu\">\n<p class=\"QN2lPu\">C\u00f4ng d\u1ee5ng:<\/p>\n<p class=\"QN2lPu\">H\u1ed7 tr\u1ee3 gi\u1ea3m ho, long \u0111\u1eddm, l\u00e0m th\u00f4ng tho\u00e1ng \u0111\u01b0\u1eddng h\u00f4 h\u1ea5p.<\/p>\n<p class=\"QN2lPu\">\n<p class=\"QN2lPu\">\u0110\u1ed1i t\u01b0\u1ee3ng s\u1eed d\u1ee5ng:<\/p>\n<p class=\"QN2lPu\">Ng\u01b0\u1eddi l\u1edbn v\u00e0 tr\u1ebb em tr\u00ean 5 tu\u1ed5i b\u1ecb ho do thay \u0111\u1ed5i th\u1eddi ti\u1ebft, c\u1ea3m l\u1ea1nh, nhi\u1ec5m tr\u00f9ng \u0111\u01b0\u1eddng h\u00f4 h\u1ea5p.<\/p>\n<p class=\"QN2lPu\">\n<p class=\"QN2lPu\">C\u00e1ch d\u00f9ng:<\/p>\n<p class=\"QN2lPu\">\n<p class=\"QN2lPu\">Ng\u01b0\u1eddi l\u1edbn: U\u1ed1ng 1 \u2013 2 vi\u00ean\/l\u1ea7n, ng\u00e0y 3 \u2013 4 l\u1ea7n.<\/p>\n<p class=\"QN2lPu\">Tr\u1ebb em tr\u00ean 5 tu\u1ed5i: U\u1ed1ng 1 vi\u00ean\/l\u1ea7n, ng\u00e0y u\u1ed1ng 2 l\u1ea7n.<\/p>\n<p class=\"QN2lPu\">\n<p class=\"QN2lPu\">B\u1ea3o qu\u1ea3n:<\/p>\n<p class=\"QN2lPu\">\n<p class=\"QN2lPu\">N\u01a1i kh\u00f4 m\u00e1t, tr\u00e1nh \u00e1nh s\u00e1ng chi\u1ebfu tr\u1ef1c ti\u1ebfp. S\u1ea3n ph\u1ea9m n\u00e0y kh\u00f4ng ph\u1ea3i l\u00e0 thu\u1ed1c, kh\u00f4ng c\u00f3 t\u00e1c d\u1ee5ng thay th\u1ebf thu\u1ed1c<\/p>\n<p class=\"QN2lPu\">S\u1ea3n ph\u1ea9m n\u00e0y kh\u00f4ng ph\u1ea3i l\u00e0 thu\u1ed1c, kh\u00f4ng c\u00f3 t\u00e1c d\u1ee5ng thay th\u1ebf thu\u1ed1c<\/p>\n<\/div>\n","protected":false},"excerpt":{"rendered":"<p>Th\u00e0nh ph\u1ea7n Ho\u1ea1t ch\u1ea5t: Eucalyptol 80mg, Camphor 12mg, B\u1ea1c h\u00e0 12mg. T\u00e1 d\u01b0\u1ee3c: Gelatin , Sorbitol, ph\u1ea9m m\u00e0u (160(i), 133). M\u00f4 t\u1ea3: C\u00f4ng d\u1ee5ng: H\u1ed7 tr\u1ee3 gi\u1ea3m ho, long \u0111\u1eddm, l\u00e0m th\u00f4ng tho\u00e1ng \u0111\u01b0\u1eddng h\u00f4 h\u1ea5p. \u0110\u1ed1i t\u01b0\u1ee3ng s\u1eed d\u1ee5ng: Ng\u01b0\u1eddi l\u1edbn v\u00e0 tr\u1ebb em tr\u00ean 5 tu\u1ed5i b\u1ecb ho do thay \u0111\u1ed5i th\u1eddi ti\u1ebft,&#8230;<\/p>\n","protected":false},"featured_media":14229,"comment_status":"open","ping_status":"closed","template":"","meta":[],"product_brand":[],"product_cat":[1229],"product_tag":[],"class_list":{"0":"post-14140","1":"product","2":"type-product","3":"status-publish","4":"has-post-thumbnail","6":"product_cat-ho-tro-suc-khoe","8":"first","9":"instock","10":"sale","11":"shipping-taxable","12":"purchasable","13":"product-type-simple"},"_links":{"self":[{"href":"https:\/\/web-ban-le.mbws.vn\/suc-khoe\/wp-json\/wp\/v2\/product\/14140","targetHints":{"allow":["GET"]}}],"collection":[{"href":"https:\/\/web-ban-le.mbws.vn\/suc-khoe\/wp-json\/wp\/v2\/product"}],"about":[{"href":"https:\/\/web-ban-le.mbws.vn\/suc-khoe\/wp-json\/wp\/v2\/types\/product"}],"replies":[{"embeddable":true,"href":"https:\/\/web-ban-le.mbws.vn\/suc-khoe\/wp-json\/wp\/v2\/comments?post=14140"}],"wp:featuredmedia":[{"embeddable":true,"href":"https:\/\/web-ban-le.mbws.vn\/suc-khoe\/wp-json\/wp\/v2\/media\/14229"}],"wp:attachment":[{"href":"https:\/\/web-ban-le.mbws.vn\/suc-khoe\/wp-json\/wp\/v2\/media?parent=14140"}],"wp:term":[{"taxonomy":"product_brand","embeddable":true,"href":"https:\/\/web-ban-le.mbws.vn\/suc-khoe\/wp-json\/wp\/v2\/product_brand?post=14140"},{"taxonomy":"product_cat","embeddable":true,"href":"https:\/\/web-ban-le.mbws.vn\/suc-khoe\/wp-json\/wp\/v2\/product_cat?post=14140"},{"taxonomy":"product_tag","embeddable":true,"href":"https:\/\/web-ban-le.mbws.vn\/suc-khoe\/wp-json\/wp\/v2\/product_tag?post=14140"}],"curies":[{"name":"wp","href":"https:\/\/api.w.org\/{rel}","templated":true}]}}