{"id":14178,"date":"2025-10-29T08:58:02","date_gmt":"2025-10-29T01:58:02","guid":{"rendered":"https:\/\/web-ban-le.mbws.vn\/suc-khoe\/?post_type=product&#038;p=14178"},"modified":"2025-10-29T08:58:34","modified_gmt":"2025-10-29T01:58:34","slug":"vistamin-b1-dai-uy-hop-100-vien-vitamin-b1-chau-ngan-pharma","status":"publish","type":"product","link":"https:\/\/web-ban-le.mbws.vn\/suc-khoe\/san-pham\/vistamin-b1-dai-uy-hop-100-vien-vitamin-b1-chau-ngan-pharma\/","title":{"rendered":"Vistamin B1 \u0110\u1ea1i Uy H\u1ed9p 100 vi\u00ean &#8211; Vitamin B1 &#8211; Ch\u00e2u Ng\u00e2n Pharma"},"content":{"rendered":"<div class=\"e8lZp3\">\n<p class=\"QN2lPu\">1. Th\u00e0nh ph\u1ea7n c\u1ee7a Vistamin B1 (\u0110\u1ea1i Uy)<\/p>\n<p class=\"QN2lPu\">&#8211; Vitamin B1 (Thiamin hydrochloride) 2,5mg<\/p>\n<p class=\"QN2lPu\">&#8211; Pepsin 2,5mg<\/p>\n<p class=\"QN2lPu\">Ph\u1ee5 li\u1ec7u: magie stearat, tinh b\u1ed9t v\u1eeba \u0111\u1ee7 1 vi\u00ean<\/p>\n<p class=\"QN2lPu\">\n<p class=\"QN2lPu\">2. C\u00f4ng d\u1ee5ng c\u1ee7a Vistamin B1 (\u0110\u1ea1i Uy)<\/p>\n<p class=\"QN2lPu\">B\u1ed5 sung vitamin B1 cho c\u01a1 th\u1ec3, h\u1ed7 tr\u1ee3 c\u1ea3i thi\u1ec7n t\u00ecnh tr\u1ea1ng thi\u1ebfu h\u1ee5t vitamin nh\u00f3m B1.<\/p>\n<p class=\"QN2lPu\">\n<p class=\"QN2lPu\">3. Li\u1ec1u l\u01b0\u1ee3ng v\u00e0 c\u00e1ch d\u00f9ng c\u1ee7a Vistamin B1 (\u0110\u1ea1i Uy)<\/p>\n<p class=\"QN2lPu\">&#8211; Tr\u1ebb tr\u00ean 7 tu\u1ed5i: Ng\u00e0y u\u1ed1ng 1 l\u1ea7n, m\u1ed7i l\u1ea7n 1-2 vi\u00ean.<\/p>\n<p class=\"QN2lPu\">&#8211; Ng\u01b0\u1eddi l\u1edbn: Ng\u00e0y u\u1ed1ng 1 l\u1ea7n, m\u1ed7i l\u1ea7n 2-4 vi\u00ean.<\/p>\n<p class=\"QN2lPu\">\n<p class=\"QN2lPu\">4. \u0110\u1ed1i t\u01b0\u1ee3ng s\u1eed d\u1ee5ng<\/p>\n<p class=\"QN2lPu\">D\u00f9ng cho ng\u01b0\u1eddi l\u1edbn v\u00e0 tr\u1ebb em tr\u00ean 7 tu\u1ed5i.<\/p>\n<p class=\"QN2lPu\">\n<p class=\"QN2lPu\">5. B\u1ea3o qu\u1ea3n<\/p>\n<p class=\"QN2lPu\">\u0110\u1ec3 n\u01a1i kh\u00f4 r\u00e1o, tho\u00e1ng m\u00e1t, tr\u00e1nh \u00e1nh n\u1eafng tr\u1ef1c ti\u1ebfp.<\/p>\n<p class=\"QN2lPu\">\n<p class=\"QN2lPu\">6. L\u01b0u \u00fd<\/p>\n<p class=\"QN2lPu\">&#8211; Th\u1ef1c ph\u1ea9m n\u00e0y kh\u00f4ng ph\u1ea3i l\u00e0 thu\u1ed1c, kh\u00f4ng c\u00f3 t\u00e1c d\u1ee5ng thay th\u1ebf thu\u1ed1c<\/p>\n<p class=\"QN2lPu\">&#8211; Kh\u00f4ng d\u00f9ng cho ng\u01b0\u1eddi m\u1eabn c\u1ea3m v\u1edbi b\u1ea5t k\u1ec3 th\u00e0nh ph\u1ea7n n\u00e0o c\u1ee7a s\u1ea3n ph\u1ea9m.<\/p>\n<p class=\"QN2lPu\">#vitaminb1<\/p>\n<\/div>\n","protected":false},"excerpt":{"rendered":"<p>1. Th\u00e0nh ph\u1ea7n c\u1ee7a Vistamin B1 (\u0110\u1ea1i Uy) &#8211; Vitamin B1 (Thiamin hydrochloride) 2,5mg &#8211; Pepsin 2,5mg Ph\u1ee5 li\u1ec7u: magie stearat, tinh b\u1ed9t v\u1eeba \u0111\u1ee7 1 vi\u00ean 2. C\u00f4ng d\u1ee5ng c\u1ee7a Vistamin B1 (\u0110\u1ea1i Uy) B\u1ed5 sung vitamin B1 cho c\u01a1 th\u1ec3, h\u1ed7 tr\u1ee3 c\u1ea3i thi\u1ec7n t\u00ecnh tr\u1ea1ng thi\u1ebfu h\u1ee5t vitamin nh\u00f3m B1. 3. Li\u1ec1u&#8230;<\/p>\n","protected":false},"featured_media":14235,"comment_status":"open","ping_status":"closed","template":"","meta":[],"product_brand":[],"product_cat":[1229],"product_tag":[],"class_list":{"0":"post-14178","1":"product","2":"type-product","3":"status-publish","4":"has-post-thumbnail","6":"product_cat-ho-tro-suc-khoe","8":"first","9":"instock","10":"sale","11":"shipping-taxable","12":"purchasable","13":"product-type-simple"},"_links":{"self":[{"href":"https:\/\/web-ban-le.mbws.vn\/suc-khoe\/wp-json\/wp\/v2\/product\/14178","targetHints":{"allow":["GET"]}}],"collection":[{"href":"https:\/\/web-ban-le.mbws.vn\/suc-khoe\/wp-json\/wp\/v2\/product"}],"about":[{"href":"https:\/\/web-ban-le.mbws.vn\/suc-khoe\/wp-json\/wp\/v2\/types\/product"}],"replies":[{"embeddable":true,"href":"https:\/\/web-ban-le.mbws.vn\/suc-khoe\/wp-json\/wp\/v2\/comments?post=14178"}],"wp:featuredmedia":[{"embeddable":true,"href":"https:\/\/web-ban-le.mbws.vn\/suc-khoe\/wp-json\/wp\/v2\/media\/14235"}],"wp:attachment":[{"href":"https:\/\/web-ban-le.mbws.vn\/suc-khoe\/wp-json\/wp\/v2\/media?parent=14178"}],"wp:term":[{"taxonomy":"product_brand","embeddable":true,"href":"https:\/\/web-ban-le.mbws.vn\/suc-khoe\/wp-json\/wp\/v2\/product_brand?post=14178"},{"taxonomy":"product_cat","embeddable":true,"href":"https:\/\/web-ban-le.mbws.vn\/suc-khoe\/wp-json\/wp\/v2\/product_cat?post=14178"},{"taxonomy":"product_tag","embeddable":true,"href":"https:\/\/web-ban-le.mbws.vn\/suc-khoe\/wp-json\/wp\/v2\/product_tag?post=14178"}],"curies":[{"name":"wp","href":"https:\/\/api.w.org\/{rel}","templated":true}]}}