{"id":14179,"date":"2025-10-29T08:58:02","date_gmt":"2025-10-29T01:58:02","guid":{"rendered":"https:\/\/web-ban-le.mbws.vn\/suc-khoe\/?post_type=product&#038;p=14179"},"modified":"2025-10-29T08:58:37","modified_gmt":"2025-10-29T01:58:37","slug":"vitamin-e-400-dai-uy-hop-100-vien-chau-ngan-pharma","status":"publish","type":"product","link":"https:\/\/web-ban-le.mbws.vn\/suc-khoe\/san-pham\/vitamin-e-400-dai-uy-hop-100-vien-chau-ngan-pharma\/","title":{"rendered":"Vitamin E 400 \u0110\u1ea1i Uy H\u1ed9p 100 vi\u00ean &#8211; Ch\u00e2u Ng\u00e2n Pharma"},"content":{"rendered":"<div class=\"e8lZp3\">\n<p class=\"QN2lPu\">1. Th\u00e0nh ph\u1ea7n c\u1ee7a Vitamin E 400mg \u0110\u1ea1i Uy<\/p>\n<p class=\"QN2lPu\">Chi\u1ebft xu\u1ea5t l\u00f4 h\u1ed9i 500mg<\/p>\n<p class=\"QN2lPu\">Vitamin E 400UI<\/p>\n<p class=\"QN2lPu\">Ph\u1ee5 li\u1ec7u: Gelatin, d\u1ea7u \u0111\u1eadu n\u00e0nh v\u1eeba \u0111\u1ee7 1 vi\u00ean<\/p>\n<p class=\"QN2lPu\">\n<p class=\"QN2lPu\">2. C\u00f4ng d\u1ee5ng c\u1ee7a Vitamin E 400mg \u0110\u1ea1i Uy<\/p>\n<p class=\"QN2lPu\">B\u1ed5 sung Vitamin E cho c\u01a1 th\u1ec3, h\u1ed7 tr\u1ee3 gi\u1ea3m t\u00ecnh tr\u1ea1ng thi\u1ebfu vitamin E, H\u1ed7 tr\u1ee3 ch\u1ed1ng oxy ho\u00e1, h\u1ea1n ch\u1ebf l\u00e3o ho\u00e1 da, h\u1ed7 tr\u1ee3 l\u00e0m \u0111\u1eb9p da.<\/p>\n<p class=\"QN2lPu\">\n<p class=\"QN2lPu\">3. Li\u1ec1u l\u01b0\u1ee3ng v\u00e0 c\u00e1ch d\u00f9ng c\u1ee7a Vitamin E 400mg \u0110\u1ea1i Uy<\/p>\n<p class=\"QN2lPu\">Ph\u1ee5 n\u1eef tr\u01b0\u1edfng th\u00e0nh: Ng\u00e0y u\u1ed1ng 1-2 vi\u00ean\/l\u1ea7n, ng\u00e0y u\u1ed1ng 1 l\u1ea7n.<\/p>\n<p class=\"QN2lPu\">\n<p class=\"QN2lPu\">4. \u0110\u1ed1i t\u01b0\u1ee3ng s\u1eed d\u1ee5ng<\/p>\n<p class=\"QN2lPu\">D\u00f9ng cho ng\u01b0\u1eddi thi\u1ebfu vitamin E. Ng\u01b0\u1eddi l\u00e3o ho\u00e1 da: da nh\u0103n, da kh\u00f4 s\u1ea1m, t\u00e0n nhang, n\u00e1m da. Ng\u01b0\u1eddi th\u01b0\u1eddng xuy\u00ean ti\u1ebfp x\u00fac v\u1edbi \u00e1nh n\u1eafng m\u1eb7t tr\u1eddi, ho\u00e1 ch\u1ea5t g\u00e2y h\u1ea1i cho da. Ng\u01b0\u1eddi c\u00f3 nhu c\u1ea7u l\u00e0m \u0111\u1eb9p da.<\/p>\n<p class=\"QN2lPu\">\n<p class=\"QN2lPu\">5. B\u1ea3o qu\u1ea3n<\/p>\n<p class=\"QN2lPu\">B\u1ea3o qu\u1ea3n \u1edf nhi\u1ec7t \u0111\u1ed9 d\u01b0\u1edbi 30\u00b0C. N\u01a1i kh\u00f4 m\u00e1t, tr\u00e1nh \u00e1nh s\u00e1ng.<\/p>\n<p class=\"QN2lPu\">\n<p class=\"QN2lPu\">6. L\u01b0u \u00fd<\/p>\n<p class=\"QN2lPu\">S\u1ea3n ph\u1ea9m n\u00e0y kh\u00f4ng ph\u1ea3i l\u00e0 thu\u1ed1c v\u00e0 kh\u00f4ng c\u00f3 t\u00e1c d\u1ee5ng thay th\u1ebf thu\u1ed1c . <\/p>\n<p class=\"QN2lPu\">Kh\u00f4ng d\u00f9ng cho ng\u01b0\u1eddi m\u1eabn c\u1ea3m v\u1edbi b\u1ea5t k\u1ef3 th\u00e0nh ph\u1ea7n n\u00e0o c\u1ee7a s\u1ea3n ph\u1ea9m. <\/p>\n<p class=\"QN2lPu\">\u0110\u1ecdc k\u1ef9 h\u01b0\u1edbng d\u1eabn s\u1eed d\u1ee5ng tr\u01b0\u1edbc khi d\u00f9ng.<\/p>\n<p class=\"QN2lPu\">#vitamine #daiuy #vitaminegiare<\/p>\n<\/div>\n","protected":false},"excerpt":{"rendered":"<p>1. Th\u00e0nh ph\u1ea7n c\u1ee7a Vitamin E 400mg \u0110\u1ea1i Uy Chi\u1ebft xu\u1ea5t l\u00f4 h\u1ed9i 500mg Vitamin E 400UI Ph\u1ee5 li\u1ec7u: Gelatin, d\u1ea7u \u0111\u1eadu n\u00e0nh v\u1eeba \u0111\u1ee7 1 vi\u00ean 2. C\u00f4ng d\u1ee5ng c\u1ee7a Vitamin E 400mg \u0110\u1ea1i Uy B\u1ed5 sung Vitamin E cho c\u01a1 th\u1ec3, h\u1ed7 tr\u1ee3 gi\u1ea3m t\u00ecnh tr\u1ea1ng thi\u1ebfu vitamin E, H\u1ed7 tr\u1ee3 ch\u1ed1ng oxy&#8230;<\/p>\n","protected":false},"featured_media":14237,"comment_status":"open","ping_status":"closed","template":"","meta":[],"product_brand":[],"product_cat":[1229],"product_tag":[],"class_list":{"0":"post-14179","1":"product","2":"type-product","3":"status-publish","4":"has-post-thumbnail","6":"product_cat-ho-tro-suc-khoe","8":"first","9":"instock","10":"sale","11":"shipping-taxable","12":"purchasable","13":"product-type-simple"},"_links":{"self":[{"href":"https:\/\/web-ban-le.mbws.vn\/suc-khoe\/wp-json\/wp\/v2\/product\/14179","targetHints":{"allow":["GET"]}}],"collection":[{"href":"https:\/\/web-ban-le.mbws.vn\/suc-khoe\/wp-json\/wp\/v2\/product"}],"about":[{"href":"https:\/\/web-ban-le.mbws.vn\/suc-khoe\/wp-json\/wp\/v2\/types\/product"}],"replies":[{"embeddable":true,"href":"https:\/\/web-ban-le.mbws.vn\/suc-khoe\/wp-json\/wp\/v2\/comments?post=14179"}],"wp:featuredmedia":[{"embeddable":true,"href":"https:\/\/web-ban-le.mbws.vn\/suc-khoe\/wp-json\/wp\/v2\/media\/14237"}],"wp:attachment":[{"href":"https:\/\/web-ban-le.mbws.vn\/suc-khoe\/wp-json\/wp\/v2\/media?parent=14179"}],"wp:term":[{"taxonomy":"product_brand","embeddable":true,"href":"https:\/\/web-ban-le.mbws.vn\/suc-khoe\/wp-json\/wp\/v2\/product_brand?post=14179"},{"taxonomy":"product_cat","embeddable":true,"href":"https:\/\/web-ban-le.mbws.vn\/suc-khoe\/wp-json\/wp\/v2\/product_cat?post=14179"},{"taxonomy":"product_tag","embeddable":true,"href":"https:\/\/web-ban-le.mbws.vn\/suc-khoe\/wp-json\/wp\/v2\/product_tag?post=14179"}],"curies":[{"name":"wp","href":"https:\/\/api.w.org\/{rel}","templated":true}]}}