{"id":14180,"date":"2025-10-29T08:58:02","date_gmt":"2025-10-29T01:58:02","guid":{"rendered":"https:\/\/web-ban-le.mbws.vn\/suc-khoe\/?post_type=product&#038;p=14180"},"modified":"2025-10-29T08:58:40","modified_gmt":"2025-10-29T01:58:40","slug":"vien-nghe-mekophar-chai-100-vien-chau-ngan-pharma","status":"publish","type":"product","link":"https:\/\/web-ban-le.mbws.vn\/suc-khoe\/san-pham\/vien-nghe-mekophar-chai-100-vien-chau-ngan-pharma\/","title":{"rendered":"Vi\u00ean Ngh\u1ec7 Mekophar Chai 100 Vi\u00ean &#8211; Ch\u00e2u Ng\u00e2n Pharma"},"content":{"rendered":"<div class=\"e8lZp3\">\n<p class=\"QN2lPu\">C\u00f4ng d\u1ee5ng VI\u00caN NGH\u1ec6 MEKOPHAR:<\/p>\n<p class=\"QN2lPu\">H\u1ed7 tr\u1ee3 b\u1ea3o v\u1ec7 v\u00e0 t\u00e1i t\u1ea1o ni\u00eam m\u1ea1c d\u1ea1 d\u00e0y, t\u00e1 tr\u00e0ng.<\/p>\n<p class=\"QN2lPu\">\n<p class=\"QN2lPu\">H\u1ed7 tr\u1ee3 li\u00eau h\u00f3a, t\u0103ng c\u01b0\u1eddng ch\u1ee9c n\u0103ng gan-m\u1eadt, gi\u1ea3m t\u00e1c d\u1ee5ng ph\u1ee5 c\u1ee7a h\u00f3a ch\u1ea5t<\/p>\n<p class=\"QN2lPu\">\n<p class=\"QN2lPu\">\u0110\u1ed1i t\u01b0\u1ee3ng s\u1eed d\u1ee5ng VI\u00caN NGH\u1ec6 MEKOPHAR:<\/p>\n<p class=\"QN2lPu\">Ng\u01b0\u1eddi b\u1ecb t\u1ed5n th\u01b0\u01a1ng ni\u00eam m\u1ea1c d\u1ea1 d\u00e0y, t\u00e1 tr\u00e0ng. Ng\u01b0\u1eddi \u0111ang h\u00f3a tr\u1ecb, x\u1ea1 tr\u1ecb.<\/p>\n<p class=\"QN2lPu\">\n<p class=\"QN2lPu\">Ch\u00fa \u00fd: kh\u00f4ng s\u1eed d\u1ee5ng cho ng\u01b0\u1eddi c\u01a1 th\u1ec3 h\u01b0 nh\u01b0\u1ee3c, ph\u1ee5 n\u1eef c\u00f3 thai.<\/p>\n<p class=\"QN2lPu\">\n<p class=\"QN2lPu\">Th\u00e0nh ph\u1ea7n VI\u00caN NGH\u1ec6 MEKOPHAR:<\/p>\n<p class=\"QN2lPu\">Cao ngh\u1ec7 400mg t\u01b0\u01a1ng \u0111\u01b0\u01a1ng curcumin 5mg; m\u1eadt ong: 50mg<\/p>\n<p class=\"QN2lPu\">\n<p class=\"QN2lPu\">Ph\u1ee5 li\u1ec7u: Lactose, Crospovidon, magnesi stearat, Colloidal silicon dioxyd, Sepifilm LP 770, titan dioxyd, hydroxypropyl methylcellulose 606, Polysorbat 80, Macrogol 6000, m\u00e0u brown HT, m\u00e0u tartrazin lake, m\u00e0u tartrazin dye, talc.<\/p>\n<p class=\"QN2lPu\">\n<p class=\"QN2lPu\">H\u01b0\u1edbng d\u1eabn s\u1eed d\u1ee5ng VI\u00caN NGH\u1ec6 MEKOPHAR:<\/p>\n<p class=\"QN2lPu\">U\u1ed1ng 2 vi\u00ean\/l\u1ea7n, ng\u00e0y 3-4 l\u1ea7n.<\/p>\n<p class=\"QN2lPu\">\n<p class=\"QN2lPu\">B\u1ea3o qu\u1ea3n: N\u01a1i kh\u00f4 m\u00e1t, tr\u00e1nh \u00e1nh n\u1eafng tr\u1ef1c ti\u1ebfp. <\/p>\n<p class=\"QN2lPu\">\n<p class=\"QN2lPu\">Quy c\u00e1ch \u0111\u00f3ng g\u00f3i: Chai 100 vi\u00ean, H\u1ed9p 1 chai. Kh\u1ed1i l\u01b0\u1ee3ng t\u1ecbnh: 49,5g.<\/p>\n<p class=\"QN2lPu\">S\u1ea3n ph\u1ea9m n\u00e0y kh\u00f4ng ph\u1ea3i l\u00e0 thu\u1ed1c v\u00e0 kh\u00f4ng c\u00f3 t\u00e1c d\u1ee5ng thay th\u1ebf thu\u1ed1c ch\u1eefa b\u1ec7nh<\/p>\n<\/div>\n","protected":false},"excerpt":{"rendered":"<p>C\u00f4ng d\u1ee5ng VI\u00caN NGH\u1ec6 MEKOPHAR: H\u1ed7 tr\u1ee3 b\u1ea3o v\u1ec7 v\u00e0 t\u00e1i t\u1ea1o ni\u00eam m\u1ea1c d\u1ea1 d\u00e0y, t\u00e1 tr\u00e0ng. H\u1ed7 tr\u1ee3 li\u00eau h\u00f3a, t\u0103ng c\u01b0\u1eddng ch\u1ee9c n\u0103ng gan-m\u1eadt, gi\u1ea3m t\u00e1c d\u1ee5ng ph\u1ee5 c\u1ee7a h\u00f3a ch\u1ea5t \u0110\u1ed1i t\u01b0\u1ee3ng s\u1eed d\u1ee5ng VI\u00caN NGH\u1ec6 MEKOPHAR: Ng\u01b0\u1eddi b\u1ecb t\u1ed5n th\u01b0\u01a1ng ni\u00eam m\u1ea1c d\u1ea1 d\u00e0y, t\u00e1 tr\u00e0ng. Ng\u01b0\u1eddi \u0111ang h\u00f3a tr\u1ecb,&#8230;<\/p>\n","protected":false},"featured_media":14242,"comment_status":"open","ping_status":"closed","template":"","meta":[],"product_brand":[],"product_cat":[1229],"product_tag":[],"class_list":{"0":"post-14180","1":"product","2":"type-product","3":"status-publish","4":"has-post-thumbnail","6":"product_cat-ho-tro-suc-khoe","8":"first","9":"instock","10":"shipping-taxable","11":"purchasable","12":"product-type-simple"},"_links":{"self":[{"href":"https:\/\/web-ban-le.mbws.vn\/suc-khoe\/wp-json\/wp\/v2\/product\/14180","targetHints":{"allow":["GET"]}}],"collection":[{"href":"https:\/\/web-ban-le.mbws.vn\/suc-khoe\/wp-json\/wp\/v2\/product"}],"about":[{"href":"https:\/\/web-ban-le.mbws.vn\/suc-khoe\/wp-json\/wp\/v2\/types\/product"}],"replies":[{"embeddable":true,"href":"https:\/\/web-ban-le.mbws.vn\/suc-khoe\/wp-json\/wp\/v2\/comments?post=14180"}],"wp:featuredmedia":[{"embeddable":true,"href":"https:\/\/web-ban-le.mbws.vn\/suc-khoe\/wp-json\/wp\/v2\/media\/14242"}],"wp:attachment":[{"href":"https:\/\/web-ban-le.mbws.vn\/suc-khoe\/wp-json\/wp\/v2\/media?parent=14180"}],"wp:term":[{"taxonomy":"product_brand","embeddable":true,"href":"https:\/\/web-ban-le.mbws.vn\/suc-khoe\/wp-json\/wp\/v2\/product_brand?post=14180"},{"taxonomy":"product_cat","embeddable":true,"href":"https:\/\/web-ban-le.mbws.vn\/suc-khoe\/wp-json\/wp\/v2\/product_cat?post=14180"},{"taxonomy":"product_tag","embeddable":true,"href":"https:\/\/web-ban-le.mbws.vn\/suc-khoe\/wp-json\/wp\/v2\/product_tag?post=14180"}],"curies":[{"name":"wp","href":"https:\/\/api.w.org\/{rel}","templated":true}]}}