{"id":14184,"date":"2025-10-29T08:58:02","date_gmt":"2025-10-29T01:58:02","guid":{"rendered":"https:\/\/web-ban-le.mbws.vn\/suc-khoe\/?post_type=product&#038;p=14184"},"modified":"2025-10-29T08:59:05","modified_gmt":"2025-10-29T01:59:05","slug":"gel-ve-sinh-phu-nu-sac-phu-huong-hadiphar-chai-100ml-200ml","status":"publish","type":"product","link":"https:\/\/web-ban-le.mbws.vn\/suc-khoe\/san-pham\/gel-ve-sinh-phu-nu-sac-phu-huong-hadiphar-chai-100ml-200ml\/","title":{"rendered":"Gel v\u1ec7 sinh ph\u1ee5 n\u1eef S\u1eafc Ph\u1ee5 H\u01b0\u01a1ng Hadiphar Chai 100ml &#8211; 200ml"},"content":{"rendered":"<div class=\"e8lZp3\">\n<p class=\"QN2lPu\">Th\u00e0nh ph\u1ea7n: <\/p>\n<p class=\"QN2lPu\">Th\u1ed5 ph\u1ee5c linh, Kim ng\u00e2n hoa, Xuy\u00ean t\u00e2m li\u00ean, Ngh\u1ec7, Ch\u00e8 xanh, vitamin E, B\u1ea1c h\u00e0, <\/p>\n<p class=\"QN2lPu\">Clotrimazol, Carbopol, Glycerol, Sodium lauryl sulphat, H\u01b0\u01a1ng hoa h\u1ed3ng, N\u01b0\u1edbc tinh khi\u1ebft.<\/p>\n<p class=\"QN2lPu\">C\u00f4ng d\u1ee5ng: <\/p>\n<p class=\"QN2lPu\">&#8211; Gi\u00fap v\u1ec7 sinh v\u00f9ng-k\u00edn, l\u00e0m s\u1ea1ch vi khu\u1ea9n v\u00e0 n\u1ea5m c\u00f3 h\u1ea1i, duy tr\u00ec \u0111\u1ed9 \u1ea9m, c\u00e2n b\u1eb1ng \u0111\u1ed9 pH v\u00e0 vi sinh v\u1eadt t\u1ef1 nhi\u00ean m\u00f4i tr\u01b0\u1eddng b\u00ean trong, t\u0103ng ph\u1ee5c h\u1ed3i ni\u00eam m\u1ea1c, gi\u1ea3m c\u1ea3m gi\u00e1c kh\u00f4 r\u00e1t ng\u1ee9a ng\u00e1y kh\u00f3 ch\u1ecbu.<\/p>\n<p class=\"QN2lPu\">&#8211; H\u1ed7 tr\u1ee3 ph\u00f2ng ng\u1eeba vi\u00eam nhi\u1ec5m, n\u1ea5m ng\u1ee9a, kh\u00ed h\u01b0, huy\u1ebft tr\u1eafng, vi\u00eam l\u1ed9 tuy\u1ebfn c\u1ed5 t\u1eed cung.<\/p>\n<p class=\"QN2lPu\">C\u00e1ch d\u00f9ng: <\/p>\n<p class=\"QN2lPu\">L\u00e0m \u01b0\u1edbt v\u00f9ng-k\u00edn, l\u1ea5y 2-3ml S\u1eafc Ph\u1ee5 H\u01b0\u01a1ng v\u00e0o l\u00f2ng b\u00e0n tay, thoa r\u1eeda nh\u1eb9 nh\u00e0ng v\u00f9ng ch\u1eef V, sau \u0111\u00f3 r\u1eeda l\u1ea1i b\u1eb1ng n\u01b0\u1edbc s\u1ea1ch.<\/p>\n<p class=\"QN2lPu\">L\u01b0u \u00fd: <\/p>\n<p class=\"QN2lPu\">Kh\u00f4ng \u0111\u01b0\u1ee3c th\u1ee5t v\u00e0o b\u00ean trong. Khi d\u00f9ng n\u1ebfu c\u00f3 t\u00ecnh tr\u1ea1ng vi\u00eam, ng\u1ee9a r\u00e1t k\u00e9o d\u00e0i h\u00e3y th\u00f4ng b\u00e1o cho b\u00e1c s\u1ef9 chuy\u00ean khoa \u0111\u1ec3 \u0111\u01b0\u1ee3c t\u01b0 v\u1ea5n. Kh\u00f4ng d\u00f9ng cho ng\u01b0\u1eddi m\u1eabn c\u1ea3m v\u1edbi c\u00e1c th\u00e0nh ph\u1ea7n c\u1ee7a s\u1ea3n ph\u1ea9m.<\/p>\n<p class=\"QN2lPu\">B\u1ea3o qu\u1ea3n: N\u01a1i kh\u00f4 m\u00e1t, tr\u00e1nh \u00e1nh s\u00e1ng.<\/p>\n<p class=\"QN2lPu\">H\u1ea1n s\u1eed d\u1ee5ng: 36 th\u00e1ng k\u1ec3 t\u1eeb ng\u00e0y s\u1ea3n xu\u1ea5t<\/p>\n<p class=\"QN2lPu\">S\u1ea3n ph\u1ea9m n\u00e0y kh\u00f4ng ph\u1ea3i l\u00e0 thu\u1ed1c, kh\u00f4ng c\u00f3 t\u00e1c d\u1ee5ng thay th\u1ebf thu\u1ed1c<\/p>\n<\/div>\n","protected":false},"excerpt":{"rendered":"<p>Th\u00e0nh ph\u1ea7n: Th\u1ed5 ph\u1ee5c linh, Kim ng\u00e2n hoa, Xuy\u00ean t\u00e2m li\u00ean, Ngh\u1ec7, Ch\u00e8 xanh, vitamin E, B\u1ea1c h\u00e0, Clotrimazol, Carbopol, Glycerol, Sodium lauryl sulphat, H\u01b0\u01a1ng hoa h\u1ed3ng, N\u01b0\u1edbc tinh khi\u1ebft. C\u00f4ng d\u1ee5ng: &#8211; Gi\u00fap v\u1ec7 sinh v\u00f9ng-k\u00edn, l\u00e0m s\u1ea1ch vi khu\u1ea9n v\u00e0 n\u1ea5m c\u00f3 h\u1ea1i, duy tr\u00ec \u0111\u1ed9 \u1ea9m, c\u00e2n b\u1eb1ng \u0111\u1ed9 pH v\u00e0 vi&#8230;<\/p>\n","protected":false},"featured_media":14256,"comment_status":"open","ping_status":"closed","template":"","meta":[],"product_brand":[],"product_cat":[1246],"product_tag":[],"class_list":{"0":"post-14184","1":"product","2":"type-product","3":"status-publish","4":"has-post-thumbnail","6":"product_cat-dung-dich-ve-sinh","8":"first","9":"instock","10":"sale","11":"shipping-taxable","12":"purchasable","13":"product-type-variable"},"_links":{"self":[{"href":"https:\/\/web-ban-le.mbws.vn\/suc-khoe\/wp-json\/wp\/v2\/product\/14184","targetHints":{"allow":["GET"]}}],"collection":[{"href":"https:\/\/web-ban-le.mbws.vn\/suc-khoe\/wp-json\/wp\/v2\/product"}],"about":[{"href":"https:\/\/web-ban-le.mbws.vn\/suc-khoe\/wp-json\/wp\/v2\/types\/product"}],"replies":[{"embeddable":true,"href":"https:\/\/web-ban-le.mbws.vn\/suc-khoe\/wp-json\/wp\/v2\/comments?post=14184"}],"wp:featuredmedia":[{"embeddable":true,"href":"https:\/\/web-ban-le.mbws.vn\/suc-khoe\/wp-json\/wp\/v2\/media\/14256"}],"wp:attachment":[{"href":"https:\/\/web-ban-le.mbws.vn\/suc-khoe\/wp-json\/wp\/v2\/media?parent=14184"}],"wp:term":[{"taxonomy":"product_brand","embeddable":true,"href":"https:\/\/web-ban-le.mbws.vn\/suc-khoe\/wp-json\/wp\/v2\/product_brand?post=14184"},{"taxonomy":"product_cat","embeddable":true,"href":"https:\/\/web-ban-le.mbws.vn\/suc-khoe\/wp-json\/wp\/v2\/product_cat?post=14184"},{"taxonomy":"product_tag","embeddable":true,"href":"https:\/\/web-ban-le.mbws.vn\/suc-khoe\/wp-json\/wp\/v2\/product_tag?post=14184"}],"curies":[{"name":"wp","href":"https:\/\/api.w.org\/{rel}","templated":true}]}}