{"id":14185,"date":"2025-10-29T08:58:02","date_gmt":"2025-10-29T01:58:02","guid":{"rendered":"https:\/\/web-ban-le.mbws.vn\/suc-khoe\/?post_type=product&#038;p=14185"},"modified":"2025-10-29T08:58:52","modified_gmt":"2025-10-29T01:58:52","slug":"calcium-plus-vitamin-d3-lo-100-vien-nang-mem","status":"publish","type":"product","link":"https:\/\/web-ban-le.mbws.vn\/suc-khoe\/san-pham\/calcium-plus-vitamin-d3-lo-100-vien-nang-mem\/","title":{"rendered":"Calcium Plus Vitamin D3 \u2013 L\u1ecd 100 vi\u00ean nang m\u1ec1m"},"content":{"rendered":"<div class=\"e8lZp3\">\n<p class=\"QN2lPu\">Trong qu\u00e1 tr\u00ecnh ph\u00e1t tri\u1ec3n x\u01b0\u01a1ng, canxi l\u00e0 th\u00e0nh ph\u1ea7n c\u1ea5u t\u1ea1o n\u00ean x\u01b0\u01a1ng v\u00e0 r\u0103ng, vitamin D3 \u0111\u00f3ng vai tr\u00f2 t\u1ea1o khung x\u01b0\u01a1ng v\u00e0 t\u0103ng kh\u1ea3 n\u0103ng h\u1ea5p thu canxi. N\u1ebfu thi\u1ebfu m\u1ed9t trong hai ch\u1ea5t n\u00e0y, th\u00ec vi\u1ec7c ph\u00e1t tri\u1ec3n v\u00e0 duy tr\u00ec h\u1ec7 x\u01b0\u01a1ng s\u1ebd kh\u00f4ng ho\u00e0n h\u1ea3o. Cung c\u1ea5p canxi v\u00e0 vitamin D3 c\u00f3 trong vi\u00ean u\u1ed1ng Calcium Plus Vitamin D3 l\u00e0 vi\u1ec7c l\u00e0m c\u1ea7n thi\u1ebft.<\/p>\n<p class=\"QN2lPu\">\n<p class=\"QN2lPu\">1. Th\u00e0nh ph\u1ea7n trong Calcium Plus Vitamin D3  (Vi\u00ean nang m\u1ec1m):<\/p>\n<p class=\"QN2lPu\">M\u1ed7i vi\u00ean nang m\u1ec1m ch\u1ee9a:<\/p>\n<p class=\"QN2lPu\">\n<p class=\"QN2lPu\">Calci Carbonat \u2026\u2026\u2026\u2026500mg<\/p>\n<p class=\"QN2lPu\">Vitamin D3\u2026\u2026\u2026\u2026\u2026\u2026.60 IU<\/p>\n<p class=\"QN2lPu\">Ph\u1ee5 li\u1ec7u: D\u1ea7u \u0110\u1eadu N\u00e0nh, Gelatin,  Glycerin, S\u00e1p Ong Tr\u1eafng, M\u00e0u Th\u1ef1c Ph\u1ea9m, Dung D\u1ecbch Sorbitol 70%, Lecithin, Vanillin, Titan Dioxide v\u1eeba \u0111\u1ee7 1 vi\u00ean<\/p>\n<p class=\"QN2lPu\">\n<p class=\"QN2lPu\">2. C\u00f4ng d\u1ee5ng Calcium Plus Vitamin D3:<\/p>\n<p class=\"QN2lPu\">B\u1ed5 sung calci v\u00e0 vitamin D h\u00e0ng ng\u00e0y cho tr\u1ebb trong giai \u0111o\u1ea1n ph\u00e1t tri\u1ec3n v\u00e0 t\u0103ng tr\u01b0\u1edfng, cho ng\u01b0\u1eddi cao tu\u1ed5i, ph\u1ee5 n\u1eef c\u00f3 thai v\u00e0 cho con b\u00fa.<\/p>\n<p class=\"QN2lPu\">H\u1ed7 tr\u1ee3 ph\u00f2ng v\u00e0 l\u00e0m gi\u1ea3m t\u00ecnh tr\u1ea1ng lo\u00e3ng x\u01b0\u01a1ng, x\u1ed1p x\u01b0\u01a1ng \u1edf nh\u1eefng ng\u01b0\u1eddi \u0103n u\u1ed1ng thi\u1ebfu calci, c\u00f2i x\u01b0\u01a1ng \u1edf tr\u1ebb em.<\/p>\n<p class=\"QN2lPu\">3. \u0110\u1ed1i t\u01b0\u1ee3ng s\u1eed d\u1ee5ng:<\/p>\n<p class=\"QN2lPu\">Tr\u1ebb em tr\u00ean 5 tu\u1ed5i v\u00e0 ng\u01b0\u1eddi l\u1edbn, ph\u1ee5 n\u1eef mang thai v\u00e0 cho con b\u00fa.<\/p>\n<p class=\"QN2lPu\">\n<p class=\"QN2lPu\">4. Th\u1eddi h\u1ea1n s\u1eed d\u1ee5ng:<\/p>\n<p class=\"QN2lPu\">36 th\u00e1ng k\u1ec3 t\u1eeb ng\u00e0y s\u1ea3n xu\u1ea5t<\/p>\n<p class=\"QN2lPu\">S\u1ea3n xu\u1ea5t v\u00e0 h\u1ea1n s\u1eed d\u1ee5ng ghi tr\u00ean nh\u00e3n s\u1ea3n ph\u1ea9m<\/p>\n<p class=\"QN2lPu\">B\u1ea3o qu\u1ea3n n\u01a1i kh\u00f4 r\u00e1o tho\u00e1ng m\u00e1t, tr\u00e1nh \u00e1nh s\u00e1ng m\u1eb7t tr\u1eddi tr\u1ef1c ti\u1ebfp chi\u1ebfu l\u00ean s\u1ea3n ph\u1ea9m<\/p>\n<p class=\"QN2lPu\">L\u01b0u \u00fd:<\/p>\n<p class=\"QN2lPu\">\n<p class=\"QN2lPu\">S\u1ea3n ph\u1ea9m n\u00e0y kh\u00f4ng ph\u1ea3i l\u00e0 thu\u1ed1c, kh\u00f4ng c\u00f3 t\u00e1c d\u1ee5ng thay th\u1ebf thu\u1ed1c ch\u1eefa b\u1ec7nh<\/p>\n<p class=\"QN2lPu\">\u0110\u1ecdc k\u1ef9 h\u01b0\u1edbng d\u1eabn s\u1eed d\u1ee5ng tr\u01b0\u1edbc khi d\u00f9ng<\/p>\n<p class=\"QN2lPu\"> N\u1ebfu c\u1ea7n th\u00eam th\u00f4ng tin, xin tham kh\u1ea3o \u00fd ki\u1ebfn d\u01b0\u1ee3c s\u0129, b\u00e1c s\u0129<\/p>\n<p class=\"QN2lPu\">\u0110\u1ec3 xa t\u1ea7m tay tr\u1ebb em<\/p>\n<\/div>\n","protected":false},"excerpt":{"rendered":"<p>Trong qu\u00e1 tr\u00ecnh ph\u00e1t tri\u1ec3n x\u01b0\u01a1ng, canxi l\u00e0 th\u00e0nh ph\u1ea7n c\u1ea5u t\u1ea1o n\u00ean x\u01b0\u01a1ng v\u00e0 r\u0103ng, vitamin D3 \u0111\u00f3ng vai tr\u00f2 t\u1ea1o khung x\u01b0\u01a1ng v\u00e0 t\u0103ng kh\u1ea3 n\u0103ng h\u1ea5p thu canxi. N\u1ebfu thi\u1ebfu m\u1ed9t trong hai ch\u1ea5t n\u00e0y, th\u00ec vi\u1ec7c ph\u00e1t tri\u1ec3n v\u00e0 duy tr\u00ec h\u1ec7 x\u01b0\u01a1ng s\u1ebd kh\u00f4ng ho\u00e0n h\u1ea3o. Cung c\u1ea5p canxi v\u00e0&#8230;<\/p>\n","protected":false},"featured_media":14267,"comment_status":"open","ping_status":"closed","template":"","meta":[],"product_brand":[],"product_cat":[1229],"product_tag":[],"class_list":{"0":"post-14185","1":"product","2":"type-product","3":"status-publish","4":"has-post-thumbnail","6":"product_cat-ho-tro-suc-khoe","8":"first","9":"instock","10":"sale","11":"shipping-taxable","12":"purchasable","13":"product-type-simple"},"_links":{"self":[{"href":"https:\/\/web-ban-le.mbws.vn\/suc-khoe\/wp-json\/wp\/v2\/product\/14185","targetHints":{"allow":["GET"]}}],"collection":[{"href":"https:\/\/web-ban-le.mbws.vn\/suc-khoe\/wp-json\/wp\/v2\/product"}],"about":[{"href":"https:\/\/web-ban-le.mbws.vn\/suc-khoe\/wp-json\/wp\/v2\/types\/product"}],"replies":[{"embeddable":true,"href":"https:\/\/web-ban-le.mbws.vn\/suc-khoe\/wp-json\/wp\/v2\/comments?post=14185"}],"wp:featuredmedia":[{"embeddable":true,"href":"https:\/\/web-ban-le.mbws.vn\/suc-khoe\/wp-json\/wp\/v2\/media\/14267"}],"wp:attachment":[{"href":"https:\/\/web-ban-le.mbws.vn\/suc-khoe\/wp-json\/wp\/v2\/media?parent=14185"}],"wp:term":[{"taxonomy":"product_brand","embeddable":true,"href":"https:\/\/web-ban-le.mbws.vn\/suc-khoe\/wp-json\/wp\/v2\/product_brand?post=14185"},{"taxonomy":"product_cat","embeddable":true,"href":"https:\/\/web-ban-le.mbws.vn\/suc-khoe\/wp-json\/wp\/v2\/product_cat?post=14185"},{"taxonomy":"product_tag","embeddable":true,"href":"https:\/\/web-ban-le.mbws.vn\/suc-khoe\/wp-json\/wp\/v2\/product_tag?post=14185"}],"curies":[{"name":"wp","href":"https:\/\/api.w.org\/{rel}","templated":true}]}}