{"id":14186,"date":"2025-10-29T08:58:02","date_gmt":"2025-10-29T01:58:02","guid":{"rendered":"https:\/\/web-ban-le.mbws.vn\/suc-khoe\/?post_type=product&#038;p=14186"},"modified":"2025-10-29T08:58:54","modified_gmt":"2025-10-29T01:58:54","slug":"combo-2-chai-keo-sua-ong-chua-vitamin-c-mekophar-cho-be-tu-4-tuoi-lo-30-vien-chau-ngan-pharma","status":"publish","type":"product","link":"https:\/\/web-ban-le.mbws.vn\/suc-khoe\/san-pham\/combo-2-chai-keo-sua-ong-chua-vitamin-c-mekophar-cho-be-tu-4-tuoi-lo-30-vien-chau-ngan-pharma\/","title":{"rendered":"Combo 2 Chai K\u1eb9o s\u1eefa ong ch\u00faa Vitamin C Mekophar cho b\u00e9 t\u1eeb 4 tu\u1ed5i \u2013 L\u1ecd 30 vi\u00ean &#8211; Ch\u00e2u Ng\u00e2n Pharma"},"content":{"rendered":"<div class=\"e8lZp3\">\n<p class=\"QN2lPu\">Th\u00e0nh ph\u1ea7n v\u00e0 c\u00f4ng d\u1ee5ng:<\/p>\n<p class=\"QN2lPu\">\n<p class=\"QN2lPu\">S\u1eefa ong ch\u00faa t\u01b0\u01a1ng \u0111\u01b0\u01a1ng protein to\u00e0n ph\u1ea7n 1,25mg, Acid Ascorbic (Vitamin C) 25mg. Ph\u1ee5 li\u1ec7u: \u0111\u01b0\u1eddng tr\u1eafng, povidon K29\/32, magnesi stearat, m\u00e0u sunset yellow, m\u00e0u tartrazin, m\u00e0u erythrosin, vanilin, tinh d\u1ea7u cam, ethanol 96%.<\/p>\n<p class=\"QN2lPu\">Vi\u00ean ng\u1eadm s\u1eefa ong ch\u00faa c\u00f3 v\u1ecb chua chua ng\u1ecdt ng\u1ecdt d\u1ec5 \u0103n cung c\u1ea5p m\u1ed9t h\u00e0m l\u01b0\u1ee3ng vitamin C cho tr\u1ebb em, ng\u01b0\u1eddi gi\u00e0 y\u1ebfu, ng\u01b0\u1eddi b\u1ec7nh m\u1edbi d\u1eady, gi\u00fap t\u0103ng s\u1ee9c \u0111\u1ec1 kh\u00e1ng \u0111\u1ec3 ch\u1ed1ng l\u1ea1i b\u1ec7nh t\u1eadt.<\/p>\n<p class=\"QN2lPu\">C\u00e1ch d\u00f9ng: Ng\u1eadm cho tan t\u1eeb t\u1eeb trong mi\u1ec7ng.<\/p>\n<p class=\"QN2lPu\">\n<p class=\"QN2lPu\">Ng\u01b0\u1eddi l\u1edbn: 2 \u2013 4 vi\u00ean\/ng\u00e0y.<\/p>\n<p class=\"QN2lPu\">Tr\u1ebb em \u2265 4 tu\u1ed5i: 2 vi\u00ean\/ng\u00e0y. <\/p>\n<p class=\"QN2lPu\">Quy c\u00e1ch \u0111\u00f3ng g\u00f3i: Chai 30 Vi\u00ean ng\u1eadm.<\/p>\n<p class=\"QN2lPu\">\n<p class=\"QN2lPu\">H\u1ea1n d\u00f9ng: 3 n\u0103m k\u1ec3 t\u1eeb ng\u00e0y s\u1ea3n xu\u1ea5t<\/p>\n<p class=\"QN2lPu\">\n<p class=\"QN2lPu\">B\u1ea3o qu\u1ea3n: n\u01a1i kh\u00f4 m\u00e1t, tr\u00e1nh \u00e1nh s\u00e1ng tr\u1ef1c ti\u1ebf<\/p>\n<\/div>\n","protected":false},"excerpt":{"rendered":"<p>Th\u00e0nh ph\u1ea7n v\u00e0 c\u00f4ng d\u1ee5ng: S\u1eefa ong ch\u00faa t\u01b0\u01a1ng \u0111\u01b0\u01a1ng protein to\u00e0n ph\u1ea7n 1,25mg, Acid Ascorbic (Vitamin C) 25mg. Ph\u1ee5 li\u1ec7u: \u0111\u01b0\u1eddng tr\u1eafng, povidon K29\/32, magnesi stearat, m\u00e0u sunset yellow, m\u00e0u tartrazin, m\u00e0u erythrosin, vanilin, tinh d\u1ea7u cam, ethanol 96%. Vi\u00ean ng\u1eadm s\u1eefa ong ch\u00faa c\u00f3 v\u1ecb chua chua ng\u1ecdt ng\u1ecdt d\u1ec5 \u0103n cung c\u1ea5p&#8230;<\/p>\n","protected":false},"featured_media":14268,"comment_status":"open","ping_status":"closed","template":"","meta":[],"product_brand":[],"product_cat":[1248],"product_tag":[],"class_list":{"0":"post-14186","1":"product","2":"type-product","3":"status-publish","4":"has-post-thumbnail","6":"product_cat-do-an-nhe-cho-be-khac","8":"first","9":"instock","10":"sale","11":"shipping-taxable","12":"purchasable","13":"product-type-simple"},"_links":{"self":[{"href":"https:\/\/web-ban-le.mbws.vn\/suc-khoe\/wp-json\/wp\/v2\/product\/14186","targetHints":{"allow":["GET"]}}],"collection":[{"href":"https:\/\/web-ban-le.mbws.vn\/suc-khoe\/wp-json\/wp\/v2\/product"}],"about":[{"href":"https:\/\/web-ban-le.mbws.vn\/suc-khoe\/wp-json\/wp\/v2\/types\/product"}],"replies":[{"embeddable":true,"href":"https:\/\/web-ban-le.mbws.vn\/suc-khoe\/wp-json\/wp\/v2\/comments?post=14186"}],"wp:featuredmedia":[{"embeddable":true,"href":"https:\/\/web-ban-le.mbws.vn\/suc-khoe\/wp-json\/wp\/v2\/media\/14268"}],"wp:attachment":[{"href":"https:\/\/web-ban-le.mbws.vn\/suc-khoe\/wp-json\/wp\/v2\/media?parent=14186"}],"wp:term":[{"taxonomy":"product_brand","embeddable":true,"href":"https:\/\/web-ban-le.mbws.vn\/suc-khoe\/wp-json\/wp\/v2\/product_brand?post=14186"},{"taxonomy":"product_cat","embeddable":true,"href":"https:\/\/web-ban-le.mbws.vn\/suc-khoe\/wp-json\/wp\/v2\/product_cat?post=14186"},{"taxonomy":"product_tag","embeddable":true,"href":"https:\/\/web-ban-le.mbws.vn\/suc-khoe\/wp-json\/wp\/v2\/product_tag?post=14186"}],"curies":[{"name":"wp","href":"https:\/\/api.w.org\/{rel}","templated":true}]}}