{"id":14187,"date":"2025-10-29T08:58:02","date_gmt":"2025-10-29T01:58:02","guid":{"rendered":"https:\/\/web-ban-le.mbws.vn\/suc-khoe\/?post_type=product&#038;p=14187"},"modified":"2025-10-29T08:58:57","modified_gmt":"2025-10-29T01:58:57","slug":"vitamin-3b-vinaphar-hop-100-vien-nang-bo-sung-vitamin-b1-b6-b12-cho-co-the-giup-boi-bo-suc-khoe","status":"publish","type":"product","link":"https:\/\/web-ban-le.mbws.vn\/suc-khoe\/san-pham\/vitamin-3b-vinaphar-hop-100-vien-nang-bo-sung-vitamin-b1-b6-b12-cho-co-the-giup-boi-bo-suc-khoe\/","title":{"rendered":"Vitamin 3B Vinaphar H\u1ed9p 100 vi\u00ean nang &#8211; B\u1ed5 sung vitamin B1, B6, B12 cho c\u01a1 th\u1ec3, gi\u00fap b\u1ed3i b\u1ed5 s\u1ee9c kh\u1ecfe"},"content":{"rendered":"<div class=\"e8lZp3\">\n<p class=\"QN2lPu\">1. Th\u00e0nh ph\u1ea7n c\u1ee7a Vitamin 3B (DP Vinaphar)<\/p>\n<p class=\"QN2lPu\">&#8211; Vitamin B1 (Thiamin Monohydrate): 500mcg<\/p>\n<p class=\"QN2lPu\">&#8211; Vitamin B6 (Pyridoxin hydroclorid): 2500mcg<\/p>\n<p class=\"QN2lPu\">&#8211; Vitamin B12 (Cyanocobalamin): 2mcg<\/p>\n<p class=\"QN2lPu\">Th\u00e0nh ph\u1ea7n kh\u00e1c: Gelatin, lecithin-322(i), erythrosine -127, d\u1ea7u c\u1ecd, nipazil, nipazol, ch\u1ea5t nh\u0169 h\u00f3a &#8211; d\u1ea7u \u0111\u1eadu n\u00e0nh (479), ch\u1ea5t l\u00e0m b\u00f3ng &#8211; s\u00e1p ong (901) v\u1eeba \u0111\u1ee7 1 vi\u00ean<\/p>\n<p class=\"QN2lPu\">\n<p class=\"QN2lPu\">2. C\u00f4ng d\u1ee5ng c\u1ee7a Vitamin 3B (DP Vinaphar)<\/p>\n<p class=\"QN2lPu\">B\u1ed5 sung vitamin B1, B6, B12 cho c\u01a1 th\u1ec3, gi\u00fap b\u1ed3i b\u1ed5 s\u1ee9c kh\u1ecfe, gi\u1ea3m nguy c\u01a1 m\u1eafc v\u00e0 gi\u1ea3m c\u00e1c tri\u1ec7u ch\u1ee9ng \u0111au th\u1ea7n kinh do thi\u1ebfu vitamin<\/p>\n<p class=\"QN2lPu\">\n<p class=\"QN2lPu\">3. Li\u1ec1u l\u01b0\u1ee3ng v\u00e0 c\u00e1ch d\u00f9ng c\u1ee7a Vitamin 3B (DP Vinaphar)<\/p>\n<p class=\"QN2lPu\">&#8211; Ng\u01b0\u1eddi l\u1edbn: U\u1ed1ng m\u1ed7i l\u1ea7n 1 vi\u00ean, ng\u00e0y u\u1ed1ng 2 l\u1ea7n &#8211; Tr\u1ebb em tr\u00ean 8 tu\u1ed5i: Ng\u00e0y u\u1ed1ng 1 vi\u00ean<\/p>\n<p class=\"QN2lPu\">\n<p class=\"QN2lPu\">4. \u0110\u1ed1i t\u01b0\u1ee3ng s\u1eed d\u1ee5ng<\/p>\n<p class=\"QN2lPu\">Ng\u01b0\u1eddi l\u1edbn v\u00e0 tr\u1ebb em tr\u00ean 8 tu\u1ed5i.<\/p>\n<p class=\"QN2lPu\">\n<p class=\"QN2lPu\">5. B\u1ea3o qu\u1ea3n<\/p>\n<p class=\"QN2lPu\">N\u01a1i kh\u00f4 r\u00e1o, tho\u00e1ng m\u00e1t, tr\u00e1nh \u00e1nh n\u1eafng chi\u1ebfu tr\u1ef1c ti\u1ebfp. Nhi\u1ec7t \u0111\u1ed9 b\u1ea3o qu\u1ea3n d\u01b0\u1edbi 25\u00b0C v\u00e0 \u0111\u1ed9 \u1ea9m d\u01b0\u1edbi 70%.<\/p>\n<p class=\"QN2lPu\">\n<p class=\"QN2lPu\">6. L\u01b0u \u00fd<\/p>\n<p class=\"QN2lPu\">&#8211; Th\u1ef1c ph\u1ea9m n\u00e0y kh\u00f4ng ph\u1ea3i l\u00e0 thu\u1ed1c kh\u00f4ng c\u00f3 t\u00e1c d\u1ee5ng thay th\u1ebf thu\u1ed1c ch\u1eefa b\u1ec7nh<\/p>\n<p class=\"QN2lPu\">&#8211; Kh\u00f4ng s\u1eed d\u1ee5ng cho ng\u01b0\u1eddi b\u1ecb m\u1eabn c\u1ea3m v\u1edbi b\u1ea5t k\u1ef3 th\u00e0nh ph\u1ea7n n\u00e0o c\u1ee7a s\u1ea3n ph\u1ea9m.<\/p>\n<\/div>\n","protected":false},"excerpt":{"rendered":"<p>1. Th\u00e0nh ph\u1ea7n c\u1ee7a Vitamin 3B (DP Vinaphar) &#8211; Vitamin B1 (Thiamin Monohydrate): 500mcg &#8211; Vitamin B6 (Pyridoxin hydroclorid): 2500mcg &#8211; Vitamin B12 (Cyanocobalamin): 2mcg Th\u00e0nh ph\u1ea7n kh\u00e1c: Gelatin, lecithin-322(i), erythrosine -127, d\u1ea7u c\u1ecd, nipazil, nipazol, ch\u1ea5t nh\u0169 h\u00f3a &#8211; d\u1ea7u \u0111\u1eadu n\u00e0nh (479), ch\u1ea5t l\u00e0m b\u00f3ng &#8211; s\u00e1p ong (901) v\u1eeba \u0111\u1ee7 1 vi\u00ean&#8230;<\/p>\n","protected":false},"featured_media":14269,"comment_status":"open","ping_status":"closed","template":"","meta":[],"product_brand":[],"product_cat":[1229],"product_tag":[],"class_list":{"0":"post-14187","1":"product","2":"type-product","3":"status-publish","4":"has-post-thumbnail","6":"product_cat-ho-tro-suc-khoe","8":"first","9":"instock","10":"sale","11":"shipping-taxable","12":"purchasable","13":"product-type-simple"},"_links":{"self":[{"href":"https:\/\/web-ban-le.mbws.vn\/suc-khoe\/wp-json\/wp\/v2\/product\/14187","targetHints":{"allow":["GET"]}}],"collection":[{"href":"https:\/\/web-ban-le.mbws.vn\/suc-khoe\/wp-json\/wp\/v2\/product"}],"about":[{"href":"https:\/\/web-ban-le.mbws.vn\/suc-khoe\/wp-json\/wp\/v2\/types\/product"}],"replies":[{"embeddable":true,"href":"https:\/\/web-ban-le.mbws.vn\/suc-khoe\/wp-json\/wp\/v2\/comments?post=14187"}],"wp:featuredmedia":[{"embeddable":true,"href":"https:\/\/web-ban-le.mbws.vn\/suc-khoe\/wp-json\/wp\/v2\/media\/14269"}],"wp:attachment":[{"href":"https:\/\/web-ban-le.mbws.vn\/suc-khoe\/wp-json\/wp\/v2\/media?parent=14187"}],"wp:term":[{"taxonomy":"product_brand","embeddable":true,"href":"https:\/\/web-ban-le.mbws.vn\/suc-khoe\/wp-json\/wp\/v2\/product_brand?post=14187"},{"taxonomy":"product_cat","embeddable":true,"href":"https:\/\/web-ban-le.mbws.vn\/suc-khoe\/wp-json\/wp\/v2\/product_cat?post=14187"},{"taxonomy":"product_tag","embeddable":true,"href":"https:\/\/web-ban-le.mbws.vn\/suc-khoe\/wp-json\/wp\/v2\/product_tag?post=14187"}],"curies":[{"name":"wp","href":"https:\/\/api.w.org\/{rel}","templated":true}]}}