{"id":14218,"date":"2025-10-29T08:58:23","date_gmt":"2025-10-29T01:58:23","guid":{"rendered":"https:\/\/web-ban-le.mbws.vn\/suc-khoe\/?post_type=product&#038;p=14218"},"modified":"2025-10-29T08:59:03","modified_gmt":"2025-10-29T01:59:03","slug":"gel-rua-mat-nghe-rau-ma-ngua-mun-exo-nano-tuyp-60g-chau-ngan-pharma","status":"publish","type":"product","link":"https:\/\/web-ban-le.mbws.vn\/suc-khoe\/san-pham\/gel-rua-mat-nghe-rau-ma-ngua-mun-exo-nano-tuyp-60g-chau-ngan-pharma\/","title":{"rendered":"Gel R\u1eeda M\u1eb7t Ngh\u1ec7 Rau M\u00e1 Ng\u1eeba M\u1ee5n EXO Nano Tu\u00fdp 60g &#8211; Ch\u00e2u Ng\u00e2n Pharma"},"content":{"rendered":"<div class=\"e8lZp3\">\n<p class=\"QN2lPu\">C\u00f4ng Th\u1ee9c C\u1ea3i Ti\u1ebfn Gi\u00fap \u00cam D\u1ecbu H\u01a1n V\u1edbi Chi\u1ebft Xu\u1ea5t Rau M\u00e1                         <\/p>\n<p class=\"QN2lPu\">\n<p class=\"QN2lPu\">TH\u00c0NH PH\u1ea6N:<\/p>\n<p class=\"QN2lPu\">\n<p class=\"QN2lPu\">&#8211; Nano curcumin (Ngh\u1ec7)<\/p>\n<p class=\"QN2lPu\">\n<p class=\"QN2lPu\">&#8211; Hyaluronic Acid<\/p>\n<p class=\"QN2lPu\">\n<p class=\"QN2lPu\">&#8211; Centella Asiatica (Chi\u1ebft xu\u1ea5t rau m\u00e1)<\/p>\n<p class=\"QN2lPu\">\n<p class=\"QN2lPu\">&#8211; Vitamin E<\/p>\n<p class=\"QN2lPu\">\n<p class=\"QN2lPu\">&#8211; Tea Tree Oil (Tinh d\u1ea7u tr\u00e0m tr\u00e0)<\/p>\n<p class=\"QN2lPu\">\n<p class=\"QN2lPu\">&#8211; Aloe Vera&#8230;<\/p>\n<p class=\"QN2lPu\">C\u00d4NG D\u1ee4NG:<\/p>\n<p class=\"QN2lPu\">\n<p class=\"QN2lPu\">&#8211; Gel r\u1eeda m\u1eb7t ng\u1eeba m\u1ee5n d\u01b0\u1ee1ng \u1ea9m Exo Nano ch\u1ee9a tinh ch\u1ea5t ngh\u1ec7 nano(Nano Curcumin), c\u00f3 t\u00e1c d\u1ee5ng kh\u00e1ng-vi\u00eam, kh\u00e1ng khu\u1ea9n, gi\u00fap ng\u0103n ng\u1eeba m\u1ee5n c\u00e1m, gi\u1ea3m nguy c\u01a1 nhi\u1ec5m tr\u00f9ng t\u1eeb m\u1ee5n tr\u1ee9ng c\u00e1,&#8230;<\/p>\n<p class=\"QN2lPu\">\n<p class=\"QN2lPu\">&#8211; Tinh ch\u1ea5t Rau M\u00e1 c\u00f9ng v\u1edbi Hyaluronic Acid c\u00f3 t\u00e1c d\u1ee5ng l\u00e0m d\u1ecbu da, d\u01b0\u1ee1ng \u1ea9m, \u0111i\u1ec1u h\u00f2a qu\u00e1 tr\u00ecnh t\u00e1i t\u1ea1o t\u1ebf b\u00e0o, l\u00e0m t\u0103ng l\u01b0\u1ee3ng m\u00e1u \u0111\u1ebfn nu\u00f4i d\u01b0\u1ee1ng t\u1ebf b\u00e0o v\u00e0 gi\u00fap ph\u1ee5c h\u1ed3i c\u00e1c t\u1ebf b\u00e0o b\u1ecb t\u1ed5n th\u01b0\u01a1ng, gi\u00fap gi\u1ea3m th\u00e2m v\u00e0 ng\u0103n ng\u1eeba s\u1eb9o<\/p>\n<p class=\"QN2lPu\">\n<p class=\"QN2lPu\">&#8211; Vitamin E, Aloe vera&#8230;gi\u00fap l\u00e0n da tr\u1eafng s\u00e1ng v\u00e0 m\u1ecbn m\u00e0ng<\/p>\n<p class=\"QN2lPu\">\n<p class=\"QN2lPu\">\u0110\u1eb7c Bi\u1ec7t: EXO NANO kh\u00f4ng d\u00f9ng c\u1ed3n nh\u01b0 nh\u1eefng s\u1ea3n ph\u1ea9m kem ngh\u1ec7 kh\u00e1c n\u00ean kh\u00f4ng g\u00e2y kh\u00f4 da.<\/p>\n<p class=\"QN2lPu\">\n<p class=\"QN2lPu\">Li\u1ec1u l\u01b0\u1ee3ng &#8211; c\u00e1ch d\u00f9ng<\/p>\n<p class=\"QN2lPu\">\n<p class=\"QN2lPu\">C\u00c1CH D\u00d9NG:<\/p>\n<p class=\"QN2lPu\">\n<p class=\"QN2lPu\">&#8211; Nam n\u1eef b\u01b0\u1edbc v\u00e0o tu\u1ed5i d\u1eady th\u00ec<\/p>\n<p class=\"QN2lPu\">\n<p class=\"QN2lPu\">&#8211; R\u1eeda s\u1ea1ch tay v\u00e0 l\u00e0m \u01b0\u1edbt da m\u1eb7t, cho m\u1ed9t l\u01b0\u1ee3ng nh\u1ecf gel r\u1eeda m\u1eb7t EXO nano v\u00e0o l\u00f2ng b\u00e0n tay, xoa \u0111\u1ec1u t\u1ea1o b\u1ecdt r\u1ed3i thoa nh\u1eb9 nh\u00e0ng l\u00ean da m\u1eb7t kho\u1ea3ng 1 ph\u00fat, r\u1eeda l\u1ea1i b\u1eb1ng n\u01b0\u1edbc s\u1ea1ch v\u00e0 th\u1ea5m kh\u00f4 m\u1eb7t b\u1eb1ng kh\u0103n m\u1ec1m s\u1ea1ch.<\/p>\n<p class=\"QN2lPu\">\n<p class=\"QN2lPu\">&#8211; N\u00ean d\u00f9ng \u0111\u1ec1u \u0111\u1eb7n h\u00e0ng ng\u00e0y sau khi th\u1ee9c d\u1eady v\u00e0 tr\u01b0\u1edbc khi \u0111i ng\u1ee7. Ho\u1eb7c d\u00f9ng th\u00eam m\u1ed9t l\u1ea7n trong ng\u00e0y khi c\u1ea7n.<\/p>\n<p class=\"QN2lPu\">S\u1ea3n ph\u1ea9m n\u00e0y kh\u00f4ng ph\u1ea3i l\u00e0 thu\u1ed1c, kh\u00f4ng c\u00f3 t\u00e1c d\u1ee5ng thay th\u1ebf thu\u1ed1c<\/p>\n<p class=\"QN2lPu\">#ruamat #gelruamat #gelruamatngherauma #rauma #nghe #suaruamat #s\u1eefa_r\u1eeda_m\u1eb7t #ngh\u1ec7 #rau_m\u00e1<\/p>\n<\/div>\n","protected":false},"excerpt":{"rendered":"<p>C\u00f4ng Th\u1ee9c C\u1ea3i Ti\u1ebfn Gi\u00fap \u00cam D\u1ecbu H\u01a1n V\u1edbi Chi\u1ebft Xu\u1ea5t Rau M\u00e1 TH\u00c0NH PH\u1ea6N: &#8211; Nano curcumin (Ngh\u1ec7) &#8211; Hyaluronic Acid &#8211; Centella Asiatica (Chi\u1ebft xu\u1ea5t rau m\u00e1) &#8211; Vitamin E &#8211; Tea Tree Oil (Tinh d\u1ea7u tr\u00e0m tr\u00e0) &#8211; Aloe Vera&#8230; C\u00d4NG D\u1ee4NG: &#8211; Gel r\u1eeda m\u1eb7t ng\u1eeba m\u1ee5n d\u01b0\u1ee1ng \u1ea9m Exo Nano&#8230;<\/p>\n","protected":false},"featured_media":14281,"comment_status":"open","ping_status":"closed","template":"","meta":[],"product_brand":[],"product_cat":[1254],"product_tag":[],"class_list":{"0":"post-14218","1":"product","2":"type-product","3":"status-publish","4":"has-post-thumbnail","6":"product_cat-sua-rua-mat","8":"first","9":"instock","10":"sale","11":"shipping-taxable","12":"purchasable","13":"product-type-simple"},"_links":{"self":[{"href":"https:\/\/web-ban-le.mbws.vn\/suc-khoe\/wp-json\/wp\/v2\/product\/14218","targetHints":{"allow":["GET"]}}],"collection":[{"href":"https:\/\/web-ban-le.mbws.vn\/suc-khoe\/wp-json\/wp\/v2\/product"}],"about":[{"href":"https:\/\/web-ban-le.mbws.vn\/suc-khoe\/wp-json\/wp\/v2\/types\/product"}],"replies":[{"embeddable":true,"href":"https:\/\/web-ban-le.mbws.vn\/suc-khoe\/wp-json\/wp\/v2\/comments?post=14218"}],"wp:featuredmedia":[{"embeddable":true,"href":"https:\/\/web-ban-le.mbws.vn\/suc-khoe\/wp-json\/wp\/v2\/media\/14281"}],"wp:attachment":[{"href":"https:\/\/web-ban-le.mbws.vn\/suc-khoe\/wp-json\/wp\/v2\/media?parent=14218"}],"wp:term":[{"taxonomy":"product_brand","embeddable":true,"href":"https:\/\/web-ban-le.mbws.vn\/suc-khoe\/wp-json\/wp\/v2\/product_brand?post=14218"},{"taxonomy":"product_cat","embeddable":true,"href":"https:\/\/web-ban-le.mbws.vn\/suc-khoe\/wp-json\/wp\/v2\/product_cat?post=14218"},{"taxonomy":"product_tag","embeddable":true,"href":"https:\/\/web-ban-le.mbws.vn\/suc-khoe\/wp-json\/wp\/v2\/product_tag?post=14218"}],"curies":[{"name":"wp","href":"https:\/\/api.w.org\/{rel}","templated":true}]}}