{"id":14219,"date":"2025-10-29T08:58:23","date_gmt":"2025-10-29T01:58:23","guid":{"rendered":"https:\/\/web-ban-le.mbws.vn\/suc-khoe\/?post_type=product&#038;p=14219"},"modified":"2025-10-29T08:59:04","modified_gmt":"2025-10-29T01:59:04","slug":"chophytin-loi-mat-loi-tieu-thong-lam-thanh-nhiet-lo-40-vien","status":"publish","type":"product","link":"https:\/\/web-ban-le.mbws.vn\/suc-khoe\/san-pham\/chophytin-loi-mat-loi-tieu-thong-lam-thanh-nhiet-lo-40-vien\/","title":{"rendered":"CHOPHYTIN &#8211;  L\u1ee3i m\u1eadt, l\u1ee3i ti\u1ec3u, th\u00f4ng l\u00e2m, thanh nhi\u1ec7t L\u1ecd 40 vi\u00ean"},"content":{"rendered":"<div class=\"e8lZp3\">\n<p class=\"QN2lPu\">CHOPHYTIN PP.Pharco L\u1ee3i m\u1eadt, l\u1ee3i ti\u1ec3u, th\u00f4ng l\u00e2m, thanh nhi\u1ec7t L\u1ecd 40 vi\u00ean &#8211; Ch\u00e2u Ng\u00e2n<\/p>\n<p class=\"QN2lPu\">TH\u00c0NH PH\u1ea6N:<\/p>\n<p class=\"QN2lPu\">54 mg cao kh\u00f4 d\u01b0\u1ee3c li\u1ec7u t\u01b0\u01a1ng \u0111\u01b0\u01a1ng:<\/p>\n<p class=\"QN2lPu\">M\u00e3 \u0111\u1ec1 (L\u00e1) &#8230;&#8230;&#8230;&#8230;&#8230;&#8230;&#8230;&#8230;&#8230;&#8230;&#8230;&#8230;&#8230;&#8230;&#8230;&#8230;. 120mg<\/p>\n<p class=\"QN2lPu\">(Folium Plantaginis) <\/p>\n<p class=\"QN2lPu\">Actis\u00f4 (L\u00e1) &#8230;&#8230;&#8230;&#8230;&#8230;&#8230;&#8230;&#8230;&#8230;&#8230;&#8230;&#8230;&#8230;&#8230;&#8230;&#8230;. 120mg<\/p>\n<p class=\"QN2lPu\">(Folium Cynarae scolymi) <\/p>\n<p class=\"QN2lPu\">Chi t\u1eed (Qu\u1ea3) &#8230;&#8230;&#8230;&#8230;&#8230;&#8230;&#8230;&#8230;&#8230;&#8230;&#8230;&#8230;&#8230;&#8230;&#8230;.. 120mg<\/p>\n<p class=\"QN2lPu\">(Fructus Gardeniae) <\/p>\n<p class=\"QN2lPu\">C\u00d4NG D\u1ee4NG:<\/p>\n<p class=\"QN2lPu\">L\u1ee3i m\u1eadt, l\u1ee3i ti\u1ec3u, th\u00f4ng l\u00e2m, thanh nhi\u1ec7t, gi\u1ea3m r\u1ed1i lo\u1ea1n ti\u00eau h\u00f3a do r\u1ed1i lo\u1ea1n b\u00e0i ti\u1ebft m\u1eadt,  ti\u00eau h\u00f3a k\u00e9m, vi\u00eam gan, vi\u00eam t\u00fai m\u1eadt, s\u1ecfi m\u1eadt, vi\u00eam th\u1eadn, vi\u00eam b\u00e0ng quang, ti\u1ec3u ra m\u00e1u.<\/p>\n<p class=\"QN2lPu\">LI\u1ec0U D\u00d9NG:<\/p>\n<p class=\"QN2lPu\">Ng\u01b0\u1eddi l\u1edbn: U\u1ed1ng 4 \u2013 6 vi\u00ean\/l\u1ea7n, ng\u00e0y 2 \u2013 3 l\u1ea7n.<\/p>\n<p class=\"QN2lPu\">Tr\u1ebb em: U\u1ed1ng 2 \u2013 3 vi\u00ean\/l\u1ea7n, ng\u00e0y 2 \u2013 3 l\u1ea7n.<\/p>\n<p class=\"QN2lPu\">C\u1ea2NH B\u00c1O V\u00c0 TH\u1eacN TR\u1eccNG<\/p>\n<p class=\"QN2lPu\">Kh\u00f4ng n\u00ean \u0103n rau m\u00e1, rau r\u0103m, di\u1ebfp c\u00e1, c\u1ee7 c\u1ea3i tr\u1eafng, \u0111\u1ed3 bi\u1ec3n nh\u01b0 \u1ed1c, s\u00f2, ngh\u00eau,\u2026<\/p>\n<p class=\"QN2lPu\">H\u1ea1n ch\u1ebf th\u1ee9c \u0103n c\u00f3 m\u1ee1 \u0111\u1ed9ng v\u1eadt.<\/p>\n<p class=\"QN2lPu\">Th\u1eadn tr\u1ecdng cho b\u1ec7nh nh\u00e2n \u0111\u00e1i th\u00e1o \u0111\u01b0\u1eddng.<\/p>\n<p class=\"QN2lPu\">L\u01afU \u00dd:<\/p>\n<p class=\"QN2lPu\">Ng\u01b0\u1eddi suy nh\u01b0\u1ee3c, t\u1ef3 v\u1ecb h\u01b0 h\u00e0n, ti\u00eau h\u00f3a k\u00e9m, \u1ec9a ch\u1ea3y kh\u00f4ng n\u00ean d\u00f9ng.<\/p>\n<p class=\"QN2lPu\">Ng\u01b0\u1eddi \u0111\u00e1i th\u00e1o \u0111\u01b0\u1eddng, vi\u00eam t\u1eafc m\u1eadt.<\/p>\n<p class=\"QN2lPu\">QUY C\u00c1CH:<\/p>\n<p class=\"QN2lPu\">L\u1ecd 40 vi\u00ean n\u00e9n bao \u0111\u01b0\u1eddng.<\/p>\n<p class=\"QN2lPu\"> S\u1ea3n ph\u1ea9m n\u00e0y kh\u00f4ng ph\u1ea3i l\u00e0 thu\u1ed1, kh\u00f4ng c\u00f3 t\u00e1c d\u1ee5ng thay th\u1ebf thu\u1ed1c<\/p>\n<\/div>\n","protected":false},"excerpt":{"rendered":"<p>CHOPHYTIN PP.Pharco L\u1ee3i m\u1eadt, l\u1ee3i ti\u1ec3u, th\u00f4ng l\u00e2m, thanh nhi\u1ec7t L\u1ecd 40 vi\u00ean &#8211; Ch\u00e2u Ng\u00e2n TH\u00c0NH PH\u1ea6N: 54 mg cao kh\u00f4 d\u01b0\u1ee3c li\u1ec7u t\u01b0\u01a1ng \u0111\u01b0\u01a1ng: M\u00e3 \u0111\u1ec1 (L\u00e1) &#8230;&#8230;&#8230;&#8230;&#8230;&#8230;&#8230;&#8230;&#8230;&#8230;&#8230;&#8230;&#8230;&#8230;&#8230;&#8230;. 120mg (Folium Plantaginis) Actis\u00f4 (L\u00e1) &#8230;&#8230;&#8230;&#8230;&#8230;&#8230;&#8230;&#8230;&#8230;&#8230;&#8230;&#8230;&#8230;&#8230;&#8230;&#8230;. 120mg (Folium Cynarae scolymi) Chi t\u1eed (Qu\u1ea3) &#8230;&#8230;&#8230;&#8230;&#8230;&#8230;&#8230;&#8230;&#8230;&#8230;&#8230;&#8230;&#8230;&#8230;&#8230;.. 120mg (Fructus Gardeniae) C\u00d4NG D\u1ee4NG: L\u1ee3i m\u1eadt, l\u1ee3i ti\u1ec3u, th\u00f4ng l\u00e2m,&#8230;<\/p>\n","protected":false},"featured_media":14282,"comment_status":"open","ping_status":"closed","template":"","meta":[],"product_brand":[],"product_cat":[1229],"product_tag":[],"class_list":{"0":"post-14219","1":"product","2":"type-product","3":"status-publish","4":"has-post-thumbnail","6":"product_cat-ho-tro-suc-khoe","8":"first","9":"instock","10":"sale","11":"shipping-taxable","12":"purchasable","13":"product-type-simple"},"_links":{"self":[{"href":"https:\/\/web-ban-le.mbws.vn\/suc-khoe\/wp-json\/wp\/v2\/product\/14219","targetHints":{"allow":["GET"]}}],"collection":[{"href":"https:\/\/web-ban-le.mbws.vn\/suc-khoe\/wp-json\/wp\/v2\/product"}],"about":[{"href":"https:\/\/web-ban-le.mbws.vn\/suc-khoe\/wp-json\/wp\/v2\/types\/product"}],"replies":[{"embeddable":true,"href":"https:\/\/web-ban-le.mbws.vn\/suc-khoe\/wp-json\/wp\/v2\/comments?post=14219"}],"wp:featuredmedia":[{"embeddable":true,"href":"https:\/\/web-ban-le.mbws.vn\/suc-khoe\/wp-json\/wp\/v2\/media\/14282"}],"wp:attachment":[{"href":"https:\/\/web-ban-le.mbws.vn\/suc-khoe\/wp-json\/wp\/v2\/media?parent=14219"}],"wp:term":[{"taxonomy":"product_brand","embeddable":true,"href":"https:\/\/web-ban-le.mbws.vn\/suc-khoe\/wp-json\/wp\/v2\/product_brand?post=14219"},{"taxonomy":"product_cat","embeddable":true,"href":"https:\/\/web-ban-le.mbws.vn\/suc-khoe\/wp-json\/wp\/v2\/product_cat?post=14219"},{"taxonomy":"product_tag","embeddable":true,"href":"https:\/\/web-ban-le.mbws.vn\/suc-khoe\/wp-json\/wp\/v2\/product_tag?post=14219"}],"curies":[{"name":"wp","href":"https:\/\/api.w.org\/{rel}","templated":true}]}}