{"id":14220,"date":"2025-10-29T08:58:23","date_gmt":"2025-10-29T01:58:23","guid":{"rendered":"https:\/\/web-ban-le.mbws.vn\/suc-khoe\/?post_type=product&#038;p=14220"},"modified":"2025-10-29T08:59:05","modified_gmt":"2025-10-29T01:59:05","slug":"multivitamin-va-khoang-chat-cadinutrivit-g-usp-chau-ngan-pharma-san-pham-chinh-hang","status":"publish","type":"product","link":"https:\/\/web-ban-le.mbws.vn\/suc-khoe\/san-pham\/multivitamin-va-khoang-chat-cadinutrivit-g-usp-chau-ngan-pharma-san-pham-chinh-hang\/","title":{"rendered":"Multivitamin v\u00e0 kho\u00e1ng ch\u1ea5t CADINUTRIVIT \u2013 G USP  &#8211; Ch\u00e2u Ng\u00e2n Pharma &#8211; S\u1ea3n ph\u1ea9m ch\u00ednh h\u00e3ng"},"content":{"rendered":"<div class=\"e8lZp3\">\n<p class=\"QN2lPu\">1.\tTh\u00e0nh ph\u1ea7n c\u1ee7a s\u1ea3n ph\u1ea9m Cadinutrivit G USP<\/p>\n<p class=\"QN2lPu\">M\u1ed7i vi\u00ean nang m\u1ec1m ch\u1ee9a:<\/p>\n<p class=\"QN2lPu\">&#8211;\tCao nh\u00e2n s\u00e2m 40 mg<\/p>\n<p class=\"QN2lPu\">&#8211;\tVitamin A (Retinol palmitat) 1000 IU<\/p>\n<p class=\"QN2lPu\">&#8211;\tVitamin D3 (Cholecalciferol) 400 IU<\/p>\n<p class=\"QN2lPu\">&#8211;\tVitamin E (d,l-alphatocopherol acetat) 10 mg<\/p>\n<p class=\"QN2lPu\">&#8211;\tVitamin B1 (Thiamin nitrat) 2 mg<\/p>\n<p class=\"QN2lPu\">&#8211;\tVitamin B2 (Riboflavin) 3 mg<\/p>\n<p class=\"QN2lPu\">&#8211;\tVitamin C (Acid ascorbic) 9 mg<\/p>\n<p class=\"QN2lPu\">&#8211;\tVitamin B6 (Pyridoxin HCl) 1 mg<\/p>\n<p class=\"QN2lPu\">&#8211;\tVitamin PP (Nicotinamid) 15 mg<\/p>\n<p class=\"QN2lPu\">&#8211;\tVitamin B5 (Calcium pantothenat) 10 mg<\/p>\n<p class=\"QN2lPu\">&#8211;\tS\u1eaft (Ferrous furmarat) 1,65 mg<\/p>\n<p class=\"QN2lPu\">&#8211;\tMagie (Magnesium oxid) 6 mg<\/p>\n<p class=\"QN2lPu\">&#8211;\tK\u1ebdm (Zinc oxid) 0,8 mg<\/p>\n<p class=\"QN2lPu\">&#8211;\tCanxi (Calcium dibasic phosphat dihydrat v\u00e0 Calcium pantothenat) 21,42 mg<\/p>\n<p class=\"QN2lPu\">D\u1ea1ng b\u00e0o ch\u1ebf<\/p>\n<p class=\"QN2lPu\">Vi\u00ean nang m\u1ec1m<\/p>\n<p class=\"QN2lPu\">2.\tC\u00f4ng d\u1ee5ng &#8211; Ch\u1ec9 \u0111\u1ecbnh c\u1ee7a s\u1ea3n ph\u1ea9m Cadinutrivit G USP<\/p>\n<p class=\"QN2lPu\">\u0110\u01b0\u1ee3c ch\u1ec9 \u0111\u1ecbnh trong c\u00e1c tr\u01b0\u1eddng h\u1ee3p c\u01a1 th\u1ec3 suy nh\u01b0\u1ee3c, th\u1ec3 ch\u1ea5t y\u1ebfu, m\u1ec7t m\u1ecfi, t\u00ecnh tr\u1ea1ng thi\u1ebfu h\u1ee5t dinh d\u01b0\u1ee1ng,sau ph\u1eabu thu\u1eadt.<\/p>\n<p class=\"QN2lPu\">B\u1ed5 sung vitamin v\u00e0 kho\u00e1ng ch\u1ea5t cho ph\u1ee5 n\u1eef c\u00f3 thai, b\u00e0 m\u1eb9 cho con b\u00fa, tr\u1ebb \u0111ang ph\u00e1t tri\u1ec3n, ng\u01b0\u1eddi l\u1edbn tu\u1ed5i.<\/p>\n<p class=\"QN2lPu\">3.\tLi\u1ec1u d\u00f9ng &#8211; C\u00e1ch d\u00f9ng s\u1ea3n ph\u1ea9m Cadinutrivit G USP<\/p>\n<p class=\"QN2lPu\">Li\u1ec1u d\u00f9ng th\u00f4ng th\u01b0\u1eddng l\u00e0 1 vi\u00ean\/ng\u00e0y.<\/p>\n<p class=\"QN2lPu\">U\u1ed1ng nguy\u00ean vi\u00ean thu\u1ed1c, u\u1ed1ng sau b\u1eefa \u0103n<\/p>\n<\/div>\n","protected":false},"excerpt":{"rendered":"<p>1. Th\u00e0nh ph\u1ea7n c\u1ee7a s\u1ea3n ph\u1ea9m Cadinutrivit G USP M\u1ed7i vi\u00ean nang m\u1ec1m ch\u1ee9a: &#8211; Cao nh\u00e2n s\u00e2m 40 mg &#8211; Vitamin A (Retinol palmitat) 1000 IU &#8211; Vitamin D3 (Cholecalciferol) 400 IU &#8211; Vitamin E (d,l-alphatocopherol acetat) 10 mg &#8211; Vitamin B1 (Thiamin nitrat) 2 mg &#8211; Vitamin B2 (Riboflavin) 3 mg &#8211; Vitamin&#8230;<\/p>\n","protected":false},"featured_media":14283,"comment_status":"open","ping_status":"closed","template":"","meta":[],"product_brand":[],"product_cat":[1229],"product_tag":[],"class_list":{"0":"post-14220","1":"product","2":"type-product","3":"status-publish","4":"has-post-thumbnail","6":"product_cat-ho-tro-suc-khoe","8":"first","9":"instock","10":"sale","11":"shipping-taxable","12":"purchasable","13":"product-type-simple"},"_links":{"self":[{"href":"https:\/\/web-ban-le.mbws.vn\/suc-khoe\/wp-json\/wp\/v2\/product\/14220","targetHints":{"allow":["GET"]}}],"collection":[{"href":"https:\/\/web-ban-le.mbws.vn\/suc-khoe\/wp-json\/wp\/v2\/product"}],"about":[{"href":"https:\/\/web-ban-le.mbws.vn\/suc-khoe\/wp-json\/wp\/v2\/types\/product"}],"replies":[{"embeddable":true,"href":"https:\/\/web-ban-le.mbws.vn\/suc-khoe\/wp-json\/wp\/v2\/comments?post=14220"}],"wp:featuredmedia":[{"embeddable":true,"href":"https:\/\/web-ban-le.mbws.vn\/suc-khoe\/wp-json\/wp\/v2\/media\/14283"}],"wp:attachment":[{"href":"https:\/\/web-ban-le.mbws.vn\/suc-khoe\/wp-json\/wp\/v2\/media?parent=14220"}],"wp:term":[{"taxonomy":"product_brand","embeddable":true,"href":"https:\/\/web-ban-le.mbws.vn\/suc-khoe\/wp-json\/wp\/v2\/product_brand?post=14220"},{"taxonomy":"product_cat","embeddable":true,"href":"https:\/\/web-ban-le.mbws.vn\/suc-khoe\/wp-json\/wp\/v2\/product_cat?post=14220"},{"taxonomy":"product_tag","embeddable":true,"href":"https:\/\/web-ban-le.mbws.vn\/suc-khoe\/wp-json\/wp\/v2\/product_tag?post=14220"}],"curies":[{"name":"wp","href":"https:\/\/api.w.org\/{rel}","templated":true}]}}