{"id":14221,"date":"2025-10-29T08:58:23","date_gmt":"2025-10-29T01:58:23","guid":{"rendered":"https:\/\/web-ban-le.mbws.vn\/suc-khoe\/?post_type=product&#038;p=14221"},"modified":"2025-10-29T08:59:08","modified_gmt":"2025-10-29T01:59:08","slug":"nhan-sam-hom-usar-ginseng-ho-tro-tang-cuong-suc-khoe-nang-cao-suc-de-khang-hop-60-vien","status":"publish","type":"product","link":"https:\/\/web-ban-le.mbws.vn\/suc-khoe\/san-pham\/nhan-sam-hom-usar-ginseng-ho-tro-tang-cuong-suc-khoe-nang-cao-suc-de-khang-hop-60-vien\/","title":{"rendered":"Nh\u00e2n s\u00e2m HOM USAR GINSENG H\u1ed7 tr\u1ee3 t\u0103ng c\u01b0\u1eddng s\u1ee9c kh\u1ecfe, n\u00e2ng cao s\u1ee9c \u0111\u1ec1 kh\u00e1ng H\u1ed9p 60 vi\u00ean"},"content":{"rendered":"<div class=\"e8lZp3\">\n<p class=\"QN2lPu\">HOM USAR GINSENG PP.Pharco H\u1ed9p 60 vi\u00ean Nang M\u1ec1m &#8211; Ch\u00e2u Ng\u00e2n<\/p>\n<p class=\"QN2lPu\">TH\u00c0NH PH\u1ea6N: <\/p>\n<p class=\"QN2lPu\">Nh\u00e2n s\u00e2m: \u2026\u2026\u2026..\u2026\u2026\u2026 20mg<\/p>\n<p class=\"QN2lPu\">Vitamin C: \u2026\u2026\u2026\u2026.\u2026&#8230;.. 10mg<\/p>\n<p class=\"QN2lPu\">Vitamin pp: \u2026\u2026\u2026\u2026&#8230;.\u2026.. 5mg<\/p>\n<p class=\"QN2lPu\">Vitamin B1: \u2026\u2026..\u2026\u2026&#8230;\u2026. 2mg<\/p>\n<p class=\"QN2lPu\">Vitamin B6: \u2026\u2026..\u2026\u2026&#8230;\u2026. 2mg<\/p>\n<p class=\"QN2lPu\">Vitamin B2: \u2026..\u2026\u2026\u2026&#8230;\u2026. 1mg<\/p>\n<p class=\"QN2lPu\">Vitamin B5: \u2026\u2026.\u2026\u2026\u2026&#8230; 1 mg<\/p>\n<p class=\"QN2lPu\">Vitamin D3: \u2026\u2026..\u2026..\u2026\u2026 50IU<\/p>\n<p class=\"QN2lPu\">Vitamin B12: \u2026&#8230;&#8230;\u2026.. 1,5mcg<\/p>\n<p class=\"QN2lPu\">C\u00d4NG D\u1ee4NG:<\/p>\n<p class=\"QN2lPu\">H\u1ed7 tr\u1ee3 t\u0103ng c\u01b0\u1eddng s\u1ee9c kh\u1ecfe, n\u00e2ng cao s\u1ee9c \u0111\u1ec1 kh\u00e1ng.<\/p>\n<p class=\"QN2lPu\">\u0110\u1ed0I T\u01af\u1ee2NG S\u1eec D\u1ee4NG:<\/p>\n<p class=\"QN2lPu\">Ng\u01b0\u1eddi m\u1ec7t m\u1ecfi, suy nh\u01b0\u1ee3c c\u01a1 th\u1ec3.<\/p>\n<p class=\"QN2lPu\">C\u00c1CH D\u00d9NG:<\/p>\n<p class=\"QN2lPu\">Ng\u01b0\u1eddi l\u1edbn: U\u1ed1ng 1-2 vi\u00ean\/ng\u00e0y, u\u1ed1ng sau khi \u0103n.<\/p>\n<p class=\"QN2lPu\">Quy c\u00e1ch \u0111\u00f3ng g\u00f3i: H\u1ed9p 60 vi\u00ean nang m\u1ec1m (12 v\u1ec9 x 5 vi\u00ean)<\/p>\n<p class=\"QN2lPu\">Th\u1eddi h\u1ea1n s\u1eed d\u1ee5ng: 36 th\u00e1ng k\u1ec3 t\u1eeb ng\u00e0y s\u1ea3n xu\u1ea5t.<\/p>\n<p class=\"QN2lPu\">\n<p class=\"QN2lPu\">\n<p class=\"QN2lPu\">S\u1ea3n ph\u1ea9m n\u00e0y kh\u00f4ng ph\u1ea3i l\u00e0 thu\u1ed1c, kh\u00f4ng c\u00f3 t\u00e1c d\u1ee5ng thay th\u1ebf thu\u1ed1c<\/p>\n<p class=\"QN2lPu\">#ginseng #multivitamin<\/p>\n<\/div>\n","protected":false},"excerpt":{"rendered":"<p>HOM USAR GINSENG PP.Pharco H\u1ed9p 60 vi\u00ean Nang M\u1ec1m &#8211; Ch\u00e2u Ng\u00e2n TH\u00c0NH PH\u1ea6N: Nh\u00e2n s\u00e2m: \u2026\u2026\u2026..\u2026\u2026\u2026 20mg Vitamin C: \u2026\u2026\u2026\u2026.\u2026&#8230;.. 10mg Vitamin pp: \u2026\u2026\u2026\u2026&#8230;.\u2026.. 5mg Vitamin B1: \u2026\u2026..\u2026\u2026&#8230;\u2026. 2mg Vitamin B6: \u2026\u2026..\u2026\u2026&#8230;\u2026. 2mg Vitamin B2: \u2026..\u2026\u2026\u2026&#8230;\u2026. 1mg Vitamin B5: \u2026\u2026.\u2026\u2026\u2026&#8230; 1 mg Vitamin D3: \u2026\u2026..\u2026..\u2026\u2026 50IU Vitamin B12: \u2026&#8230;&#8230;\u2026.. 1,5mcg C\u00d4NG D\u1ee4NG: H\u1ed7 tr\u1ee3&#8230;<\/p>\n","protected":false},"featured_media":14294,"comment_status":"open","ping_status":"closed","template":"","meta":[],"product_brand":[],"product_cat":[1229],"product_tag":[],"class_list":{"0":"post-14221","1":"product","2":"type-product","3":"status-publish","4":"has-post-thumbnail","6":"product_cat-ho-tro-suc-khoe","8":"first","9":"instock","10":"sale","11":"shipping-taxable","12":"purchasable","13":"product-type-simple"},"_links":{"self":[{"href":"https:\/\/web-ban-le.mbws.vn\/suc-khoe\/wp-json\/wp\/v2\/product\/14221","targetHints":{"allow":["GET"]}}],"collection":[{"href":"https:\/\/web-ban-le.mbws.vn\/suc-khoe\/wp-json\/wp\/v2\/product"}],"about":[{"href":"https:\/\/web-ban-le.mbws.vn\/suc-khoe\/wp-json\/wp\/v2\/types\/product"}],"replies":[{"embeddable":true,"href":"https:\/\/web-ban-le.mbws.vn\/suc-khoe\/wp-json\/wp\/v2\/comments?post=14221"}],"wp:featuredmedia":[{"embeddable":true,"href":"https:\/\/web-ban-le.mbws.vn\/suc-khoe\/wp-json\/wp\/v2\/media\/14294"}],"wp:attachment":[{"href":"https:\/\/web-ban-le.mbws.vn\/suc-khoe\/wp-json\/wp\/v2\/media?parent=14221"}],"wp:term":[{"taxonomy":"product_brand","embeddable":true,"href":"https:\/\/web-ban-le.mbws.vn\/suc-khoe\/wp-json\/wp\/v2\/product_brand?post=14221"},{"taxonomy":"product_cat","embeddable":true,"href":"https:\/\/web-ban-le.mbws.vn\/suc-khoe\/wp-json\/wp\/v2\/product_cat?post=14221"},{"taxonomy":"product_tag","embeddable":true,"href":"https:\/\/web-ban-le.mbws.vn\/suc-khoe\/wp-json\/wp\/v2\/product_tag?post=14221"}],"curies":[{"name":"wp","href":"https:\/\/api.w.org\/{rel}","templated":true}]}}