{"id":14222,"date":"2025-10-29T08:58:23","date_gmt":"2025-10-29T01:58:23","guid":{"rendered":"https:\/\/web-ban-le.mbws.vn\/suc-khoe\/?post_type=product&#038;p=14222"},"modified":"2025-10-29T08:59:09","modified_gmt":"2025-10-29T01:59:09","slug":"vien-ngam-giam-dau-rat-hong-lysomintusar-lysomint-usar","status":"publish","type":"product","link":"https:\/\/web-ban-le.mbws.vn\/suc-khoe\/san-pham\/vien-ngam-giam-dau-rat-hong-lysomintusar-lysomint-usar\/","title":{"rendered":"Vi\u00ean ng\u1eadm gi\u1ea3m \u0111au r\u00e1t h\u1ecdng LYSOMINTUSAR &#8211; LYSOMINT USAR"},"content":{"rendered":"<div class=\"e8lZp3\">\n<p class=\"QN2lPu\">1.Th\u00e0nh ph\u1ea7n:<\/p>\n<p class=\"QN2lPu\">Bromelain 20.0mg<\/p>\n<p class=\"QN2lPu\">Menthol 1.5mg <\/p>\n<p class=\"QN2lPu\">2.T\u00e1c d\u1ee5ng<\/p>\n<p class=\"QN2lPu\">Gi\u1ea3m s\u01b0ng, ch\u1ed1ng vi\u00eam \u0111\u01b0\u1eddng h\u00f4 h\u1ea5p.<\/p>\n<p class=\"QN2lPu\">3.C\u00f4ng d\u1ee5ng<\/p>\n<p class=\"QN2lPu\">Gi\u00fap l\u00e0m d\u1ecbu \u0111au r\u00e1t h\u1ecdng<\/p>\n<p class=\"QN2lPu\">Gi\u1ea3m ho<\/p>\n<p class=\"QN2lPu\">Gi\u1ea3m khan ti\u1ebfng.<\/p>\n<p class=\"QN2lPu\">4.\u0110\u1ed1i t\u01b0\u1ee3ng s\u1eed d\u1ee5ng:<\/p>\n<p class=\"QN2lPu\">D\u00f9ng cho ng\u01b0\u1eddi b\u1ecb ho, \u0111au r\u00e1t h\u1ecdng<\/p>\n<p class=\"QN2lPu\">5.C\u00e1ch s\u1eed d\u1ee5ng<\/p>\n<p class=\"QN2lPu\">Ng\u1eadm cho tan trong mi\u1ec7ng.<\/p>\n<p class=\"QN2lPu\">Ng\u01b0\u1eddi l\u1edbn : 1 vi\u00ean\/l\u1ea7n, ng\u00e0y t\u1ed1i \u0111a 06 vi\u00ean.<\/p>\n<p class=\"QN2lPu\">Tr\u1ebb em tr\u00ean 6 tu\u1ed5i : 1 vi\u00ean \/l\u1ea7n, ng\u00e0y 2- 3 l\u1ea7n.<\/p>\n<p class=\"QN2lPu\">S\u1ea3n ph\u1ea9m n\u00e0y kh\u00f4ng ph\u1ea3i l\u00e0 thu\u1ed1c, kh\u00f4ng c\u00f3 t\u00e1c d\u1ee5ng thay th\u1ebf thu\u1ed1c ch\u1eefa b\u1ec7nh<\/p>\n<p class=\"QN2lPu\">#bromelain #gi\u1ea3m_ho #ho #khantieng #lysomint<\/p>\n<\/div>\n","protected":false},"excerpt":{"rendered":"<p>1.Th\u00e0nh ph\u1ea7n: Bromelain 20.0mg Menthol 1.5mg 2.T\u00e1c d\u1ee5ng Gi\u1ea3m s\u01b0ng, ch\u1ed1ng vi\u00eam \u0111\u01b0\u1eddng h\u00f4 h\u1ea5p. 3.C\u00f4ng d\u1ee5ng Gi\u00fap l\u00e0m d\u1ecbu \u0111au r\u00e1t h\u1ecdng Gi\u1ea3m ho Gi\u1ea3m khan ti\u1ebfng. 4.\u0110\u1ed1i t\u01b0\u1ee3ng s\u1eed d\u1ee5ng: D\u00f9ng cho ng\u01b0\u1eddi b\u1ecb ho, \u0111au r\u00e1t h\u1ecdng 5.C\u00e1ch s\u1eed d\u1ee5ng Ng\u1eadm cho tan trong mi\u1ec7ng. Ng\u01b0\u1eddi l\u1edbn : 1 vi\u00ean\/l\u1ea7n, ng\u00e0y t\u1ed1i&#8230;<\/p>\n","protected":false},"featured_media":14296,"comment_status":"open","ping_status":"closed","template":"","meta":[],"product_brand":[],"product_cat":[1229],"product_tag":[],"class_list":{"0":"post-14222","1":"product","2":"type-product","3":"status-publish","4":"has-post-thumbnail","6":"product_cat-ho-tro-suc-khoe","8":"first","9":"instock","10":"sale","11":"shipping-taxable","12":"purchasable","13":"product-type-simple"},"_links":{"self":[{"href":"https:\/\/web-ban-le.mbws.vn\/suc-khoe\/wp-json\/wp\/v2\/product\/14222","targetHints":{"allow":["GET"]}}],"collection":[{"href":"https:\/\/web-ban-le.mbws.vn\/suc-khoe\/wp-json\/wp\/v2\/product"}],"about":[{"href":"https:\/\/web-ban-le.mbws.vn\/suc-khoe\/wp-json\/wp\/v2\/types\/product"}],"replies":[{"embeddable":true,"href":"https:\/\/web-ban-le.mbws.vn\/suc-khoe\/wp-json\/wp\/v2\/comments?post=14222"}],"wp:featuredmedia":[{"embeddable":true,"href":"https:\/\/web-ban-le.mbws.vn\/suc-khoe\/wp-json\/wp\/v2\/media\/14296"}],"wp:attachment":[{"href":"https:\/\/web-ban-le.mbws.vn\/suc-khoe\/wp-json\/wp\/v2\/media?parent=14222"}],"wp:term":[{"taxonomy":"product_brand","embeddable":true,"href":"https:\/\/web-ban-le.mbws.vn\/suc-khoe\/wp-json\/wp\/v2\/product_brand?post=14222"},{"taxonomy":"product_cat","embeddable":true,"href":"https:\/\/web-ban-le.mbws.vn\/suc-khoe\/wp-json\/wp\/v2\/product_cat?post=14222"},{"taxonomy":"product_tag","embeddable":true,"href":"https:\/\/web-ban-le.mbws.vn\/suc-khoe\/wp-json\/wp\/v2\/product_tag?post=14222"}],"curies":[{"name":"wp","href":"https:\/\/api.w.org\/{rel}","templated":true}]}}