{"id":14223,"date":"2025-10-29T08:58:23","date_gmt":"2025-10-29T01:58:23","guid":{"rendered":"https:\/\/web-ban-le.mbws.vn\/suc-khoe\/?post_type=product&#038;p=14223"},"modified":"2025-10-29T08:59:10","modified_gmt":"2025-10-29T01:59:10","slug":"giai-doc-gan-rosabela-hop-50-vien-chau-ngan-pharma","status":"publish","type":"product","link":"https:\/\/web-ban-le.mbws.vn\/suc-khoe\/san-pham\/giai-doc-gan-rosabela-hop-50-vien-chau-ngan-pharma\/","title":{"rendered":"Gi\u1ea3i \u0110\u1ed9c Gan Rosabela H\u1ed9p 50 vi\u00ean &#8211; Ch\u00e2u Ng\u00e2n Pharma"},"content":{"rendered":"<div class=\"e8lZp3\">\n<p class=\"QN2lPu\">TH\u00c0NH PH\u1ea6N<\/p>\n<p class=\"QN2lPu\">Cao C\u00e0 gai leo\t\t1,2g                                                                     <\/p>\n<p class=\"QN2lPu\">Cao Di\u1ec7p h\u1ea1 ch\u00e2u \t 1,2g<\/p>\n<p class=\"QN2lPu\">Cao M\u1eadt nh\u00e2n\t\t0,8g    <\/p>\n<p class=\"QN2lPu\">Astiso \t1g <\/p>\n<p class=\"QN2lPu\">S\u00e0i \u0110\u1ea5t \t1g <\/p>\n<p class=\"QN2lPu\">C\u1ecf nh\u1ecd n\u1ed3i \t1g<\/p>\n<p class=\"QN2lPu\">H\u1ea1 kh\u00f4 th\u1ea3o\t1g <\/p>\n<p class=\"QN2lPu\">N\u1ea5m linh chi  100mg <\/p>\n<p class=\"QN2lPu\">C\u00d4NG D\u1ee4NG<\/p>\n<p class=\"QN2lPu\">Gi\u00fap gi\u1ea3i \u0111\u1ed9c gan, t\u0103ng c\u01b0\u1eddng ch\u1ee9c n\u0103ng gan.                                                               <\/p>\n<p class=\"QN2lPu\">Gi\u00fap h\u1ea1 men gan, b\u1ed5 gan, m\u00e1t gan, ti\u00eau \u0111\u1ed9c.                                                              <\/p>\n<p class=\"QN2lPu\">D\u00f9ng cho nh\u1eefng ng\u01b0\u1eddi b\u1ecb vi\u00eam gan, x\u01a1 gan, gan nhi\u1ec5m m\u1ee1; u\u1ed1ng nhi\u1ec1u r\u01b0\u1ee3u bia ho\u1eb7c s\u1eed d\u1ee5ng thu\u1ed1c c\u00f3 h\u1ea1i cho gan; ng\u01b0\u1eddi b\u1ecb d\u1ecb \u1ee9ng, m\u1ec1 \u0111ay, m\u1ee5n nh\u1ecdt, m\u1ea9n ng\u1ee9a do ch\u1ee9c n\u0103ng gan k\u00e9m.<\/p>\n<p class=\"QN2lPu\">H\u01af\u1edaNG D\u1eaaN S\u1eec D\u1ee4NG VI\u00caN U\u1ed0NG TH\u1ea2I \u0110\u1ed8C GAN<\/p>\n<p class=\"QN2lPu\">M\u1ed7i l\u1ea7n 2 vi\u00ean, ng\u00e0y 2-3 l\u1ea7n. -U\u1ed1ng tr\u01b0\u1edbc khi \u0103n. <\/p>\n<p class=\"QN2lPu\">\u0110\u1ed0I T\u01af\u1ee2NG S\u1eec D\u1ee4NG VI\u00caN GI\u1ea2I \u0110\u1ed8C GAN <\/p>\n<p class=\"QN2lPu\">Ng\u01b0\u1eddi b\u1ecb suy gi\u1ea3m ch\u1ee9c n\u0103ng gan trong tr\u01b0\u1eddng h\u1ee3p: <\/p>\n<p class=\"QN2lPu\">-Vi\u00eam gan, x\u01a1 gan, gan nhi\u1ec5m m\u1ee1. <\/p>\n<p class=\"QN2lPu\">-Ng\u01b0\u1eddi b\u1ecb d\u1ecb \u1ee9ng, m\u1ec1 \u0111ay, m\u1ee5n nh\u1ecdt, m\u1ea9n ng\u1ee9a do ch\u1ee9c n\u0103ng gan k\u00e9m.<\/p>\n<\/div>\n","protected":false},"excerpt":{"rendered":"<p>TH\u00c0NH PH\u1ea6N Cao C\u00e0 gai leo 1,2g Cao Di\u1ec7p h\u1ea1 ch\u00e2u 1,2g Cao M\u1eadt nh\u00e2n 0,8g Astiso 1g S\u00e0i \u0110\u1ea5t 1g C\u1ecf nh\u1ecd n\u1ed3i 1g H\u1ea1 kh\u00f4 th\u1ea3o 1g N\u1ea5m linh chi 100mg C\u00d4NG D\u1ee4NG Gi\u00fap gi\u1ea3i \u0111\u1ed9c gan, t\u0103ng c\u01b0\u1eddng ch\u1ee9c n\u0103ng gan. Gi\u00fap h\u1ea1 men gan, b\u1ed5 gan, m\u00e1t gan, ti\u00eau \u0111\u1ed9c. D\u00f9ng&#8230;<\/p>\n","protected":false},"featured_media":14297,"comment_status":"open","ping_status":"closed","template":"","meta":[],"product_brand":[],"product_cat":[1229],"product_tag":[],"class_list":{"0":"post-14223","1":"product","2":"type-product","3":"status-publish","4":"has-post-thumbnail","6":"product_cat-ho-tro-suc-khoe","8":"first","9":"instock","10":"sale","11":"shipping-taxable","12":"purchasable","13":"product-type-simple"},"_links":{"self":[{"href":"https:\/\/web-ban-le.mbws.vn\/suc-khoe\/wp-json\/wp\/v2\/product\/14223","targetHints":{"allow":["GET"]}}],"collection":[{"href":"https:\/\/web-ban-le.mbws.vn\/suc-khoe\/wp-json\/wp\/v2\/product"}],"about":[{"href":"https:\/\/web-ban-le.mbws.vn\/suc-khoe\/wp-json\/wp\/v2\/types\/product"}],"replies":[{"embeddable":true,"href":"https:\/\/web-ban-le.mbws.vn\/suc-khoe\/wp-json\/wp\/v2\/comments?post=14223"}],"wp:featuredmedia":[{"embeddable":true,"href":"https:\/\/web-ban-le.mbws.vn\/suc-khoe\/wp-json\/wp\/v2\/media\/14297"}],"wp:attachment":[{"href":"https:\/\/web-ban-le.mbws.vn\/suc-khoe\/wp-json\/wp\/v2\/media?parent=14223"}],"wp:term":[{"taxonomy":"product_brand","embeddable":true,"href":"https:\/\/web-ban-le.mbws.vn\/suc-khoe\/wp-json\/wp\/v2\/product_brand?post=14223"},{"taxonomy":"product_cat","embeddable":true,"href":"https:\/\/web-ban-le.mbws.vn\/suc-khoe\/wp-json\/wp\/v2\/product_cat?post=14223"},{"taxonomy":"product_tag","embeddable":true,"href":"https:\/\/web-ban-le.mbws.vn\/suc-khoe\/wp-json\/wp\/v2\/product_tag?post=14223"}],"curies":[{"name":"wp","href":"https:\/\/api.w.org\/{rel}","templated":true}]}}