{"id":14250,"date":"2025-10-29T08:58:44","date_gmt":"2025-10-29T01:58:44","guid":{"rendered":"https:\/\/web-ban-le.mbws.vn\/suc-khoe\/?post_type=product&#038;p=14250"},"modified":"2025-10-29T08:59:26","modified_gmt":"2025-10-29T01:59:26","slug":"siro-ich-mau-chai-200ml-dai-uy","status":"publish","type":"product","link":"https:\/\/web-ban-le.mbws.vn\/suc-khoe\/san-pham\/siro-ich-mau-chai-200ml-dai-uy\/","title":{"rendered":"Siro \u00cdch M\u1eabu Chai 200ml \u0110\u1ea1i uy"},"content":{"rendered":"<div class=\"e8lZp3\">\n<p class=\"QN2lPu\">Siro \u00cdch M\u1eabu c\u00f3 t\u00e1c d\u1ee5ng h\u1ed7 tr\u1ee3 \u0111i\u1ec1u ho\u00e0 kinh nguy\u1ec7t, h\u1ed7 tr\u1ee3 trong r\u1ed1i lo\u1ea1n kinh nguy\u1ec7t. <\/p>\n<p class=\"QN2lPu\">Siro \u00cdch M\u1eabu \u0110\u1ea1i gi\u00fap gi\u1ea3m ch\u1ee9ng \u0111au b\u1ee5ng v\u00e0o k\u1ef3 h\u00e0nh kinh, gi\u1ea3m \u0111au \u0111\u1ea7u, ch\u00f3ng m\u1eb7t, hoa m\u1eaft, bu\u1ed3n n\u00f4n, thay \u0111\u1ed5i t\u00e2m tr\u1ea1ng, d\u1ec5 n\u1ed5i c\u00e1u, h\u1ed7 tr\u1ee3 l\u01b0u th\u00f4ng kh\u00ed huy\u1ebft.<\/p>\n<p class=\"QN2lPu\">S\u1ed1 \u0111\u0103ng k\u00ed.<\/p>\n<p class=\"QN2lPu\">5875\/2019\/\u0110KSP<\/p>\n<p class=\"QN2lPu\">D\u1ea1ng b\u00e0o ch\u1ebf.<\/p>\n<p class=\"QN2lPu\">D\u1ea1ng cao l\u1ecfng u\u1ed1ng.<\/p>\n<p class=\"QN2lPu\">Quy c\u00e1ch \u0111\u00f3ng g\u00f3i.<\/p>\n<p class=\"QN2lPu\">H\u1ed9p 1 l\u1ecd 200ml.<\/p>\n<p class=\"QN2lPu\">B\u1ea3o qu\u1ea3n.<\/p>\n<p class=\"QN2lPu\">B\u1ea3o qu\u1ea3n trong bao b\u00ec k\u00edn, \u0111\u1ec3 n\u01a1i kh\u00f4 r\u00e1o, tho\u00e1ng m\u00e1t, nhi\u1ec7t \u0111\u1ed9 kh\u00f4ng qu\u00e1 30\u00b0C.<\/p>\n<p class=\"QN2lPu\">Tr\u00e1nh \u00e1nh s\u00e1ng tr\u1ef1c ti\u1ebfp.<\/p>\n<p class=\"QN2lPu\">\u0110\u1ec3 xa t\u1ea7m tay tr\u1ebb em.<\/p>\n<p class=\"QN2lPu\">H\u1ea1n s\u1eed d\u1ee5ng.<\/p>\n<p class=\"QN2lPu\">H\u1ea1n d\u00f9ng 36 th\u00e1ng k\u1ec3 t\u1eeb ng\u00e0y s\u1ea3n xu\u1ea5t.<\/p>\n<p class=\"QN2lPu\">Th\u00e0nh ph\u1ea7n.<\/p>\n<p class=\"QN2lPu\">Trong 200ml Cao l\u1ecfng u\u1ed1ng ch\u1ee9a:<\/p>\n<p class=\"QN2lPu\">\n<p class=\"QN2lPu\">Th\u00e0nh ph\u1ea7n\tH\u00e0m l\u01b0\u1ee3ng<\/p>\n<p class=\"QN2lPu\">Cao \u00edch m\u1eabu (Leonurus japonicus)\t160g<\/p>\n<p class=\"QN2lPu\">H\u01b0\u01a1ng ph\u1ee5 (Cyperus rotundus)\t40g<\/p>\n<p class=\"QN2lPu\">Ng\u1ea3i c\u1ee9u (Artemisia vulgaris)\t40g<\/p>\n<p class=\"QN2lPu\">Ph\u1ee5 li\u1ec7u: \u0110\u01b0\u1eddng, c\u1ed3n th\u1ef1c ph\u1ea9m, n\u01b0\u1edbc tinh l\u1ecdc, nipazil, nipazol\tV\u1eeba \u0111\u1ee7 200ml.<\/p>\n<p class=\"QN2lPu\">T\u00e1c d\u1ee5ng v\u00e0 ch\u1ec9 \u0111\u1ecbnh.<\/p>\n<p class=\"QN2lPu\">T\u00e1c d\u1ee5ng.<\/p>\n<p class=\"QN2lPu\">Gi\u00fap b\u1ed5 m\u00e1u.<\/p>\n<p class=\"QN2lPu\">\u0110i\u1ec1u ho\u00e0 kinh nguy\u1ec7t.<\/p>\n<p class=\"QN2lPu\">Gi\u00fap \u0111i\u1ec1u ho\u00e0 kh\u00ed huy\u1ebft.<\/p>\n<p class=\"QN2lPu\">C\u00f4ng d\u1ee5ng<\/p>\n<p class=\"QN2lPu\">N\u1eef gi\u1edbi r\u1ed1i lo\u1ea1n kinh nguy\u1ec7t.<\/p>\n<p class=\"QN2lPu\">Kinh nguy\u1ec7t kh\u00f4ng \u0111\u1ec1u, rong kinh.<\/p>\n<p class=\"QN2lPu\">Ph\u1ee5 n\u1eef sau sinh.<\/p>\n<p class=\"QN2lPu\">Kh\u00f4ng d\u00f9ng<\/p>\n<p class=\"QN2lPu\">Ng\u01b0\u1eddi c\u00f3 m\u1eabn c\u1ea3m v\u1edbi b\u1ea5t k\u1ef3 th\u00e0nh ph\u1ea7n n\u00e0o trong s\u1ea3n ph\u1ea9m.<\/p>\n<p class=\"QN2lPu\">Ph\u1ee5 n\u1eef c\u00f3 thai.<\/p>\n<p class=\"QN2lPu\">Tr\u1ebb em d\u01b0\u1edbi 12 tu\u1ed5i.<\/p>\n<p class=\"QN2lPu\">C\u00e1ch d\u00f9ng v\u00e0 li\u1ec1u d\u00f9ng.<\/p>\n<p class=\"QN2lPu\">C\u00e1ch d\u00f9ng.<\/p>\n<p class=\"QN2lPu\">D\u00f9ng \u0111\u01b0\u1eddng u\u1ed1ng.<\/p>\n<p class=\"QN2lPu\">L\u01b0u \u00fd: Kh\u00f4ng u\u1ed1ng tr\u1ef1c ti\u1ebfp cao \u00cdch m\u1eabu t\u1eeb chai, c\u1ea7n r\u00f3t dung d\u1ecbch ra c\u1ed1c \u0111ong \u0111\u1ec3 u\u1ed1ng \u0111\u1ee7 l\u01b0\u1ee3ng quy \u0111\u1ecbnh.<\/p>\n<p class=\"QN2lPu\">\n<p class=\"QN2lPu\">Li\u1ec1u d\u00f9ng.<\/p>\n<p class=\"QN2lPu\">U\u1ed1ng 25ml\/ l\u1ea7n x 2 l\u1ea7n\/ ng\u00e0y.<\/p>\n<p class=\"QN2lPu\">S\u1ea3n ph\u1ea9m n\u00e0y kh\u00f4ng ph\u1ea3i l\u00e0 thu\u1ed1c, kh\u00f4ng c\u00f3 t\u00e1c d\u1ee5ng thay th\u1ebf thu\u1ed1c<\/p>\n<\/div>\n","protected":false},"excerpt":{"rendered":"<p>Siro \u00cdch M\u1eabu c\u00f3 t\u00e1c d\u1ee5ng h\u1ed7 tr\u1ee3 \u0111i\u1ec1u ho\u00e0 kinh nguy\u1ec7t, h\u1ed7 tr\u1ee3 trong r\u1ed1i lo\u1ea1n kinh nguy\u1ec7t. Siro \u00cdch M\u1eabu \u0110\u1ea1i gi\u00fap gi\u1ea3m ch\u1ee9ng \u0111au b\u1ee5ng v\u00e0o k\u1ef3 h\u00e0nh kinh, gi\u1ea3m \u0111au \u0111\u1ea7u, ch\u00f3ng m\u1eb7t, hoa m\u1eaft, bu\u1ed3n n\u00f4n, thay \u0111\u1ed5i t\u00e2m tr\u1ea1ng, d\u1ec5 n\u1ed5i c\u00e1u, h\u1ed7 tr\u1ee3 l\u01b0u th\u00f4ng kh\u00ed huy\u1ebft. S\u1ed1&#8230;<\/p>\n","protected":false},"featured_media":14307,"comment_status":"open","ping_status":"closed","template":"","meta":[],"product_brand":[],"product_cat":[1229],"product_tag":[],"class_list":{"0":"post-14250","1":"product","2":"type-product","3":"status-publish","4":"has-post-thumbnail","6":"product_cat-ho-tro-suc-khoe","8":"first","9":"instock","10":"sale","11":"shipping-taxable","12":"purchasable","13":"product-type-variable"},"_links":{"self":[{"href":"https:\/\/web-ban-le.mbws.vn\/suc-khoe\/wp-json\/wp\/v2\/product\/14250","targetHints":{"allow":["GET"]}}],"collection":[{"href":"https:\/\/web-ban-le.mbws.vn\/suc-khoe\/wp-json\/wp\/v2\/product"}],"about":[{"href":"https:\/\/web-ban-le.mbws.vn\/suc-khoe\/wp-json\/wp\/v2\/types\/product"}],"replies":[{"embeddable":true,"href":"https:\/\/web-ban-le.mbws.vn\/suc-khoe\/wp-json\/wp\/v2\/comments?post=14250"}],"wp:featuredmedia":[{"embeddable":true,"href":"https:\/\/web-ban-le.mbws.vn\/suc-khoe\/wp-json\/wp\/v2\/media\/14307"}],"wp:attachment":[{"href":"https:\/\/web-ban-le.mbws.vn\/suc-khoe\/wp-json\/wp\/v2\/media?parent=14250"}],"wp:term":[{"taxonomy":"product_brand","embeddable":true,"href":"https:\/\/web-ban-le.mbws.vn\/suc-khoe\/wp-json\/wp\/v2\/product_brand?post=14250"},{"taxonomy":"product_cat","embeddable":true,"href":"https:\/\/web-ban-le.mbws.vn\/suc-khoe\/wp-json\/wp\/v2\/product_cat?post=14250"},{"taxonomy":"product_tag","embeddable":true,"href":"https:\/\/web-ban-le.mbws.vn\/suc-khoe\/wp-json\/wp\/v2\/product_tag?post=14250"}],"curies":[{"name":"wp","href":"https:\/\/api.w.org\/{rel}","templated":true}]}}