{"id":14251,"date":"2025-10-29T08:58:44","date_gmt":"2025-10-29T01:58:44","guid":{"rendered":"https:\/\/web-ban-le.mbws.vn\/suc-khoe\/?post_type=product&#038;p=14251"},"modified":"2025-10-29T08:59:17","modified_gmt":"2025-10-29T01:59:17","slug":"acid-glutamic-b1-b6-pp-pharco-mat-ngu-nhuc-dau-chong-mat-hop-100-vien","status":"publish","type":"product","link":"https:\/\/web-ban-le.mbws.vn\/suc-khoe\/san-pham\/acid-glutamic-b1-b6-pp-pharco-mat-ngu-nhuc-dau-chong-mat-hop-100-vien\/","title":{"rendered":"ACID GLUTAMIC B1 + B6 PP.Pharco m\u1ea5t ng\u1ee7, nh\u1ee9c \u0111\u1ea7u, ch\u00f3ng m\u1eb7t H\u1ed9p 100 vi\u00ean"},"content":{"rendered":"<div class=\"e8lZp3\">\n<p class=\"QN2lPu\">ACID GLUTAMIC B1+B6 PP.Pharco m\u1ea5t ng\u1ee7, nh\u1ee9c \u0111\u1ea7u, ch\u00f3ng m\u1eb7t H\u1ed9p 100 vi\u00ean&nbsp;<\/p>\n<p class=\"QN2lPu\">\n<p class=\"QN2lPu\">TH\u00c0NH PH\u1ea6N:<\/p>\n<p class=\"QN2lPu\">\n<p class=\"QN2lPu\">Vitamin B6 0,5mg<\/p>\n<p class=\"QN2lPu\">\n<p class=\"QN2lPu\">Vitamin B1 0,5mg<\/p>\n<p class=\"QN2lPu\">\n<p class=\"QN2lPu\">Acid Glutamic 40mg<\/p>\n<p class=\"QN2lPu\">\n<p class=\"QN2lPu\">\u0110\u00f3ng g\u00f3i:<\/p>\n<p class=\"QN2lPu\">\n<p class=\"QN2lPu\">H\u1ed9p 1\u1ed1ng x 100 vi\u00ean Bao \u0110\u01b0\u1eddng<\/p>\n<p class=\"QN2lPu\">\n<p class=\"QN2lPu\">C\u00d4NG D\u1ee4NG:<\/p>\n<p class=\"QN2lPu\">\n<p class=\"QN2lPu\">Ng\u0103n ng\u1eeba c\u00e1c tri\u1ec7u ch\u1ee9ng suy nh\u01b0\u1ee3c th\u1ea7n kinh: m\u1ea5t ng\u1ee7, nh\u1ee9c \u0111\u1ea7u, ch\u00f3ng m\u1eb7t, \u2026 trong c\u00e1c t\u00ecnh tr\u1ea1ng suy s\u1ee5p th\u1ea7n kinh, m\u1ec7t m\u1ecfi, suy nh\u01b0\u1ee3c, lao t\u00e2m, lao l\u1ef1c.<\/p>\n<p class=\"QN2lPu\">\n<p class=\"QN2lPu\">D\u00f9ng trong tr\u01b0\u1eddng h\u1ee3p: \u0111au th\u1ea7n kinh, vi\u00eam d\u00e2y th\u1ea7n kinh do c\u00e1c nguy\u00ean nh\u00e2n nh\u01b0 r\u01b0\u1ee3u.<\/p>\n<p class=\"QN2lPu\">\n<p class=\"QN2lPu\">C\u00c1CH D\u00d9NG:<\/p>\n<p class=\"QN2lPu\">\n<p class=\"QN2lPu\">Ng\u01b0\u1eddi l\u1edbn: u\u1ed1ng 2 vi\u00ean\/l\u1ea7n, 3 l\u1ea7n\/ng\u00e0y. &#8211; Tr\u1ebb em: u\u1ed1ng 1 vi\u00ean\/l\u1ea7n, 3 l\u1ea7n\/ng\u00e0y.<\/p>\n<p class=\"QN2lPu\">\n<p class=\"QN2lPu\">H\u1ea1n s\u1eed d\u1ee5ng:&nbsp;&nbsp; 36 th\u00e1ng k\u1ec3 t\u1eeb ng\u00e0y s\u1ea3n xu\u1ea5t<\/p>\n<p class=\"QN2lPu\">S\u1ea3n ph\u1ea9m n\u00e0y kh\u00f4ng ph\u1ea3i l\u00e0 thu\u1ed1c, kh\u00f4ng c\u00f3 t\u00e1c d\u1ee5ng thay th\u1ebf thu\u1ed1c<\/p>\n<p class=\"QN2lPu\">\n<\/div>\n","protected":false},"excerpt":{"rendered":"<p>ACID GLUTAMIC B1+B6 PP.Pharco m\u1ea5t ng\u1ee7, nh\u1ee9c \u0111\u1ea7u, ch\u00f3ng m\u1eb7t H\u1ed9p 100 vi\u00ean&nbsp; TH\u00c0NH PH\u1ea6N: Vitamin B6 0,5mg Vitamin B1 0,5mg Acid Glutamic 40mg \u0110\u00f3ng g\u00f3i: H\u1ed9p 1\u1ed1ng x 100 vi\u00ean Bao \u0110\u01b0\u1eddng C\u00d4NG D\u1ee4NG: Ng\u0103n ng\u1eeba c\u00e1c tri\u1ec7u ch\u1ee9ng suy nh\u01b0\u1ee3c th\u1ea7n kinh: m\u1ea5t ng\u1ee7, nh\u1ee9c \u0111\u1ea7u, ch\u00f3ng m\u1eb7t, \u2026 trong c\u00e1c t\u00ecnh tr\u1ea1ng&#8230;<\/p>\n","protected":false},"featured_media":14313,"comment_status":"open","ping_status":"closed","template":"","meta":[],"product_brand":[],"product_cat":[1229],"product_tag":[],"class_list":{"0":"post-14251","1":"product","2":"type-product","3":"status-publish","4":"has-post-thumbnail","6":"product_cat-ho-tro-suc-khoe","8":"first","9":"instock","10":"sale","11":"shipping-taxable","12":"purchasable","13":"product-type-simple"},"_links":{"self":[{"href":"https:\/\/web-ban-le.mbws.vn\/suc-khoe\/wp-json\/wp\/v2\/product\/14251","targetHints":{"allow":["GET"]}}],"collection":[{"href":"https:\/\/web-ban-le.mbws.vn\/suc-khoe\/wp-json\/wp\/v2\/product"}],"about":[{"href":"https:\/\/web-ban-le.mbws.vn\/suc-khoe\/wp-json\/wp\/v2\/types\/product"}],"replies":[{"embeddable":true,"href":"https:\/\/web-ban-le.mbws.vn\/suc-khoe\/wp-json\/wp\/v2\/comments?post=14251"}],"wp:featuredmedia":[{"embeddable":true,"href":"https:\/\/web-ban-le.mbws.vn\/suc-khoe\/wp-json\/wp\/v2\/media\/14313"}],"wp:attachment":[{"href":"https:\/\/web-ban-le.mbws.vn\/suc-khoe\/wp-json\/wp\/v2\/media?parent=14251"}],"wp:term":[{"taxonomy":"product_brand","embeddable":true,"href":"https:\/\/web-ban-le.mbws.vn\/suc-khoe\/wp-json\/wp\/v2\/product_brand?post=14251"},{"taxonomy":"product_cat","embeddable":true,"href":"https:\/\/web-ban-le.mbws.vn\/suc-khoe\/wp-json\/wp\/v2\/product_cat?post=14251"},{"taxonomy":"product_tag","embeddable":true,"href":"https:\/\/web-ban-le.mbws.vn\/suc-khoe\/wp-json\/wp\/v2\/product_tag?post=14251"}],"curies":[{"name":"wp","href":"https:\/\/api.w.org\/{rel}","templated":true}]}}