{"id":14253,"date":"2025-10-29T08:58:44","date_gmt":"2025-10-29T01:58:44","guid":{"rendered":"https:\/\/web-ban-le.mbws.vn\/suc-khoe\/?post_type=product&#038;p=14253"},"modified":"2025-10-29T08:59:20","modified_gmt":"2025-10-29T01:59:20","slug":"medibenton-mediplantex-ho-tro-phuc-hoi-suc-khoe-cho-nguoi-moi-om-day","status":"publish","type":"product","link":"https:\/\/web-ban-le.mbws.vn\/suc-khoe\/san-pham\/medibenton-mediplantex-ho-tro-phuc-hoi-suc-khoe-cho-nguoi-moi-om-day\/","title":{"rendered":"Medibenton Mediplantex &#8211; H\u1ed7 tr\u1ee3 ph\u1ee5c h\u1ed3i s\u1ee9c kh\u1ecfe cho ng\u01b0\u1eddi m\u1edbi \u1ed1m d\u1eady"},"content":{"rendered":"<div class=\"e8lZp3\">\n<p class=\"QN2lPu\">M\u00f4 T\u1ea3 S\u1ea3n Ph\u1ea9m<\/p>\n<p class=\"QN2lPu\">Medibenton \u0111\u01b0\u1ee3c C\u1ee5c ATTP \u2013 B\u1ed9 Y T\u1ebf c\u1ea5p ph\u00e9p, c\u00f3 c\u00f4ng d\u1ee5ng h\u1ed7 tr\u1ee3 t\u0103ng s\u1ee9c ch\u1ed1ng \u0111\u1ee1 cho c\u01a1 th\u1ec3, ph\u1ee5c h\u1ed3i s\u1ee9c kh\u1ecfe cho ng\u01b0\u1eddi m\u1edbi \u1ed1m d\u1eady, t\u0103ng c\u01b0\u1eddng th\u1ec3 ch\u1ea5t, kh\u1ea3 n\u0103ng mi\u1ec5n d\u1ecbch. H\u1ed7 tr\u1ee3 cung c\u1ea5p c\u00e1c kho\u00e1ng ch\u1ea5t v\u00e0 vitamin cho c\u01a1 th\u1ec3<\/p>\n<p class=\"QN2lPu\">\n<p class=\"QN2lPu\">M\u1ed7i vi\u00ean Medibenton c\u00f3 ch\u1ee9a:<\/p>\n<p class=\"QN2lPu\">\n<p class=\"QN2lPu\">Vitamin A: 2500 UI<\/p>\n<p class=\"QN2lPu\">Vitamin C: 50 Mg<\/p>\n<p class=\"QN2lPu\">Vitamin D3: 200 UI<\/p>\n<p class=\"QN2lPu\">Vitamin E: 5 UI<\/p>\n<p class=\"QN2lPu\">Vitamin B1: 3.0 Mg<\/p>\n<p class=\"QN2lPu\">Vitamin B2: 2.5 Mg<\/p>\n<p class=\"QN2lPu\">Vitamin B6: 1.5 Mg<\/p>\n<p class=\"QN2lPu\">Vitamin B12: 3.0 \u039cg<\/p>\n<p class=\"QN2lPu\">Nicotinamid: 20.0 Mg<\/p>\n<p class=\"QN2lPu\">Canxi Pantothenate: 1.0 Mg<\/p>\n<p class=\"QN2lPu\">Acid Folic: 0.2 Mg<\/p>\n<p class=\"QN2lPu\">S\u1eaft: 18.0 Mg<\/p>\n<p class=\"QN2lPu\">Iodin: 0.018 Mg<\/p>\n<p class=\"QN2lPu\">Magie: 28.0mg<\/p>\n<p class=\"QN2lPu\">K\u1ebdm: 7.0 Mg<\/p>\n<p class=\"QN2lPu\">\u0110\u1ed3ng: 0.260 Mg<\/p>\n<p class=\"QN2lPu\">Mangan: 0.41 Mg<\/p>\n<p class=\"QN2lPu\">Ph\u1ee5 li\u1ec1u v\u1eeba \u0111\u1ee7 1 vi\u00ean.<\/p>\n<p class=\"QN2lPu\">\n<p class=\"QN2lPu\">C\u00e1ch s\u1eed d\u1ee5ng:<\/p>\n<p class=\"QN2lPu\">D\u00f9ng tr\u1ef1c ti\u1ebfp b\u1eb1ng \u0111\u01b0\u1eddng u\u1ed1ng.<\/p>\n<p class=\"QN2lPu\">\n<p class=\"QN2lPu\">U\u1ed1ng nguy\u00ean vi\u00ean v\u1edbi n\u01b0\u1edbc l\u1ecdc ho\u1eb7c n\u01b0\u1edbc s\u00f4i \u0111\u1ec3 ngu\u1ed9i.<\/p>\n<p class=\"QN2lPu\">\n<p class=\"QN2lPu\">Li\u1ec1u l\u01b0\u1ee3ng:<\/p>\n<p class=\"QN2lPu\">Ng\u01b0\u1eddi l\u1edbn v\u00e0 tr\u1ebb em t\u1eeb 12 tu\u1ed5i tr\u1edf l\u00ean: m\u1ed7i ng\u00e0y d\u00f9ng 1-2 vi\u00ean, chia l\u00e0m 1 l\u1ea7n trong ng\u00e0y.<\/p>\n<p class=\"QN2lPu\">\n<p class=\"QN2lPu\">L\u01b0u \u00fd: S\u1ea3n ph\u1ea9m n\u00e0y kh\u00f4ng ph\u1ea3i l\u00e0 thu\u1ed1c v\u00e0 kh\u00f4ng c\u00f3 t\u00e1c d\u1ee5ng thay th\u1ebf thu\u1ed1c ch\u1eefa b\u1ec7nh.<\/p>\n<p class=\"QN2lPu\">\n<p class=\"QN2lPu\">\u0110\u1ed1i t\u01b0\u1ee3ng s\u1eed d\u1ee5ng Medibenton<\/p>\n<p class=\"QN2lPu\">S\u1ea3n ph\u1ea9m Medibenton \u0111\u01b0\u1ee3c d\u00f9ng cho nh\u1eefng \u0111\u1ed1i t\u01b0\u1ee3ng nh\u01b0:<\/p>\n<p class=\"QN2lPu\">\n<p class=\"QN2lPu\">Ng\u01b0\u1eddi c\u00f3 ch\u1ebf \u0111\u1ed9 \u0103n u\u1ed1ng thi\u1ebfu h\u1ee5t Vitamin v\u00e0 kho\u00e1ng ch\u1ea5t.<\/p>\n<p class=\"QN2lPu\">Ng\u01b0\u1eddi m\u1edbi \u1ed1m d\u1eady c\u1ea7n b\u1ed5 sung d\u01b0\u1ee1ng ch\u1ea5t \u0111\u1ec3 h\u1ed3i ph\u1ee5c s\u1ee9c kh\u1ecfe.<\/p>\n<p class=\"QN2lPu\">Tr\u1ebb tr\u00ean 12 tu\u1ed5i \u0111ang \u0111\u1ed9 tu\u1ed5i ph\u00e1t tri\u1ec3n, tr\u1ebb c\u00f2i c\u1ecdc, ch\u1eadm l\u1edbn.<\/p>\n<p class=\"QN2lPu\">#multivitamin #kho\u00e1ng_ch\u1ea5t #trecoicoc #chamlon #suynhuoccothe #hoiphucsuckhoe #vienkhoe #bo #tangcuongsucdekhang<\/p>\n<\/div>\n","protected":false},"excerpt":{"rendered":"<p>M\u00f4 T\u1ea3 S\u1ea3n Ph\u1ea9m Medibenton \u0111\u01b0\u1ee3c C\u1ee5c ATTP \u2013 B\u1ed9 Y T\u1ebf c\u1ea5p ph\u00e9p, c\u00f3 c\u00f4ng d\u1ee5ng h\u1ed7 tr\u1ee3 t\u0103ng s\u1ee9c ch\u1ed1ng \u0111\u1ee1 cho c\u01a1 th\u1ec3, ph\u1ee5c h\u1ed3i s\u1ee9c kh\u1ecfe cho ng\u01b0\u1eddi m\u1edbi \u1ed1m d\u1eady, t\u0103ng c\u01b0\u1eddng th\u1ec3 ch\u1ea5t, kh\u1ea3 n\u0103ng mi\u1ec5n d\u1ecbch. H\u1ed7 tr\u1ee3 cung c\u1ea5p c\u00e1c kho\u00e1ng ch\u1ea5t v\u00e0 vitamin cho c\u01a1 th\u1ec3&#8230;<\/p>\n","protected":false},"featured_media":14317,"comment_status":"open","ping_status":"closed","template":"","meta":[],"product_brand":[],"product_cat":[1229],"product_tag":[],"class_list":{"0":"post-14253","1":"product","2":"type-product","3":"status-publish","4":"has-post-thumbnail","6":"product_cat-ho-tro-suc-khoe","8":"first","9":"instock","10":"sale","11":"shipping-taxable","12":"purchasable","13":"product-type-simple"},"_links":{"self":[{"href":"https:\/\/web-ban-le.mbws.vn\/suc-khoe\/wp-json\/wp\/v2\/product\/14253","targetHints":{"allow":["GET"]}}],"collection":[{"href":"https:\/\/web-ban-le.mbws.vn\/suc-khoe\/wp-json\/wp\/v2\/product"}],"about":[{"href":"https:\/\/web-ban-le.mbws.vn\/suc-khoe\/wp-json\/wp\/v2\/types\/product"}],"replies":[{"embeddable":true,"href":"https:\/\/web-ban-le.mbws.vn\/suc-khoe\/wp-json\/wp\/v2\/comments?post=14253"}],"wp:featuredmedia":[{"embeddable":true,"href":"https:\/\/web-ban-le.mbws.vn\/suc-khoe\/wp-json\/wp\/v2\/media\/14317"}],"wp:attachment":[{"href":"https:\/\/web-ban-le.mbws.vn\/suc-khoe\/wp-json\/wp\/v2\/media?parent=14253"}],"wp:term":[{"taxonomy":"product_brand","embeddable":true,"href":"https:\/\/web-ban-le.mbws.vn\/suc-khoe\/wp-json\/wp\/v2\/product_brand?post=14253"},{"taxonomy":"product_cat","embeddable":true,"href":"https:\/\/web-ban-le.mbws.vn\/suc-khoe\/wp-json\/wp\/v2\/product_cat?post=14253"},{"taxonomy":"product_tag","embeddable":true,"href":"https:\/\/web-ban-le.mbws.vn\/suc-khoe\/wp-json\/wp\/v2\/product_tag?post=14253"}],"curies":[{"name":"wp","href":"https:\/\/api.w.org\/{rel}","templated":true}]}}