{"id":14254,"date":"2025-10-29T08:58:45","date_gmt":"2025-10-29T01:58:45","guid":{"rendered":"https:\/\/web-ban-le.mbws.vn\/suc-khoe\/?post_type=product&#038;p=14254"},"modified":"2025-10-29T08:59:26","modified_gmt":"2025-10-29T01:59:26","slug":"date-2027-siro-ngu-ngon-doremi-chai-30ml-danh-cho-be-so-sinh-ho-tro-be-kho-ngu-hay-khoc-dem-chau-ngan-pharma","status":"publish","type":"product","link":"https:\/\/web-ban-le.mbws.vn\/suc-khoe\/san-pham\/date-2027-siro-ngu-ngon-doremi-chai-30ml-danh-cho-be-so-sinh-ho-tro-be-kho-ngu-hay-khoc-dem-chau-ngan-pharma\/","title":{"rendered":"[Date 2027] Siro ng\u1ee7 ngon \u0110\u00d4R\u00caMI Chai 30ml &#8211; D\u00e0nh cho b\u00e9 s\u01a1 sinh &#8211; H\u1ed5 tr\u1ee3 b\u00e9 kh\u00f3 ng\u1ee7 hay kh\u00f3c \u0111\u00eam &#8211; Ch\u00e2u Ng\u00e2n Pharma"},"content":{"rendered":"<div class=\"e8lZp3\">\n<p class=\"QN2lPu\">Sir\u00f4 \u0111\u00f4 r\u00ea mi l\u00e0m t\u1eeb d\u1ecbch chi\u1ebft d\u01b0\u1ee3c li\u1ec7u (t\u1eeb l\u1ea1c ti\u00ean t\u00e2y v\u00e0 t\u00eda t\u00f4 \u0111\u1ea5t), chuy\u00ean d\u00f9ng cho tr\u1ebb s\u01a1 sinh hay kh\u00f3c \u0111\u00eam, tr\u1ebb d\u01b0\u1edbi 5kg d\u00f9ng 10-15 gi\u1ecdt 1 ng\u00e0y, tr\u1ebb 5-10kg d\u00f9ng 20 gi\u1ecdt\/ng\u00e0y, t\u1ed1t nh\u1ea5t l\u00e0 d\u00f9ng cho tr\u1ebb sau b\u1eefa \u0103n tr\u01b0\u1edbc khi \u0111i ng\u1ee7 30 ph\u00fat. c\u00f3 th\u1ec3 d\u00f9ng li\u00ean t\u1ee5c cho t\u1edbi khi b\u00e9 h\u1ebft t\u00ecnh tr\u1ea1ng kh\u00f3c \u0111\u00eam ho\u1eb7c kh\u00f3 ng\u1ee7 bu\u1ed5i t\u1ed1i, ng\u1ee7 hay tr\u1edf m\u00ecnh.<\/p>\n<p class=\"QN2lPu\">C\u00d4NG D\u1ee4NG:<\/p>\n<p class=\"QN2lPu\">\n<p class=\"QN2lPu\">H\u1ed7 tr\u1ee3 an th\u1ea7n, gi\u00fap ng\u1ee7 ngon v\u00e0 s\u00e2u gi\u1ea5c<\/p>\n<p class=\"QN2lPu\">\n<p class=\"QN2lPu\">TH\u00c0NH PH\u1ea6N<\/p>\n<p class=\"QN2lPu\">Trong 1 ml dung d\u1ecbch ch\u1ee9a:<\/p>\n<p class=\"QN2lPu\">D\u1ecbch chi\u1ebft l\u1ea1c ti\u00ean t\u00e2y 133 mg<\/p>\n<p class=\"QN2lPu\">D\u1ecbch chi\u1ebft T\u00eda t\u00f4 \u0111\u1ea5t 65 mg<\/p>\n<p class=\"QN2lPu\">Ph\u1ee5 li\u1ec7u: N\u01b0\u1edbc tinh khi\u1ebft, Glycerol, Kali sorbat, Acid citric, Sucralose<\/p>\n<p class=\"QN2lPu\">C\u00c1CH D\u00d9NG:<\/p>\n<p class=\"QN2lPu\">\n<p class=\"QN2lPu\">1 ml t\u01b0\u01a1ng \u0111\u01b0\u01a1ng 20 gi\u1ecdt \u0111\u1ed1i v\u1edbi tr\u1ebb tr\u00ean 2 tu\u1ed5i<\/p>\n<p class=\"QN2lPu\">D\u00f9ng 20-40 gi\u1ecdt m\u1ed7i ng\u00e0y tr\u01b0\u1edbc khi \u0111i ng\u1ee7 30 ph\u00fat, t\u00f9y theo c\u00e2n n\u1eb7ng v\u00e0 m\u1ee9c \u0111\u1ed9 kh\u00f3 ng\u1ee7 c\u1ee7a tr\u1ebb.<\/p>\n<p class=\"QN2lPu\">C\u00f3 th\u1ec3 u\u1ed1ng tr\u1ef1c ti\u1ebfp ho\u1eb7c h\u00f2a v\u1edbi n\u01b0\u1edbc, c\u00e1c lo\u1ea1i th\u1ee9c u\u1ed1ng kh\u00e1c (tr\u00e0, s\u1eefa, tr\u00e0 hoa c\u00fac, n\u01b0\u1edbc tr\u00e1i c\u00e2y\u2026)<\/p>\n<p class=\"QN2lPu\">\u0110\u1ed1i v\u1edbi tr\u1ebb d\u01b0\u1edbi 2 tu\u1ed5i: Tham kh\u1ea3o \u00fd ki\u1ebfn chuy\u00ean gia tr\u01b0\u1edbc khi s\u1eed d\u1ee5ng. C\u00f3 th\u1ec3 d\u00f9ng \u0111\u1ebfn 30 gi\u1ecdt m\u1ed7i ng\u00e0y.<\/p>\n<p class=\"QN2lPu\">Khuy\u1ebfn c\u00e1o \u0111i\u1ec1u ch\u1ec9nh li\u1ec1u l\u01b0\u1ee3ng s\u1ea3n ph\u1ea9m theo c\u00e2n n\u1eb7ng:<\/p>\n<p class=\"QN2lPu\">\n<p class=\"QN2lPu\">Tr\u1ebb d\u01b0\u1edbi 5 kg: 10-15 gi\u1ecdt\/ng\u00e0y<\/p>\n<p class=\"QN2lPu\">Tr\u1ebb t\u1eeb 5 kg \u2013 10 kg: 15-20 gi\u1ecdt\/ng\u00e0y<\/p>\n<p class=\"QN2lPu\">Tr\u1ebb t\u1eeb 10 kg \u2013 20 kg: 20 \u2013 30 gi\u1ecdt\/ng\u00e0y<\/p>\n<p class=\"QN2lPu\">Tr\u1ebb tr\u00ean 20 kg: 30 \u2013 40 gi\u1ecdt\/ng\u00e0y<\/p>\n<p class=\"QN2lPu\">Li\u1ec7u tr\u00ecnh s\u1eed d\u1ee5ng t\u1ed1i thi\u1ebfu 1 th\u00e1ng, c\u00f3 th\u1ec3 k\u00e9o d\u00e0i t\u1edbi 3 th\u00e1ng<\/p>\n<p class=\"QN2lPu\">\u0110\u1ed0I T\u01af\u1ee2NG S\u1eec D\u1ee4NG:<\/p>\n<p class=\"QN2lPu\">\n<p class=\"QN2lPu\">Tr\u1ebb kh\u00f3 ng\u1ee7, ng\u1ee7 kh\u00f4ng s\u00e2u gi\u1ea5c, gi\u1ea5c ng\u1ee7 ch\u1eadp ch\u1eddn, hay th\u1ee9c gi\u1ea5c ban \u0111\u00eam.<\/p>\n<p class=\"QN2lPu\">\n<p class=\"QN2lPu\">C\u1ea2NH B\u00c1O:<\/p>\n<p class=\"QN2lPu\">\n<p class=\"QN2lPu\">Kh\u00f4ng s\u1eed d\u1ee5ng n\u1ebfu c\u00f3 ph\u1ea3n \u1ee9ng ho\u1eb7c ng\u01b0\u1eddi m\u1eabn c\u1ea3m v\u1edbi b\u1ea5t k\u1ef3 th\u00e0nh ph\u1ea7n n\u00e0o c\u1ee7a s\u1ea3n ph\u1ea9m.<\/p>\n<p class=\"QN2lPu\">\n<p class=\"QN2lPu\">TH\u1ef0C PH\u1ea8M N\u00c0Y KH\u00d4NG PH\u1ea2I L\u00c0 THU\u1ed0C, KH\u00d4NG C\u00d3 T\u00c1C D\u1ee4NG THAY TH\u1ebe THU\u1ed0C CH\u1eeeA B\u1ec6NH<\/p>\n<\/div>\n","protected":false},"excerpt":{"rendered":"<p>Sir\u00f4 \u0111\u00f4 r\u00ea mi l\u00e0m t\u1eeb d\u1ecbch chi\u1ebft d\u01b0\u1ee3c li\u1ec7u (t\u1eeb l\u1ea1c ti\u00ean t\u00e2y v\u00e0 t\u00eda t\u00f4 \u0111\u1ea5t), chuy\u00ean d\u00f9ng cho tr\u1ebb s\u01a1 sinh hay kh\u00f3c \u0111\u00eam, tr\u1ebb d\u01b0\u1edbi 5kg d\u00f9ng 10-15 gi\u1ecdt 1 ng\u00e0y, tr\u1ebb 5-10kg d\u00f9ng 20 gi\u1ecdt\/ng\u00e0y, t\u1ed1t nh\u1ea5t l\u00e0 d\u00f9ng cho tr\u1ebb sau b\u1eefa \u0103n tr\u01b0\u1edbc khi \u0111i ng\u1ee7 30 ph\u00fat&#8230;.<\/p>\n","protected":false},"featured_media":14318,"comment_status":"open","ping_status":"closed","template":"","meta":[],"product_brand":[],"product_cat":[1229],"product_tag":[],"class_list":{"0":"post-14254","1":"product","2":"type-product","3":"status-publish","4":"has-post-thumbnail","6":"product_cat-ho-tro-suc-khoe","8":"first","9":"instock","10":"sale","11":"shipping-taxable","12":"purchasable","13":"product-type-variable"},"_links":{"self":[{"href":"https:\/\/web-ban-le.mbws.vn\/suc-khoe\/wp-json\/wp\/v2\/product\/14254","targetHints":{"allow":["GET"]}}],"collection":[{"href":"https:\/\/web-ban-le.mbws.vn\/suc-khoe\/wp-json\/wp\/v2\/product"}],"about":[{"href":"https:\/\/web-ban-le.mbws.vn\/suc-khoe\/wp-json\/wp\/v2\/types\/product"}],"replies":[{"embeddable":true,"href":"https:\/\/web-ban-le.mbws.vn\/suc-khoe\/wp-json\/wp\/v2\/comments?post=14254"}],"wp:featuredmedia":[{"embeddable":true,"href":"https:\/\/web-ban-le.mbws.vn\/suc-khoe\/wp-json\/wp\/v2\/media\/14318"}],"wp:attachment":[{"href":"https:\/\/web-ban-le.mbws.vn\/suc-khoe\/wp-json\/wp\/v2\/media?parent=14254"}],"wp:term":[{"taxonomy":"product_brand","embeddable":true,"href":"https:\/\/web-ban-le.mbws.vn\/suc-khoe\/wp-json\/wp\/v2\/product_brand?post=14254"},{"taxonomy":"product_cat","embeddable":true,"href":"https:\/\/web-ban-le.mbws.vn\/suc-khoe\/wp-json\/wp\/v2\/product_cat?post=14254"},{"taxonomy":"product_tag","embeddable":true,"href":"https:\/\/web-ban-le.mbws.vn\/suc-khoe\/wp-json\/wp\/v2\/product_tag?post=14254"}],"curies":[{"name":"wp","href":"https:\/\/api.w.org\/{rel}","templated":true}]}}