{"id":14255,"date":"2025-10-29T08:58:45","date_gmt":"2025-10-29T01:58:45","guid":{"rendered":"https:\/\/web-ban-le.mbws.vn\/suc-khoe\/?post_type=product&#038;p=14255"},"modified":"2025-10-29T08:59:26","modified_gmt":"2025-10-29T01:59:26","slug":"mori-usar-nhan-sam-multivitamin","status":"publish","type":"product","link":"https:\/\/web-ban-le.mbws.vn\/suc-khoe\/san-pham\/mori-usar-nhan-sam-multivitamin\/","title":{"rendered":"MORI USAR Nh\u00e2n S\u00e2m &#038; Multivitamin"},"content":{"rendered":"<div class=\"e8lZp3\">\n<p class=\"QN2lPu\">1. Th\u00e0nh ph\u1ea7n c\u1ee7a MORI USAR Nh\u00e2n S\u00e2m &amp; Multivitamin<\/p>\n<p class=\"QN2lPu\">Cao nh\u00e2n s\u00e2m (Ginseng Extract Powder): 10 mg<\/p>\n<p class=\"QN2lPu\">Thiamin nitrat (Vitamin B1): 1.5mg<\/p>\n<p class=\"QN2lPu\">Pyridoxine HCI (Vitamin B6): 1.5mg<\/p>\n<p class=\"QN2lPu\">Nicotinamid (Vitamin PP): 5.0mg<\/p>\n<p class=\"QN2lPu\">Tocopherol (Vitamin E): 1.0mg<\/p>\n<p class=\"QN2lPu\">Cholecalciferol (Vitamin D3): 20 UI<\/p>\n<p class=\"QN2lPu\">Ph\u1ee5 li\u1ec7u: V\u1ecf nang gelatin, Talc, Lactose, Magnesi stearat v\u0111 1 vi\u00ean.<\/p>\n<p class=\"QN2lPu\">KLV: 310mg (\u00b110%)<\/p>\n<p class=\"QN2lPu\">\n<p class=\"QN2lPu\">2. C\u00f4ng d\u1ee5ng c\u1ee7a MORI USAR Nh\u00e2n S\u00e2m &amp; Multivitamin<\/p>\n<p class=\"QN2lPu\">B\u1ed5 sung c\u00e1c vitamin cho c\u01a1 th\u1ec3, gi\u00fap n\u00e2ng cao th\u1ec3 l\u1ef1c, t\u0103ng c\u01b0\u1eddng s\u1ee9c kh\u1ecfe trong c\u00e1c tr\u01b0\u1eddng h\u1ee3p k\u00e9m h\u1ea5p thu, suy dinh d\u01b0\u1ee1ng, suy nh\u01b0\u1ee3c c\u01a1 th\u1ec3.<\/p>\n<p class=\"QN2lPu\">\n<p class=\"QN2lPu\">3. Li\u1ec1u l\u01b0\u1ee3ng v\u00e0 c\u00e1ch d\u00f9ng c\u1ee7a MORI USAR Nh\u00e2n S\u00e2m &amp; Multivitamin<\/p>\n<p class=\"QN2lPu\">Ng\u01b0\u1eddi l\u1edbn: U\u1ed1ng 1 vi\u00ean\/ l\u1ea7n, ng\u00e0y u\u1ed1ng 2 l\u1ea7n.<\/p>\n<p class=\"QN2lPu\">Tr\u1ebb em t\u1eeb 6 tu\u1ed5i tr\u1edf l\u00ean: U\u1ed1ng 1 vi\u00ean\/l\u1ea7n, ng\u00e0y u\u1ed1ng 1 l\u1ea7n.<\/p>\n<p class=\"QN2lPu\">\n<p class=\"QN2lPu\">4. \u0110\u1ed1i t\u01b0\u1ee3ng s\u1eed d\u1ee5ng<\/p>\n<p class=\"QN2lPu\">Ng\u01b0\u1eddi m\u1ec7t m\u1ecfi ch\u00e1n \u0103n, suy dinh d\u01b0\u1ee1ng, g\u1ea7y y\u1ebfu, suy nh\u01b0\u1ee3c c\u01a1 th\u1ec3, m\u1edbi \u1ed1m d\u1eady, ng\u01b0\u1eddi cao tu\u1ed5i, ng\u01b0\u1eddi lao \u0111\u1ed9ng n\u1eb7ng, tr\u1ebb em trong giai \u0111o\u1ea1n ph\u00e1t tri\u1ec3n c\u1ea7n b\u1ed5 sung vitamin.<\/p>\n<p class=\"QN2lPu\">\n<p class=\"QN2lPu\">5. B\u1ea3o qu\u1ea3n<\/p>\n<p class=\"QN2lPu\">N\u01a1i kh\u00f4 r\u00e1o, tho\u00e1ng m\u00e1t, tr\u00e1nh \u00e1nh n\u1eafng chi\u1ebfu tr\u1ef1c ti\u1ebfp v\u00e0o s\u1ea3n ph\u1ea9m.<\/p>\n<p class=\"QN2lPu\">\n<p class=\"QN2lPu\">6. L\u01b0u \u00fd<\/p>\n<p class=\"QN2lPu\">Kh\u00f4ng d\u00f9ng cho ng\u01b0\u1eddi m\u1eabn c\u1ea3m v\u1edbi b\u1ea5t k\u1ef3 th\u00e0nh ph\u1ea7n n\u00e0o c\u1ee7a s\u1ea3n ph\u1ea9m<\/p>\n<p class=\"QN2lPu\">Th\u1ef1c ph\u1ea9m n\u00e0y kh\u00f4ng ph\u1ea3i l\u00e0 thu\u1ed1c v\u00e0 kh\u00f4ng c\u00f3 t\u00e1c d\u1ee5ng thay th\u1ebf thu\u1ed1c<\/p>\n<\/div>\n","protected":false},"excerpt":{"rendered":"<p>1. Th\u00e0nh ph\u1ea7n c\u1ee7a MORI USAR Nh\u00e2n S\u00e2m &amp; Multivitamin Cao nh\u00e2n s\u00e2m (Ginseng Extract Powder): 10 mg Thiamin nitrat (Vitamin B1): 1.5mg Pyridoxine HCI (Vitamin B6): 1.5mg Nicotinamid (Vitamin PP): 5.0mg Tocopherol (Vitamin E): 1.0mg Cholecalciferol (Vitamin D3): 20 UI Ph\u1ee5 li\u1ec7u: V\u1ecf nang gelatin, Talc, Lactose, Magnesi stearat v\u0111 1 vi\u00ean. KLV: 310mg&#8230;<\/p>\n","protected":false},"featured_media":14325,"comment_status":"open","ping_status":"closed","template":"","meta":[],"product_brand":[],"product_cat":[1229],"product_tag":[],"class_list":{"0":"post-14255","1":"product","2":"type-product","3":"status-publish","4":"has-post-thumbnail","6":"product_cat-ho-tro-suc-khoe","8":"first","9":"instock","10":"sale","11":"shipping-taxable","12":"purchasable","13":"product-type-simple"},"_links":{"self":[{"href":"https:\/\/web-ban-le.mbws.vn\/suc-khoe\/wp-json\/wp\/v2\/product\/14255","targetHints":{"allow":["GET"]}}],"collection":[{"href":"https:\/\/web-ban-le.mbws.vn\/suc-khoe\/wp-json\/wp\/v2\/product"}],"about":[{"href":"https:\/\/web-ban-le.mbws.vn\/suc-khoe\/wp-json\/wp\/v2\/types\/product"}],"replies":[{"embeddable":true,"href":"https:\/\/web-ban-le.mbws.vn\/suc-khoe\/wp-json\/wp\/v2\/comments?post=14255"}],"wp:featuredmedia":[{"embeddable":true,"href":"https:\/\/web-ban-le.mbws.vn\/suc-khoe\/wp-json\/wp\/v2\/media\/14325"}],"wp:attachment":[{"href":"https:\/\/web-ban-le.mbws.vn\/suc-khoe\/wp-json\/wp\/v2\/media?parent=14255"}],"wp:term":[{"taxonomy":"product_brand","embeddable":true,"href":"https:\/\/web-ban-le.mbws.vn\/suc-khoe\/wp-json\/wp\/v2\/product_brand?post=14255"},{"taxonomy":"product_cat","embeddable":true,"href":"https:\/\/web-ban-le.mbws.vn\/suc-khoe\/wp-json\/wp\/v2\/product_cat?post=14255"},{"taxonomy":"product_tag","embeddable":true,"href":"https:\/\/web-ban-le.mbws.vn\/suc-khoe\/wp-json\/wp\/v2\/product_tag?post=14255"}],"curies":[{"name":"wp","href":"https:\/\/api.w.org\/{rel}","templated":true}]}}