{"id":14287,"date":"2025-10-29T08:59:06","date_gmt":"2025-10-29T01:59:06","guid":{"rendered":"https:\/\/web-ban-le.mbws.vn\/suc-khoe\/?post_type=product&#038;p=14287"},"modified":"2025-10-29T08:59:30","modified_gmt":"2025-10-29T01:59:30","slug":"bot-ngam-chan-soc-vang-tui-200g-giup-thai-doc-chau-ngan-pharma","status":"publish","type":"product","link":"https:\/\/web-ban-le.mbws.vn\/suc-khoe\/san-pham\/bot-ngam-chan-soc-vang-tui-200g-giup-thai-doc-chau-ngan-pharma\/","title":{"rendered":"B\u1ed9t ng\u00e2m ch\u00e2n S\u00d3C V\u00c0NG t\u00fai 200g gi\u00fap th\u1ea3i \u0111\u1ed9c &#8211; Ch\u00e2u Ng\u00e2n Pharma"},"content":{"rendered":"<div class=\"e8lZp3\">\n<p class=\"QN2lPu\">TH\u00c0NH PH\u1ea6N: %<\/p>\n<p class=\"QN2lPu\">Mu\u1ed1i tinh ch\u1ebf: 64%<\/p>\n<p class=\"QN2lPu\">D\u00e2y \u0111au x\u01b0\u01a1ng: 8%<\/p>\n<p class=\"QN2lPu\">Thi\u00ean ni\u00ean ki\u1ec7n: 8%<\/p>\n<p class=\"QN2lPu\">C\u1ea9u t\u00edch: 8%<\/p>\n<p class=\"QN2lPu\">G\u1eebng: 8%<\/p>\n<p class=\"QN2lPu\">Qu\u1ebf chi: 4%.<\/p>\n<p class=\"QN2lPu\">C\u00d4NG D\u1ee4NG:<\/p>\n<p class=\"QN2lPu\">H\u1ed7 tr\u1ee3 n\u00e3o b\u1ed9 ti\u1ebft ra Serotonin l\u00e0m t\u0103ng tu\u1ea7n ho\u00e0n m\u00e1u n\u00e3o, l\u00e0m gi\u1ea3m \u0111au \u0111\u1ea7u c\u0103ng th\u1eb3ng, h\u1ebft m\u1ea5t ng\u1ee7.<\/p>\n<p class=\"QN2lPu\">H\u1ed7 tr\u1ee3 lo\u1ea1i b\u1ecf c\u00e1c ch\u1ee9ng phong h\u00e0n, \u0111au nh\u1ee9c x\u01b0\u01a1ng kh\u1edbp, \u0111au m\u1ecfi t\u00ea b\u00ec ch\u00e2n tay.<\/p>\n<p class=\"QN2lPu\">Ng\u00e2m ch\u00e2n v\u00e0 m\u00e1t xa ch\u00e2n bu\u1ed5i t\u1ed1i tr\u01b0\u1edbc khi \u0111i ng\u1ee7, gi\u00fap l\u00e0m s\u1ea1ch v\u00e0 kh\u1eed m\u00f9i h\u00f4i ch\u00e2n.<\/p>\n<p class=\"QN2lPu\">H\u01af\u1edaNG D\u1eaaN S\u1eec D\u1ee4NG:<\/p>\n<p class=\"QN2lPu\">Ng\u00e2m ch\u00e2n v\u00e0o bu\u1ed5i t\u1ed1i tr\u01b0\u1edbc khi \u0111i ng\u1ee7 ho\u1eb7c m\u00e1t xa ch\u00e2n h\u1eb1ng ng\u00e0y.<\/p>\n<p class=\"QN2lPu\">Cho 20g b\u1ed9t (1 th\u00eca canh) v\u00e0o 4 l\u00edt n\u01b0\u1edbc \u1ea5m (1,5 l\u00edt n\u01b0\u1edbc \u0111un s\u00f4i + 2,5 l\u00edt n\u01b0\u1edbc l\u00e3) kho\u1ea3ng 40-45&#8217;C khu\u1ea5y \u0111\u1ec1u.<\/p>\n<p class=\"QN2lPu\">Ng\u00e2m ch\u00e2n trong v\u00f2ng 30 ph\u00fat, v\u1eeba ng\u00e2m v\u1eeba m\u00e1t xa ch\u00e2n.<\/p>\n<p class=\"QN2lPu\">Sau khi ng\u00e2m xong d\u00f9ng kh\u0103n s\u1ea1ch lau kh\u00f4 ch\u00e2n.<\/p>\n<p class=\"QN2lPu\">L\u01afU \u00dd: <\/p>\n<p class=\"QN2lPu\">Kh\u00f4ng n\u00ean ng\u00e2m ch\u00e2n khi v\u1eeba \u0103n xong, kh\u00f4ng ng\u00e2m ch\u00e2n qu\u00e1 l\u00e2u.<\/p>\n<\/div>\n","protected":false},"excerpt":{"rendered":"<p>TH\u00c0NH PH\u1ea6N: % Mu\u1ed1i tinh ch\u1ebf: 64% D\u00e2y \u0111au x\u01b0\u01a1ng: 8% Thi\u00ean ni\u00ean ki\u1ec7n: 8% C\u1ea9u t\u00edch: 8% G\u1eebng: 8% Qu\u1ebf chi: 4%. C\u00d4NG D\u1ee4NG: H\u1ed7 tr\u1ee3 n\u00e3o b\u1ed9 ti\u1ebft ra Serotonin l\u00e0m t\u0103ng tu\u1ea7n ho\u00e0n m\u00e1u n\u00e3o, l\u00e0m gi\u1ea3m \u0111au \u0111\u1ea7u c\u0103ng th\u1eb3ng, h\u1ebft m\u1ea5t ng\u1ee7. H\u1ed7 tr\u1ee3 lo\u1ea1i b\u1ecf c\u00e1c ch\u1ee9ng phong h\u00e0n,&#8230;<\/p>\n","protected":false},"featured_media":14330,"comment_status":"open","ping_status":"closed","template":"","meta":[],"product_brand":[],"product_cat":[1229],"product_tag":[],"class_list":{"0":"post-14287","1":"product","2":"type-product","3":"status-publish","4":"has-post-thumbnail","6":"product_cat-ho-tro-suc-khoe","8":"first","9":"instock","10":"sale","11":"shipping-taxable","12":"purchasable","13":"product-type-simple"},"_links":{"self":[{"href":"https:\/\/web-ban-le.mbws.vn\/suc-khoe\/wp-json\/wp\/v2\/product\/14287","targetHints":{"allow":["GET"]}}],"collection":[{"href":"https:\/\/web-ban-le.mbws.vn\/suc-khoe\/wp-json\/wp\/v2\/product"}],"about":[{"href":"https:\/\/web-ban-le.mbws.vn\/suc-khoe\/wp-json\/wp\/v2\/types\/product"}],"replies":[{"embeddable":true,"href":"https:\/\/web-ban-le.mbws.vn\/suc-khoe\/wp-json\/wp\/v2\/comments?post=14287"}],"wp:featuredmedia":[{"embeddable":true,"href":"https:\/\/web-ban-le.mbws.vn\/suc-khoe\/wp-json\/wp\/v2\/media\/14330"}],"wp:attachment":[{"href":"https:\/\/web-ban-le.mbws.vn\/suc-khoe\/wp-json\/wp\/v2\/media?parent=14287"}],"wp:term":[{"taxonomy":"product_brand","embeddable":true,"href":"https:\/\/web-ban-le.mbws.vn\/suc-khoe\/wp-json\/wp\/v2\/product_brand?post=14287"},{"taxonomy":"product_cat","embeddable":true,"href":"https:\/\/web-ban-le.mbws.vn\/suc-khoe\/wp-json\/wp\/v2\/product_cat?post=14287"},{"taxonomy":"product_tag","embeddable":true,"href":"https:\/\/web-ban-le.mbws.vn\/suc-khoe\/wp-json\/wp\/v2\/product_tag?post=14287"}],"curies":[{"name":"wp","href":"https:\/\/api.w.org\/{rel}","templated":true}]}}