{"id":14288,"date":"2025-10-29T08:59:06","date_gmt":"2025-10-29T01:59:06","guid":{"rendered":"https:\/\/web-ban-le.mbws.vn\/suc-khoe\/?post_type=product&#038;p=14288"},"modified":"2025-10-29T08:59:31","modified_gmt":"2025-10-29T01:59:31","slug":"tra-ca-gai-leo-tue-linh-ho-tro-phuc-hoi-te-bao-gan-hop-30-goi-x-5g-chau-ngan-pharma","status":"publish","type":"product","link":"https:\/\/web-ban-le.mbws.vn\/suc-khoe\/san-pham\/tra-ca-gai-leo-tue-linh-ho-tro-phuc-hoi-te-bao-gan-hop-30-goi-x-5g-chau-ngan-pharma\/","title":{"rendered":"Tr\u00e0 C\u00c0 GAI LEO Tu\u1ec7 Linh H\u1ed7 tr\u1ee3 ph\u1ee5c h\u1ed3i t\u1ebf b\u00e0o gan H\u1ed9p 30 g\u00f3i x 5g \u2013 Ch\u00e2u Ng\u00e2n Pharma"},"content":{"rendered":"<div class=\"e8lZp3\">\n<p class=\"QN2lPu\">Tr\u00e0 C\u00c0 GAI LEO Tu\u1ec7 Linh H\u1ed7 tr\u1ee3 ph\u1ee5c h\u1ed3i t\u1ebf b\u00e0o gan H\u1ed9p 30 g\u00f3i x 5g \u2013 Ch\u00e2u Ng\u00e2n Pharma<\/p>\n<p class=\"QN2lPu\">TH\u00c0NH PH\u1ea6N: B\u1ed9t d\u01b0\u1ee3c li\u1ec7u C\u00e0 Gai Leo <\/p>\n<p class=\"QN2lPu\">C\u00d4NG D\u1ee4NG:<\/p>\n<p class=\"QN2lPu\">Gi\u1ea3i \u0111\u1ed9c gan, t\u0103ng c\u01b0\u1eddng ch\u1ee9c n\u0103ng gan, b\u1ea3o v\u1ec7 v\u00e0 ph\u1ee5c h\u1ed3i t\u1ebf b\u00e0o gan<\/p>\n<p class=\"QN2lPu\">L\u00e0m h\u1ebft c\u00e1c tri\u1ec7u ch\u1ee9ng m\u1ea9n ng\u1ee9a, m\u1ec1 \u0111ay do ch\u1ee9c n\u0103ng gan k\u00e9m.<\/p>\n<p class=\"QN2lPu\">H\u1ea1 men gan \u1edf c\u00e1c tr\u01b0\u1eddng h\u1ee3p men gan cao.<\/p>\n<p class=\"QN2lPu\"> B\u1ea3o v\u1ec7 gan tr\u01b0\u1edbc t\u00e1c h\u1ea1i c\u1ee7a bia r\u01b0\u1ee3u, h.\u00f3.a ch.\u1ea5t \u0111\u1ed9c h\u1ea1i.<\/p>\n<p class=\"QN2lPu\">H\u1ed7 tr\u1ee3 \u1ee9c ch\u1ebf virus vi\u00eam gan (\u0111\u1eb7c bi\u1ec7t vi\u00eam gan B m\u1ea1n t\u00ednh th\u1ec3 ho\u1ea1t \u0111\u1ed9ng).<\/p>\n<p class=\"QN2lPu\">Ng\/\u0103n ch\/\u1eb7n x\/\u01a1 gan ti\u1ebfn tri\u1ec3n.<\/p>\n<p class=\"QN2lPu\">\u0110\u1ed0I T\u01af\u1ee2NG S\u1eec D\u1ee4NG:<\/p>\n<p class=\"QN2lPu\">Ng\u01b0\u1eddi b\u1ecb ch\u1ee9c n\u0103ng gan suy gi\u1ea3m do vi.\u00eam g.an vi.rus, x.\u01a1 gan.<\/p>\n<p class=\"QN2lPu\">Ng\u01b0\u1eddi u\u1ed1ng r\u01b0\u1ee3u bia nhi\u1ec1u, ti\u1ebfp x\u00fac v\u1edbi h\u00f3a ch.\u1ea5t \u0111\u1ed9.c h\u1ea1i.<\/p>\n<p class=\"QN2lPu\">Ng\u01b0\u1eddi ch\u1ee9c n\u0103ng gan k\u00e9m g\u00e2y d\u1ecb \u1ee9ng, m\u1ea9n ng\u1ee9a, men gan cao.<\/p>\n<p class=\"QN2lPu\">C\u00c1CH D\u00d9NG:<\/p>\n<p class=\"QN2lPu\">-Cho t\u00fai tr\u00e0 v\u00e0o c\u1ed1c, h\u00e3m b\u1eb1ng n\u01b0\u1edbc s\u00f4i.<\/p>\n<p class=\"QN2lPu\">-Ng\u00e0y u\u1ed1ng 1-2 t\u00fai\u0110\u1ed0I T\u01af\u1ee2NG S\u1eec D\u1ee4NG<\/p>\n<p class=\"QN2lPu\">D\u00f9ng cho ng\u01b0\u1eddi b\u1ecb suy gi\u1ea3m ch\u01b0\u0301c n\u0103ng gan do vi.\u00ea.m gan virus, x\u01a1 gan, ng\u01b0\u01a1\u0300i u\u00f4\u0301ng r\u01b0\u01a1\u0323u bia nhi\u00ea\u0300u, ti\u00ea\u0301p xu\u0301c v\u01a1\u0301i ho\u0301a ch\u00e2\u0301t \u0111.\u1ed9.c h.a\u0323i. <\/p>\n<p class=\"QN2lPu\">Ng\u01b0\u01a1\u0300i bi\u0323 men gan cao, m\u1ea9n ng\u1ee9a, m\u1ec1 \u0111ay.<\/p>\n<p class=\"QN2lPu\">\u0110\u01a1n v\u1ecb s\u1ea3n xu\u1ea5t<\/p>\n<p class=\"QN2lPu\">C\u00d4NG TY TNHH TU\u1ec6 LINH<\/p>\n<p class=\"QN2lPu\">&#8211;\tS\u1ea3n ph\u1ea9m kh\u00f4ng ph\u1ea3i l\u00e0 thu\u1ed1c v\u00e0 kh\u00f4ng c\u00f3 ch\u1ee9c n\u0103ng thay th\u1ebf thu\u1ed1c ch.\u1eef.a b\u1ec7.nh.<\/p>\n<p class=\"QN2lPu\">H\u1ea1n s\u1eed d\u1ee5ng: 36 th\u00e1ng k\u1ec3 t\u1eeb ng\u00e0y s\u1ea3n xu\u1ea5t, NSX v\u00e0 HSD ghi tr\u00ean nh\u00e3n ch\u00ednh c\u1ee7a s\u1ea3n ph\u1ea9m.<\/p>\n<p class=\"QN2lPu\">Xu\u1ea5t x\u1ee9: Vi\u1ec7t Nam<\/p>\n<\/div>\n","protected":false},"excerpt":{"rendered":"<p>Tr\u00e0 C\u00c0 GAI LEO Tu\u1ec7 Linh H\u1ed7 tr\u1ee3 ph\u1ee5c h\u1ed3i t\u1ebf b\u00e0o gan H\u1ed9p 30 g\u00f3i x 5g \u2013 Ch\u00e2u Ng\u00e2n Pharma TH\u00c0NH PH\u1ea6N: B\u1ed9t d\u01b0\u1ee3c li\u1ec7u C\u00e0 Gai Leo C\u00d4NG D\u1ee4NG: Gi\u1ea3i \u0111\u1ed9c gan, t\u0103ng c\u01b0\u1eddng ch\u1ee9c n\u0103ng gan, b\u1ea3o v\u1ec7 v\u00e0 ph\u1ee5c h\u1ed3i t\u1ebf b\u00e0o gan L\u00e0m h\u1ebft c\u00e1c tri\u1ec7u ch\u1ee9ng m\u1ea9n ng\u1ee9a,&#8230;<\/p>\n","protected":false},"featured_media":14331,"comment_status":"open","ping_status":"closed","template":"","meta":[],"product_brand":[],"product_cat":[1229],"product_tag":[],"class_list":{"0":"post-14288","1":"product","2":"type-product","3":"status-publish","4":"has-post-thumbnail","6":"product_cat-ho-tro-suc-khoe","8":"first","9":"instock","10":"sale","11":"shipping-taxable","12":"purchasable","13":"product-type-simple"},"_links":{"self":[{"href":"https:\/\/web-ban-le.mbws.vn\/suc-khoe\/wp-json\/wp\/v2\/product\/14288","targetHints":{"allow":["GET"]}}],"collection":[{"href":"https:\/\/web-ban-le.mbws.vn\/suc-khoe\/wp-json\/wp\/v2\/product"}],"about":[{"href":"https:\/\/web-ban-le.mbws.vn\/suc-khoe\/wp-json\/wp\/v2\/types\/product"}],"replies":[{"embeddable":true,"href":"https:\/\/web-ban-le.mbws.vn\/suc-khoe\/wp-json\/wp\/v2\/comments?post=14288"}],"wp:featuredmedia":[{"embeddable":true,"href":"https:\/\/web-ban-le.mbws.vn\/suc-khoe\/wp-json\/wp\/v2\/media\/14331"}],"wp:attachment":[{"href":"https:\/\/web-ban-le.mbws.vn\/suc-khoe\/wp-json\/wp\/v2\/media?parent=14288"}],"wp:term":[{"taxonomy":"product_brand","embeddable":true,"href":"https:\/\/web-ban-le.mbws.vn\/suc-khoe\/wp-json\/wp\/v2\/product_brand?post=14288"},{"taxonomy":"product_cat","embeddable":true,"href":"https:\/\/web-ban-le.mbws.vn\/suc-khoe\/wp-json\/wp\/v2\/product_cat?post=14288"},{"taxonomy":"product_tag","embeddable":true,"href":"https:\/\/web-ban-le.mbws.vn\/suc-khoe\/wp-json\/wp\/v2\/product_tag?post=14288"}],"curies":[{"name":"wp","href":"https:\/\/api.w.org\/{rel}","templated":true}]}}