{"id":14291,"date":"2025-10-29T08:59:06","date_gmt":"2025-10-29T01:59:06","guid":{"rendered":"https:\/\/web-ban-le.mbws.vn\/suc-khoe\/?post_type=product&#038;p=14291"},"modified":"2025-10-29T08:59:35","modified_gmt":"2025-10-29T01:59:35","slug":"vien-sui-ca-gai-leo-roxtech-tuyp-10-vien","status":"publish","type":"product","link":"https:\/\/web-ban-le.mbws.vn\/suc-khoe\/san-pham\/vien-sui-ca-gai-leo-roxtech-tuyp-10-vien\/","title":{"rendered":"Vi\u00ean S\u1ee7i C\u00c0 GAI LEO Roxtech Tu\u00fdp 10 Vi\u00ean"},"content":{"rendered":"<div class=\"e8lZp3\">\n<p class=\"QN2lPu\">M\u00d4 T\u1ea2 S\u1ea2N PH\u1ea8M<\/p>\n<p class=\"QN2lPu\">Vi\u00ean s\u1ee7i b\u1ed5 gan C\u00c0 GAI LEO di\u1ec7p h\u1ea1 ch\u00e2u h\u1ed7 tr\u1ee3 m\u00e1t gan gi\u1ea3i \u0111\u1ed9c &#8211; Tu\u00fdp 10 vi\u00ean<\/p>\n<p class=\"QN2lPu\">TH\u00c0NH PH\u1ea6N:<\/p>\n<p class=\"QN2lPu\">\ufe63Cao kh\u00f4 C\u00e0 Gai Leo: 400mg<\/p>\n<p class=\"QN2lPu\">\ufe63Cao Actiso: 30mg<\/p>\n<p class=\"QN2lPu\">\ufe63Cao di\u1ec7p h\u1ea1 ch\u00e2u: 20mg <\/p>\n<p class=\"QN2lPu\">L\u01b0u \u00fd: S\u1ea2N PH\u1ea8M KH\u00d4NG PH\u1ea2I L\u00c0 THU\u1ed0C V\u00c0 KH\u00d4NG C\u00d3 T\u00c1C D\u1ee4NG THAY TH\u1ebe THU\u1ed0C <\/p>\n<p class=\"QN2lPu\">C\u00d4NG D\u1ee4NG:<\/p>\n<p class=\"QN2lPu\">&#8211; T\u1ed1t cho gan , b\u1ed5 gan , c\u1ea3i thi\u1ec7n ch\u1ee9c n\u0103ng gan<\/p>\n<p class=\"QN2lPu\">&#8211; Thanh nhi\u1ec7t m\u00e1t gan, b\u1ea3o v\u1ec7 t\u1ebf b\u00e0o gan.<\/p>\n<p class=\"QN2lPu\">&#8211; T\u0103ng c\u01b0\u1eddng ch\u1ee9c n\u0103ng gi\u1ea3i \u0111\u1ed9c c\u1ee7a gan.<\/p>\n<p class=\"QN2lPu\">&#8211; Gi\u00fap b\u1ea3o v\u1ec7 t\u1ebf b\u00e0o gan, h\u1ea1n ch\u1ebf t\u1ed5n th\u01b0\u01a1ng t\u1ebf b\u00e0o gan do r\u01b0\u01a1u, h\u00f3a ch\u1ea5t \u0111\u1ed9c h\u1ea1i g\u00e2y n\u00ean.<\/p>\n<p class=\"QN2lPu\">&#8211; T\u0103ng c\u01b0\u1eddng ch\u1ee9c n\u0103ng gan trong c\u00e1c tr\u01b0\u1eddng h\u01a1p: vi\u00eam gan, x\u01a1 gan, gan nhi\u1ec5m m\u1ee1, men gan cao.<\/p>\n<p class=\"QN2lPu\">&#8211; L\u00e0m m\u00e1t gan, thanh l\u1ecdc c\u01a1 th\u1ec3, h\u1ea1 men gan.<\/p>\n<p class=\"QN2lPu\">\u0110\u1ed0I T\u01af\u1edeNG S\u1eec D\u1ee4NG: <\/p>\n<p class=\"QN2lPu\">-Ng\u01b0\u1eddi th\u01b0\u1eddng xuy\u00ean ph\u1ea3i s\u1eed d\u1ee5ng r\u01b0\u1ee3u bia h\u1eb1ng ng\u00e0y<\/p>\n<p class=\"QN2lPu\">-Ng\u01b0\u1eddi b\u1ecb v\u00e0ng da , m\u1ea9n ng\u1ee9a ,t\u00e1o b\u00f3n , ti\u1ec3u v\u00e0ng <\/p>\n<p class=\"QN2lPu\">-Ng\u01b0\u1eddi b\u1ecb suy gi\u1ea3m ch\u1ee9c n\u0103ng gan do x\u01a1 gan , vi\u00eam gan<\/p>\n<p class=\"QN2lPu\">-Ng\u01b0\u1eddi c\u00f3 men gan cao do ch\u1ee9c n\u0103ng gan suy y\u1ebfu<\/p>\n<p class=\"QN2lPu\">C\u00c1CH D\u00d9NG:<\/p>\n<p class=\"QN2lPu\">H\u00f2a tan 1 vi\u00ean trong 150-200ml n\u01b0\u1edbc \u0111un s\u00f4i \u0111\u1ec3 ngu\u1ed5i, ho\u1eb7c n\u01b0\u1edbc su\u1ed1i r\u1ed3i u\u1ed1ng.<\/p>\n<p class=\"QN2lPu\">Tr\u1ebb tr\u00ean 6 tu\u1ed5i: u\u1ed1ng 1 vi\u00ean\/ l\u1ea7n, ng\u00e0y 2 l\u1ea7n.<\/p>\n<p class=\"QN2lPu\">Ng\u01b0\u1eddi l\u01a1n: U\u1ed1ng 1 vi\u00ean\/l\u1ea7n, ng\u00e0y 2-3 l\u1ea7n.<\/p>\n<p class=\"QN2lPu\">\n<p class=\"QN2lPu\">#cagaileo #actiso #diephachau #giaidocgan #gi\u1ea3i_\u0111\u1ed9c_gan<\/p>\n<\/div>\n","protected":false},"excerpt":{"rendered":"<p>M\u00d4 T\u1ea2 S\u1ea2N PH\u1ea8M Vi\u00ean s\u1ee7i b\u1ed5 gan C\u00c0 GAI LEO di\u1ec7p h\u1ea1 ch\u00e2u h\u1ed7 tr\u1ee3 m\u00e1t gan gi\u1ea3i \u0111\u1ed9c &#8211; Tu\u00fdp 10 vi\u00ean TH\u00c0NH PH\u1ea6N: \ufe63Cao kh\u00f4 C\u00e0 Gai Leo: 400mg \ufe63Cao Actiso: 30mg \ufe63Cao di\u1ec7p h\u1ea1 ch\u00e2u: 20mg L\u01b0u \u00fd: S\u1ea2N PH\u1ea8M KH\u00d4NG PH\u1ea2I L\u00c0 THU\u1ed0C V\u00c0 KH\u00d4NG C\u00d3 T\u00c1C D\u1ee4NG THAY TH\u1ebe&#8230;<\/p>\n","protected":false},"featured_media":14335,"comment_status":"open","ping_status":"closed","template":"","meta":[],"product_brand":[],"product_cat":[1229],"product_tag":[],"class_list":{"0":"post-14291","1":"product","2":"type-product","3":"status-publish","4":"has-post-thumbnail","6":"product_cat-ho-tro-suc-khoe","8":"first","9":"instock","10":"sale","11":"shipping-taxable","12":"purchasable","13":"product-type-simple"},"_links":{"self":[{"href":"https:\/\/web-ban-le.mbws.vn\/suc-khoe\/wp-json\/wp\/v2\/product\/14291","targetHints":{"allow":["GET"]}}],"collection":[{"href":"https:\/\/web-ban-le.mbws.vn\/suc-khoe\/wp-json\/wp\/v2\/product"}],"about":[{"href":"https:\/\/web-ban-le.mbws.vn\/suc-khoe\/wp-json\/wp\/v2\/types\/product"}],"replies":[{"embeddable":true,"href":"https:\/\/web-ban-le.mbws.vn\/suc-khoe\/wp-json\/wp\/v2\/comments?post=14291"}],"wp:featuredmedia":[{"embeddable":true,"href":"https:\/\/web-ban-le.mbws.vn\/suc-khoe\/wp-json\/wp\/v2\/media\/14335"}],"wp:attachment":[{"href":"https:\/\/web-ban-le.mbws.vn\/suc-khoe\/wp-json\/wp\/v2\/media?parent=14291"}],"wp:term":[{"taxonomy":"product_brand","embeddable":true,"href":"https:\/\/web-ban-le.mbws.vn\/suc-khoe\/wp-json\/wp\/v2\/product_brand?post=14291"},{"taxonomy":"product_cat","embeddable":true,"href":"https:\/\/web-ban-le.mbws.vn\/suc-khoe\/wp-json\/wp\/v2\/product_cat?post=14291"},{"taxonomy":"product_tag","embeddable":true,"href":"https:\/\/web-ban-le.mbws.vn\/suc-khoe\/wp-json\/wp\/v2\/product_tag?post=14291"}],"curies":[{"name":"wp","href":"https:\/\/api.w.org\/{rel}","templated":true}]}}