{"id":14292,"date":"2025-10-29T08:59:06","date_gmt":"2025-10-29T01:59:06","guid":{"rendered":"https:\/\/web-ban-le.mbws.vn\/suc-khoe\/?post_type=product&#038;p=14292"},"modified":"2025-10-29T08:59:39","modified_gmt":"2025-10-29T01:59:39","slug":"diep-ha-chau-mekophar-chai-100-vien-chau-ngan-pharma","status":"publish","type":"product","link":"https:\/\/web-ban-le.mbws.vn\/suc-khoe\/san-pham\/diep-ha-chau-mekophar-chai-100-vien-chau-ngan-pharma\/","title":{"rendered":"Di\u1ec7p H\u1ea1 Ch\u00e2u Mekophar Chai 100 vi\u00ean &#8211; Ch\u00e2u Ng\u00e2n Pharma"},"content":{"rendered":"<div class=\"e8lZp3\">\n<p class=\"QN2lPu\">Vi\u00ean u\u1ed1ng DI\u1ec6P H\u1ea0 CH\u00c2U MEKOPHAR <\/p>\n<p class=\"QN2lPu\">\n<p class=\"QN2lPu\">Th\u00e0nh ph\u1ea7n ch\u00ednh:<\/p>\n<p class=\"QN2lPu\">\u2013 Cao Di\u1ec7p h\u1ea1 Ch\u00e2u (Phyllanthus urinaria)&#8230; 100 mg<\/p>\n<p class=\"QN2lPu\">\u2013 Cao Actis\u00f4 (Cynara scolymus) &#8230;&#8230;&#8230;&#8230;&#8230;&#8230;.. 40 mg<\/p>\n<p class=\"QN2lPu\">\u2013 Cao Bi\u1ec3n s\u00fac (Polygonum aviculare)&#8230;&#8230;&#8230;&#8230; 20 mg<\/p>\n<p class=\"QN2lPu\">\u2013 Cao R\u00e2u m\u00e8o (Orthosiphon spiralis&#8230;&#8230;&#8230;&#8230;.. 10 mg<\/p>\n<p class=\"QN2lPu\">\n<p class=\"QN2lPu\">C\u00f4ng d\u1ee5ng: Di\u1ec7p h\u1ea1 ch\u00e2u MKP gi\u00fap<\/p>\n<p class=\"QN2lPu\">&#8211; H\u1ed7 tr\u1ee3 \u0111i\u1ec1u-tr\u1ecb c\u00e1c tri\u1ec7u ch\u1ee9ng do suy gi\u1ea3m ch\u1ee9c n\u0103ng gan: m\u1ec7t m\u1ecfi, \u0103n u\u1ed1ng kh\u00f3 ti\u00eau, v\u00e0ng da, d\u1ecb \u1ee9ng.<\/p>\n<p class=\"QN2lPu\">&#8211; H\u1ed7 tr\u1ee3 mi\u1ec5n d\u1ecbch, t\u0103ng c\u01b0\u1eddng ch\u1ee9c n\u0103ng gan trong c\u00e1c tr\u01b0\u1eddng h\u1ee3p c\u00f3 vi\u00eam gan m\u00e3n do virus vi\u00eam gan B, vi\u00eam gan m\u00e3n t\u00ednh.<\/p>\n<p class=\"QN2lPu\">\n<p class=\"QN2lPu\">\u0110\u1ed0I T\u01af\u1ee2NG S\u1eec D\u1ee4NG: Ng\u01b0\u1eddi l\u1edbn v\u00e0 tr\u1ebb em tr\u00ean 12 tu\u1ed5i<\/p>\n<p class=\"QN2lPu\">\n<p class=\"QN2lPu\">C\u00c1CH D\u00d9NG: U\u1ed1ng tr\u01b0\u1edbc b\u1eefa \u0103n 30 ph\u00fat, li\u1ec1u th\u00f4ng th\u01b0\u1eddng l\u00e0: <\/p>\n<p class=\"QN2lPu\">\u2013 Vi\u00eam gan m\u00e3n t\u00ednh: m\u1ed7i l\u1ea7n 2 vi\u00ean, ng\u00e0y 3 l\u1ea7n<\/p>\n<p class=\"QN2lPu\">\u2013 C\u00e1c tr\u01b0\u1eddng h\u1ee3p kh\u00e1c: m\u1ed7i l\u1ea7n 2 vi\u00ean, ng\u00e0y 2 l\u1ea7n<\/p>\n<p class=\"QN2lPu\">\n<p class=\"QN2lPu\">S\u1ea3n ph\u1ea9m n\u00e0y kh\u00f4ng ph\u1ea3i l\u00e0 thu\u1ed1c, kh\u00f4ng c\u00f3 t\u00e1c d\u1ee5ng thay th\u1ebf thu\u1ed1c<\/p>\n<p class=\"QN2lPu\">\n<p class=\"QN2lPu\">Quy c\u00e1ch: H\u1ed9p 100 vi\u00ean<\/p>\n<p class=\"QN2lPu\">Nh\u00e0 s\u1ea3n xu\u1ea5t: Mekophar<\/p>\n<p class=\"QN2lPu\">N\u01b0\u1edbc s\u1ea3n xu\u1ea5t: Vi\u1ec7t Nam<\/p>\n<p class=\"QN2lPu\">\n<p class=\"QN2lPu\">#Diep_ha_chau #diep_ha_chau_mekophar #suy_giam_chuc_nang_gan <\/p>\n<\/div>\n","protected":false},"excerpt":{"rendered":"<p>Vi\u00ean u\u1ed1ng DI\u1ec6P H\u1ea0 CH\u00c2U MEKOPHAR Th\u00e0nh ph\u1ea7n ch\u00ednh: \u2013 Cao Di\u1ec7p h\u1ea1 Ch\u00e2u (Phyllanthus urinaria)&#8230; 100 mg \u2013 Cao Actis\u00f4 (Cynara scolymus) &#8230;&#8230;&#8230;&#8230;&#8230;&#8230;.. 40 mg \u2013 Cao Bi\u1ec3n s\u00fac (Polygonum aviculare)&#8230;&#8230;&#8230;&#8230; 20 mg \u2013 Cao R\u00e2u m\u00e8o (Orthosiphon spiralis&#8230;&#8230;&#8230;&#8230;.. 10 mg C\u00f4ng d\u1ee5ng: Di\u1ec7p h\u1ea1 ch\u00e2u MKP gi\u00fap &#8211; H\u1ed7 tr\u1ee3 \u0111i\u1ec1u-tr\u1ecb c\u00e1c tri\u1ec7u&#8230;<\/p>\n","protected":false},"featured_media":14336,"comment_status":"open","ping_status":"closed","template":"","meta":[],"product_brand":[],"product_cat":[1229],"product_tag":[],"class_list":{"0":"post-14292","1":"product","2":"type-product","3":"status-publish","4":"has-post-thumbnail","6":"product_cat-ho-tro-suc-khoe","8":"first","9":"instock","10":"sale","11":"shipping-taxable","12":"purchasable","13":"product-type-simple"},"_links":{"self":[{"href":"https:\/\/web-ban-le.mbws.vn\/suc-khoe\/wp-json\/wp\/v2\/product\/14292","targetHints":{"allow":["GET"]}}],"collection":[{"href":"https:\/\/web-ban-le.mbws.vn\/suc-khoe\/wp-json\/wp\/v2\/product"}],"about":[{"href":"https:\/\/web-ban-le.mbws.vn\/suc-khoe\/wp-json\/wp\/v2\/types\/product"}],"replies":[{"embeddable":true,"href":"https:\/\/web-ban-le.mbws.vn\/suc-khoe\/wp-json\/wp\/v2\/comments?post=14292"}],"wp:featuredmedia":[{"embeddable":true,"href":"https:\/\/web-ban-le.mbws.vn\/suc-khoe\/wp-json\/wp\/v2\/media\/14336"}],"wp:attachment":[{"href":"https:\/\/web-ban-le.mbws.vn\/suc-khoe\/wp-json\/wp\/v2\/media?parent=14292"}],"wp:term":[{"taxonomy":"product_brand","embeddable":true,"href":"https:\/\/web-ban-le.mbws.vn\/suc-khoe\/wp-json\/wp\/v2\/product_brand?post=14292"},{"taxonomy":"product_cat","embeddable":true,"href":"https:\/\/web-ban-le.mbws.vn\/suc-khoe\/wp-json\/wp\/v2\/product_cat?post=14292"},{"taxonomy":"product_tag","embeddable":true,"href":"https:\/\/web-ban-le.mbws.vn\/suc-khoe\/wp-json\/wp\/v2\/product_tag?post=14292"}],"curies":[{"name":"wp","href":"https:\/\/api.w.org\/{rel}","templated":true}]}}