{"id":13709,"date":"2025-10-27T10:58:30","date_gmt":"2025-10-27T03:58:30","guid":{"rendered":"https:\/\/web-ban-le.mbws.vn\/the-thao-du-lich\/?post_type=product&#038;p=13709"},"modified":"2025-11-10T08:07:01","modified_gmt":"2025-11-10T01:07:01","slug":"hop-qua-cau-long-the-thao-li-ning-toc-do-76-p-ayqv023-76","status":"publish","type":"product","link":"https:\/\/web-ban-le.mbws.vn\/the-thao-du-lich\/san-pham\/hop-qua-cau-long-the-thao-li-ning-toc-do-76-p-ayqv023-76\/","title":{"rendered":"H\u1ed9p Qu\u1ea3 C\u1ea7u L\u00f4ng Th\u1ec3 Thao Li-Ning T\u1ed0C \u0110\u1ed8 76 P-AYQV023-76"},"content":{"rendered":"<div class=\"e8lZp3\">\n<p class=\"QN2lPu\">Qu\u1ea3 C\u1ea7u l\u00f4ng Lining AYQN024-3&nbsp;l\u00e0 lo\u1ea1i qu\u1ea3 c\u1ea7u l\u00f4ng cao c\u1ea5p \u0111\u01b0\u1ee3c th\u01b0\u01a1ng hi\u1ec7u c\u1ea7u l\u00f4ng Lining c\u1ee7a Trung Qu\u1ed1c s\u1ea3n xu\u1ea5t&nbsp;n\u1ed5i tr\u1ed9i t\u1ed1c \u0111\u1ed9 c\u1ea7u chu\u1ea9n x\u00e1c v\u00e0 t\u1ed1c \u0111\u1ed9 bay \u1ed5n \u0111\u1ecbnh tr\u00ean t\u1eebng \u0111\u01b0\u1eddng c\u1ea7u \u0111em \u0111\u1ebfn&nbsp;nh\u1eefng tr\u1ea3i nghi\u1ec7m tuy\u1ec7t v\u1eddi nh\u1ea5t trong tr\u1eadn \u0111\u1ea5u.<\/p>\n<p class=\"QN2lPu\">\n<p class=\"QN2lPu\">M\u00d4 T\u1ea2 CHI TI\u1ebeT:<\/p>\n<p class=\"QN2lPu\">&#8211; C\u1ea7u&nbsp;Li-Ning AYQN024-3 g\u1ed3m 12 qu\u1ea3&nbsp;&nbsp;v\u1edbi t\u1ed1c \u0111\u1ed9 bay 76 -77 ( nhi\u1ec7t \u0111\u1ed9 c\u1ea7u bay chu\u1ea9n t\u1eeb 30 &#8211; 35\u00b0C ) kh\u00e1 ph\u00f9 h\u1ee3p d\u00e0nh cho th\u1ecb tr\u01b0\u1eddng Vi\u1ec7t Nam.<\/p>\n<p class=\"QN2lPu\">-\u0110\u1ed1i v\u1edbi qu\u1ea3 c\u1ea7u l\u00f4ng Lining AYQN024-3 s\u1ebd cho \u0111\u1ed9 bay c\u1ee7a qu\u1ea3 c\u1ea7u \u1ed5n \u0111\u1ecbnh r\u1ea5t cao v\u00ec 16 c\u00e1nh l\u00f4ng tr\u00ean qu\u1ea3 c\u1ea7u \u0111\u01b0\u1ee3c s\u1eed d\u1ee5ng t\u1eeb l\u00f4ng ngh\u1ed7ng thay v\u00ec l\u00f4ng v\u1ecbt nh\u01b0 c\u00e1c qu\u1ea3 c\u1ea7u kh\u00e1c hi\u1ec7n nay.<\/p>\n<p class=\"QN2lPu\">&#8211; Ph\u1ea7n \u0111\u1ebf c\u1ea7u \u0111\u01b0\u1ee3c bao b\u1ecdc b\u1edfi m\u1ed9t l\u1edbp nh\u1ef1a m\u00e0u tr\u1eafng b\u00ean ngo\u00e0i, b\u00ean trong s\u1eed d\u1ee5ng g\u1ed7 s\u1ed3i cao c\u1ea5p, c\u0169ng ch\u00ednh v\u00ec v\u1eady m\u00e0 c\u1ea7u c\u00f3 \u0111\u1ed9 b\u1ec1n h\u01a1n v\u00e0 \u0111\u01b0\u1eddng bay \u1ed5n \u0111\u1ecbnh, chu\u1ea9n&nbsp;x\u00e1c cao h\u01a1n n\u1ebfu b\u1ea1n bi\u1ebft c\u00e1ch ti\u1ebfp c\u1ea7u chu\u1ea9n, ph\u00e1t l\u1ef1c ch\u00ednh x\u00e1c.<\/p>\n<p class=\"QN2lPu\">\n<p class=\"QN2lPu\">H\u01af\u1edaNG D\u1eaaN B\u1ea2O QU\u1ea2N :<\/p>\n<p class=\"QN2lPu\">&#8211; Tr\u00e1nh \u0111\u1ec3 v\u1ee3t trong nh\u1eefng n\u01a1i nhi\u1ec7t \u0111\u1ed9 cao nh\u01b0 c\u1ed1p xe h\u01a1i, ngo\u00e0i tr\u1eddi n\u1eafng n\u00f3ng<\/p>\n<p class=\"QN2lPu\">\n<p class=\"QN2lPu\">B\u1ea2O H\u00c0NH &amp; \u0110\u1ed4I TR\u1ea2 :<\/p>\n<p class=\"QN2lPu\">&#8211; Kh\u00f4ng b\u1ea3o h\u00e0nh<\/p>\n<p class=\"QN2lPu\">&#8211; \u0110\u1ed5i tr\u1ea3 trong v\u00f2ng 7 ng\u00e0y n\u1ebfu l\u1ed7i ph\u00e1t sinh t\u1eeb ph\u00eda nh\u00e0 s\u1ea3n xu\u1ea5t<\/p>\n<p class=\"QN2lPu\">\n<p class=\"QN2lPu\">TH\u00d4NG TIN TH\u01af\u01a0NG HI\u1ec6U<\/p>\n<p class=\"QN2lPu\">Li-Ning l\u00e0 th\u01b0\u01a1ng hi\u1ec7u n\u1ed5i ti\u1ebfng chuy\u00ean s\u1ea3n xu\u1ea5t c\u00e1c d\u1ee5ng c\u1ee5 th\u1ec3 thao \u0111\u01b0\u1ee3c th\u00e0nh l\u1eadp v\u00e0o n\u0103m 1990. V\u1edbi n\u1ed7 l\u1ef1c th\u00fac \u0111\u1ea9y s\u1ef1 ph\u00e1t tri\u1ec3n c\u1ee7a ng\u00e0nh th\u1ec3 thao, mong mu\u1ed1n cung c\u1ea5p c\u00e1c s\u1ea3n ph\u1ea9m ch\u1ea5t l\u01b0\u1ee3ng nh\u1ea5t \u0111\u1ebfn tay ng\u01b0\u1eddi ti\u00eau d\u00f9ng, th\u01b0\u01a1ng hi\u1ec7u Li-Ning \u0111\u00e3 danh gi\u00e1 n\u1eb1m trong top 4 c\u00e1c th\u01b0\u01a1ng hi\u1ec7u n\u1ed5i ti\u1ebfng nh\u1ea5t tr\u00ean th\u1ebf gi\u1edbi do Hi\u1ec7p h\u1ed9i s\u1ea3n xu\u1ea5t h\u00e0ng c\u00f4ng nghi\u1ec7p th\u1ec3 thao th\u1ebf gi\u1edbi b\u00ecnh ch\u1ecdn.&nbsp;<\/p>\n<p class=\"QN2lPu\">Trong l\u0129nh v\u1ef1c c\u1ea7u l\u00f4ng, Li-Ning lu\u00f4n \u0111\u1ed3ng h\u00e0nh c\u00f9ng Li\u00ean \u0111o\u00e0n C\u1ea7u l\u00f4ng Th\u1ebf gi\u1edbi trong c\u00e1c gi\u1ea3i \u0111\u1ea5u quy m\u00f4 l\u1edbn nh\u01b0: Gi\u1ea3i v\u00f4 \u0111\u1ecbch C\u1ea7u l\u00f4ng Th\u1ebf gi\u1edbi, Thomas Cup hay Uber Cup\u2026&nbsp;<\/p>\n<p class=\"QN2lPu\">L\u00e0 th\u01b0\u01a1ng hi\u1ec7u d\u1ee5ng c\u1ee5 c\u1ea7u l\u00f4ng c\u00f3 t\u1ed1c \u0111\u1ed9 ph\u00e1t tri\u1ec3n nhanh nh\u1ea5t tr\u00ean th\u1ebf gi\u1edbi, c\u00e1c s\u1ea3n ph\u1ea9m c\u1ee7a Li-Ning \u0111\u01b0\u1ee3c c\u00e1c tay v\u1ee3t c\u1ea7u l\u00f4ng h\u00e0ng \u0111\u1ea7u th\u1ebf gi\u1edbi nh\u01b0: Chen Long, Cai Yun, Fu Haifeng, Zhang Nan, Wang Yihan, Wang Shixian v\u00e0 r\u1ea5t nhi\u1ec1u c\u00e1c tay v\u1ee3t n\u1ed5i ti\u1ebfng kh\u00e1c tin t\u01b0\u1edfng l\u1ef1a ch\u1ecdn.<\/p>\n<p class=\"QN2lPu\">&nbsp;C\u00e1c s\u1ea3n ph\u1ea9m d\u1ee5ng c\u1ee5 c\u1ea7u l\u00f4ng Li-Ning n\u1ed5i b\u1eadt v\u1edbi m\u1eabu m\u00e3 \u0111a d\u1ea1ng c\u00f9ng c\u00f4ng ngh\u1ec7 v\u01b0\u1ee3t tr\u1ed9i h\u1ed7 tr\u1ee3 v\u00e0 ph\u00e1t huy t\u1ed1i \u0111a s\u1ee9c m\u1ea1nh c\u1ee7a ng\u01b0\u1eddi ch\u01a1i \u1edf t\u1eebng c\u1ea5p \u0111\u1ed9 kh\u00e1c nhau. B\u00ean c\u1ea1nh \u0111\u00f3, gi\u00e0y c\u1ea7u l\u00f4ng \u00eam \u00e1i, gi\u1ea3m ch\u1ea5n th\u01b0\u01a1ng; trang ph\u1ee5c c\u1ea7u l\u00f4ng Li-Ning c\u0169ng g\u00e2y \u0111\u01b0\u1ee3c s\u1ee9c h\u00fat v\u1edbi ng\u01b0\u1eddi ch\u01a1i th\u1ec3 thao b\u1edfi thi\u1ebft k\u1ebf th\u1eddi trang, ch\u1ea5t li\u1ec7u v\u1ea3i m\u1ec1m m\u1ecbn, co gi\u00e3n, tho\u00e1ng kh\u00ed v\u00e0 tho\u00e1t m\u1ed3 h\u00f4i t\u1ed1t.&nbsp;<\/p>\n<p class=\"QN2lPu\">Ngo\u00e0i b\u1ed9 m\u00f4n th\u1ec3 thao c\u1ea7u l\u00f4ng, Li-Ning c\u00f2n \u0111\u01b0\u1ee3c bi\u1ebft \u0111\u1ebfn l\u00e0 nh\u00e0 t\u00e0i tr\u1ee3 ch\u00ednh th\u1ee9c cho nhi\u1ec1u \u0111\u1ed9i tuy\u1ec3n qu\u1ed1c gia v\u00e0 c\u00e1c v\u1eadn \u0111\u1ed9ng vi\u00ean v\u00f4 \u0111\u1ecbch Olympic, v\u00f4 \u0111\u1ecbch th\u1ebf gi\u1edbi nh\u01b0: \u0110\u1ed9i tuy\u1ec3n b\u00f3ng r\u1ed5 nh\u00e0 ngh\u1ec1 M\u1ef9 NBA, \u0111\u1ed9i tuy\u1ec3n b\u00f3ng r\u1ed5 nam v\u00e0 n\u1eef qu\u1ed1c gia T\u00e2y Ban Nha, li\u00ean \u0111o\u00e0n b\u00f3ng r\u1ed5 T\u00e2y Ban Nha, li\u00ean \u0111o\u00e0n b\u00f3ng r\u1ed5 Argentina, li\u00ean \u0111o\u00e0n b\u00f3ng b\u00e0n Singapore\u2026vv.<\/p>\n<\/div>\n","protected":false},"excerpt":{"rendered":"<p>Qu\u1ea3 C\u1ea7u l\u00f4ng Lining AYQN024-3&nbsp;l\u00e0 lo\u1ea1i qu\u1ea3 c\u1ea7u l\u00f4ng cao c\u1ea5p \u0111\u01b0\u1ee3c th\u01b0\u01a1ng hi\u1ec7u c\u1ea7u l\u00f4ng Lining c\u1ee7a Trung Qu\u1ed1c s\u1ea3n xu\u1ea5t&nbsp;n\u1ed5i tr\u1ed9i t\u1ed1c \u0111\u1ed9 c\u1ea7u chu\u1ea9n x\u00e1c v\u00e0 t\u1ed1c \u0111\u1ed9 bay \u1ed5n \u0111\u1ecbnh tr\u00ean t\u1eebng \u0111\u01b0\u1eddng c\u1ea7u \u0111em \u0111\u1ebfn&nbsp;nh\u1eefng tr\u1ea3i nghi\u1ec7m tuy\u1ec7t v\u1eddi nh\u1ea5t trong tr\u1eadn \u0111\u1ea5u. M\u00d4 T\u1ea2 CHI TI\u1ebeT: &#8211; C\u1ea7u&nbsp;Li-Ning AYQN024-3&#8230;<\/p>\n","protected":false},"featured_media":13716,"comment_status":"open","ping_status":"closed","template":"","meta":[],"product_brand":[],"product_cat":[1211],"product_tag":[],"class_list":{"0":"post-13709","1":"product","2":"type-product","3":"status-publish","4":"has-post-thumbnail","6":"product_cat-cau-long","8":"first","9":"outofstock","10":"sale","11":"featured","12":"shipping-taxable","13":"purchasable","14":"product-type-variable"},"_links":{"self":[{"href":"https:\/\/web-ban-le.mbws.vn\/the-thao-du-lich\/wp-json\/wp\/v2\/product\/13709","targetHints":{"allow":["GET"]}}],"collection":[{"href":"https:\/\/web-ban-le.mbws.vn\/the-thao-du-lich\/wp-json\/wp\/v2\/product"}],"about":[{"href":"https:\/\/web-ban-le.mbws.vn\/the-thao-du-lich\/wp-json\/wp\/v2\/types\/product"}],"replies":[{"embeddable":true,"href":"https:\/\/web-ban-le.mbws.vn\/the-thao-du-lich\/wp-json\/wp\/v2\/comments?post=13709"}],"wp:featuredmedia":[{"embeddable":true,"href":"https:\/\/web-ban-le.mbws.vn\/the-thao-du-lich\/wp-json\/wp\/v2\/media\/13716"}],"wp:attachment":[{"href":"https:\/\/web-ban-le.mbws.vn\/the-thao-du-lich\/wp-json\/wp\/v2\/media?parent=13709"}],"wp:term":[{"taxonomy":"product_brand","embeddable":true,"href":"https:\/\/web-ban-le.mbws.vn\/the-thao-du-lich\/wp-json\/wp\/v2\/product_brand?post=13709"},{"taxonomy":"product_cat","embeddable":true,"href":"https:\/\/web-ban-le.mbws.vn\/the-thao-du-lich\/wp-json\/wp\/v2\/product_cat?post=13709"},{"taxonomy":"product_tag","embeddable":true,"href":"https:\/\/web-ban-le.mbws.vn\/the-thao-du-lich\/wp-json\/wp\/v2\/product_tag?post=13709"}],"curies":[{"name":"wp","href":"https:\/\/api.w.org\/{rel}","templated":true}]}}