{"id":13713,"date":"2025-10-27T10:58:31","date_gmt":"2025-10-27T03:58:31","guid":{"rendered":"https:\/\/web-ban-le.mbws.vn\/the-thao-du-lich\/?post_type=product&#038;p=13713"},"modified":"2025-11-10T08:07:02","modified_gmt":"2025-11-10T01:07:02","slug":"giay-thoi-trang-the-thao-li-ning-nu-aglv150-1v","status":"publish","type":"product","link":"https:\/\/web-ban-le.mbws.vn\/the-thao-du-lich\/san-pham\/giay-thoi-trang-the-thao-li-ning-nu-aglv150-1v\/","title":{"rendered":"Gi\u00e0y Th\u1eddi Trang Th\u1ec3 Thao Li-Ning N\u1eef AGLV150-1V"},"content":{"rendered":"<div class=\"e8lZp3\">\n<p class=\"QN2lPu\">Gi\u00e0y th\u1ec3 thao nam&nbsp;c\u00f3 thi\u1ebft k\u1ebf th\u1eddi trang, kh\u1ecfe kho\u1eafn v\u00e0 \u1ea5n t\u01b0\u1ee3ng chuy\u00ean d\u1ee5ng cho ho\u1ea1t \u0111\u1ed9ng th\u1ec3 thao. S\u1ea3n ph\u1ea9m \u1ee9ng d\u1ee5ng c\u00f4ng ngh\u1ec7 ti\u00ean ti\u1ebfn, gi\u00fap t\u1ea1o \u0111\u1ed9 \u00eam, l\u1ef1c h\u1ed7 tr\u1ee3 v\u00e0 gi\u1ea3m \u00e1p l\u1ef1c m\u1ecfi ch\u00e2n.<\/p>\n<p class=\"QN2lPu\">Thi\u1ebft k\u1ebf chuy\u00ean d\u1ee5ng, h\u1ed7 tr\u1ee3 t\u1ed1i \u01b0u c\u00e1c ho\u1ea1t \u0111\u1ed9ng t\u1eadp luy\u1ec7n th\u1ec3 thao<\/p>\n<p class=\"QN2lPu\">V\u1ea3i l\u01b0\u1edbi&nbsp;cao c\u1ea5p, c\u00f3 \u0111\u1ed9 b\u1ec1n cao, c\u00f3 h\u1ec7 th\u1ed1ng l\u1ed7 tho\u00e1t kh\u00ed<\/p>\n<p class=\"QN2lPu\">C\u00f4ng ngh\u1ec7 kh\u1eed m\u00f9i, tho\u00e1ng kh\u00ed<\/p>\n<p class=\"QN2lPu\">K\u1ebft c\u1ea5u \u0111\u1ebf \u0111\u01b0\u1ee3c s\u1ea3n xu\u1ea5t v\u1edbi ch\u1ea5t li\u1ec7u cao c\u1ea5p, si\u00eau nh\u1eb9 \u0111\u1ec3 t\u1ea1o l\u1ef1c \u0111\u1ea9y v\u00e0 l\u1ef1c n\u00e2ng t\u1ed1i \u01b0u cho l\u00f2ng b\u00e0n ch\u00e2n<\/p>\n<p class=\"QN2lPu\">\n<p class=\"QN2lPu\">M\u00d4 T\u1ea2 CHI TI\u1ebeT<\/p>\n<p class=\"QN2lPu\">B\u1ea3ng h\u01b0\u1edbng d\u1eabn ch\u1ecdn size gi\u00e0y nam ( Theo Size Gi\u00e0y US)<\/p>\n<p class=\"QN2lPu\">Ch\u1ea5t li\u1ec7u :&nbsp;Synthetic Leather+Textile<\/p>\n<p class=\"QN2lPu\">D\u00f2ng s\u1ea3n ph\u1ea9m :&nbsp;Sports Life\/ Th\u1eddi trang<\/p>\n<p class=\"QN2lPu\">Xu\u1ea5t x\u1ee9: Trung Qu\u1ed1c<\/p>\n<p class=\"QN2lPu\">\n<p class=\"QN2lPu\">H\u01af\u1edaNG D\u1eaaN B\u1ea2O QU\u1ea2N<\/p>\n<p class=\"QN2lPu\">Lau ho\u1eb7c gi\u1eb7t nh\u1eb9 v\u1edbi n\u01b0\u1edbc<\/p>\n<p class=\"QN2lPu\">Kh\u00f4ng s\u1eed d\u1ee5ng ch\u1ea5t t\u1ea9y<\/p>\n<p class=\"QN2lPu\">Tr\u00e1nh ph\u01a1i tr\u1ef1c ti\u1ebfp d\u01b0\u1edbi \u00e1nh n\u1eafng g\u1eaft<\/p>\n<p class=\"QN2lPu\">\n<p class=\"QN2lPu\">TH\u00d4NG TIN TH\u01af\u01a0NG HI\u1ec6U<\/p>\n<p class=\"QN2lPu\">N\u0103m 1990, t\u1eadp \u0111o\u00e0n s\u1ea3n xu\u1ea5t d\u1ee5ng c\u1ee5 th\u1ec3 thao Li-Ning Sports \u0111\u01b0\u1ee3c th\u00e0nh l\u1eadp b\u1edfi Li Ning &#8211; m\u1ed9t trong nh\u1eefng v\u1eadn \u0111\u1ed9ng vi\u00ean xu\u1ea5t s\u1eafc nh\u1ea5t th\u1ebf k\u1ef7 20. Ch\u01b0a \u0111\u1ea7y 20 n\u0103m sau, th\u01b0\u01a1ng hi\u1ec7u n\u00e0y \u0111\u00e3 n\u1eb1m trong top nh\u1eefng h\u00e3ng th\u1eddi trang th\u1ec3 thao h\u00e0ng \u0111\u1ea7u th\u1ebf gi\u1edbi. Hi\u1ec7n nay, v\u1edbi n\u1ed7 l\u1ef1c s\u00e1ng t\u1ea1o v\u00e0 \u0111\u1ed5i m\u1edbi, Li-Ning \u0111i\u1ec1u h\u00e0nh m\u1ed9t \u201cTrung t\u00e2m s\u00e1ng t\u1ea1o to\u00e0n c\u1ea7u\u201d t\u1ea1i Hongkong, l\u00e0 trung t\u00e2m thi\u1ebft k\u1ebf s\u1ea3n ph\u1ea9m l\u1edbn nh\u1ea5t t\u1ea1i Ch\u00e2u \u00c1 n\u01a1i t\u1eadp trung h\u00e0ng tr\u0103m nh\u00e0 thi\u1ebft k\u1ebf chuy\u00ean nghi\u1ec7p \u0111\u1ebfn t\u1eeb Italia, T\u00e2y Ban Nha, M\u1ef9\u2026 V\u1edbi kh\u1ea9u hi\u1ec7u \u201cMake the change\u201d, Li-Ning t\u1ef1 tin mang \u0111\u1ebfn nh\u1eefng s\u1ea3n ph\u1ea9m \u01b0u vi\u1ec7t, thi\u1ebft k\u1ebf phong c\u00e1ch ph\u00f9 h\u1ee3p t\u1eebng m\u00f4n th\u1ec3 thao v\u00e0 ho\u00e0n c\u1ea3nh s\u1eed d\u1ee5ng. <\/p>\n<p class=\"QN2lPu\">_____________________<\/p>\n<p class=\"QN2lPu\">#giaydep #giay #the #thao #nam #nu #giaythethao #giaythethaonu #giaythethaonam #giaysneaker #giaysneakernam #giaysneakernu #giaythethaodonde #giaythethaodondenu #giaythethaodondenam #giaychaythethao #giaychaynam #giaychaynu #giaychaybo #giaychaybonam #giaychaybonu #thethaonam #thethaonu #giaynamdep #giaynudep #giaydoi #thoitrang #sneaker #running #sport #giaycaulong #caulong #giaycaulongnu #giaycaulongnam #Badminton #giaybongban #bongban #giaybongbannam #giaybongbannu #bongro #giaybongro #giaybongronam #giaybongronu  #giaychinhhang #giaytapluyen #tapluyen #giaytapluyennam #giaytapluyennu #lining #liningoffical #thethaodangoai #thethaothoitrang<\/p>\n<\/div>\n","protected":false},"excerpt":{"rendered":"<p>Gi\u00e0y th\u1ec3 thao nam&nbsp;c\u00f3 thi\u1ebft k\u1ebf th\u1eddi trang, kh\u1ecfe kho\u1eafn v\u00e0 \u1ea5n t\u01b0\u1ee3ng chuy\u00ean d\u1ee5ng cho ho\u1ea1t \u0111\u1ed9ng th\u1ec3 thao. S\u1ea3n ph\u1ea9m \u1ee9ng d\u1ee5ng c\u00f4ng ngh\u1ec7 ti\u00ean ti\u1ebfn, gi\u00fap t\u1ea1o \u0111\u1ed9 \u00eam, l\u1ef1c h\u1ed7 tr\u1ee3 v\u00e0 gi\u1ea3m \u00e1p l\u1ef1c m\u1ecfi ch\u00e2n. Thi\u1ebft k\u1ebf chuy\u00ean d\u1ee5ng, h\u1ed7 tr\u1ee3 t\u1ed1i \u01b0u c\u00e1c ho\u1ea1t \u0111\u1ed9ng t\u1eadp luy\u1ec7n th\u1ec3&#8230;<\/p>\n","protected":false},"featured_media":13734,"comment_status":"open","ping_status":"closed","template":"","meta":[],"product_brand":[],"product_cat":[1034],"product_tag":[],"class_list":{"0":"post-13713","1":"product","2":"type-product","3":"status-publish","4":"has-post-thumbnail","6":"product_cat-giay-the-thao-khac","8":"first","9":"instock","10":"sale","11":"featured","12":"shipping-taxable","13":"purchasable","14":"product-type-variable"},"_links":{"self":[{"href":"https:\/\/web-ban-le.mbws.vn\/the-thao-du-lich\/wp-json\/wp\/v2\/product\/13713","targetHints":{"allow":["GET"]}}],"collection":[{"href":"https:\/\/web-ban-le.mbws.vn\/the-thao-du-lich\/wp-json\/wp\/v2\/product"}],"about":[{"href":"https:\/\/web-ban-le.mbws.vn\/the-thao-du-lich\/wp-json\/wp\/v2\/types\/product"}],"replies":[{"embeddable":true,"href":"https:\/\/web-ban-le.mbws.vn\/the-thao-du-lich\/wp-json\/wp\/v2\/comments?post=13713"}],"wp:featuredmedia":[{"embeddable":true,"href":"https:\/\/web-ban-le.mbws.vn\/the-thao-du-lich\/wp-json\/wp\/v2\/media\/13734"}],"wp:attachment":[{"href":"https:\/\/web-ban-le.mbws.vn\/the-thao-du-lich\/wp-json\/wp\/v2\/media?parent=13713"}],"wp:term":[{"taxonomy":"product_brand","embeddable":true,"href":"https:\/\/web-ban-le.mbws.vn\/the-thao-du-lich\/wp-json\/wp\/v2\/product_brand?post=13713"},{"taxonomy":"product_cat","embeddable":true,"href":"https:\/\/web-ban-le.mbws.vn\/the-thao-du-lich\/wp-json\/wp\/v2\/product_cat?post=13713"},{"taxonomy":"product_tag","embeddable":true,"href":"https:\/\/web-ban-le.mbws.vn\/the-thao-du-lich\/wp-json\/wp\/v2\/product_tag?post=13713"}],"curies":[{"name":"wp","href":"https:\/\/api.w.org\/{rel}","templated":true}]}}