{"id":13715,"date":"2025-10-27T10:58:31","date_gmt":"2025-10-27T03:58:31","guid":{"rendered":"https:\/\/web-ban-le.mbws.vn\/the-thao-du-lich\/?post_type=product&#038;p=13715"},"modified":"2025-11-10T08:07:02","modified_gmt":"2025-11-10T01:07:02","slug":"giay-cau-long-pickleball-unisex-the-thao-li-ning-jf-lite-p-aytu025-1-2-3-4","status":"publish","type":"product","link":"https:\/\/web-ban-le.mbws.vn\/the-thao-du-lich\/san-pham\/giay-cau-long-pickleball-unisex-the-thao-li-ning-jf-lite-p-aytu025-1-2-3-4\/","title":{"rendered":"Gi\u00e0y C\u1ea7u L\u00f4ng\/Pickleball Unisex Th\u1ec3 Thao Li-Ning JF LITE P-AYTU025-1,-2,-3,-4"},"content":{"rendered":"<div class=\"e8lZp3\">\n<p class=\"QN2lPu\">Gi\u00e0y luy\u1ec7n t\u1eadp c\u1ea7u l\u00f4ng Li-Ning AYTU025-2 s\u1eed d\u1ee5ng m\u00e0u s\u1eafc \u0111\u01a1n gi\u1ea3n v\u00e0 gi\u1ea3n d\u1ecb. Ph\u1ea7n tr\u00ean \u0111\u01b0\u1ee3c l\u00e0m t\u1eeb ch\u1ea5t li\u1ec7u tho\u1ea3i m\u00e1i, d\u1ec5 ch\u1ecbu v\u00e0 m\u1ec1m m\u1ea1i, mang l\u1ea1i c\u1ea3m gi\u00e1c ch\u00e2n t\u1ed1t. Thi\u1ebft k\u1ebf logo th\u01b0\u01a1ng hi\u1ec7u Li Ning, tay ngh\u1ec1 t\u1ec9 m\u1ec9, l\u00e0m n\u1ed5i b\u1eadt s\u1ef1 quy\u1ebfn r\u0169 c\u1ee7a th\u01b0\u01a1ng hi\u1ec7u. Thi\u1ebft k\u1ebf ch\u1ed1ng va ch\u1ea1m c\u1ee7a m\u0169i gi\u00e0y gi\u00fap gi\u1ea3m tr\u1ea7y x\u01b0\u1edbc ho\u1eb7c va ch\u1ea1m tr\u00ean ng\u00f3n ch\u00e2n v\u00e0 n\u00e2ng niu t\u1eebng b\u01b0\u1edbc ch\u00e2n.<\/p>\n<p class=\"QN2lPu\">TUFF TIP l\u00e0 v\u1eadt li\u1ec7u ch\u1ed1ng m\u00e0i m\u00f2n \u1edf m\u0169i gi\u00e0y \u0111\u01b0\u1ee3c \u00e1p d\u1ee5ng cho ph\u1ea7n m\u0169i gi\u00e0y \u0111\u1ec3 ng\u0103n ph\u1ea7n tr\u00ean b\u1ecb m\u00f2n s\u1edbm, do \u0111\u00f3 k\u00e9o d\u00e0i tu\u1ed5i th\u1ecd c\u1ee7a gi\u00e0y.<\/p>\n<p class=\"QN2lPu\">\n<p class=\"QN2lPu\">M\u00d4 T\u1ea2 CHI TI\u1ebeT<\/p>\n<p class=\"QN2lPu\">\u221a Ph\u1ea7n tr\u00ean: D\u1ec7t + Da t\u1ed5ng h\u1ee3p<\/p>\n<p class=\"QN2lPu\">\u221a \u0110\u1ebf: Cao su + EVA&nbsp;<\/p>\n<p class=\"QN2lPu\">\u221a M\u0169i gi\u00e0y h\u01a1i cong \u0111\u1ec3 gi\u1ea3m va ch\u1ea1m v\u00e0 ch\u1ea5n th\u01b0\u01a1ng do v\u1eadn \u0111\u1ed9ng m\u1ea1nh.<\/p>\n<p class=\"QN2lPu\">D\u00f2ng s\u1ea3n ph\u1ea9m: Badminton\/C\u1ea7u l\u00f4ng<\/p>\n<p class=\"QN2lPu\">Xu\u1ea5t x\u1ee9: Trung Qu\u1ed1c<\/p>\n<p class=\"QN2lPu\">\n<p class=\"QN2lPu\">H\u01af\u1edaNG D\u1eaaN B\u1ea2O QU\u1ea2N :<\/p>\n<p class=\"QN2lPu\">&#8211; Gi\u1eb7t s\u1ea1ch v\u1ebft b\u1ea9n \u1edf nhi\u1ec7t \u0111\u1ed9 th\u01b0\u1eddng<\/p>\n<p class=\"QN2lPu\">&#8211; Kh\u00f4ng s\u1eed d\u1ee5ng ch\u1ea5t t\u1ea9y<\/p>\n<p class=\"QN2lPu\">&#8211; Tr\u00e1nh ph\u01a1i tr\u1ef1c ti\u1ebfp d\u01b0\u1edbi \u00e1nh n\u1eafng g\u1eaft<\/p>\n<p class=\"QN2lPu\">\n<p class=\"QN2lPu\">B\u1ea2O H\u00c0NH &amp; \u0110\u1ed4I TR\u1ea2 :<\/p>\n<p class=\"QN2lPu\">&#8211; Kh\u00f4ng b\u1ea3o h\u00e0nh<\/p>\n<p class=\"QN2lPu\">&#8211; \u0110\u1ed5i tr\u1ea3 trong v\u00f2ng 7 ng\u00e0y n\u1ebfu l\u1ed7i ph\u00e1t sinh t\u1eeb ph\u00eda nh\u00e0 s\u1ea3n xu\u1ea5t<\/p>\n<p class=\"QN2lPu\">\n<p class=\"QN2lPu\">TH\u00d4NG TIN TH\u01af\u01a0NG HI\u1ec6U<\/p>\n<p class=\"QN2lPu\">Li-Ning l\u00e0 th\u01b0\u01a1ng hi\u1ec7u n\u1ed5i ti\u1ebfng chuy\u00ean s\u1ea3n xu\u1ea5t c\u00e1c d\u1ee5ng c\u1ee5 th\u1ec3 thao \u0111\u01b0\u1ee3c th\u00e0nh l\u1eadp v\u00e0o n\u0103m 1990. V\u1edbi n\u1ed7 l\u1ef1c th\u00fac \u0111\u1ea9y s\u1ef1 ph\u00e1t tri\u1ec3n c\u1ee7a ng\u00e0nh th\u1ec3 thao, mong mu\u1ed1n cung c\u1ea5p c\u00e1c s\u1ea3n ph\u1ea9m ch\u1ea5t l\u01b0\u1ee3ng nh\u1ea5t \u0111\u1ebfn tay ng\u01b0\u1eddi ti\u00eau d\u00f9ng, th\u01b0\u01a1ng hi\u1ec7u Li-Ning \u0111\u00e3 danh gi\u00e1 n\u1eb1m trong top 4 c\u00e1c th\u01b0\u01a1ng hi\u1ec7u n\u1ed5i ti\u1ebfng nh\u1ea5t tr\u00ean th\u1ebf gi\u1edbi do Hi\u1ec7p h\u1ed9i s\u1ea3n xu\u1ea5t h\u00e0ng c\u00f4ng nghi\u1ec7p th\u1ec3 thao th\u1ebf gi\u1edbi b\u00ecnh ch\u1ecdn.&nbsp;<\/p>\n<p class=\"QN2lPu\">Trong l\u0129nh v\u1ef1c c\u1ea7u l\u00f4ng, Li-Ning lu\u00f4n \u0111\u1ed3ng h\u00e0nh c\u00f9ng Li\u00ean \u0111o\u00e0n C\u1ea7u l\u00f4ng Th\u1ebf gi\u1edbi trong c\u00e1c gi\u1ea3i \u0111\u1ea5u quy m\u00f4 l\u1edbn nh\u01b0: Gi\u1ea3i v\u00f4 \u0111\u1ecbch C\u1ea7u l\u00f4ng Th\u1ebf gi\u1edbi, Thomas Cup hay Uber Cup\u2026&nbsp;<\/p>\n<p class=\"QN2lPu\">L\u00e0 th\u01b0\u01a1ng hi\u1ec7u d\u1ee5ng c\u1ee5 c\u1ea7u l\u00f4ng c\u00f3 t\u1ed1c \u0111\u1ed9 ph\u00e1t tri\u1ec3n nhanh nh\u1ea5t tr\u00ean th\u1ebf gi\u1edbi, c\u00e1c s\u1ea3n ph\u1ea9m c\u1ee7a Li-Ning \u0111\u01b0\u1ee3c c\u00e1c tay v\u1ee3t c\u1ea7u l\u00f4ng h\u00e0ng \u0111\u1ea7u th\u1ebf gi\u1edbi nh\u01b0: Chen Long, Cai Yun, Fu Haifeng, Zhang Nan, Wang Yihan, Wang Shixian v\u00e0 r\u1ea5t nhi\u1ec1u c\u00e1c tay v\u1ee3t n\u1ed5i ti\u1ebfng kh\u00e1c tin t\u01b0\u1edfng l\u1ef1a ch\u1ecdn.<\/p>\n<p class=\"QN2lPu\">&nbsp;C\u00e1c s\u1ea3n ph\u1ea9m d\u1ee5ng c\u1ee5 c\u1ea7u l\u00f4ng Li-Ning n\u1ed5i b\u1eadt v\u1edbi m\u1eabu m\u00e3 \u0111a d\u1ea1ng c\u00f9ng c\u00f4ng ngh\u1ec7 v\u01b0\u1ee3t tr\u1ed9i h\u1ed7 tr\u1ee3 v\u00e0 ph\u00e1t huy t\u1ed1i \u0111a s\u1ee9c m\u1ea1nh c\u1ee7a ng\u01b0\u1eddi ch\u01a1i \u1edf t\u1eebng c\u1ea5p \u0111\u1ed9 kh\u00e1c nhau. B\u00ean c\u1ea1nh \u0111\u00f3, gi\u00e0y c\u1ea7u l\u00f4ng \u00eam \u00e1i, gi\u1ea3m ch\u1ea5n th\u01b0\u01a1ng; trang ph\u1ee5c c\u1ea7u l\u00f4ng Li-Ning c\u0169ng g\u00e2y \u0111\u01b0\u1ee3c s\u1ee9c h\u00fat v\u1edbi ng\u01b0\u1eddi ch\u01a1i th\u1ec3 thao b\u1edfi thi\u1ebft k\u1ebf th\u1eddi trang, ch\u1ea5t li\u1ec7u v\u1ea3i m\u1ec1m m\u1ecbn, co gi\u00e3n, tho\u00e1ng kh\u00ed v\u00e0 tho\u00e1t m\u1ed3 h\u00f4i t\u1ed1t.&nbsp;<\/p>\n<p class=\"QN2lPu\">Ngo\u00e0i b\u1ed9 m\u00f4n th\u1ec3 thao c\u1ea7u l\u00f4ng, Li-Ning c\u00f2n \u0111\u01b0\u1ee3c bi\u1ebft \u0111\u1ebfn l\u00e0 nh\u00e0 t\u00e0i tr\u1ee3 ch\u00ednh th\u1ee9c cho nhi\u1ec1u \u0111\u1ed9i tuy\u1ec3n qu\u1ed1c gia v\u00e0 c\u00e1c v\u1eadn \u0111\u1ed9ng vi\u00ean v\u00f4 \u0111\u1ecbch Olympic, v\u00f4 \u0111\u1ecbch th\u1ebf gi\u1edbi nh\u01b0: \u0110\u1ed9i tuy\u1ec3n b\u00f3ng r\u1ed5 nh\u00e0 ngh\u1ec1 M\u1ef9 NBA, \u0111\u1ed9i tuy\u1ec3n b\u00f3ng r\u1ed5 nam v\u00e0 n\u1eef qu\u1ed1c gia T\u00e2y Ban Nha, li\u00ean \u0111o\u00e0n b\u00f3ng r\u1ed5 T\u00e2y Ban Nha, li\u00ean \u0111o\u00e0n b\u00f3ng r\u1ed5 Argentina, li\u00ean \u0111o\u00e0n b\u00f3ng b\u00e0n Singapore\u2026vv.<\/p>\n<p class=\"QN2lPu\">&#8212;&#8212;&#8212;&#8212;&#8212;&#8211;<\/p>\n<p class=\"QN2lPu\">#giay #the #thao #thao #nam #nu #giaythethao #giaythethaonu #giaysneaker #giaysneakernam #giaythethaonam  #giaysneakernu  #giaythethaonu #giaynamthethao  #giaysneaker  #giaythethaodonde #sneakernu #lining #liningoffical #giaychaythethao #thethaonam  #theothaonu #giaydihoc  #giaynu #giaynam #giaychaynam #giaychaynu #thethaonam #thethaonu #giaynamdep #giaynudep #giaydoi #giaynamthapco #giaynuthapco #giaydebang #debang #debangthethao #thethaodebang #thoitrang #sneaker #running #sport #chay #dep #sandal #giaycaulong #caulong #giaycaulongnu #giaycaulongnam #AYZT009-1 #thethaodangoai #Badminton #giaychinhhang <\/p>\n<\/div>\n","protected":false},"excerpt":{"rendered":"<p>Gi\u00e0y luy\u1ec7n t\u1eadp c\u1ea7u l\u00f4ng Li-Ning AYTU025-2 s\u1eed d\u1ee5ng m\u00e0u s\u1eafc \u0111\u01a1n gi\u1ea3n v\u00e0 gi\u1ea3n d\u1ecb. Ph\u1ea7n tr\u00ean \u0111\u01b0\u1ee3c l\u00e0m t\u1eeb ch\u1ea5t li\u1ec7u tho\u1ea3i m\u00e1i, d\u1ec5 ch\u1ecbu v\u00e0 m\u1ec1m m\u1ea1i, mang l\u1ea1i c\u1ea3m gi\u00e1c ch\u00e2n t\u1ed1t. Thi\u1ebft k\u1ebf logo th\u01b0\u01a1ng hi\u1ec7u Li Ning, tay ngh\u1ec1 t\u1ec9 m\u1ec9, l\u00e0m n\u1ed5i b\u1eadt s\u1ef1 quy\u1ebfn r\u0169 c\u1ee7a th\u01b0\u01a1ng&#8230;<\/p>\n","protected":false},"featured_media":13751,"comment_status":"open","ping_status":"closed","template":"","meta":[],"product_brand":[],"product_cat":[1213],"product_tag":[],"class_list":{"0":"post-13715","1":"product","2":"type-product","3":"status-publish","4":"has-post-thumbnail","6":"product_cat-giay-cau-long","8":"first","9":"instock","10":"sale","11":"featured","12":"shipping-taxable","13":"purchasable","14":"product-type-variable"},"_links":{"self":[{"href":"https:\/\/web-ban-le.mbws.vn\/the-thao-du-lich\/wp-json\/wp\/v2\/product\/13715","targetHints":{"allow":["GET"]}}],"collection":[{"href":"https:\/\/web-ban-le.mbws.vn\/the-thao-du-lich\/wp-json\/wp\/v2\/product"}],"about":[{"href":"https:\/\/web-ban-le.mbws.vn\/the-thao-du-lich\/wp-json\/wp\/v2\/types\/product"}],"replies":[{"embeddable":true,"href":"https:\/\/web-ban-le.mbws.vn\/the-thao-du-lich\/wp-json\/wp\/v2\/comments?post=13715"}],"wp:featuredmedia":[{"embeddable":true,"href":"https:\/\/web-ban-le.mbws.vn\/the-thao-du-lich\/wp-json\/wp\/v2\/media\/13751"}],"wp:attachment":[{"href":"https:\/\/web-ban-le.mbws.vn\/the-thao-du-lich\/wp-json\/wp\/v2\/media?parent=13715"}],"wp:term":[{"taxonomy":"product_brand","embeddable":true,"href":"https:\/\/web-ban-le.mbws.vn\/the-thao-du-lich\/wp-json\/wp\/v2\/product_brand?post=13715"},{"taxonomy":"product_cat","embeddable":true,"href":"https:\/\/web-ban-le.mbws.vn\/the-thao-du-lich\/wp-json\/wp\/v2\/product_cat?post=13715"},{"taxonomy":"product_tag","embeddable":true,"href":"https:\/\/web-ban-le.mbws.vn\/the-thao-du-lich\/wp-json\/wp\/v2\/product_tag?post=13715"}],"curies":[{"name":"wp","href":"https:\/\/api.w.org\/{rel}","templated":true}]}}