{"id":13794,"date":"2025-10-27T10:58:59","date_gmt":"2025-10-27T03:58:59","guid":{"rendered":"https:\/\/web-ban-le.mbws.vn\/the-thao-du-lich\/?post_type=product&#038;p=13794"},"modified":"2025-11-10T08:07:01","modified_gmt":"2025-11-10T01:07:01","slug":"giay-cau-long-pickleball-nam-the-thao-li-ning-almighty-v-2-0-aytu001-1","status":"publish","type":"product","link":"https:\/\/web-ban-le.mbws.vn\/the-thao-du-lich\/san-pham\/giay-cau-long-pickleball-nam-the-thao-li-ning-almighty-v-2-0-aytu001-1\/","title":{"rendered":"Gi\u00e0y C\u1ea7u L\u00f4ng\/Pickleball Nam Th\u1ec3 Thao Li-Ning Almighty V 2.0 AYTU001-1"},"content":{"rendered":"<div class=\"e8lZp3\">\n<p class=\"QN2lPu\">Gi\u00e0y t\u1eadp c\u1ea7u l\u00f4ng Li Ning Feiying&nbsp;s\u1eed d\u1ee5ng c\u00e1ch ph\u1ed1i m\u00e0u \u0111\u01a1n gi\u1ea3n, \u0111\u01a1n gi\u1ea3n v\u00e0 gi\u1ea3n d\u1ecb. Ph\u1ea7n tr\u00ean \u0111\u01b0\u1ee3c l\u00e0m b\u1eb1ng ch\u1ea5t li\u1ec7u tho\u1ea3i m\u00e1i, m\u1ec1m m\u1ea1i v\u00e0 mang l\u1ea1i c\u1ea3m gi\u00e1c tho\u1ea3i m\u00e1i cho b\u00e0n ch\u00e2n. Logo Li Ning tr\u00ean th\u00e2n gi\u00e0y v\u00e0 tay ngh\u1ec1 t\u1ec9 m\u1ec9 l\u00e0m n\u1ed5i b\u1eadt n\u00e9t quy\u1ebfn r\u0169 c\u1ee7a th\u01b0\u01a1ng hi\u1ec7u. Thi\u1ebft k\u1ebf ch\u1ed1ng va ch\u1ea1m \u1edf ng\u00f3n ch\u00e2n gi\u00fap gi\u1ea3m tr\u1ea7y x\u01b0\u1edbc ho\u1eb7c va ch\u1ea1m \u1edf ng\u00f3n ch\u00e2n v\u00e0 b\u1ea3o v\u1ec7 t\u1eebng b\u01b0\u1edbc \u0111i.<\/p>\n<p class=\"QN2lPu\">\n<p class=\"QN2lPu\">M\u00d4 T\u1ea2 CHI TI\u1ebeT<\/p>\n<p class=\"QN2lPu\">Ph\u1ea7n tr\u00ean:&nbsp;da t\u1ed5ng h\u1ee3p<\/p>\n<p class=\"QN2lPu\">\u0110\u1ebf:&nbsp;cao su + EVA<\/p>\n<p class=\"QN2lPu\">\u0110\u01b0\u1eddng kh\u00e2u g\u1ecdn g\u00e0ng l\u00e0m n\u1ed5i b\u1eadt c\u1ea3m gi\u00e1c ch\u1ea5t l\u01b0\u1ee3ng<\/p>\n<p class=\"QN2lPu\">D\u00f2ng s\u1ea3n ph\u1ea9m: Badminton\/C\u1ea7u l\u00f4ng<\/p>\n<p class=\"QN2lPu\">Xu\u1ea5t x\u1ee9: Trung Qu\u1ed1c<\/p>\n<p class=\"QN2lPu\">\n<p class=\"QN2lPu\">H\u01af\u1edaNG D\u1eaaN B\u1ea2O QU\u1ea2N :<\/p>\n<p class=\"QN2lPu\">&#8211; Gi\u1eb7t s\u1ea1ch v\u1ebft b\u1ea9n \u1edf nhi\u1ec7t \u0111\u1ed9 th\u01b0\u1eddng<\/p>\n<p class=\"QN2lPu\">&#8211; Kh\u00f4ng s\u1eed d\u1ee5ng ch\u1ea5t t\u1ea9y<\/p>\n<p class=\"QN2lPu\">&#8211; Tr\u00e1nh ph\u01a1i tr\u1ef1c ti\u1ebfp d\u01b0\u1edbi \u00e1nh n\u1eafng g\u1eaft<\/p>\n<p class=\"QN2lPu\">\n<p class=\"QN2lPu\">B\u1ea2O H\u00c0NH &amp; \u0110\u1ed4I TR\u1ea2 :<\/p>\n<p class=\"QN2lPu\">&#8211; Kh\u00f4ng b\u1ea3o h\u00e0nh<\/p>\n<p class=\"QN2lPu\">&#8211; \u0110\u1ed5i tr\u1ea3 trong v\u00f2ng 7 ng\u00e0y n\u1ebfu l\u1ed7i ph\u00e1t sinh t\u1eeb ph\u00eda nh\u00e0 s\u1ea3n xu\u1ea5t<\/p>\n<p class=\"QN2lPu\">\n<p class=\"QN2lPu\">TH\u00d4NG TIN TH\u01af\u01a0NG HI\u1ec6U<\/p>\n<p class=\"QN2lPu\">N\u0103m 1990, t\u1eadp \u0111o\u00e0n s\u1ea3n xu\u1ea5t d\u1ee5ng c\u1ee5 th\u1ec3 thao Li-Ning Sports \u0111\u01b0\u1ee3c th\u00e0nh l\u1eadp b\u1edfi Li Ning &#8211; m\u1ed9t trong nh\u1eefng v\u1eadn \u0111\u1ed9ng vi\u00ean xu\u1ea5t s\u1eafc nh\u1ea5t th\u1ebf k\u1ef7 20. Ch\u01b0a \u0111\u1ea7y 20 n\u0103m sau, th\u01b0\u01a1ng hi\u1ec7u n\u00e0y \u0111\u00e3 n\u1eb1m trong top nh\u1eefng h\u00e3ng th\u1eddi trang th\u1ec3 thao h\u00e0ng \u0111\u1ea7u th\u1ebf gi\u1edbi. Hi\u1ec7n nay, v\u1edbi n\u1ed7 l\u1ef1c s\u00e1ng t\u1ea1o v\u00e0 \u0111\u1ed5i m\u1edbi, Li-Ning \u0111i\u1ec1u h\u00e0nh m\u1ed9t \u201cTrung t\u00e2m s\u00e1ng t\u1ea1o to\u00e0n c\u1ea7u\u201d t\u1ea1i Hongkong, l\u00e0 trung t\u00e2m thi\u1ebft k\u1ebf s\u1ea3n ph\u1ea9m l\u1edbn nh\u1ea5t t\u1ea1i Ch\u00e2u \u00c1 n\u01a1i t\u1eadp trung h\u00e0ng tr\u0103m nh\u00e0 thi\u1ebft k\u1ebf chuy\u00ean nghi\u1ec7p \u0111\u1ebfn t\u1eeb Italia, T\u00e2y Ban Nha, M\u1ef9\u2026 V\u1edbi kh\u1ea9u hi\u1ec7u \u201cMake the change\u201d, Li-Ning t\u1ef1 tin mang \u0111\u1ebfn nh\u1eefng s\u1ea3n ph\u1ea9m \u01b0u vi\u1ec7t, thi\u1ebft k\u1ebf phong c\u00e1ch ph\u00f9 h\u1ee3p t\u1eebng m\u00f4n th\u1ec3 thao v\u00e0 ho\u00e0n c\u1ea3nh s\u1eed d\u1ee5ng. <\/p>\n<p class=\"QN2lPu\">_____________________<\/p>\n<p class=\"QN2lPu\">#giaydep #giay #the #thao #nam #nu #giaythethao #giaythethaonu #giaythethaonam #giaysneaker #giaysneakernam #giaysneakernu #giaythethaodonde #giaythethaodondenu #giaythethaodondenam #giaychaythethao #giaychaynam #giaychaynu #giaychaybo #giaychaybonam #giaychaybonu #thethaonam #thethaonu #giaynamdep #giaynudep #giaydoi #thoitrang #sneaker #running #sport #giaycaulong #caulong #giaycaulongnu #giaycaulongnam #Badminton #giaybongban #bongban #giaybongbannam #giaybongbannu #bongro #giaybongro #giaybongronam #giaybongronu  #giaychinhhang #giaytapluyen #tapluyen #giaytapluyennam #giaytapluyennu #lining #liningoffical #thethaodangoai #thethaothoitrang<\/p>\n<\/div>\n","protected":false},"excerpt":{"rendered":"<p>Gi\u00e0y t\u1eadp c\u1ea7u l\u00f4ng Li Ning Feiying&nbsp;s\u1eed d\u1ee5ng c\u00e1ch ph\u1ed1i m\u00e0u \u0111\u01a1n gi\u1ea3n, \u0111\u01a1n gi\u1ea3n v\u00e0 gi\u1ea3n d\u1ecb. Ph\u1ea7n tr\u00ean \u0111\u01b0\u1ee3c l\u00e0m b\u1eb1ng ch\u1ea5t li\u1ec7u tho\u1ea3i m\u00e1i, m\u1ec1m m\u1ea1i v\u00e0 mang l\u1ea1i c\u1ea3m gi\u00e1c tho\u1ea3i m\u00e1i cho b\u00e0n ch\u00e2n. Logo Li Ning tr\u00ean th\u00e2n gi\u00e0y v\u00e0 tay ngh\u1ec1 t\u1ec9 m\u1ec9 l\u00e0m n\u1ed5i b\u1eadt n\u00e9t quy\u1ebfn&#8230;<\/p>\n","protected":false},"featured_media":13822,"comment_status":"open","ping_status":"closed","template":"","meta":[],"product_brand":[],"product_cat":[1213],"product_tag":[],"class_list":{"0":"post-13794","1":"product","2":"type-product","3":"status-publish","4":"has-post-thumbnail","6":"product_cat-giay-cau-long","8":"first","9":"outofstock","10":"sale","11":"featured","12":"shipping-taxable","13":"purchasable","14":"product-type-variable"},"_links":{"self":[{"href":"https:\/\/web-ban-le.mbws.vn\/the-thao-du-lich\/wp-json\/wp\/v2\/product\/13794","targetHints":{"allow":["GET"]}}],"collection":[{"href":"https:\/\/web-ban-le.mbws.vn\/the-thao-du-lich\/wp-json\/wp\/v2\/product"}],"about":[{"href":"https:\/\/web-ban-le.mbws.vn\/the-thao-du-lich\/wp-json\/wp\/v2\/types\/product"}],"replies":[{"embeddable":true,"href":"https:\/\/web-ban-le.mbws.vn\/the-thao-du-lich\/wp-json\/wp\/v2\/comments?post=13794"}],"wp:featuredmedia":[{"embeddable":true,"href":"https:\/\/web-ban-le.mbws.vn\/the-thao-du-lich\/wp-json\/wp\/v2\/media\/13822"}],"wp:attachment":[{"href":"https:\/\/web-ban-le.mbws.vn\/the-thao-du-lich\/wp-json\/wp\/v2\/media?parent=13794"}],"wp:term":[{"taxonomy":"product_brand","embeddable":true,"href":"https:\/\/web-ban-le.mbws.vn\/the-thao-du-lich\/wp-json\/wp\/v2\/product_brand?post=13794"},{"taxonomy":"product_cat","embeddable":true,"href":"https:\/\/web-ban-le.mbws.vn\/the-thao-du-lich\/wp-json\/wp\/v2\/product_cat?post=13794"},{"taxonomy":"product_tag","embeddable":true,"href":"https:\/\/web-ban-le.mbws.vn\/the-thao-du-lich\/wp-json\/wp\/v2\/product_tag?post=13794"}],"curies":[{"name":"wp","href":"https:\/\/api.w.org\/{rel}","templated":true}]}}