{"id":13796,"date":"2025-10-27T10:58:59","date_gmt":"2025-10-27T03:58:59","guid":{"rendered":"https:\/\/web-ban-le.mbws.vn\/the-thao-du-lich\/?post_type=product&#038;p=13796"},"modified":"2025-11-10T08:07:01","modified_gmt":"2025-11-10T01:07:01","slug":"vot-khung-vot-cau-long-the-thao-li-ning-hc-1200-pink-aypt479-4","status":"publish","type":"product","link":"https:\/\/web-ban-le.mbws.vn\/the-thao-du-lich\/san-pham\/vot-khung-vot-cau-long-the-thao-li-ning-hc-1200-pink-aypt479-4\/","title":{"rendered":"V\u1ee3t (Khung V\u1ee3t) C\u1ea7u L\u00f4ng Th\u1ec3 Thao Li-Ning HC 1200 Pink AYPT479-4"},"content":{"rendered":"<div class=\"e8lZp3\">\n<p class=\"QN2lPu\">V\u1ee3t c\u1ea7u l\u00f4ng HC1200 h\u1ed3ng n\u1eef t\u00ednh&nbsp;&nbsp;v\u1ee3t \u0111\u01b0\u1ee3c thi\u1ebft k\u1ebf r\u1ea5t tinh t\u1ebf \u0111em \u0111\u1ebfn cho ng\u01b0\u1eddi ch\u01a1i m\u1ed9t tr\u1ea3i nghi\u1ec7m b\u1ee9t ph\u00e1 tuy\u1ec7t v\u1eddi .V\u1edbi tr\u1ecdng l\u01b0\u1ee3ng ch\u1ec9 83g t\u1ea1o c\u1ea3m gi\u00e1c vung v\u1ee3t&nbsp;nh\u1eb9 nh\u00e0ng v\u00e0 nhanh h\u01a1n. \u0110\u00e2y l\u00e0&nbsp;m\u1ed9t l\u1ef1a ch\u1ecdn m\u1edbi trong d\u00f2ng v\u1ee3t c\u00e2n b\u1eb1ng cho ph\u00f9 h\u1ee3p v\u1edbi l\u1ed1i ch\u01a1i c\u00f4ng th\u1ee7 to\u00e0n di\u1ec7n.HC1200&nbsp;s\u1ebd&nbsp;l\u00e0 m\u1ed9t c\u00e2y v\u1ee3t \u0111\u00e1ng \u0111\u1ec3 b\u1ea1n tr\u1ea3i nghi\u1ec7m&nbsp;<\/p>\n<p class=\"QN2lPu\">C\u00f4ng ngh\u1ec7 t\u1ed1i \u01b0u<\/p>\n<p class=\"QN2lPu\">High Carbon&nbsp;l\u00e0 ch\u1ea5t li\u1ec7u s\u1ee3i carbon si\u00eau m\u1ea1nh, si\u00eau b\u1ec1n<\/p>\n<p class=\"QN2lPu\">Dynamic Optimum Frame&nbsp;&#8211; T\u1ed1i \u01b0u khung h\u00ecnh \u0111\u1ed9ng l\u1ef1c h\u1ecdc c\u00f4ng ngh\u1ec7 cao t\u0103ng c\u01b0\u1eddng t\u1ed1c \u0111\u1ed9 linh ho\u1ea1t cho t\u1ea5n c\u00f4ng v\u00e0 ph\u00f2ng th\u1ee7 .<\/p>\n<p class=\"QN2lPu\">H\u1ec7 th\u1ed1ng Aerotec Beam Systemp&nbsp;t\u0103ng c\u01b0\u1eddng ch\u1ecbu l\u1ef1c cho th\u00e2n v\u1ee3t<\/p>\n<p class=\"QN2lPu\">UHB SHAFT&nbsp;c\u1ea3i thi\u1ec7n \u0111i\u1ec3m u\u1ed1n tr\u00ean tr\u1ee5c th\u00e2n v\u1ee3t ph\u00eda tr\u01b0\u1edbc ,gi\u00fap cho nh\u1eefng c\u00fa \u0111\u1eadp c\u1ea7u m\u1ea1nh m\u1ebd v\u00e0 uy l\u1ef1c h\u01a1n<\/p>\n<p class=\"QN2lPu\">High Tensile Slim Shart&nbsp;Tr\u1ee5c th\u00e2n v\u1ee3t m\u1ecfng , nh\u1ecf gi\u00fap d\u1ec5 d\u00e0ng ki\u1ec3m so\u00e1t<\/p>\n<p class=\"QN2lPu\">\n<p class=\"QN2lPu\">M\u00d4  T\u1ea2 CHI TI\u1ebeT:<\/p>\n<p class=\"QN2lPu\">Th\u00f4ng s\u1ed1 k\u0129 thu\u1eadt<\/p>\n<p class=\"QN2lPu\">-Khung v\u1ee3t:&nbsp;Carbon Fiber<\/p>\n<p class=\"QN2lPu\">-Tr\u1ecdng l\u01b0\u1ee3ng : 4U (83+\/-4g)<\/p>\n<p class=\"QN2lPu\">-\u0110i\u1ec3m c\u00e2n b\u1eb1ng : 290mm+\/-5mm<\/p>\n<p class=\"QN2lPu\">-Th\u00e2n v\u1ee3t : Trung b\u00ecnh&nbsp;<\/p>\n<p class=\"QN2lPu\">-Tay c\u1ea7m : S1<\/p>\n<p class=\"QN2lPu\">-M\u1ee9c c\u0103ng d\u00e2y t\u1ed1i \u01b0u: 11Kg<\/p>\n<p class=\"QN2lPu\">-Xu\u1ea5t x\u1ee9: Trung Qu\u1ed1c<\/p>\n<p class=\"QN2lPu\">******Ph\u00f9 h\u1ee3p v\u1edbi ng\u01b0\u1eddi m\u1edbi ch\u01a1i&nbsp;<\/p>\n<p class=\"QN2lPu\">\n<p class=\"QN2lPu\">H\u01af\u1edaNG D\u1eaaN B\u1ea2O QU\u1ea2N :<\/p>\n<p class=\"QN2lPu\">&#8211; Tr\u00e1nh \u0111\u1ec3 v\u1ee3t trong nh\u1eefng n\u01a1i nhi\u1ec7t \u0111\u1ed9 cao nh\u01b0 c\u1ed1p xe h\u01a1i, ngo\u00e0i tr\u1eddi n\u1eafng n\u00f3ng<\/p>\n<p class=\"QN2lPu\">\n<p class=\"QN2lPu\">B\u1ea2O H\u00c0NH &amp; \u0110\u1ed4I TR\u1ea2 :<\/p>\n<p class=\"QN2lPu\">&#8211; Kh\u00f4ng b\u1ea3o h\u00e0nh<\/p>\n<p class=\"QN2lPu\">&#8211; \u0110\u1ed5i tr\u1ea3 trong v\u00f2ng 7 ng\u00e0y n\u1ebfu l\u1ed7i ph\u00e1t sinh t\u1eeb ph\u00eda nh\u00e0 s\u1ea3n xu\u1ea5t<\/p>\n<p class=\"QN2lPu\">\n<p class=\"QN2lPu\">TH\u00d4NG TIN TH\u01af\u01a0NG HI\u1ec6U<\/p>\n<p class=\"QN2lPu\">Li-Ning l\u00e0 th\u01b0\u01a1ng hi\u1ec7u n\u1ed5i ti\u1ebfng chuy\u00ean s\u1ea3n xu\u1ea5t c\u00e1c d\u1ee5ng c\u1ee5 th\u1ec3 thao \u0111\u01b0\u1ee3c th\u00e0nh l\u1eadp v\u00e0o n\u0103m 1990. V\u1edbi n\u1ed7 l\u1ef1c th\u00fac \u0111\u1ea9y s\u1ef1 ph\u00e1t tri\u1ec3n c\u1ee7a ng\u00e0nh th\u1ec3 thao, mong mu\u1ed1n cung c\u1ea5p c\u00e1c s\u1ea3n ph\u1ea9m ch\u1ea5t l\u01b0\u1ee3ng nh\u1ea5t \u0111\u1ebfn tay ng\u01b0\u1eddi ti\u00eau d\u00f9ng, th\u01b0\u01a1ng hi\u1ec7u Li-Ning \u0111\u00e3 danh gi\u00e1 n\u1eb1m trong top 4 c\u00e1c th\u01b0\u01a1ng hi\u1ec7u n\u1ed5i ti\u1ebfng nh\u1ea5t tr\u00ean th\u1ebf gi\u1edbi do Hi\u1ec7p h\u1ed9i s\u1ea3n xu\u1ea5t h\u00e0ng c\u00f4ng nghi\u1ec7p th\u1ec3 thao th\u1ebf gi\u1edbi b\u00ecnh ch\u1ecdn.&nbsp;<\/p>\n<p class=\"QN2lPu\">Trong l\u0129nh v\u1ef1c c\u1ea7u l\u00f4ng, Li-Ning lu\u00f4n \u0111\u1ed3ng h\u00e0nh c\u00f9ng Li\u00ean \u0111o\u00e0n C\u1ea7u l\u00f4ng Th\u1ebf gi\u1edbi trong c\u00e1c gi\u1ea3i \u0111\u1ea5u quy m\u00f4 l\u1edbn nh\u01b0: Gi\u1ea3i v\u00f4 \u0111\u1ecbch C\u1ea7u l\u00f4ng Th\u1ebf gi\u1edbi, Thomas Cup hay Uber Cup\u2026&nbsp;<\/p>\n<p class=\"QN2lPu\">L\u00e0 th\u01b0\u01a1ng hi\u1ec7u d\u1ee5ng c\u1ee5 c\u1ea7u l\u00f4ng c\u00f3 t\u1ed1c \u0111\u1ed9 ph\u00e1t tri\u1ec3n nhanh nh\u1ea5t tr\u00ean th\u1ebf gi\u1edbi, c\u00e1c s\u1ea3n ph\u1ea9m c\u1ee7a Li-Ning \u0111\u01b0\u1ee3c c\u00e1c tay v\u1ee3t c\u1ea7u l\u00f4ng h\u00e0ng \u0111\u1ea7u th\u1ebf gi\u1edbi nh\u01b0: Chen Long, Cai Yun, Fu Haifeng, Zhang Nan, Wang Yihan, Wang Shixian v\u00e0 r\u1ea5t nhi\u1ec1u c\u00e1c tay v\u1ee3t n\u1ed5i ti\u1ebfng kh\u00e1c tin t\u01b0\u1edfng l\u1ef1a ch\u1ecdn.<\/p>\n<p class=\"QN2lPu\">&nbsp;C\u00e1c s\u1ea3n ph\u1ea9m d\u1ee5ng c\u1ee5 c\u1ea7u l\u00f4ng Li-Ning n\u1ed5i b\u1eadt v\u1edbi m\u1eabu m\u00e3 \u0111a d\u1ea1ng c\u00f9ng c\u00f4ng ngh\u1ec7 v\u01b0\u1ee3t tr\u1ed9i h\u1ed7 tr\u1ee3 v\u00e0 ph\u00e1t huy t\u1ed1i \u0111a s\u1ee9c m\u1ea1nh c\u1ee7a ng\u01b0\u1eddi ch\u01a1i \u1edf t\u1eebng c\u1ea5p \u0111\u1ed9 kh\u00e1c nhau. B\u00ean c\u1ea1nh \u0111\u00f3, gi\u00e0y c\u1ea7u l\u00f4ng \u00eam \u00e1i, gi\u1ea3m ch\u1ea5n th\u01b0\u01a1ng; trang ph\u1ee5c c\u1ea7u l\u00f4ng Li-Ning c\u0169ng g\u00e2y \u0111\u01b0\u1ee3c s\u1ee9c h\u00fat v\u1edbi ng\u01b0\u1eddi ch\u01a1i th\u1ec3 thao b\u1edfi thi\u1ebft k\u1ebf th\u1eddi trang, ch\u1ea5t li\u1ec7u v\u1ea3i m\u1ec1m m\u1ecbn, co gi\u00e3n, tho\u00e1ng kh\u00ed v\u00e0 tho\u00e1t m\u1ed3 h\u00f4i t\u1ed1t.&nbsp;<\/p>\n<p class=\"QN2lPu\">Ngo\u00e0i b\u1ed9 m\u00f4n th\u1ec3 thao c\u1ea7u l\u00f4ng, Li-Ning c\u00f2n \u0111\u01b0\u1ee3c bi\u1ebft \u0111\u1ebfn l\u00e0 nh\u00e0 t\u00e0i tr\u1ee3 ch\u00ednh th\u1ee9c cho nhi\u1ec1u \u0111\u1ed9i tuy\u1ec3n qu\u1ed1c gia v\u00e0 c\u00e1c v\u1eadn \u0111\u1ed9ng vi\u00ean v\u00f4 \u0111\u1ecbch Olympic, v\u00f4 \u0111\u1ecbch th\u1ebf gi\u1edbi nh\u01b0: \u0110\u1ed9i tuy\u1ec3n b\u00f3ng r\u1ed5 nh\u00e0 ngh\u1ec1 M\u1ef9 NBA, \u0111\u1ed9i tuy\u1ec3n b\u00f3ng r\u1ed5 nam v\u00e0 n\u1eef qu\u1ed1c gia T\u00e2y Ban Nha, li\u00ean \u0111o\u00e0n b\u00f3ng r\u1ed5 T\u00e2y Ban Nha, li\u00ean \u0111o\u00e0n b\u00f3ng r\u1ed5 Argentina, li\u00ean \u0111o\u00e0n b\u00f3ng b\u00e0n Singapore\u2026vv.<\/p>\n<\/div>\n","protected":false},"excerpt":{"rendered":"<p>V\u1ee3t c\u1ea7u l\u00f4ng HC1200 h\u1ed3ng n\u1eef t\u00ednh&nbsp;&nbsp;v\u1ee3t \u0111\u01b0\u1ee3c thi\u1ebft k\u1ebf r\u1ea5t tinh t\u1ebf \u0111em \u0111\u1ebfn cho ng\u01b0\u1eddi ch\u01a1i m\u1ed9t tr\u1ea3i nghi\u1ec7m b\u1ee9t ph\u00e1 tuy\u1ec7t v\u1eddi .V\u1edbi tr\u1ecdng l\u01b0\u1ee3ng ch\u1ec9 83g t\u1ea1o c\u1ea3m gi\u00e1c vung v\u1ee3t&nbsp;nh\u1eb9 nh\u00e0ng v\u00e0 nhanh h\u01a1n. \u0110\u00e2y l\u00e0&nbsp;m\u1ed9t l\u1ef1a ch\u1ecdn m\u1edbi trong d\u00f2ng v\u1ee3t c\u00e2n b\u1eb1ng cho ph\u00f9 h\u1ee3p v\u1edbi l\u1ed1i ch\u01a1i&#8230;<\/p>\n","protected":false},"featured_media":13830,"comment_status":"open","ping_status":"closed","template":"","meta":[],"product_brand":[],"product_cat":[1211],"product_tag":[],"class_list":{"0":"post-13796","1":"product","2":"type-product","3":"status-publish","4":"has-post-thumbnail","6":"product_cat-cau-long","8":"first","9":"instock","10":"sale","11":"featured","12":"shipping-taxable","13":"purchasable","14":"product-type-simple"},"_links":{"self":[{"href":"https:\/\/web-ban-le.mbws.vn\/the-thao-du-lich\/wp-json\/wp\/v2\/product\/13796","targetHints":{"allow":["GET"]}}],"collection":[{"href":"https:\/\/web-ban-le.mbws.vn\/the-thao-du-lich\/wp-json\/wp\/v2\/product"}],"about":[{"href":"https:\/\/web-ban-le.mbws.vn\/the-thao-du-lich\/wp-json\/wp\/v2\/types\/product"}],"replies":[{"embeddable":true,"href":"https:\/\/web-ban-le.mbws.vn\/the-thao-du-lich\/wp-json\/wp\/v2\/comments?post=13796"}],"wp:featuredmedia":[{"embeddable":true,"href":"https:\/\/web-ban-le.mbws.vn\/the-thao-du-lich\/wp-json\/wp\/v2\/media\/13830"}],"wp:attachment":[{"href":"https:\/\/web-ban-le.mbws.vn\/the-thao-du-lich\/wp-json\/wp\/v2\/media?parent=13796"}],"wp:term":[{"taxonomy":"product_brand","embeddable":true,"href":"https:\/\/web-ban-le.mbws.vn\/the-thao-du-lich\/wp-json\/wp\/v2\/product_brand?post=13796"},{"taxonomy":"product_cat","embeddable":true,"href":"https:\/\/web-ban-le.mbws.vn\/the-thao-du-lich\/wp-json\/wp\/v2\/product_cat?post=13796"},{"taxonomy":"product_tag","embeddable":true,"href":"https:\/\/web-ban-le.mbws.vn\/the-thao-du-lich\/wp-json\/wp\/v2\/product_tag?post=13796"}],"curies":[{"name":"wp","href":"https:\/\/api.w.org\/{rel}","templated":true}]}}