{"id":13906,"date":"2025-10-27T10:59:42","date_gmt":"2025-10-27T03:59:42","guid":{"rendered":"https:\/\/web-ban-le.mbws.vn\/the-thao-du-lich\/?post_type=product&#038;p=13906"},"modified":"2025-11-10T08:07:01","modified_gmt":"2025-11-10T01:07:01","slug":"vot-pickleball-li-ning-hyperpower-20-p-acpv019-16","status":"publish","type":"product","link":"https:\/\/web-ban-le.mbws.vn\/the-thao-du-lich\/san-pham\/vot-pickleball-li-ning-hyperpower-20-p-acpv019-16\/","title":{"rendered":"V\u1ee3t Pickleball Li-Ning Hyperpower 20 P-ACPV019-16"},"content":{"rendered":"<div class=\"e8lZp3\">\n<p class=\"QN2lPu\">D\u00e0nh ri\u00eang cho nh\u1eefng tay v\u1ee3t \u01b0a th\u00edch l\u1ed1i ch\u01a1i t\u1ea5n c\u00f4ng m\u1ea1nh m\u1ebd, Hyperpower 20 \u0111\u01b0\u1ee3c thi\u1ebft k\u1ebf \u0111\u1ec3 t\u1ed1i \u01b0u h\u00f3a kh\u1ea3 n\u0103ng ph\u1ea3n \u0111\u00f2n nhanh nh\u1ea1y v\u00e0 ki\u1ec3m so\u00e1t tr\u1eadn \u0111\u1ea5u. V\u1edbi \u0111\u1ed9 d\u00e0y 16mm, c\u00e2y v\u1ee3t mang \u0111\u1ebfn c\u1ea3m gi\u00e1c \u0111\u1ea7m tay, gi\u00fap b\u1ea1n d\u1ec5 d\u00e0ng th\u1ef1c hi\u1ec7n nh\u1eefng c\u00fa \u0111\u00e1nh d\u1ee9t \u0111i\u1ec3m uy l\u1ef1c. \u0110i\u1ec3m c\u00e2n b\u1eb1ng 240mm, t\u1ea1o n\u00ean s\u1ef1 c\u00e2n b\u1eb1ng ho\u00e0n h\u1ea3o gi\u1eefa s\u1ee9c m\u1ea1nh v\u00e0 kh\u1ea3 n\u0103ng ki\u1ec3m so\u00e1t. V\u1edbi tr\u1ecdng l\u01b0\u1ee3ng nh\u1eb9 ch\u1ec9 230g, gi\u00fap cho ng\u01b0\u1eddi ch\u01a1i linh ho\u1ea1t h\u01a1n, di chuy\u1ec3n nhanh nh\u1eb9n tr\u00ean s\u00e2n v\u00e0 th\u1ef1c hi\u1ec7n nh\u1eefng c\u00fa \u0111\u00e1nh \u0111a d\u1ea1ng.<\/p>\n<p class=\"QN2lPu\">C\u00f4ng ngh\u1ec7<\/p>\n<p class=\"QN2lPu\">PP Honeycomb: C\u00f4ng ngh\u1ec7 l\u00f5i t\u1ed5 ong gi\u00fap v\u1ee3t mang l\u1ea1i \u0111\u1ed9 ki\u1ec3m so\u00e1t cao khi th\u1ef1c hi\u1ec7n c\u00e1c c\u00fa tr\u1ea3 b\u00f3ng, ngo\u00e0i ra c\u00f2n t\u0103ng \u0111\u1ed9 c\u1ee9ng v\u00e0 \u0111\u1ed9 b\u1ec1n cho v\u1ee3t m\u00e0 v\u1eabn gi\u1eef \u0111\u01b0\u1ee3c tr\u1ecdng l\u01b0\u1ee3ng nh\u1eb9<\/p>\n<p class=\"QN2lPu\">Ultra-light Fiber: C\u00f4ng ngh\u1ec7 s\u1ee3i carbon si\u00eau nh\u1eb9 gi\u00fap gi\u1ea3m tr\u1ecdng l\u01b0\u1ee3ng v\u1ee3t<\/p>\n<p class=\"QN2lPu\">Soft SDGE:&nbsp;Gi\u00fap b\u1ea3o v\u1ec7 v\u1ee3t t\u1ed1t h\u01a1n kh\u1ecfi b\u1ecb tr\u1ea7y x\u01b0\u1edbc, h\u01b0 h\u1ea1i<\/p>\n<p class=\"QN2lPu\">C\u00f4ng ngh\u1ec7 Grip Tacky Surface&nbsp;\u0111\u01b0\u1ee3c s\u1eed d\u1ee5ng tr\u00ean m\u1eb7t v\u1ee3t gi\u00fap t\u0103ng c\u01b0\u1eddng \u0111\u1ed9 nh\u00e1m,xo\u00e1y v\u00e0 hi\u1ec7u \u1ee9ng, b\u1ea1n d\u1ec5 d\u00e0ng ki\u1ec3m so\u00e1t \u0111\u01b0\u1eddng b\u00f3ng v\u00e0 t\u1ea1o ra nh\u1eefng c\u00fa \u0111\u00e1nh b\u1ea5t ng\u1edd. B\u00ean c\u1ea1nh \u0111\u00f3, thi\u1ebft k\u1ebf \u0111\u1ed9c quy\u1ec1n c\u1ee7a Li-Ning kh\u00f4ng ch\u1ec9 gi\u00fap t\u0103ng c\u01b0\u1eddng \u0111\u1ed9 b\u1ec1n m\u00e0 c\u00f2n mang \u0111\u1ebfn m\u1ed9t v\u1ebb ngo\u00e0i th\u1ec3 thao, c\u00e1 t\u00ednh qua c\u00e1c ph\u1ed1i m\u00e0u \u0111\u1ed9c \u0111\u00e1o.&nbsp;<\/p>\n<p class=\"QN2lPu\">Hyperpower 20&nbsp;l\u00e0 s\u1ef1 l\u1ef1a ch\u1ecdn ho\u00e0n h\u1ea3o cho nh\u1eefng ng\u01b0\u1eddi ch\u01a1i c\u00f3 tr\u00ecnh \u0111\u1ed9 chuy\u00ean nghi\u1ec7p, \u0111\u1eb7c bi\u1ec7t l\u00e0 nh\u1eefng ai mu\u1ed1n n\u00e2ng cao kh\u1ea3 n\u0103ng t\u1ea5n c\u00f4ng v\u00e0 ki\u1ec3m so\u00e1t tr\u1eadn \u0111\u1ea5u. V\u1edbi c\u00e2y v\u1ee3t n\u00e0y, b\u1ea1n s\u1ebd t\u1ef1 tin th\u1ec3 hi\u1ec7n phong c\u00e1ch ch\u01a1i t\u1ea5n c\u00f4ng m\u1ea1nh m\u1ebd v\u00e0 gi\u00e0nh \u0111\u01b0\u1ee3c nh\u1eefng chi\u1ebfn th\u1eafng thuy\u1ebft ph\u1ee5c.<\/p>\n<p class=\"QN2lPu\">&#8211;&nbsp;L\u1edbp nh\u00e1m tr\u00ean b\u1ec1 m\u1eb7t v\u1ee3t gi\u00fap t\u0103ng c\u01b0\u1eddng \u0111\u1ed9 b\u00e1m, ki\u1ec3m so\u00e1t b\u00f3ng t\u1ed1t h\u01a1n v\u00e0 d\u1ec5 d\u00e0ng th\u1ef1c hi\u1ec7n nh\u1eefng c\u00fa \u0111\u00e1nh xo\u00e1y m\u1ea1nh m\u1ebd, b\u1ea5t ng\u1edd.&nbsp;<\/p>\n<p class=\"QN2lPu\">&#8211;&nbsp;V\u1edbi thi\u1ebft k\u1ebf th\u1ec3 thao, c\u00e1 t\u00ednh, Hyperpower 20 l\u00e0 d\u00f2ng v\u1ee3t l\u00fd t\u01b0\u1edfng cho ng\u01b0\u1eddi m\u1edbi b\u1eaft \u0111\u1ea7u, v\u1edbi thi\u1ebft k\u1ebf t\u1eadp trung v\u00e0o s\u1ef1 \u1ed5n \u0111\u1ecbnh v\u00e0 \u0111\u1ed9 ch\u00ednh x\u00e1c, d\u1ec5 d\u00e0ng trong ki\u1ec3m so\u00e1t v\u00e0 x\u1eed l\u00fd b\u00f3ng, h\u1ed7 tr\u1ee3 b\u1ea1n t\u1ef1 tin chinh ph\u1ee5c b\u1ed9 m\u00f4n pickleball.<\/p>\n<p class=\"QN2lPu\">\n<p class=\"QN2lPu\">M\u00d4 T\u1ea2 CHI TI\u1ebeT<\/p>\n<p class=\"QN2lPu\">Ch\u1ea5t li\u1ec7u v\u1ee3t:&nbsp;Fiberglass<\/p>\n<p class=\"QN2lPu\">Ch\u1ea5t li\u1ec7u l\u00f5i: PP Honeycomb<\/p>\n<p class=\"QN2lPu\">C\u00f4ng ngh\u1ec7 :&nbsp;PP Honeycomb,Ultra-light Fiber,Soft SDGE,Grip Tacky Surface<\/p>\n<p class=\"QN2lPu\">\u0110\u1ed9 d\u00e0y m\u1eb7t v\u1ee3t: 16mm<\/p>\n<p class=\"QN2lPu\">Tr\u1ecdng l\u01b0\u1ee3ng: 230g<\/p>\n<p class=\"QN2lPu\">\u0110i\u1ec3m c\u00e2n b\u1eb1ng: 240mm<\/p>\n<p class=\"QN2lPu\">\u0110\u1ed9 c\u1ee9ng b\u1ec1 m\u1eb7t: Trung b\u00ecnh<\/p>\n<p class=\"QN2lPu\">Chi\u1ec1u d\u00e0i v\u1ee3t: 415mm<\/p>\n<p class=\"QN2lPu\">Chi\u1ec1u d\u00e0i tay c\u1ea7n: 133mm<\/p>\n<p class=\"QN2lPu\">Chu vi tay c\u1ea7m: LG4 1\/4<\/p>\n<p class=\"QN2lPu\">D\u00f2ng s\u1ea3n ph\u1ea9m: Pickleball \/ V\u1ee3t<\/p>\n<p class=\"QN2lPu\">Xu\u1ea5t x\u1ee9 : Trung Qu\u1ed1c<\/p>\n<p class=\"QN2lPu\">\u0110\u1ed1i t\u01b0\u1ee3ng s\u1eed d\u1ee5ng ph\u00f9 h\u1ee3p&nbsp;v\u1edbi ng\u01b0\u1eddi m\u1edbi ch\u01a1i, ng\u01b0\u1eddi ch\u01a1i phong tr\u00e0o<\/p>\n<p class=\"QN2lPu\">\n<p class=\"QN2lPu\">H\u01af\u1edaNG D\u1eaaN B\u1ea2O QU\u1ea2N :<\/p>\n<p class=\"QN2lPu\">&#8211; Gi\u1eb7t s\u1ea1ch v\u1ebft b\u1ea9n \u1edf nhi\u1ec7t \u0111\u1ed9 th\u01b0\u1eddng<\/p>\n<p class=\"QN2lPu\">&#8211; Kh\u00f4ng s\u1eed d\u1ee5ng ch\u1ea5t t\u1ea9y<\/p>\n<p class=\"QN2lPu\">&#8211; Tr\u00e1nh ph\u01a1i tr\u1ef1c ti\u1ebfp d\u01b0\u1edbi \u00e1nh n\u1eafng g\u1eaft<\/p>\n<p class=\"QN2lPu\">\n<p class=\"QN2lPu\">B\u1ea2O H\u00c0NH &amp; \u0110\u1ed4I TR\u1ea2 :<\/p>\n<p class=\"QN2lPu\">&#8211; Kh\u00f4ng b\u1ea3o h\u00e0nh<\/p>\n<p class=\"QN2lPu\">&#8211; \u0110\u1ed5i tr\u1ea3 trong v\u00f2ng 7 ng\u00e0y n\u1ebfu l\u1ed7i ph\u00e1t sinh t\u1eeb ph\u00eda nh\u00e0 s\u1ea3n xu\u1ea5t<\/p>\n<p class=\"QN2lPu\">\n<p class=\"QN2lPu\">TH\u00d4NG TIN TH\u01af\u01a0NG HI\u1ec6U<\/p>\n<p class=\"QN2lPu\">Li-Ning l\u00e0 th\u01b0\u01a1ng hi\u1ec7u n\u1ed5i ti\u1ebfng chuy\u00ean s\u1ea3n xu\u1ea5t c\u00e1c d\u1ee5ng c\u1ee5 th\u1ec3 thao \u0111\u01b0\u1ee3c th\u00e0nh l\u1eadp v\u00e0o n\u0103m 1990. V\u1edbi n\u1ed7 l\u1ef1c th\u00fac \u0111\u1ea9y s\u1ef1 ph\u00e1t tri\u1ec3n c\u1ee7a ng\u00e0nh th\u1ec3 thao, mong mu\u1ed1n cung c\u1ea5p c\u00e1c s\u1ea3n ph\u1ea9m ch\u1ea5t l\u01b0\u1ee3ng nh\u1ea5t \u0111\u1ebfn tay ng\u01b0\u1eddi ti\u00eau d\u00f9ng, th\u01b0\u01a1ng hi\u1ec7u Li-Ning \u0111\u00e3 danh gi\u00e1 n\u1eb1m trong top 4 c\u00e1c th\u01b0\u01a1ng hi\u1ec7u n\u1ed5i ti\u1ebfng nh\u1ea5t tr\u00ean th\u1ebf gi\u1edbi do Hi\u1ec7p h\u1ed9i s\u1ea3n xu\u1ea5t h\u00e0ng c\u00f4ng nghi\u1ec7p th\u1ec3 thao th\u1ebf gi\u1edbi b\u00ecnh ch\u1ecdn.&nbsp;<\/p>\n<p class=\"QN2lPu\">Trong l\u0129nh v\u1ef1c c\u1ea7u l\u00f4ng, Li-Ning lu\u00f4n \u0111\u1ed3ng h\u00e0nh c\u00f9ng Li\u00ean \u0111o\u00e0n C\u1ea7u l\u00f4ng Th\u1ebf gi\u1edbi trong c\u00e1c gi\u1ea3i \u0111\u1ea5u quy m\u00f4 l\u1edbn nh\u01b0: Gi\u1ea3i v\u00f4 \u0111\u1ecbch C\u1ea7u l\u00f4ng Th\u1ebf gi\u1edbi, Thomas Cup hay Uber Cup\u2026&nbsp;<\/p>\n<p class=\"QN2lPu\">L\u00e0 th\u01b0\u01a1ng hi\u1ec7u d\u1ee5ng c\u1ee5 c\u1ea7u l\u00f4ng c\u00f3 t\u1ed1c \u0111\u1ed9 ph\u00e1t tri\u1ec3n nhanh nh\u1ea5t tr\u00ean th\u1ebf gi\u1edbi, c\u00e1c s\u1ea3n ph\u1ea9m c\u1ee7a Li-Ning \u0111\u01b0\u1ee3c c\u00e1c tay v\u1ee3t c\u1ea7u l\u00f4ng h\u00e0ng \u0111\u1ea7u th\u1ebf gi\u1edbi nh\u01b0: Chen Long, Cai Yun, Fu Haifeng, Zhang Nan, Wang Yihan, Wang Shixian v\u00e0 r\u1ea5t nhi\u1ec1u c\u00e1c tay v\u1ee3t n\u1ed5i ti\u1ebfng kh\u00e1c tin t\u01b0\u1edfng l\u1ef1a ch\u1ecdn.<\/p>\n<p class=\"QN2lPu\">&nbsp;C\u00e1c s\u1ea3n ph\u1ea9m d\u1ee5ng c\u1ee5 c\u1ea7u l\u00f4ng Li-Ning n\u1ed5i b\u1eadt v\u1edbi m\u1eabu m\u00e3 \u0111a d\u1ea1ng c\u00f9ng c\u00f4ng ngh\u1ec7 v\u01b0\u1ee3t tr\u1ed9i h\u1ed7 tr\u1ee3 v\u00e0 ph\u00e1t huy t\u1ed1i \u0111a s\u1ee9c m\u1ea1nh c\u1ee7a ng\u01b0\u1eddi ch\u01a1i \u1edf t\u1eebng c\u1ea5p \u0111\u1ed9 kh\u00e1c nhau. B\u00ean c\u1ea1nh \u0111\u00f3, gi\u00e0y c\u1ea7u l\u00f4ng \u00eam \u00e1i, gi\u1ea3m ch\u1ea5n th\u01b0\u01a1ng; trang ph\u1ee5c c\u1ea7u l\u00f4ng Li-Ning c\u0169ng g\u00e2y \u0111\u01b0\u1ee3c s\u1ee9c h\u00fat v\u1edbi ng\u01b0\u1eddi ch\u01a1i th\u1ec3 thao b\u1edfi thi\u1ebft k\u1ebf th\u1eddi trang, ch\u1ea5t li\u1ec7u v\u1ea3i m\u1ec1m m\u1ecbn, co gi\u00e3n, tho\u00e1ng kh\u00ed v\u00e0 tho\u00e1t m\u1ed3 h\u00f4i t\u1ed1t.&nbsp;<\/p>\n<p class=\"QN2lPu\">Ngo\u00e0i b\u1ed9 m\u00f4n th\u1ec3 thao c\u1ea7u l\u00f4ng, Li-Ning c\u00f2n \u0111\u01b0\u1ee3c bi\u1ebft \u0111\u1ebfn l\u00e0 nh\u00e0 t\u00e0i tr\u1ee3 ch\u00ednh th\u1ee9c cho nhi\u1ec1u \u0111\u1ed9i tuy\u1ec3n qu\u1ed1c gia v\u00e0 c\u00e1c v\u1eadn \u0111\u1ed9ng vi\u00ean v\u00f4 \u0111\u1ecbch Olympic, v\u00f4 \u0111\u1ecbch th\u1ebf gi\u1edbi nh\u01b0: \u0110\u1ed9i tuy\u1ec3n b\u00f3ng r\u1ed5 nh\u00e0 ngh\u1ec1 M\u1ef9 NBA, \u0111\u1ed9i tuy\u1ec3n b\u00f3ng r\u1ed5 nam v\u00e0 n\u1eef qu\u1ed1c gia T\u00e2y Ban Nha, li\u00ean \u0111o\u00e0n b\u00f3ng r\u1ed5 T\u00e2y Ban Nha, li\u00ean \u0111o\u00e0n b\u00f3ng r\u1ed5 Argentina, li\u00ean \u0111o\u00e0n b\u00f3ng b\u00e0n Singapore\u2026vv.<\/p>\n<\/div>\n","protected":false},"excerpt":{"rendered":"<p>D\u00e0nh ri\u00eang cho nh\u1eefng tay v\u1ee3t \u01b0a th\u00edch l\u1ed1i ch\u01a1i t\u1ea5n c\u00f4ng m\u1ea1nh m\u1ebd, Hyperpower 20 \u0111\u01b0\u1ee3c thi\u1ebft k\u1ebf \u0111\u1ec3 t\u1ed1i \u01b0u h\u00f3a kh\u1ea3 n\u0103ng ph\u1ea3n \u0111\u00f2n nhanh nh\u1ea1y v\u00e0 ki\u1ec3m so\u00e1t tr\u1eadn \u0111\u1ea5u. V\u1edbi \u0111\u1ed9 d\u00e0y 16mm, c\u00e2y v\u1ee3t mang \u0111\u1ebfn c\u1ea3m gi\u00e1c \u0111\u1ea7m tay, gi\u00fap b\u1ea1n d\u1ec5 d\u00e0ng th\u1ef1c hi\u1ec7n nh\u1eefng c\u00fa \u0111\u00e1nh&#8230;<\/p>\n","protected":false},"featured_media":13957,"comment_status":"open","ping_status":"closed","template":"","meta":[],"product_brand":[],"product_cat":[1251],"product_tag":[],"class_list":{"0":"post-13906","1":"product","2":"type-product","3":"status-publish","4":"has-post-thumbnail","6":"product_cat-tennis","8":"first","9":"instock","10":"sale","11":"featured","12":"shipping-taxable","13":"purchasable","14":"product-type-simple"},"_links":{"self":[{"href":"https:\/\/web-ban-le.mbws.vn\/the-thao-du-lich\/wp-json\/wp\/v2\/product\/13906","targetHints":{"allow":["GET"]}}],"collection":[{"href":"https:\/\/web-ban-le.mbws.vn\/the-thao-du-lich\/wp-json\/wp\/v2\/product"}],"about":[{"href":"https:\/\/web-ban-le.mbws.vn\/the-thao-du-lich\/wp-json\/wp\/v2\/types\/product"}],"replies":[{"embeddable":true,"href":"https:\/\/web-ban-le.mbws.vn\/the-thao-du-lich\/wp-json\/wp\/v2\/comments?post=13906"}],"wp:featuredmedia":[{"embeddable":true,"href":"https:\/\/web-ban-le.mbws.vn\/the-thao-du-lich\/wp-json\/wp\/v2\/media\/13957"}],"wp:attachment":[{"href":"https:\/\/web-ban-le.mbws.vn\/the-thao-du-lich\/wp-json\/wp\/v2\/media?parent=13906"}],"wp:term":[{"taxonomy":"product_brand","embeddable":true,"href":"https:\/\/web-ban-le.mbws.vn\/the-thao-du-lich\/wp-json\/wp\/v2\/product_brand?post=13906"},{"taxonomy":"product_cat","embeddable":true,"href":"https:\/\/web-ban-le.mbws.vn\/the-thao-du-lich\/wp-json\/wp\/v2\/product_cat?post=13906"},{"taxonomy":"product_tag","embeddable":true,"href":"https:\/\/web-ban-le.mbws.vn\/the-thao-du-lich\/wp-json\/wp\/v2\/product_tag?post=13906"}],"curies":[{"name":"wp","href":"https:\/\/api.w.org\/{rel}","templated":true}]}}