{"id":14021,"date":"2025-10-27T11:00:24","date_gmt":"2025-10-27T04:00:24","guid":{"rendered":"https:\/\/web-ban-le.mbws.vn\/the-thao-du-lich\/?post_type=product&#038;p=14021"},"modified":"2025-11-10T08:07:00","modified_gmt":"2025-11-10T01:07:00","slug":"ao-t-shirt-the-thao-nam-li-ning-cau-long-badminton-p-ahst347-4-5","status":"publish","type":"product","link":"https:\/\/web-ban-le.mbws.vn\/the-thao-du-lich\/san-pham\/ao-t-shirt-the-thao-nam-li-ning-cau-long-badminton-p-ahst347-4-5\/","title":{"rendered":"\u00c1o T-shirt Th\u1ec3 Thao Nam Li-Ning C\u1ea7u L\u00f4ng\/Badminton P-AHST347-4,-5"},"content":{"rendered":"<div class=\"e8lZp3\">\n<p class=\"QN2lPu\">D\u00f2ng \u00e1o thun tho\u00e1ng m\u00e1t nhanh kh\u00f4, s\u1eed d\u1ee5ng m\u00e0u s\u1eafc \u0111\u01a1n gi\u1ea3n, \u0111\u01a1n gi\u1ea3n v\u00e0 gi\u1ea3n d\u1ecb.&nbsp;Ch\u1ea5t li\u1ec7u v\u1ea3i c\u01a1 b\u1ea3n nhanh kh\u00f4, thi\u1ebft k\u1ebf c\u1ed5 tr\u00f2n, d\u1ec5 m\u1eb7c v\u00e0 c\u1edfi.&nbsp;Thi\u1ebft k\u1ebf logo Li-Ning ti\u1ec1n nhi\u1ec7m, tay ngh\u1ec1 t\u1ec9 m\u1ec9, l\u00e0m n\u1ed5i b\u1eadt s\u1ef1 quy\u1ebfn r\u0169 c\u1ee7a th\u01b0\u01a1ng hi\u1ec7u.<\/p>\n<p class=\"QN2lPu\">D\u00f2ng s\u1ea3n ph\u1ea9m AT DRY kh\u00f4 nhanh m\u00e1t l\u1ea1nh<\/p>\n<p class=\"QN2lPu\">C\u00f4ng ngh\u1ec7 s\u1ea5y kh\u00f4 nhanh AT-DRY c\u1ee7a Li-Ning gi\u00fap m\u1ed3 h\u00f4i bay h\u01a1i nhanh, gi\u1eef cho c\u01a1 th\u1ec3 lu\u00f4n kh\u00f4 r\u00e1o, tho\u00e1ng m\u00e1t.<\/p>\n<p class=\"QN2lPu\">\n<p class=\"QN2lPu\">M\u00d4 T\u1ea2 CHI TI\u1ebeT :<\/p>\n<p class=\"QN2lPu\">Ch\u1ea5t li\u1ec7u v\u1ea3i : Polyester<\/p>\n<p class=\"QN2lPu\">C\u00f4ng ngh\u1ec7 : AT DRY<\/p>\n<p class=\"QN2lPu\">D\u00f2ng s\u1ea3n ph\u1ea9m :&nbsp;Badminton\/C\u1ea7u l\u00f4ng<\/p>\n<p class=\"QN2lPu\">Form d\u00e1ng :&nbsp;Regular fit<\/p>\n<p class=\"QN2lPu\">Xu\u1ea5t x\u1ee9: Trung Qu\u1ed1c<\/p>\n<p class=\"QN2lPu\">\n<p class=\"QN2lPu\">H\u01af\u1edaNG D\u1eaaN B\u1ea2O QU\u1ea2N :<\/p>\n<p class=\"QN2lPu\">&#8211; Gi\u1eb7t s\u1ea1ch v\u1ebft b\u1ea9n \u1edf nhi\u1ec7t \u0111\u1ed9 th\u01b0\u1eddng<\/p>\n<p class=\"QN2lPu\">&#8211; Kh\u00f4ng s\u1eed d\u1ee5ng ch\u1ea5t t\u1ea9y<\/p>\n<p class=\"QN2lPu\">&#8211; Tr\u00e1nh ph\u01a1i tr\u1ef1c ti\u1ebfp d\u01b0\u1edbi \u00e1nh n\u1eafng g\u1eaft<\/p>\n<p class=\"QN2lPu\">\n<p class=\"QN2lPu\">B\u1ea2O H\u00c0NH &amp; \u0110\u1ed4I TR\u1ea2 :<\/p>\n<p class=\"QN2lPu\">&#8211; Kh\u00f4ng b\u1ea3o h\u00e0nh<\/p>\n<p class=\"QN2lPu\">&#8211; \u0110\u1ed5i tr\u1ea3 trong v\u00f2ng 7 ng\u00e0y n\u1ebfu l\u1ed7i ph\u00e1t sinh t\u1eeb ph\u00eda nh\u00e0 s\u1ea3n xu\u1ea5t<\/p>\n<p class=\"QN2lPu\">\n<p class=\"QN2lPu\">TH\u00d4NG TIN TH\u01af\u01a0NG HI\u1ec6U :<\/p>\n<p class=\"QN2lPu\">N\u0103m 1990, t\u1eadp \u0111o\u00e0n s\u1ea3n xu\u1ea5t d\u1ee5ng c\u1ee5 th\u1ec3 thao Li-ning Sports \u0111\u01b0\u1ee3c th\u00e0nh l\u1eadp b\u1edfi Li Ning &#8211; m\u1ed9t trong nh\u1eefng v\u1eadn \u0111\u1ed9ng vi\u00ean xu\u1ea5t s\u1eafc nh\u1ea5t th\u1ebf k\u1ef7 20. Ch\u01b0a \u0111\u1ea7y 20 n\u0103m sau, th\u01b0\u01a1ng hi\u1ec7u n\u00e0y \u0111\u00e3 n\u1eb1m trong top nh\u1eefng h\u00e3ng th\u1eddi trang th\u1ec3 thao h\u00e0ng \u0111\u1ea7u th\u1ebf gi\u1edbi. Hi\u1ec7n nay, v\u1edbi n\u1ed7 l\u1ef1c s\u00e1ng t\u1ea1o v\u00e0 \u0111\u1ed5i m\u1edbi, Li-ning \u0111i\u1ec1u h\u00e0nh m\u1ed9t \u201cTrung t\u00e2m s\u00e1ng t\u1ea1o to\u00e0n c\u1ea7u\u201d t\u1ea1i Hongkong, l\u00e0 trung t\u00e2m thi\u1ebft k\u1ebf s\u1ea3n ph\u1ea9m l\u1edbn nh\u1ea5t t\u1ea1i Ch\u00e2u \u00c1 n\u01a1i t\u1eadp trung h\u00e0ng tr\u0103m nh\u00e0 thi\u1ebft k\u1ebf chuy\u00ean nghi\u1ec7p \u0111\u1ebfn t\u1eeb Italia, T\u00e2y Ban Nha, M\u1ef9\u2026 V\u1edbi kh\u1ea9u hi\u1ec7u \u201cMake the change\u201d, Li-ning t\u1ef1 tin mang \u0111\u1ebfn nh\u1eefng s\u1ea3n ph\u1ea9m \u01b0u vi\u1ec7t, thi\u1ebft k\u1ebf phong c\u00e1ch ph\u00f9 h\u1ee3p t\u1eebng m\u00f4n th\u1ec3 thao v\u00e0 ho\u00e0n c\u1ea3nh s\u1eed d\u1ee5ng<\/p>\n<p class=\"QN2lPu\">_____________________<\/p>\n<p class=\"QN2lPu\">#lining #liningchinhhang #liningvietnam #liningstore #liningoffficial #aolining #quanaolining #chinhhang #aolining #polo #aopolo #aothun #tshirt #quanao #aothethao #aothethaonam #aothethaonu #thethao #trangphucthethao #the #thao #nam #nu #ao #thun #aonu #aonam #aogio #aococtay #aococ #aophong #aongantay #quanaothethaonam #quanaothethaonu #bothethao #nam #nu #trangphucgym #aotapgym #aogym #aoliningpgymnam #aolininggymnu #aochaybo #aothunchaybo #aothunthethao #aotapluyen #aocaulong #trangphuccaulong #aobra #aosomi<\/p>\n<\/div>\n","protected":false},"excerpt":{"rendered":"<p>D\u00f2ng \u00e1o thun tho\u00e1ng m\u00e1t nhanh kh\u00f4, s\u1eed d\u1ee5ng m\u00e0u s\u1eafc \u0111\u01a1n gi\u1ea3n, \u0111\u01a1n gi\u1ea3n v\u00e0 gi\u1ea3n d\u1ecb.&nbsp;Ch\u1ea5t li\u1ec7u v\u1ea3i c\u01a1 b\u1ea3n nhanh kh\u00f4, thi\u1ebft k\u1ebf c\u1ed5 tr\u00f2n, d\u1ec5 m\u1eb7c v\u00e0 c\u1edfi.&nbsp;Thi\u1ebft k\u1ebf logo Li-Ning ti\u1ec1n nhi\u1ec7m, tay ngh\u1ec1 t\u1ec9 m\u1ec9, l\u00e0m n\u1ed5i b\u1eadt s\u1ef1 quy\u1ebfn r\u0169 c\u1ee7a th\u01b0\u01a1ng hi\u1ec7u. D\u00f2ng s\u1ea3n ph\u1ea9m AT DRY&#8230;<\/p>\n","protected":false},"featured_media":14081,"comment_status":"open","ping_status":"closed","template":"","meta":[],"product_brand":[],"product_cat":[1087],"product_tag":[],"class_list":{"0":"post-14021","1":"product","2":"type-product","3":"status-publish","4":"has-post-thumbnail","6":"product_cat-ao-the-thao","8":"first","9":"instock","10":"sale","11":"featured","12":"shipping-taxable","13":"purchasable","14":"product-type-variable"},"_links":{"self":[{"href":"https:\/\/web-ban-le.mbws.vn\/the-thao-du-lich\/wp-json\/wp\/v2\/product\/14021","targetHints":{"allow":["GET"]}}],"collection":[{"href":"https:\/\/web-ban-le.mbws.vn\/the-thao-du-lich\/wp-json\/wp\/v2\/product"}],"about":[{"href":"https:\/\/web-ban-le.mbws.vn\/the-thao-du-lich\/wp-json\/wp\/v2\/types\/product"}],"replies":[{"embeddable":true,"href":"https:\/\/web-ban-le.mbws.vn\/the-thao-du-lich\/wp-json\/wp\/v2\/comments?post=14021"}],"wp:featuredmedia":[{"embeddable":true,"href":"https:\/\/web-ban-le.mbws.vn\/the-thao-du-lich\/wp-json\/wp\/v2\/media\/14081"}],"wp:attachment":[{"href":"https:\/\/web-ban-le.mbws.vn\/the-thao-du-lich\/wp-json\/wp\/v2\/media?parent=14021"}],"wp:term":[{"taxonomy":"product_brand","embeddable":true,"href":"https:\/\/web-ban-le.mbws.vn\/the-thao-du-lich\/wp-json\/wp\/v2\/product_brand?post=14021"},{"taxonomy":"product_cat","embeddable":true,"href":"https:\/\/web-ban-le.mbws.vn\/the-thao-du-lich\/wp-json\/wp\/v2\/product_cat?post=14021"},{"taxonomy":"product_tag","embeddable":true,"href":"https:\/\/web-ban-le.mbws.vn\/the-thao-du-lich\/wp-json\/wp\/v2\/product_tag?post=14021"}],"curies":[{"name":"wp","href":"https:\/\/api.w.org\/{rel}","templated":true}]}}