{"id":14062,"date":"2025-10-27T11:00:49","date_gmt":"2025-10-27T04:00:49","guid":{"rendered":"https:\/\/web-ban-le.mbws.vn\/the-thao-du-lich\/?post_type=product&#038;p=14062"},"modified":"2025-11-10T08:07:00","modified_gmt":"2025-11-10T01:07:00","slug":"vot-khung-vot-cau-long-the-thao-li-ning-halbertec-motor-4u-aypu075-4","status":"publish","type":"product","link":"https:\/\/web-ban-le.mbws.vn\/the-thao-du-lich\/san-pham\/vot-khung-vot-cau-long-the-thao-li-ning-halbertec-motor-4u-aypu075-4\/","title":{"rendered":"V\u1ee3t (Khung V\u1ee3t) C\u1ea7u L\u00f4ng Th\u1ec3 Thao Li-Ning Halbertec Motor (4U) AYPU075-4"},"content":{"rendered":"<div class=\"e8lZp3\">\n<p class=\"QN2lPu\">V\u1ee3t C\u1ea7u L\u00f4ng Lining Halbertec Small Motor Pink&nbsp;&nbsp;l\u00e0 s\u1ea3n ph\u1ea9m thu\u1ed9c&nbsp;&nbsp;ph\u00e2n kh\u00fac t\u1ea7m trung c\u1ee7a d\u00f2ng Halbertec&nbsp;h\u01b0\u1edbng \u0111\u1ebfn c\u00e1c \u0111\u1ed1i t\u01b0\u1ee3ng ng\u01b0\u1eddi ch\u01a1i&nbsp;mu\u1ed1n t\u00ecm cho m\u00ecnh m\u1ed9t c\u00e2y v\u1ee3t ch\u1ea5t l\u01b0\u1ee3ng gi\u00e1 th\u00e0nh ph\u00f9 h\u1ee3p .<\/p>\n<p class=\"QN2lPu\">V\u1edbi&nbsp;&nbsp;2 phi\u00ean b\u1ea3n s\u1eafc : M\u00e0u tr\u1eafng v\u00e0 m\u00e0u \u0111\u1ecf, \u0111\u01b0\u1ee3c&nbsp;thi\u1ebft k\u1ebf v\u00f4&nbsp;c\u00f9ng b\u1eaft m\u1eaft v\u1edbi nh\u1eefng chi ti\u1ebft hi\u1ec7n \u0111\u1ea1i, v\u1eeba \u1ea5n t\u01b0\u1ee3ng l\u1ea1i&nbsp;h\u00e0i h\u00f2a, tr\u1ebb trung mang phong c\u00e1ch th\u1eddi th\u01b0\u1ee3ng,<\/p>\n<p class=\"QN2lPu\">Halbertec Small Motor White&nbsp;\u0111\u01b0\u1ee3c trang b\u1ecb s\u1ee3i cacbon si\u00eau \u0111\u00e0n h\u1ed3i, \u0111\u0169a v\u1ee3t m\u1ecfng 6,8mm linh ho\u1ea1t v\u00e0 h\u1ec7 th\u00f4ng h\u1ea5p th\u1ee5 s\u1ed1c m\u1eadt \u0111\u1ed9 cao gi\u00fap c\u00e2y v\u1ee3t \u1ed5n \u0111\u1ecbnh trong nh\u1eefng pha c\u1ea7u c\u00f3 c\u01b0\u1eddng \u0111\u1ed9 m\u1ea1nh, nhanh.&nbsp;<\/p>\n<p class=\"QN2lPu\">C\u00f4ng ngh\u1ec7 v\u1ee3t Li-Ning&nbsp;&nbsp;Halberd Small Motor Pink<\/p>\n<p class=\"QN2lPu\">-STD-MODULUS GRAPHITE:&nbsp;Ch\u1ea5t li\u1ec7u Carbon cao c\u1ea5p t\u1ea1o \u0111\u1ed9 b\u1ec1n, gi\u00fap m\u1eb7t v\u1ee3t ch\u1ecbu l\u1ef1c t\u1ed1t cho s\u1ee9c c\u0103ng t\u1ed1i \u0111a<\/p>\n<p class=\"QN2lPu\">-SONIC BOOM SYSTEM:&nbsp;Th\u00f4ng qua c\u00f4ng ngh\u1ec7 \u00e9p kh\u00ed gi\u00fap n\u00e2ng cao hi\u1ec7u \u1ee9ng si\u00eau \u00e2m c\u1ee7a khung v\u1ee3t, mang t\u1edbi c\u1ea3m gi\u00e1c \u0111\u00e1nh m\u1ea1nh, t\u1ed1c \u0111\u1ed9 c\u1ea7u nhanh. \u00c2m thanh c\u1ee7a v\u1ee3t \u0111\u00e1nh r\u00f5 r\u00e0ng v\u00e0 hi\u1ec7u \u1ee9ng \u00e2m thanh m\u1ea1nh m\u1ebd<\/p>\n<p class=\"QN2lPu\">-7.0MM STD-MODULUS FLEXIBLE SHAFT: C\u1ea3i thi\u1ec7n \u0111i\u1ec3m u\u1ed1n tr\u00ean tr\u1ee5c th\u00e2n v\u1ee3t ph\u00eda tr\u01b0\u1edbc&nbsp;,gi\u00fap cho nh\u1eefng c\u00fa \u0111\u1eadp c\u1ea7u m\u1ea1nh m\u1ebd v\u00e0 uy l\u1ef1c h\u01a1n&nbsp;<\/p>\n<p class=\"QN2lPu\">-STABILIZED&nbsp;LAYOUT&nbsp;:G\u00f3c xo\u1eafn ch\u1ed1ng rung tr\u00ean khung v\u1ee3t t\u0103ng c\u01b0\u1eddng t\u00ednh \u1ed5n \u0111\u1ecbnh l\u1ef1c khi ti\u1ebfp x\u00fac c\u1ea7u, gi\u00fap b\u1ec1 m\u1eb7t v\u1ee3t \u1ed5n \u0111\u1ecbnh khi \u0111i\u1ec1u h\u01b0\u1edbng c\u1ea7u&nbsp;<\/p>\n<p class=\"QN2lPu\">-SW BALANCE: Gi\u00fap khung v\u1ee3t t\u0103ng c\u01b0\u1eddng \u0111\u1ec1u s\u1ef1 c\u00e2n b\u1eb1ng h\u1ed7 tr\u1ee3 ki\u1ec3m so\u00e1t<\/p>\n<p class=\"QN2lPu\">\n<p class=\"QN2lPu\">M\u00d4 T\u1ea2 CHI TI\u1ebeT<\/p>\n<p class=\"QN2lPu\">&nbsp;-Tr\u1ecdng l\u01b0\u1ee3ng \u0111\u1ea7u v\u1ee3t :40.5g<\/p>\n<p class=\"QN2lPu\">&nbsp;-Tr\u1ecdng l\u01b0\u1ee3ng: 4U ( 84+-1g)<\/p>\n<p class=\"QN2lPu\">&nbsp;-\u0110i\u1ec3m c\u00e2n b\u1eb1ng: 295+\/-1mm&nbsp;<\/p>\n<p class=\"QN2lPu\">&nbsp;-\u0110i\u1ec3m Swing: 85.5&nbsp;kg\/cm2<\/p>\n<p class=\"QN2lPu\">&nbsp;-\u0110\u1ed9 c\u1ee9ng :H\u01a1i D\u1ebbo&nbsp;<\/p>\n<p class=\"QN2lPu\">&nbsp;-Tay c\u1ea7m : G5<\/p>\n<p class=\"QN2lPu\">&nbsp;-S\u1ee9c c\u0103ng t\u1ed1i \u0111a:&nbsp;31LBS&nbsp;<\/p>\n<p class=\"QN2lPu\">***********&nbsp;&nbsp;Ph\u00f9 h\u1ee3p v\u1edbi l\u1ed1i ch\u01a1i c\u00f4ng th\u1ee7 to\u00e0n di\u1ec7n ,b\u1eaft l\u01b0\u1edbi nhanh ch\u1edbp nho\u00e1ng<\/p>\n<p class=\"QN2lPu\">\n<p class=\"QN2lPu\">H\u01af\u1edaNG D\u1eaaN B\u1ea2O QU\u1ea2N :<\/p>\n<p class=\"QN2lPu\">&#8211; Gi\u1eb7t s\u1ea1ch v\u1ebft b\u1ea9n \u1edf nhi\u1ec7t \u0111\u1ed9 th\u01b0\u1eddng<\/p>\n<p class=\"QN2lPu\">&#8211; Kh\u00f4ng s\u1eed d\u1ee5ng ch\u1ea5t t\u1ea9y<\/p>\n<p class=\"QN2lPu\">&#8211; Tr\u00e1nh ph\u01a1i tr\u1ef1c ti\u1ebfp d\u01b0\u1edbi \u00e1nh n\u1eafng g\u1eaft<\/p>\n<p class=\"QN2lPu\">\n<p class=\"QN2lPu\">B\u1ea2O H\u00c0NH &amp; \u0110\u1ed4I TR\u1ea2 :<\/p>\n<p class=\"QN2lPu\">&#8211; Kh\u00f4ng b\u1ea3o h\u00e0nh<\/p>\n<p class=\"QN2lPu\">&#8211; \u0110\u1ed5i tr\u1ea3 trong v\u00f2ng 7 ng\u00e0y n\u1ebfu l\u1ed7i ph\u00e1t sinh t\u1eeb ph\u00eda nh\u00e0 s\u1ea3n xu\u1ea5t<\/p>\n<p class=\"QN2lPu\">\n<p class=\"QN2lPu\">TH\u00d4NG TIN TH\u01af\u01a0NG HI\u1ec6U<\/p>\n<p class=\"QN2lPu\">Li-Ning l\u00e0 th\u01b0\u01a1ng hi\u1ec7u n\u1ed5i ti\u1ebfng chuy\u00ean s\u1ea3n xu\u1ea5t c\u00e1c d\u1ee5ng c\u1ee5 th\u1ec3 thao \u0111\u01b0\u1ee3c th\u00e0nh l\u1eadp v\u00e0o n\u0103m 1990. V\u1edbi n\u1ed7 l\u1ef1c th\u00fac \u0111\u1ea9y s\u1ef1 ph\u00e1t tri\u1ec3n c\u1ee7a ng\u00e0nh th\u1ec3 thao, mong mu\u1ed1n cung c\u1ea5p c\u00e1c s\u1ea3n ph\u1ea9m ch\u1ea5t l\u01b0\u1ee3ng nh\u1ea5t \u0111\u1ebfn tay ng\u01b0\u1eddi ti\u00eau d\u00f9ng, th\u01b0\u01a1ng hi\u1ec7u Li-Ning \u0111\u00e3 danh gi\u00e1 n\u1eb1m trong top 4 c\u00e1c th\u01b0\u01a1ng hi\u1ec7u n\u1ed5i ti\u1ebfng nh\u1ea5t tr\u00ean th\u1ebf gi\u1edbi do Hi\u1ec7p h\u1ed9i s\u1ea3n xu\u1ea5t h\u00e0ng c\u00f4ng nghi\u1ec7p th\u1ec3 thao th\u1ebf gi\u1edbi b\u00ecnh ch\u1ecdn.&nbsp;<\/p>\n<p class=\"QN2lPu\">Trong l\u0129nh v\u1ef1c c\u1ea7u l\u00f4ng, Li-Ning lu\u00f4n \u0111\u1ed3ng h\u00e0nh c\u00f9ng Li\u00ean \u0111o\u00e0n C\u1ea7u l\u00f4ng Th\u1ebf gi\u1edbi trong c\u00e1c gi\u1ea3i \u0111\u1ea5u quy m\u00f4 l\u1edbn nh\u01b0: Gi\u1ea3i v\u00f4 \u0111\u1ecbch C\u1ea7u l\u00f4ng Th\u1ebf gi\u1edbi, Thomas Cup hay Uber Cup\u2026&nbsp;<\/p>\n<p class=\"QN2lPu\">L\u00e0 th\u01b0\u01a1ng hi\u1ec7u d\u1ee5ng c\u1ee5 c\u1ea7u l\u00f4ng c\u00f3 t\u1ed1c \u0111\u1ed9 ph\u00e1t tri\u1ec3n nhanh nh\u1ea5t tr\u00ean th\u1ebf gi\u1edbi, c\u00e1c s\u1ea3n ph\u1ea9m c\u1ee7a Li-Ning \u0111\u01b0\u1ee3c c\u00e1c tay v\u1ee3t c\u1ea7u l\u00f4ng h\u00e0ng \u0111\u1ea7u th\u1ebf gi\u1edbi nh\u01b0: Chen Long, Cai Yun, Fu Haifeng, Zhang Nan, Wang Yihan, Wang Shixian v\u00e0 r\u1ea5t nhi\u1ec1u c\u00e1c tay v\u1ee3t n\u1ed5i ti\u1ebfng kh\u00e1c tin t\u01b0\u1edfng l\u1ef1a ch\u1ecdn.<\/p>\n<p class=\"QN2lPu\">&nbsp;C\u00e1c s\u1ea3n ph\u1ea9m d\u1ee5ng c\u1ee5 c\u1ea7u l\u00f4ng Li-Ning n\u1ed5i b\u1eadt v\u1edbi m\u1eabu m\u00e3 \u0111a d\u1ea1ng c\u00f9ng c\u00f4ng ngh\u1ec7 v\u01b0\u1ee3t tr\u1ed9i h\u1ed7 tr\u1ee3 v\u00e0 ph\u00e1t huy t\u1ed1i \u0111a s\u1ee9c m\u1ea1nh c\u1ee7a ng\u01b0\u1eddi ch\u01a1i \u1edf t\u1eebng c\u1ea5p \u0111\u1ed9 kh\u00e1c nhau. B\u00ean c\u1ea1nh \u0111\u00f3, gi\u00e0y c\u1ea7u l\u00f4ng \u00eam \u00e1i, gi\u1ea3m ch\u1ea5n th\u01b0\u01a1ng; trang ph\u1ee5c c\u1ea7u l\u00f4ng Li-Ning c\u0169ng g\u00e2y \u0111\u01b0\u1ee3c s\u1ee9c h\u00fat v\u1edbi ng\u01b0\u1eddi ch\u01a1i th\u1ec3 thao b\u1edfi thi\u1ebft k\u1ebf th\u1eddi trang, ch\u1ea5t li\u1ec7u v\u1ea3i m\u1ec1m m\u1ecbn, co gi\u00e3n, tho\u00e1ng kh\u00ed v\u00e0 tho\u00e1t m\u1ed3 h\u00f4i t\u1ed1t.&nbsp;<\/p>\n<p class=\"QN2lPu\">Ngo\u00e0i b\u1ed9 m\u00f4n th\u1ec3 thao c\u1ea7u l\u00f4ng, Li-Ning c\u00f2n \u0111\u01b0\u1ee3c bi\u1ebft \u0111\u1ebfn l\u00e0 nh\u00e0 t\u00e0i tr\u1ee3 ch\u00ednh th\u1ee9c cho nhi\u1ec1u \u0111\u1ed9i tuy\u1ec3n qu\u1ed1c gia v\u00e0 c\u00e1c v\u1eadn \u0111\u1ed9ng vi\u00ean v\u00f4 \u0111\u1ecbch Olympic, v\u00f4 \u0111\u1ecbch th\u1ebf gi\u1edbi nh\u01b0: \u0110\u1ed9i tuy\u1ec3n b\u00f3ng r\u1ed5 nh\u00e0 ngh\u1ec1 M\u1ef9 NBA, \u0111\u1ed9i tuy\u1ec3n b\u00f3ng r\u1ed5 nam v\u00e0 n\u1eef qu\u1ed1c gia T\u00e2y Ban Nha, li\u00ean \u0111o\u00e0n b\u00f3ng r\u1ed5 T\u00e2y Ban Nha, li\u00ean \u0111o\u00e0n b\u00f3ng r\u1ed5 Argentina, li\u00ean \u0111o\u00e0n b\u00f3ng b\u00e0n Singapore\u2026vv.<\/p>\n<\/div>\n","protected":false},"excerpt":{"rendered":"<p>V\u1ee3t C\u1ea7u L\u00f4ng Lining Halbertec Small Motor Pink&nbsp;&nbsp;l\u00e0 s\u1ea3n ph\u1ea9m thu\u1ed9c&nbsp;&nbsp;ph\u00e2n kh\u00fac t\u1ea7m trung c\u1ee7a d\u00f2ng Halbertec&nbsp;h\u01b0\u1edbng \u0111\u1ebfn c\u00e1c \u0111\u1ed1i t\u01b0\u1ee3ng ng\u01b0\u1eddi ch\u01a1i&nbsp;mu\u1ed1n t\u00ecm cho m\u00ecnh m\u1ed9t c\u00e2y v\u1ee3t ch\u1ea5t l\u01b0\u1ee3ng gi\u00e1 th\u00e0nh ph\u00f9 h\u1ee3p . V\u1edbi&nbsp;&nbsp;2 phi\u00ean b\u1ea3n s\u1eafc : M\u00e0u tr\u1eafng v\u00e0 m\u00e0u \u0111\u1ecf, \u0111\u01b0\u1ee3c&nbsp;thi\u1ebft k\u1ebf v\u00f4&nbsp;c\u00f9ng b\u1eaft m\u1eaft v\u1edbi nh\u1eefng chi ti\u1ebft&#8230;<\/p>\n","protected":false},"featured_media":14106,"comment_status":"open","ping_status":"closed","template":"","meta":[],"product_brand":[],"product_cat":[1211],"product_tag":[],"class_list":{"0":"post-14062","1":"product","2":"type-product","3":"status-publish","4":"has-post-thumbnail","6":"product_cat-cau-long","8":"first","9":"instock","10":"sale","11":"featured","12":"shipping-taxable","13":"purchasable","14":"product-type-simple"},"_links":{"self":[{"href":"https:\/\/web-ban-le.mbws.vn\/the-thao-du-lich\/wp-json\/wp\/v2\/product\/14062","targetHints":{"allow":["GET"]}}],"collection":[{"href":"https:\/\/web-ban-le.mbws.vn\/the-thao-du-lich\/wp-json\/wp\/v2\/product"}],"about":[{"href":"https:\/\/web-ban-le.mbws.vn\/the-thao-du-lich\/wp-json\/wp\/v2\/types\/product"}],"replies":[{"embeddable":true,"href":"https:\/\/web-ban-le.mbws.vn\/the-thao-du-lich\/wp-json\/wp\/v2\/comments?post=14062"}],"wp:featuredmedia":[{"embeddable":true,"href":"https:\/\/web-ban-le.mbws.vn\/the-thao-du-lich\/wp-json\/wp\/v2\/media\/14106"}],"wp:attachment":[{"href":"https:\/\/web-ban-le.mbws.vn\/the-thao-du-lich\/wp-json\/wp\/v2\/media?parent=14062"}],"wp:term":[{"taxonomy":"product_brand","embeddable":true,"href":"https:\/\/web-ban-le.mbws.vn\/the-thao-du-lich\/wp-json\/wp\/v2\/product_brand?post=14062"},{"taxonomy":"product_cat","embeddable":true,"href":"https:\/\/web-ban-le.mbws.vn\/the-thao-du-lich\/wp-json\/wp\/v2\/product_cat?post=14062"},{"taxonomy":"product_tag","embeddable":true,"href":"https:\/\/web-ban-le.mbws.vn\/the-thao-du-lich\/wp-json\/wp\/v2\/product_tag?post=14062"}],"curies":[{"name":"wp","href":"https:\/\/api.w.org\/{rel}","templated":true}]}}