{"id":14132,"date":"2025-10-27T11:01:38","date_gmt":"2025-10-27T04:01:38","guid":{"rendered":"https:\/\/web-ban-le.mbws.vn\/the-thao-du-lich\/?post_type=product&#038;p=14132"},"modified":"2025-11-10T08:06:59","modified_gmt":"2025-11-10T01:06:59","slug":"quan-lot-the-thao-nam-li-ning-auau005-10v","status":"publish","type":"product","link":"https:\/\/web-ban-le.mbws.vn\/the-thao-du-lich\/san-pham\/quan-lot-the-thao-nam-li-ning-auau005-10v\/","title":{"rendered":"Qu\u1ea7n L\u00f3t Th\u1ec3 Thao Nam Li-Ning AUAU005-10V"},"content":{"rendered":"<div class=\"e8lZp3\">\n<p class=\"QN2lPu\">\u0110\u1eb6C \u0110I\u1ec2M N\u1ed4I B\u1eacT :<\/p>\n<p class=\"QN2lPu\">AT DRY FREEZE&nbsp;: Khi da ti\u1ebfp x\u00fac v\u1edbi v\u1ea3i, do t\u1ed3n t\u1ea1i m\u1ed9t ch\u00eanh l\u1ec7ch nhi\u1ec7t \u0111\u1ed9 nh\u1ea5t \u0111\u1ecbnh, g\u00e2y ra s\u1ef1 trao \u0111\u1ed5i nhi\u1ec7t, l\u00e0m cho da c\u1ea3m th\u1ea5y m\u00e1t l\u1ea1nh trong ch\u1edbp m\u1eaft. S\u1ef1 m\u1ea5t nhi\u1ec7t c\u1ee7a c\u01a1 th\u1ec3 \u0111\u01b0\u1ee3c t\u1ea1o th\u00e0nh t\u1eeb hai ph\u1ea7n, m\u1ed9t ph\u1ea7n l\u00e0 v\u1ea3i t\u1ef1 h\u1ea5p th\u1ee5 nhi\u1ec7t, ph\u1ea7n c\u00f2n l\u1ea1i l\u00e0 th\u00f4ng qua v\u1ea3i \u0111\u1ec3 truy\u1ec1n nhi\u1ec7t \u0111\u1ebfn m\u00f4i tr\u01b0\u1eddng b\u00ean ngo\u00e0i<\/p>\n<p class=\"QN2lPu\">LYCRA&nbsp;: V\u1ea3i Lycra mang nhi\u1ec1u \u0111\u1eb7c t\u00ednh n\u1ed5i b\u1eadt, \u0111i\u1ec3n h\u00ecnh nh\u01b0 c\u00f3 \u0111\u1ed9 co gi\u00e3n t\u1ed1t, m\u1ecfng m\u1ecbn v\u00e0 m\u1ec1m m\u1ea1i. C\u00f4ng ngh\u1ec7 Lycraxfit mang l\u1ea1i s\u1ef1 tho\u1ea3i m\u00e1i v\u00e0 v\u1eeba v\u1eb7n 360\u00b0<\/p>\n<p class=\"QN2lPu\">Ch\u1ea5t li\u1ec7u ch\u1ea5t l\u01b0\u1ee3ng cao:&nbsp;S\u1eed d\u1ee5ng v\u1eadt li\u1ec7u ch\u1ed1ng chafing, tho\u00e1ng kh\u00ed, v\u00e0 co gi\u00e3n t\u1ed1t \u0111\u1ec3 mang l\u1ea1i c\u1ea3m gi\u00e1c tho\u1ea3i m\u00e1i v\u00e0 h\u1ed7 tr\u1ee3 trong ho\u1ea1t \u0111\u1ed9ng th\u1ec3 thao.<\/p>\n<p class=\"QN2lPu\">Thi\u1ebft k\u1ebf tho\u00e1ng kh\u00ed: \u0110\u01b0\u1ee3c thi\u1ebft k\u1ebf v\u1edbi c\u00e1c v\u00f9ng tho\u00e1ng kh\u00ed \u0111\u1ec3 gi\u1ea3m t\u00ecnh tr\u1ea1ng \u1ea9m \u01b0\u1edbt v\u00e0 t\u1ea1o c\u1ea3m gi\u00e1c tho\u1ea3i m\u00e1i.<\/p>\n<p class=\"QN2lPu\">C\u00f4ng ngh\u1ec7 ch\u1ed1ng m\u00f9i: S\u1eed d\u1ee5ng c\u00f4ng ngh\u1ec7 ch\u1ed1ng m\u00f9i kh\u00e1ng khu\u1ea9n \u0111\u1ec3 ki\u1ec3m so\u00e1t m\u00f9i c\u01a1 th\u1ec3 trong qu\u00e1 tr\u00ecnh ho\u1ea1t \u0111\u1ed9ng.<\/p>\n<p class=\"QN2lPu\">\u0110\u00e0n h\u1ed3i t\u1ed1t:&nbsp;Thi\u1ebft k\u1ebf v\u1edbi ch\u00fa \u00fd \u0111\u1ebfn \u0111\u00e0n h\u1ed3i \u0111\u1ec3 gi\u1eef cho qu\u1ea7n s\u1ecbp v\u1eeba v\u1eb7n v\u00e0 tho\u1ea3i m\u00e1i trong m\u1ecdi t\u00ecnh hu\u1ed1ng.<\/p>\n<p class=\"QN2lPu\">Ki\u1ec3u d\u00e1ng th\u1eddi trang:&nbsp;C\u00f3 th\u1ec3 c\u00f3 c\u00e1c ki\u1ec3u d\u00e1ng th\u1eddi trang v\u00e0 m\u00e0u s\u1eafc phong c\u00e1ch \u0111\u1ec3 \u0111\u00e1p \u1ee9ng s\u1edf th\u00edch c\u1ee7a ng\u01b0\u1eddi ti\u00eau d\u00f9ng.<\/p>\n<p class=\"QN2lPu\">\n<p class=\"QN2lPu\">M\u00d4 T\u1ea2 CHI TI\u1ebeT :<\/p>\n<p class=\"QN2lPu\">Ch\u1ea5t li\u1ec7u: Modal94% Elastane6%<\/p>\n<p class=\"QN2lPu\">Quy c\u00e1ch \u0111\u00f3ng g\u00f3i :&nbsp;3 chi\u1ebfc<\/p>\n<p class=\"QN2lPu\">C\u00f4ng ngh\u1ec7 : AT-BACTERIA, LYCRA<\/p>\n<p class=\"QN2lPu\">D\u00f2ng s\u1ea3n ph\u1ea9m : Fitness\/Luy\u1ec7n t\u1eadp<\/p>\n<p class=\"QN2lPu\">Form d\u00e1ng :Tight Fit<\/p>\n<p class=\"QN2lPu\">Form ch\u1ecdn size : Vi\u1ec7t Nam<\/p>\n<p class=\"QN2lPu\">\n<p class=\"QN2lPu\">H\u01af\u1edaNG D\u1eaaN B\u1ea2O QU\u1ea2N :<\/p>\n<p class=\"QN2lPu\">&#8211; Gi\u1eb7t s\u1ea1ch v\u1ebft b\u1ea9n \u1edf nhi\u1ec7t \u0111\u1ed9 th\u01b0\u1eddng<\/p>\n<p class=\"QN2lPu\">&#8211; Kh\u00f4ng s\u1eed d\u1ee5ng ch\u1ea5t t\u1ea9y<\/p>\n<p class=\"QN2lPu\">&#8211; Tr\u00e1nh ph\u01a1i tr\u1ef1c ti\u1ebfp d\u01b0\u1edbi \u00e1nh n\u1eafng g\u1eaft<\/p>\n<p class=\"QN2lPu\">\n<p class=\"QN2lPu\">B\u1ea2O H\u00c0NH &amp; \u0110\u1ed4I TR\u1ea2 :<\/p>\n<p class=\"QN2lPu\">&#8211; Kh\u00f4ng b\u1ea3o h\u00e0nh<\/p>\n<p class=\"QN2lPu\">&#8211; \u0110\u1ed5i tr\u1ea3 trong v\u00f2ng 7 ng\u00e0y n\u1ebfu l\u1ed7i ph\u00e1t sinh t\u1eeb ph\u00eda nh\u00e0 s\u1ea3n xu\u1ea5t<\/p>\n<p class=\"QN2lPu\">\n<p class=\"QN2lPu\">I. QUY \u0110\u1ecaNH \u0110\u1ed4I H\u00c0NG ONLINE<\/p>\n<p class=\"QN2lPu\">Ch\u00ednh s\u00e1ch \u00e1p d\u1ee5ng<\/p>\n<p class=\"QN2lPu\">&#8211; \u00c1p d\u1ee5ng 01 l\u1ea7n \u0111\u1ed5i\/01 \u0111\u01a1n h\u00e0ng<\/p>\n<p class=\"QN2lPu\">&#8211; Kh\u00f4ng \u00e1p d\u1ee5ng \u0111\u1ed5i v\u1edbi s\u1ea3n ph\u1ea9m ph\u1ee5 ki\u1ec7n, \u0111\u1ed3 l\u00f3t v\u00e0 h\u00e0ng gi\u1ea3m gi\u00e1.<\/p>\n<p class=\"QN2lPu\">&#8211; S\u1ea3n ph\u1ea9m nguy\u00ean gi\u00e1 \u0111\u01b0\u1ee3c \u0111\u1ed5i sang s\u1ea3n ph\u1ea9m nguy\u00ean kh\u00e1c c\u00f2n h\u00e0ng c\u00f3 gi\u00e1 tr\u1ecb b\u1eb1ng ho\u1eb7c l\u1edbn h\u01a1n (KH b\u00f9 th\u00eam ch\u00eanh l\u1ec7ch n\u1ebfu l\u1edbn h\u01a1n) , gi\u00e1 \u00e1p d\u1ee5ng t\u1ea1i th\u1eddi \u0111i\u1ec3m \u0111\u1ed5i h\u00e0ng.<\/p>\n<p class=\"QN2lPu\">&#8211; S\u1ea3n ph\u1ea9m gi\u1ea3m gi\u00e1 b\u1ea1n \u0111\u01b0\u1ee3c h\u1ed7 tr\u1ee3 \u0111\u1ed5i  size ( n\u1ebfu c\u00f2n)  theo quy ch\u1ebf t\u1eebng ch\u01b0\u01a1ng tr\u00ecnh.<\/p>\n<p class=\"QN2lPu\">II. \u0110I\u1ec0U KI\u1ec6N \u0110\u1ed4I S\u1ea2N PH\u1ea8M<\/p>\n<p class=\"QN2lPu\">&#8211; Th\u1eddi gian \u0111\u1ee7 \u0111i\u1ec1u ki\u1ec7n \u0111\u1ed5i s\u1ea3n ph\u1ea9m trong v\u00f2ng 07 ng\u00e0y k\u1ec3 t\u1eeb ng\u00e0y b\u1ea1n nh\u1eadn s\u1ea3n ph\u1ea9m.<\/p>\n<p class=\"QN2lPu\">&#8211; S\u1ea3n ph\u1ea9m c\u00f2n nguy\u00ean tem, m\u00e1c v\u00e0 ch\u01b0a qua s\u1eed d\u1ee5ng.<\/p>\n<p class=\"QN2lPu\">\n<p class=\"QN2lPu\">TH\u00d4NG TIN TH\u01af\u01a0NG HI\u1ec6U :<\/p>\n<p class=\"QN2lPu\">N\u0103m 1990, t\u1eadp \u0111o\u00e0n s\u1ea3n xu\u1ea5t d\u1ee5ng c\u1ee5 th\u1ec3 thao Li-ning Sports \u0111\u01b0\u1ee3c th\u00e0nh l\u1eadp b\u1edfi Li Ning &#8211; m\u1ed9t trong nh\u1eefng v\u1eadn \u0111\u1ed9ng vi\u00ean xu\u1ea5t s\u1eafc nh\u1ea5t th\u1ebf k\u1ef7 20. Ch\u01b0a \u0111\u1ea7y 20 n\u0103m sau, th\u01b0\u01a1ng hi\u1ec7u n\u00e0y \u0111\u00e3 n\u1eb1m trong top nh\u1eefng h\u00e3ng th\u1eddi trang th\u1ec3 thao h\u00e0ng \u0111\u1ea7u th\u1ebf gi\u1edbi. Hi\u1ec7n nay, v\u1edbi n\u1ed7 l\u1ef1c s\u00e1ng t\u1ea1o v\u00e0 \u0111\u1ed5i m\u1edbi, Li-ning \u0111i\u1ec1u h\u00e0nh m\u1ed9t \u201cTrung t\u00e2m s\u00e1ng t\u1ea1o to\u00e0n c\u1ea7u\u201d t\u1ea1i Hongkong, l\u00e0 trung t\u00e2m thi\u1ebft k\u1ebf s\u1ea3n ph\u1ea9m l\u1edbn nh\u1ea5t t\u1ea1i Ch\u00e2u \u00c1 n\u01a1i t\u1eadp trung h\u00e0ng tr\u0103m nh\u00e0 thi\u1ebft k\u1ebf chuy\u00ean nghi\u1ec7p \u0111\u1ebfn t\u1eeb Italia, T\u00e2y Ban Nha, M\u1ef9\u2026 V\u1edbi kh\u1ea9u hi\u1ec7u \u201cMake the change\u201d, Li-ning t\u1ef1 tin mang \u0111\u1ebfn nh\u1eefng s\u1ea3n ph\u1ea9m \u01b0u vi\u1ec7t, thi\u1ebft k\u1ebf phong c\u00e1ch ph\u00f9 h\u1ee3p t\u1eebng m\u00f4n th\u1ec3 thao v\u00e0 ho\u00e0n c\u1ea3nh s\u1eed d\u1ee5ng.<\/p>\n<p class=\"QN2lPu\">____________________<\/p>\n<p class=\"QN2lPu\">#boxernam #quan #quanlot #quanlotdui #quantamgiac #quanlotnam #thethao #quanlotthethao #thethaonam #quanlotthethaonam #thoitrang #fashion #lining #liningofficial #liningvietnam #shopeelining #quanship #quanshipthethao #quanshipcotton #quanshipdui #quanlopcotton<\/p>\n<\/div>\n","protected":false},"excerpt":{"rendered":"<p>\u0110\u1eb6C \u0110I\u1ec2M N\u1ed4I B\u1eacT : AT DRY FREEZE&nbsp;: Khi da ti\u1ebfp x\u00fac v\u1edbi v\u1ea3i, do t\u1ed3n t\u1ea1i m\u1ed9t ch\u00eanh l\u1ec7ch nhi\u1ec7t \u0111\u1ed9 nh\u1ea5t \u0111\u1ecbnh, g\u00e2y ra s\u1ef1 trao \u0111\u1ed5i nhi\u1ec7t, l\u00e0m cho da c\u1ea3m th\u1ea5y m\u00e1t l\u1ea1nh trong ch\u1edbp m\u1eaft. S\u1ef1 m\u1ea5t nhi\u1ec7t c\u1ee7a c\u01a1 th\u1ec3 \u0111\u01b0\u1ee3c t\u1ea1o th\u00e0nh t\u1eeb hai ph\u1ea7n, m\u1ed9t ph\u1ea7n l\u00e0&#8230;<\/p>\n","protected":false},"featured_media":14169,"comment_status":"open","ping_status":"closed","template":"","meta":[],"product_brand":[],"product_cat":[1281],"product_tag":[],"class_list":{"0":"post-14132","1":"product","2":"type-product","3":"status-publish","4":"has-post-thumbnail","6":"product_cat-quan-lot","8":"first","9":"instock","10":"sale","11":"featured","12":"shipping-taxable","13":"purchasable","14":"product-type-variable"},"_links":{"self":[{"href":"https:\/\/web-ban-le.mbws.vn\/the-thao-du-lich\/wp-json\/wp\/v2\/product\/14132","targetHints":{"allow":["GET"]}}],"collection":[{"href":"https:\/\/web-ban-le.mbws.vn\/the-thao-du-lich\/wp-json\/wp\/v2\/product"}],"about":[{"href":"https:\/\/web-ban-le.mbws.vn\/the-thao-du-lich\/wp-json\/wp\/v2\/types\/product"}],"replies":[{"embeddable":true,"href":"https:\/\/web-ban-le.mbws.vn\/the-thao-du-lich\/wp-json\/wp\/v2\/comments?post=14132"}],"wp:featuredmedia":[{"embeddable":true,"href":"https:\/\/web-ban-le.mbws.vn\/the-thao-du-lich\/wp-json\/wp\/v2\/media\/14169"}],"wp:attachment":[{"href":"https:\/\/web-ban-le.mbws.vn\/the-thao-du-lich\/wp-json\/wp\/v2\/media?parent=14132"}],"wp:term":[{"taxonomy":"product_brand","embeddable":true,"href":"https:\/\/web-ban-le.mbws.vn\/the-thao-du-lich\/wp-json\/wp\/v2\/product_brand?post=14132"},{"taxonomy":"product_cat","embeddable":true,"href":"https:\/\/web-ban-le.mbws.vn\/the-thao-du-lich\/wp-json\/wp\/v2\/product_cat?post=14132"},{"taxonomy":"product_tag","embeddable":true,"href":"https:\/\/web-ban-le.mbws.vn\/the-thao-du-lich\/wp-json\/wp\/v2\/product_tag?post=14132"}],"curies":[{"name":"wp","href":"https:\/\/api.w.org\/{rel}","templated":true}]}}