{"id":14178,"date":"2025-10-27T11:01:58","date_gmt":"2025-10-27T04:01:58","guid":{"rendered":"https:\/\/web-ban-le.mbws.vn\/the-thao-du-lich\/?post_type=product&#038;p=14178"},"modified":"2025-11-10T08:06:59","modified_gmt":"2025-11-10T01:06:59","slug":"ao-t-shirt-the-thao-chuyen-nghiep-li-ning-bong-ban-cau-long-pickleball-nam-p-aayv115-3v","status":"publish","type":"product","link":"https:\/\/web-ban-le.mbws.vn\/the-thao-du-lich\/san-pham\/ao-t-shirt-the-thao-chuyen-nghiep-li-ning-bong-ban-cau-long-pickleball-nam-p-aayv115-3v\/","title":{"rendered":"\u00c1o T-shirt Th\u1ec3 Thao Chuy\u00ean Nghi\u1ec7p Li-Ning B\u00f3ng B\u00e0n\/C\u1ea7u L\u00f4ng\/Pickleball Nam P-AAYV115-3V"},"content":{"rendered":"<div class=\"e8lZp3\">\n<p class=\"QN2lPu\">\u00c1o b\u00f3ng b\u00e0n Li Ning thi \u0111\u1ea5u nhanh kh\u00f4, tho\u00e1ng m\u00e1t v\u1edbi thi\u1ebft k\u1ebf ph\u1ed1i m\u00e0u \u0111\u01a1n gi\u1ea3n, mang \u0111\u1ebfn v\u1ebb ngo\u00e0i gi\u1ea3n d\u1ecb v\u00e0 tho\u1ea3i m\u00e1i. Thi\u1ebft k\u1ebf logo th\u01b0\u01a1ng hi\u1ec7u Li Ning v\u00e0 tay ngh\u1ec1 t\u1ec9 m\u1ec9 l\u00e0m n\u1ed5i b\u1eadt n\u00e9t quy\u1ebfn r\u0169 c\u1ee7a th\u01b0\u01a1ng hi\u1ec7u. M\u00e0u s\u1eafc \u0111\u01a1n gi\u1ea3n, th\u1eddi trang v\u00e0 \u0111a n\u0103ng, mang \u0111\u1ebfn c\u1ea3m gi\u00e1c th\u1ec3 thao. C\u00f4ng ngh\u1ec7<\/p>\n<p class=\"QN2lPu\">LN DRY nhanh kh\u00f4<\/p>\n<p class=\"QN2lPu\">c\u1ee7a Li Ning gi\u00fap m\u1ed3 h\u00f4i nhanh ch\u00f3ng tho\u00e1t h\u01a1i, gi\u1eef cho c\u01a1 th\u1ec3 lu\u00f4n kh\u00f4 r\u00e1o v\u00e0 m\u00e1t m\u1ebb.<\/p>\n<p class=\"QN2lPu\">\n<p class=\"QN2lPu\">M\u00d4 T\u1ea2 CHI TI\u1ebeT :<\/p>\n<p class=\"QN2lPu\">Ch\u1ea5t li\u1ec7u :&nbsp;Polyester100%<\/p>\n<p class=\"QN2lPu\">C\u00f4ng ngh\u1ec7 :&nbsp;AT DRY<\/p>\n<p class=\"QN2lPu\">D\u00f2ng s\u1ea3n ph\u1ea9m : C\u1ea7u l\u00f4ng\/Badminton<\/p>\n<p class=\"QN2lPu\">Form d\u00e1ng :&nbsp;Regular Fit<\/p>\n<p class=\"QN2lPu\">Xu\u1ea5t x\u1ee9: Trung Qu\u1ed1c<\/p>\n<p class=\"QN2lPu\">\n<p class=\"QN2lPu\">H\u01af\u1edaNG D\u1eaaN B\u1ea2O QU\u1ea2N :<\/p>\n<p class=\"QN2lPu\">&#8211; Gi\u1eb7t s\u1ea1ch v\u1ebft b\u1ea9n \u1edf nhi\u1ec7t \u0111\u1ed9 th\u01b0\u1eddng<\/p>\n<p class=\"QN2lPu\">&#8211; Kh\u00f4ng s\u1eed d\u1ee5ng ch\u1ea5t t\u1ea9y<\/p>\n<p class=\"QN2lPu\">&#8211; Tr\u00e1nh ph\u01a1i tr\u1ef1c ti\u1ebfp d\u01b0\u1edbi \u00e1nh n\u1eafng g\u1eaft<\/p>\n<p class=\"QN2lPu\">\n<p class=\"QN2lPu\">B\u1ea2O H\u00c0NH &amp; \u0110\u1ed4I TR\u1ea2 :<\/p>\n<p class=\"QN2lPu\">&#8211; Kh\u00f4ng b\u1ea3o h\u00e0nh<\/p>\n<p class=\"QN2lPu\">&#8211; \u0110\u1ed5i tr\u1ea3 trong v\u00f2ng 7 ng\u00e0y n\u1ebfu l\u1ed7i ph\u00e1t sinh t\u1eeb ph\u00eda nh\u00e0 s\u1ea3n xu\u1ea5t<\/p>\n<p class=\"QN2lPu\">\n<p class=\"QN2lPu\">TH\u00d4NG TIN TH\u01af\u01a0NG HI\u1ec6U :<\/p>\n<p class=\"QN2lPu\">L\u00e0 m\u1ed9t trong nh\u1eefng th\u01b0\u01a1ng hi\u1ec7u th\u1eddi trang th\u1ec3 thao h\u00e0ng \u0111\u1ea7u th\u1ebf gi\u1edbi, Li-Ning \u0111i\u1ec1u h\u00e0nh m\u1ed9t &#8220;Trung t\u00e2m s\u00e1ng t\u1ea1o to\u00e0n c\u1ea7u&#8221; t\u1ea1i H\u1ed3ng K\u00f4ng &#8211; Th\u00e0nh ph\u1ed1 th\u1eddi trang l\u1edbn nh\u1ea5t Ch\u00e2u \u00c1 &#8211; \u0110\u00e2y l\u00e0 &#8220;\u0111\u1ea1i b\u1ea3n doanh s\u00e1ng t\u1ea1o&#8221; uy t\u00edn c\u1ee7a Li-Ning, t\u1eadp trung h\u00e0ng tr\u0103m nh\u00e0 thi\u1ebft k\u1ebf \u0111\u1eb3ng c\u1ea5p \u0111\u1ebfn t\u1eeb Italia, T\u00e2y Ban Nha, M\u1ef9, &#8230;v.v<\/p>\n<p class=\"QN2lPu\">S\u1ea3n ph\u1ea9m th\u1eddi trang th\u1ec3 thao Li-Ning \u0111\u01b0\u1ee3c thi\u1ebft k\u1ebf d\u1ef1a tr\u00ean nh\u1eefng c\u00f4ng ngh\u1ec7 \u01b0u vi\u1ec7t nh\u1ea5t v\u1ec1 k\u0129 thu\u1eadt v\u00e0 ch\u1ea5t li\u1ec7u. V\u1edbi s\u1ef1 \u0111\u1ed5i m\u1edbi kh\u00f4ng ng\u1eebng v\u00e0 \u0111\u1eb7t ti\u00eau ch\u00ed cao v\u1ec1 an to\u00e0n, th\u1eddi trang, th\u1ea9m m\u0129, ti\u1ec7n d\u1ee5ng v\u00e0 gi\u00e1 th\u00e0nh h\u1ee3p l\u00fd; C\u00e1c d\u00f2ng s\u1ea3n ph\u1ea9m c\u1ee7a Li-Ning \u0111a d\u1ea1ng phong c\u00e1ch v\u00e0 ph\u00f9 h\u1ee3p v\u1edbi m\u1ecdi \u0111\u1ed1i t\u01b0\u1ee3ng. \u0110\u00f3 l\u00e0 d\u00f2ng s\u1ea3n ph\u1ea9m d\u00e0nh ri\u00eang cho thi \u0111\u1ea5u th\u1ec3 thao th\u00e0nh t\u00edch cao v\u1edbi nh\u1eefng h\u1ed7 tr\u1ee3 t\u1ed1i \u0111a cho v\u1eadn \u0111\u1ed9ng vi\u00ean chuy\u00ean nghi\u1ec7p. \u0110\u00f3 l\u00e0 d\u00f2ng s\u1ea3n ph\u1ea9m ti\u1ec7n d\u1ee5ng v\u1edbi phong c\u00e1ch m\u1ea1nh m\u1ebd, c\u00e1 t\u00ednh ho\u1eb7c tr\u00e0n \u0111\u1ea7y s\u1ef1 cu\u1ed1n h\u00fat m\u1ec1m m\u1ea1i ho\u1eb7c \u0111\u1ea7y t\u00ednh ng\u1eabu h\u1ee9ng d\u00e0nh cho c\u00e1c trang ph\u1ee5c trong sinh ho\u1ea1t h\u00e0ng ng\u00e0y, nh\u01b0: \u0111i l\u00e0m, d\u1ea1o ph\u1ed1, picnic, t\u1eadp luy\u1ec7n \u2026m\u00e0 v\u1eabn gi\u1eef \u0111\u01b0\u1ee3c v\u1ebb \u0111\u1eb9p n\u0103ng \u0111\u1ed9ng c\u1ee7a phong c\u00e1ch th\u1ec3 thao.<\/p>\n<p class=\"QN2lPu\">V\u1edbi ph\u01b0\u01a1ng ch\u00e2m \u201cAnything Is Possible\u201d, Li-Ning l\u00e0 m\u00f3n qu\u00e0 thi\u1ebft th\u1ef1c d\u00e0nh cho m\u1ecdi t\u00edn \u0111\u1ed3 y\u00eau th\u00edch th\u1eddi trang th\u1ec3 thao. Ai c\u0169ng c\u00f3 th\u1ec3 s\u1edf h\u1eefu Li-Ning v\u00e0 \u0111\u1ebfn v\u1edbi Li-Ning l\u00e0 \u0111\u1ebfn v\u1edbi nh\u1eefng gi\u1ea5c m\u01a1 c\u00f3 th\u1eadt &#8211; s\u1ef1 m\u1ea1nh m\u1ebd, t\u1ef1 tin v\u00e0 gi\u1ea3i ph\u00f3ng c\u01a1 th\u1ec3. \u0110\u00f3 l\u00e0 s\u1ee9 m\u1ec7nh m\u00e0 t\u1eeb khi ra \u0111\u1eddi \u0111\u1ebfn nay, Li-Ning kh\u00f4ng ng\u1eebng theo \u0111u\u1ed5i.<\/p>\n<p class=\"QN2lPu\">_____________________<\/p>\n<p class=\"QN2lPu\">#lining #liningchinhhang #liningvietnam #liningstore #liningoffficial #aolining #quanaolining #chinhhang #aolining #polo #aopolo #aothun #tshirt #quanao #aothethao #aothethaonam #aothethaonu #thethao #trangphucthethao #the #thao #nam #nu #ao #thun #aonu #aonam #aogio #aococtay #aococ #aophong #aongantay #quanaothethaonam #quanaothethaonu #bothethao #nam #nu #trangphucgym #aotapgym #aogym #aoliningpgymnam #aolininggymnu #aochaybo #aothunchaybo #aothunthethao #aotapluyen #aocaulong #trangphuccaulong #aobra #aosomi<\/p>\n<\/div>\n","protected":false},"excerpt":{"rendered":"<p>\u00c1o b\u00f3ng b\u00e0n Li Ning thi \u0111\u1ea5u nhanh kh\u00f4, tho\u00e1ng m\u00e1t v\u1edbi thi\u1ebft k\u1ebf ph\u1ed1i m\u00e0u \u0111\u01a1n gi\u1ea3n, mang \u0111\u1ebfn v\u1ebb ngo\u00e0i gi\u1ea3n d\u1ecb v\u00e0 tho\u1ea3i m\u00e1i. Thi\u1ebft k\u1ebf logo th\u01b0\u01a1ng hi\u1ec7u Li Ning v\u00e0 tay ngh\u1ec1 t\u1ec9 m\u1ec9 l\u00e0m n\u1ed5i b\u1eadt n\u00e9t quy\u1ebfn r\u0169 c\u1ee7a th\u01b0\u01a1ng hi\u1ec7u. M\u00e0u s\u1eafc \u0111\u01a1n gi\u1ea3n, th\u1eddi trang v\u00e0&#8230;<\/p>\n","protected":false},"featured_media":14194,"comment_status":"open","ping_status":"closed","template":"","meta":[],"product_brand":[],"product_cat":[1087],"product_tag":[],"class_list":{"0":"post-14178","1":"product","2":"type-product","3":"status-publish","4":"has-post-thumbnail","6":"product_cat-ao-the-thao","8":"first","9":"instock","10":"sale","11":"featured","12":"shipping-taxable","13":"purchasable","14":"product-type-variable"},"_links":{"self":[{"href":"https:\/\/web-ban-le.mbws.vn\/the-thao-du-lich\/wp-json\/wp\/v2\/product\/14178","targetHints":{"allow":["GET"]}}],"collection":[{"href":"https:\/\/web-ban-le.mbws.vn\/the-thao-du-lich\/wp-json\/wp\/v2\/product"}],"about":[{"href":"https:\/\/web-ban-le.mbws.vn\/the-thao-du-lich\/wp-json\/wp\/v2\/types\/product"}],"replies":[{"embeddable":true,"href":"https:\/\/web-ban-le.mbws.vn\/the-thao-du-lich\/wp-json\/wp\/v2\/comments?post=14178"}],"wp:featuredmedia":[{"embeddable":true,"href":"https:\/\/web-ban-le.mbws.vn\/the-thao-du-lich\/wp-json\/wp\/v2\/media\/14194"}],"wp:attachment":[{"href":"https:\/\/web-ban-le.mbws.vn\/the-thao-du-lich\/wp-json\/wp\/v2\/media?parent=14178"}],"wp:term":[{"taxonomy":"product_brand","embeddable":true,"href":"https:\/\/web-ban-le.mbws.vn\/the-thao-du-lich\/wp-json\/wp\/v2\/product_brand?post=14178"},{"taxonomy":"product_cat","embeddable":true,"href":"https:\/\/web-ban-le.mbws.vn\/the-thao-du-lich\/wp-json\/wp\/v2\/product_cat?post=14178"},{"taxonomy":"product_tag","embeddable":true,"href":"https:\/\/web-ban-le.mbws.vn\/the-thao-du-lich\/wp-json\/wp\/v2\/product_tag?post=14178"}],"curies":[{"name":"wp","href":"https:\/\/api.w.org\/{rel}","templated":true}]}}