{"id":14227,"date":"2025-10-27T11:02:22","date_gmt":"2025-10-27T04:02:22","guid":{"rendered":"https:\/\/web-ban-le.mbws.vn\/the-thao-du-lich\/?post_type=product&#038;p=14227"},"modified":"2025-11-10T08:06:59","modified_gmt":"2025-11-10T01:06:59","slug":"phu-kien-mu-luoi-trai-the-thao-li-ning-sports-life-amyv075-1v","status":"publish","type":"product","link":"https:\/\/web-ban-le.mbws.vn\/the-thao-du-lich\/san-pham\/phu-kien-mu-luoi-trai-the-thao-li-ning-sports-life-amyv075-1v\/","title":{"rendered":"[Ph\u1ee5 Ki\u1ec7n] M\u0169 L\u01b0\u1ee1i Trai Th\u1ec3 Thao Li-Ning Sports Life AMYV075-1V"},"content":{"rendered":"<div class=\"e8lZp3\">\n<p class=\"QN2lPu\">M\u0169 l\u01b0\u1ee1i trai Li Ning Sports Life Series, ph\u1ed1i m\u00e0u \u0111\u01a1n gi\u1ea3n, tho\u1ea3i m\u00e1i v\u00e0 \u0111a n\u0103ng. Thi\u1ebft k\u1ebf m\u0169 tho\u1ea3i m\u00e1i, th\u1eddi trang th\u1ec3 thao, k\u1ebft h\u1ee3p v\u1ebb \u0111\u1eb9p v\u00e0 t\u00ednh \u1ee9ng d\u1ee5ng. Thi\u1ebft k\u1ebf logo th\u01b0\u01a1ng hi\u1ec7u Li Ning, t\u0103ng th\u00eam c\u1ea3m gi\u00e1c thi\u1ebft k\u1ebf, th\u1eddi trang v\u00e0 \u0111\u1eb9p m\u1eaft.<\/p>\n<p class=\"QN2lPu\">\n<p class=\"QN2lPu\">M\u00d4 T\u1ea2 CHI TI\u1ebeT : <\/p>\n<p class=\"QN2lPu\">Ch\u1ea5t li\u1ec7u:&nbsp;Cotton 97%, Spandex 3%&nbsp;<\/p>\n<p class=\"QN2lPu\">\u0110\u1ed9 th\u1ea5m m\u1ed3 h\u00f4i:&nbsp;Polyester&nbsp;<\/p>\n<p class=\"QN2lPu\">K\u00edch th\u01b0\u1edbc:&nbsp;56~60CM<\/p>\n<p class=\"QN2lPu\">Xu\u1ea5t x\u1ee9: Trung Qu\u1ed1c<\/p>\n<p class=\"QN2lPu\">\n<p class=\"QN2lPu\">H\u01af\u1edaNG D\u1eaaN B\u1ea2O QU\u1ea2N :<\/p>\n<p class=\"QN2lPu\">&#8211; Gi\u1eb7t s\u1ea1ch v\u1ebft b\u1ea9n \u1edf nhi\u1ec7t \u0111\u1ed9 th\u01b0\u1eddng<\/p>\n<p class=\"QN2lPu\">&#8211; Kh\u00f4ng s\u1eed d\u1ee5ng ch\u1ea5t t\u1ea9y<\/p>\n<p class=\"QN2lPu\">&#8211; Tr\u00e1nh ph\u01a1i tr\u1ef1c ti\u1ebfp d\u01b0\u1edbi \u00e1nh n\u1eafng g\u1eaft<\/p>\n<p class=\"QN2lPu\">\n<p class=\"QN2lPu\">B\u1ea2O H\u00c0NH &amp; \u0110\u1ed4I TR\u1ea2 :<\/p>\n<p class=\"QN2lPu\">&#8211; Kh\u00f4ng b\u1ea3o h\u00e0nh<\/p>\n<p class=\"QN2lPu\">&#8211; \u0110\u1ed5i tr\u1ea3 trong v\u00f2ng 7 ng\u00e0y n\u1ebfu l\u1ed7i ph\u00e1t sinh t\u1eeb ph\u00eda nh\u00e0 s\u1ea3n xu\u1ea5t<\/p>\n<p class=\"QN2lPu\">\n<p class=\"QN2lPu\">TH\u00d4NG TIN TH\u01af\u01a0NG HI\u1ec6U :<\/p>\n<p class=\"QN2lPu\">N\u0103m 1990, t\u1eadp \u0111o\u00e0n s\u1ea3n xu\u1ea5t d\u1ee5ng c\u1ee5 th\u1ec3 thao Li-ning Sports \u0111\u01b0\u1ee3c th\u00e0nh l\u1eadp b\u1edfi Li Ning &#8211; m\u1ed9t trong nh\u1eefng v\u1eadn \u0111\u1ed9ng vi\u00ean xu\u1ea5t s\u1eafc nh\u1ea5t th\u1ebf k\u1ef7 20. Ch\u01b0a \u0111\u1ea7y 20 n\u0103m sau, th\u01b0\u01a1ng hi\u1ec7u n\u00e0y \u0111\u00e3 n\u1eb1m trong top nh\u1eefng h\u00e3ng th\u1eddi trang th\u1ec3 thao h\u00e0ng \u0111\u1ea7u th\u1ebf gi\u1edbi. Hi\u1ec7n nay, v\u1edbi n\u1ed7 l\u1ef1c s\u00e1ng t\u1ea1o v\u00e0 \u0111\u1ed5i m\u1edbi, Li-ning \u0111i\u1ec1u h\u00e0nh m\u1ed9t \u201cTrung t\u00e2m s\u00e1ng t\u1ea1o to\u00e0n c\u1ea7u\u201d t\u1ea1i Hongkong, l\u00e0 trung t\u00e2m thi\u1ebft k\u1ebf s\u1ea3n ph\u1ea9m l\u1edbn nh\u1ea5t t\u1ea1i Ch\u00e2u \u00c1 n\u01a1i t\u1eadp trung h\u00e0ng tr\u0103m nh\u00e0 thi\u1ebft k\u1ebf chuy\u00ean nghi\u1ec7p \u0111\u1ebfn t\u1eeb Italia, T\u00e2y Ban Nha, M\u1ef9\u2026 V\u1edbi kh\u1ea9u hi\u1ec7u \u201cMake the change\u201d, Li-ning t\u1ef1 tin mang \u0111\u1ebfn nh\u1eefng s\u1ea3n ph\u1ea9m \u01b0u vi\u1ec7t, thi\u1ebft k\u1ebf phong c\u00e1ch ph\u00f9 h\u1ee3p t\u1eebng m\u00f4n th\u1ec3 thao v\u00e0 ho\u00e0n c\u1ea3nh s\u1eed d\u1ee5ng<\/p>\n<p class=\"QN2lPu\">_____________________<\/p>\n<p class=\"QN2lPu\">#lining #liningofficial #liningvietnam #mu #muthoitrang #muthethao #thoitrangthethao #nam #nu #munam #munu #basketball #non #hat #thoitrang #mudihoc #mudichoi #mudibien #mudep #muthoitrang #muluoitrai #shopeelining<\/p>\n<\/div>\n","protected":false},"excerpt":{"rendered":"<p>M\u0169 l\u01b0\u1ee1i trai Li Ning Sports Life Series, ph\u1ed1i m\u00e0u \u0111\u01a1n gi\u1ea3n, tho\u1ea3i m\u00e1i v\u00e0 \u0111a n\u0103ng. Thi\u1ebft k\u1ebf m\u0169 tho\u1ea3i m\u00e1i, th\u1eddi trang th\u1ec3 thao, k\u1ebft h\u1ee3p v\u1ebb \u0111\u1eb9p v\u00e0 t\u00ednh \u1ee9ng d\u1ee5ng. Thi\u1ebft k\u1ebf logo th\u01b0\u01a1ng hi\u1ec7u Li Ning, t\u0103ng th\u00eam c\u1ea3m gi\u00e1c thi\u1ebft k\u1ebf, th\u1eddi trang v\u00e0 \u0111\u1eb9p m\u1eaft. M\u00d4 T\u1ea2 CHI&#8230;<\/p>\n","protected":false},"featured_media":14248,"comment_status":"open","ping_status":"closed","template":"","meta":[],"product_brand":[],"product_cat":[1060],"product_tag":[],"class_list":{"0":"post-14227","1":"product","2":"type-product","3":"status-publish","4":"has-post-thumbnail","6":"product_cat-mu-the-thao-da-ngoai","8":"first","9":"instock","10":"sale","11":"featured","12":"shipping-taxable","13":"purchasable","14":"product-type-simple"},"_links":{"self":[{"href":"https:\/\/web-ban-le.mbws.vn\/the-thao-du-lich\/wp-json\/wp\/v2\/product\/14227","targetHints":{"allow":["GET"]}}],"collection":[{"href":"https:\/\/web-ban-le.mbws.vn\/the-thao-du-lich\/wp-json\/wp\/v2\/product"}],"about":[{"href":"https:\/\/web-ban-le.mbws.vn\/the-thao-du-lich\/wp-json\/wp\/v2\/types\/product"}],"replies":[{"embeddable":true,"href":"https:\/\/web-ban-le.mbws.vn\/the-thao-du-lich\/wp-json\/wp\/v2\/comments?post=14227"}],"wp:featuredmedia":[{"embeddable":true,"href":"https:\/\/web-ban-le.mbws.vn\/the-thao-du-lich\/wp-json\/wp\/v2\/media\/14248"}],"wp:attachment":[{"href":"https:\/\/web-ban-le.mbws.vn\/the-thao-du-lich\/wp-json\/wp\/v2\/media?parent=14227"}],"wp:term":[{"taxonomy":"product_brand","embeddable":true,"href":"https:\/\/web-ban-le.mbws.vn\/the-thao-du-lich\/wp-json\/wp\/v2\/product_brand?post=14227"},{"taxonomy":"product_cat","embeddable":true,"href":"https:\/\/web-ban-le.mbws.vn\/the-thao-du-lich\/wp-json\/wp\/v2\/product_cat?post=14227"},{"taxonomy":"product_tag","embeddable":true,"href":"https:\/\/web-ban-le.mbws.vn\/the-thao-du-lich\/wp-json\/wp\/v2\/product_tag?post=14227"}],"curies":[{"name":"wp","href":"https:\/\/api.w.org\/{rel}","templated":true}]}}