{"id":14230,"date":"2025-10-27T11:02:22","date_gmt":"2025-10-27T04:02:22","guid":{"rendered":"https:\/\/web-ban-le.mbws.vn\/the-thao-du-lich\/?post_type=product&#038;p=14230"},"modified":"2025-11-10T08:06:59","modified_gmt":"2025-11-10T01:06:59","slug":"vot-khung-vot-cau-long-the-thao-li-ning-raid-tectonic-3-4u-p-aypt419-4","status":"publish","type":"product","link":"https:\/\/web-ban-le.mbws.vn\/the-thao-du-lich\/san-pham\/vot-khung-vot-cau-long-the-thao-li-ning-raid-tectonic-3-4u-p-aypt419-4\/","title":{"rendered":"V\u1ee3t (Khung V\u1ee3t) C\u1ea7u L\u00f4ng Th\u1ec3 Thao Li-Ning Raid Tectonic 3 &#8211; 4U P-AYPT419-4"},"content":{"rendered":"<div class=\"e8lZp3\">\n<p class=\"QN2lPu\">V\u1ee3t c\u1ea7u l\u00f4ng Li-Ning Raid Tectonic 3&nbsp;n\u1ed5i tr\u1ed9i v\u1edbi c\u00f4ng ngh\u1ec7 Tectonic \u0111\u01b0\u1ee3c trang b\u1ecb tr\u00ean t\u1ed5ng th\u1ec3 khung v\u1ee3t v\u1edbi Carbon&nbsp;T1100G tr\u1ecdng l\u01b0\u1ee3ng nh\u1eb9 mang l\u1ea1i s\u1ee9c m\u1ea1nh \u0111\u00e1ng kinh ng\u1ea1c v\u00e0 th\u1eddi gian ph\u1ee5c h\u1ed3i nhanh ch\u00f3ng trong m\u1ecdi c\u00fa \u0111\u00e1nh.Ngo\u00e0i ra c\u00f2n \u0111\u01b0\u1ee3c&nbsp;&nbsp;k\u1ebf th\u1eeba h\u1ea7u nh\u01b0 t\u1ea5t c\u1ea3 c\u00e1c&nbsp;c\u00f4ng ngh\u1ec7 ti\u00ean ti\u1ebfn&nbsp;c\u1ee7a c\u00e1c ng\u01b0\u1eddi \u0111\u00e0n anh \u0111i tr\u01b0\u1edbc nh\u01b0 Tectonic 6,Tectonic 7 \u0111\u1ea3m b\u1ea3o mang \u0111\u1ebfn nh\u1eefng tr\u1ea3i nghi\u1ec7m tuy\u1ec7t v\u1eddi nh\u1ea5t tr\u00ean s\u00e2n \u0111\u1ea5u.<\/p>\n<p class=\"QN2lPu\">C\u00f4ng ngh\u1ec7 v\u1ee3t c\u1ea7u l\u00f4ng&nbsp;Lining Tectonic 3<\/p>\n<p class=\"QN2lPu\">TECTONIC TECHNOLOGY :Nh\u1edd v\u00e0o c\u00e1c s\u1ee3i carbon nhi\u1ec1u l\u1edbp m\u00e0 c\u00e2y v\u1ee3t \u0111\u01b0\u1ee3c ch\u1ebf t\u1ea1o v\u1edbi s\u1ee9c m\u1ea1nh v\u00e0 tu\u1ed5i th\u1ecd cao, gi\u00fap gi\u1ea3m s\u1ef1 \u0111\u1ee9t g\u00e3y s\u1ee3i carbon cho c\u00e1c c\u00fa va ch\u1ea1m<\/p>\n<p class=\"QN2lPu\">Wing Stabilize :C\u00f4ng ngh\u1ec7 h\u00e0ng kh\u00f4ng, gi\u00fap gi\u1ea3i ph\u00f3ng hi\u1ec7u su\u1ea5t c\u1ee7a kim lo\u1ea1i, \u0111\u1ed3ng th\u1eddi c\u1ea3i thi\u1ec7n, ki\u1ec3m so\u00e1t gi\u00fap ch\u1ed1ng rung hi\u1ec7u qu\u1ea3 \u1edf th\u1eddi \u0111i\u1ec3m di chuy\u1ec3n khi ch\u01b0a ti\u1ebfp x\u00fac c\u1ea7u.<\/p>\n<p class=\"QN2lPu\">Sonic Bom System : Th\u00f4ng qua c\u00f4ng ngh\u1ec7 \u00e9p kh\u00ed gi\u00fap n\u00e2ng cao hi\u1ec7u \u1ee9ng si\u00eau \u00e2m c\u1ee7a khung v\u1ee3t, mang t\u1edbi c\u1ea3m gi\u00e1c \u0111\u00e1nh m\u1ea1nh, t\u1ed1c \u0111\u1ed9 c\u1ea7u nhanh. \u00c2m thanh c\u1ee7a v\u1ee3t \u0111\u00e1nh r\u00f5 r\u00e0ng v\u00e0 hi\u1ec7u \u1ee9ng \u00e2m thanh m\u1ea1nh m\u1ebd<\/p>\n<p class=\"QN2lPu\">High Cacbon :C\u00f4ng ngh\u1ec7 cacbon b\u1eadc cao S\u1ee3i carbon c\u1ee9ng \u0111\u01b0\u1ee3c s\u1eed d\u1ee5ng \u0111\u1ec3 gi\u1ea3m tr\u1ecdng l\u01b0\u1ee3ng v\u00e0 c\u1ea3i thi\u1ec7n s\u1ee9c m\u1ea1nh c\u1ee7a v\u1ee3t \u0111\u1ec3 d\u1ec5 ki\u1ec3m so\u00e1t<\/p>\n<p class=\"QN2lPu\">TB NANO: \u0110\u01b0\u1ee3c s\u1ea3n xu\u1ea5t t\u1eeb s\u1ee3i Cacbon si\u00eau d\u1eabn b\u1eadc cao,k\u1ebft h\u1ee3p v\u1edbi c\u00f4ng ngh\u1ec7 TB NaNo t\u0103ng kh\u1ea3 n\u0103ng ki\u1ec3m so\u00e1t , c\u00f3 g\u00f3c so\u1eafn \u1ed5n \u0111\u1ecbnh \u0111\u1ea3m b\u1ea3o t\u00ednh \u0111\u00e0n h\u1ed3i cao&nbsp;<\/p>\n<p class=\"QN2lPu\">UHB SHAFT c\u1ea3i thi\u1ec7n \u0111i\u1ec3m u\u1ed1n tr\u00ean tr\u1ee5c th\u00e2n v\u1ee3t ph\u00eda tr\u01b0\u1edbc&nbsp;,gi\u00fap cho nh\u1eefng c\u00fa \u0111\u1eadp c\u1ea7u m\u1ea1nh m\u1ebd v\u00e0 uy l\u1ef1c h\u01a1n<\/p>\n<p class=\"QN2lPu\">\n<p class=\"QN2lPu\">M\u00d4 T\u1ea2 CHI TI\u1ebeT:<\/p>\n<p class=\"QN2lPu\">Th\u00f4ng s\u1ed1 k\u0129 thu\u1eadt&nbsp;<\/p>\n<p class=\"QN2lPu\">Khung v\u1ee3t: Carbon T1100G<\/p>\n<p class=\"QN2lPu\">Th\u00e2n v\u1ee3t: Carbon Fiber<\/p>\n<p class=\"QN2lPu\">Tr\u1ecdng l\u01b0\u1ee3ng : 4U (83+\/-1g)<\/p>\n<p class=\"QN2lPu\">\u0110i\u1ec3m c\u00e2n b\u1eb1ng : 307+\/-2mm<\/p>\n<p class=\"QN2lPu\">Th\u00e2n v\u1ee3t : D\u1ebbo&nbsp;<\/p>\n<p class=\"QN2lPu\">Tay c\u1ea7m : S2 ( G5)<\/p>\n<p class=\"QN2lPu\">M\u1ee9c c\u0103ng d\u00e2y t\u1ed1i \u01b0u: 26LBS (12Kg)<\/p>\n<p class=\"QN2lPu\">Xu\u1ea5t x\u1ee9: Trung Qu\u1ed1c<\/p>\n<p class=\"QN2lPu\">****************&nbsp;Ph\u00f9 h\u1ee3p v\u1edbi l\u1ed1i ch\u01a1i c\u00f4ng th\u1ee7 to\u00e0n di\u1ec7n<\/p>\n<p class=\"QN2lPu\">\n<p class=\"QN2lPu\">H\u01af\u1edaNG D\u1eaaN B\u1ea2O QU\u1ea2N :<\/p>\n<p class=\"QN2lPu\">&#8211; Tr\u00e1nh \u0111\u1ec3 v\u1ee3t trong nh\u1eefng n\u01a1i nhi\u1ec7t \u0111\u1ed9 cao nh\u01b0 c\u1ed1p xe h\u01a1i, ngo\u00e0i tr\u1eddi n\u1eafng n\u00f3ng<\/p>\n<p class=\"QN2lPu\">\n<p class=\"QN2lPu\">B\u1ea2O H\u00c0NH &amp; \u0110\u1ed4I TR\u1ea2 :<\/p>\n<p class=\"QN2lPu\">&#8211; Kh\u00f4ng b\u1ea3o h\u00e0nh<\/p>\n<p class=\"QN2lPu\">&#8211; \u0110\u1ed5i tr\u1ea3 trong v\u00f2ng 7 ng\u00e0y n\u1ebfu l\u1ed7i ph\u00e1t sinh t\u1eeb ph\u00eda nh\u00e0 s\u1ea3n xu\u1ea5t<\/p>\n<p class=\"QN2lPu\">\n<p class=\"QN2lPu\">TH\u00d4NG TIN TH\u01af\u01a0NG HI\u1ec6U<\/p>\n<p class=\"QN2lPu\">Li-Ning l\u00e0 th\u01b0\u01a1ng hi\u1ec7u n\u1ed5i ti\u1ebfng chuy\u00ean s\u1ea3n xu\u1ea5t c\u00e1c d\u1ee5ng c\u1ee5 th\u1ec3 thao \u0111\u01b0\u1ee3c th\u00e0nh l\u1eadp v\u00e0o n\u0103m 1990. V\u1edbi n\u1ed7 l\u1ef1c th\u00fac \u0111\u1ea9y s\u1ef1 ph\u00e1t tri\u1ec3n c\u1ee7a ng\u00e0nh th\u1ec3 thao, mong mu\u1ed1n cung c\u1ea5p c\u00e1c s\u1ea3n ph\u1ea9m ch\u1ea5t l\u01b0\u1ee3ng nh\u1ea5t \u0111\u1ebfn tay ng\u01b0\u1eddi ti\u00eau d\u00f9ng, th\u01b0\u01a1ng hi\u1ec7u Li-Ning \u0111\u00e3 danh gi\u00e1 n\u1eb1m trong top 4 c\u00e1c th\u01b0\u01a1ng hi\u1ec7u n\u1ed5i ti\u1ebfng nh\u1ea5t tr\u00ean th\u1ebf gi\u1edbi do Hi\u1ec7p h\u1ed9i s\u1ea3n xu\u1ea5t h\u00e0ng c\u00f4ng nghi\u1ec7p th\u1ec3 thao th\u1ebf gi\u1edbi b\u00ecnh ch\u1ecdn.&nbsp;<\/p>\n<p class=\"QN2lPu\">Trong l\u0129nh v\u1ef1c c\u1ea7u l\u00f4ng, Li-Ning lu\u00f4n \u0111\u1ed3ng h\u00e0nh c\u00f9ng Li\u00ean \u0111o\u00e0n C\u1ea7u l\u00f4ng Th\u1ebf gi\u1edbi trong c\u00e1c gi\u1ea3i \u0111\u1ea5u quy m\u00f4 l\u1edbn nh\u01b0: Gi\u1ea3i v\u00f4 \u0111\u1ecbch C\u1ea7u l\u00f4ng Th\u1ebf gi\u1edbi, Thomas Cup hay Uber Cup\u2026&nbsp;<\/p>\n<p class=\"QN2lPu\">L\u00e0 th\u01b0\u01a1ng hi\u1ec7u d\u1ee5ng c\u1ee5 c\u1ea7u l\u00f4ng c\u00f3 t\u1ed1c \u0111\u1ed9 ph\u00e1t tri\u1ec3n nhanh nh\u1ea5t tr\u00ean th\u1ebf gi\u1edbi, c\u00e1c s\u1ea3n ph\u1ea9m c\u1ee7a Li-Ning \u0111\u01b0\u1ee3c c\u00e1c tay v\u1ee3t c\u1ea7u l\u00f4ng h\u00e0ng \u0111\u1ea7u th\u1ebf gi\u1edbi nh\u01b0: Chen Long, Cai Yun, Fu Haifeng, Zhang Nan, Wang Yihan, Wang Shixian v\u00e0 r\u1ea5t nhi\u1ec1u c\u00e1c tay v\u1ee3t n\u1ed5i ti\u1ebfng kh\u00e1c tin t\u01b0\u1edfng l\u1ef1a ch\u1ecdn.<\/p>\n<p class=\"QN2lPu\">&nbsp;C\u00e1c s\u1ea3n ph\u1ea9m d\u1ee5ng c\u1ee5 c\u1ea7u l\u00f4ng Li-Ning n\u1ed5i b\u1eadt v\u1edbi m\u1eabu m\u00e3 \u0111a d\u1ea1ng c\u00f9ng c\u00f4ng ngh\u1ec7 v\u01b0\u1ee3t tr\u1ed9i h\u1ed7 tr\u1ee3 v\u00e0 ph\u00e1t huy t\u1ed1i \u0111a s\u1ee9c m\u1ea1nh c\u1ee7a ng\u01b0\u1eddi ch\u01a1i \u1edf t\u1eebng c\u1ea5p \u0111\u1ed9 kh\u00e1c nhau. B\u00ean c\u1ea1nh \u0111\u00f3, gi\u00e0y c\u1ea7u l\u00f4ng \u00eam \u00e1i, gi\u1ea3m ch\u1ea5n th\u01b0\u01a1ng; trang ph\u1ee5c c\u1ea7u l\u00f4ng Li-Ning c\u0169ng g\u00e2y \u0111\u01b0\u1ee3c s\u1ee9c h\u00fat v\u1edbi ng\u01b0\u1eddi ch\u01a1i th\u1ec3 thao b\u1edfi thi\u1ebft k\u1ebf th\u1eddi trang, ch\u1ea5t li\u1ec7u v\u1ea3i m\u1ec1m m\u1ecbn, co gi\u00e3n, tho\u00e1ng kh\u00ed v\u00e0 tho\u00e1t m\u1ed3 h\u00f4i t\u1ed1t.&nbsp;<\/p>\n<p class=\"QN2lPu\">Ngo\u00e0i b\u1ed9 m\u00f4n th\u1ec3 thao c\u1ea7u l\u00f4ng, Li-Ning c\u00f2n \u0111\u01b0\u1ee3c bi\u1ebft \u0111\u1ebfn l\u00e0 nh\u00e0 t\u00e0i tr\u1ee3 ch\u00ednh th\u1ee9c cho nhi\u1ec1u \u0111\u1ed9i tuy\u1ec3n qu\u1ed1c gia v\u00e0 c\u00e1c v\u1eadn \u0111\u1ed9ng vi\u00ean v\u00f4 \u0111\u1ecbch Olympic, v\u00f4 \u0111\u1ecbch th\u1ebf gi\u1edbi nh\u01b0: \u0110\u1ed9i tuy\u1ec3n b\u00f3ng r\u1ed5 nh\u00e0 ngh\u1ec1 M\u1ef9 NBA, \u0111\u1ed9i tuy\u1ec3n b\u00f3ng r\u1ed5 nam v\u00e0 n\u1eef qu\u1ed1c gia T\u00e2y Ban Nha, li\u00ean \u0111o\u00e0n b\u00f3ng r\u1ed5 T\u00e2y Ban Nha, li\u00ean \u0111o\u00e0n b\u00f3ng r\u1ed5 Argentina, li\u00ean \u0111o\u00e0n b\u00f3ng b\u00e0n Singapore\u2026vv.<\/p>\n<\/div>\n","protected":false},"excerpt":{"rendered":"<p>V\u1ee3t c\u1ea7u l\u00f4ng Li-Ning Raid Tectonic 3&nbsp;n\u1ed5i tr\u1ed9i v\u1edbi c\u00f4ng ngh\u1ec7 Tectonic \u0111\u01b0\u1ee3c trang b\u1ecb tr\u00ean t\u1ed5ng th\u1ec3 khung v\u1ee3t v\u1edbi Carbon&nbsp;T1100G tr\u1ecdng l\u01b0\u1ee3ng nh\u1eb9 mang l\u1ea1i s\u1ee9c m\u1ea1nh \u0111\u00e1ng kinh ng\u1ea1c v\u00e0 th\u1eddi gian ph\u1ee5c h\u1ed3i nhanh ch\u00f3ng trong m\u1ecdi c\u00fa \u0111\u00e1nh.Ngo\u00e0i ra c\u00f2n \u0111\u01b0\u1ee3c&nbsp;&nbsp;k\u1ebf th\u1eeba h\u1ea7u nh\u01b0 t\u1ea5t c\u1ea3 c\u00e1c&nbsp;c\u00f4ng ngh\u1ec7 ti\u00ean ti\u1ebfn&nbsp;c\u1ee7a&#8230;<\/p>\n","protected":false},"featured_media":14289,"comment_status":"open","ping_status":"closed","template":"","meta":[],"product_brand":[],"product_cat":[1211],"product_tag":[],"class_list":{"0":"post-14230","1":"product","2":"type-product","3":"status-publish","4":"has-post-thumbnail","6":"product_cat-cau-long","8":"first","9":"instock","10":"sale","11":"featured","12":"shipping-taxable","13":"purchasable","14":"product-type-simple"},"_links":{"self":[{"href":"https:\/\/web-ban-le.mbws.vn\/the-thao-du-lich\/wp-json\/wp\/v2\/product\/14230","targetHints":{"allow":["GET"]}}],"collection":[{"href":"https:\/\/web-ban-le.mbws.vn\/the-thao-du-lich\/wp-json\/wp\/v2\/product"}],"about":[{"href":"https:\/\/web-ban-le.mbws.vn\/the-thao-du-lich\/wp-json\/wp\/v2\/types\/product"}],"replies":[{"embeddable":true,"href":"https:\/\/web-ban-le.mbws.vn\/the-thao-du-lich\/wp-json\/wp\/v2\/comments?post=14230"}],"wp:featuredmedia":[{"embeddable":true,"href":"https:\/\/web-ban-le.mbws.vn\/the-thao-du-lich\/wp-json\/wp\/v2\/media\/14289"}],"wp:attachment":[{"href":"https:\/\/web-ban-le.mbws.vn\/the-thao-du-lich\/wp-json\/wp\/v2\/media?parent=14230"}],"wp:term":[{"taxonomy":"product_brand","embeddable":true,"href":"https:\/\/web-ban-le.mbws.vn\/the-thao-du-lich\/wp-json\/wp\/v2\/product_brand?post=14230"},{"taxonomy":"product_cat","embeddable":true,"href":"https:\/\/web-ban-le.mbws.vn\/the-thao-du-lich\/wp-json\/wp\/v2\/product_cat?post=14230"},{"taxonomy":"product_tag","embeddable":true,"href":"https:\/\/web-ban-le.mbws.vn\/the-thao-du-lich\/wp-json\/wp\/v2\/product_tag?post=14230"}],"curies":[{"name":"wp","href":"https:\/\/api.w.org\/{rel}","templated":true}]}}