{"id":14231,"date":"2025-10-27T11:02:22","date_gmt":"2025-10-27T04:02:22","guid":{"rendered":"https:\/\/web-ban-le.mbws.vn\/the-thao-du-lich\/?post_type=product&#038;p=14231"},"modified":"2025-11-10T08:06:59","modified_gmt":"2025-11-10T01:06:59","slug":"giay-chay-bo-the-thao-li-ning-feidian-4-challenger-nam-armu005-23v24v27v","status":"publish","type":"product","link":"https:\/\/web-ban-le.mbws.vn\/the-thao-du-lich\/san-pham\/giay-chay-bo-the-thao-li-ning-feidian-4-challenger-nam-armu005-23v24v27v\/","title":{"rendered":"Gi\u00e0y Ch\u1ea1y B\u1ed9 Th\u1ec3 Thao Li-Ning Feidian 4 CHALLENGER Nam ARMU005-23V,24V,27V"},"content":{"rendered":"<div class=\"e8lZp3\">\n<p class=\"QN2lPu\">Li Ning Feidian 4 CHALLENGER l\u00e0 lo\u1ea1i gi\u00e0y \u0111ua nh\u1eb9, c\u00f3 \u0111\u1ed9 n\u1ea3y cao, s\u1eed d\u1ee5ng c\u00e1ch k\u1ebft h\u1ee3p m\u00e0u s\u1eafc \u0111\u01a1n gi\u1ea3n, t\u1ea1o n\u00ean s\u1ef1 \u0111\u01a1n gi\u1ea3n v\u00e0 gi\u1ea3n d\u1ecb. Ph\u1ea7n tr\u00ean \u0111\u01b0\u1ee3c l\u00e0m b\u1eb1ng ch\u1ea5t li\u1ec7u tho\u1ea3i m\u00e1i, m\u1ec1m m\u1ea1i v\u00e0 mang l\u1ea1i c\u1ea3m gi\u00e1c tho\u1ea3i m\u00e1i cho b\u00e0n ch\u00e2n. Logo Li Ning tr\u00ean th\u00e2n gi\u00e0y v\u00e0 tay ngh\u1ec1 t\u1ec9 m\u1ec9 l\u00e0m n\u1ed5i b\u1eadt n\u00e9t quy\u1ebfn r\u0169 c\u1ee7a th\u01b0\u01a1ng hi\u1ec7u. Thi\u1ebft k\u1ebf ch\u1ed1ng va ch\u1ea1m \u1edf ng\u00f3n ch\u00e2n gi\u00fap gi\u1ea3m tr\u1ea7y x\u01b0\u1edbc ho\u1eb7c va ch\u1ea1m \u1edf ng\u00f3n ch\u00e2n v\u00e0 b\u1ea3o v\u1ec7 t\u1eebng b\u01b0\u1edbc \u0111i.<\/p>\n<p class=\"QN2lPu\">C\u00f4ng ngh\u1ec7 Flick c\u1ee7a Li-Ning<\/p>\n<p class=\"QN2lPu\">C\u00f4ng ngh\u1ec7 Flick c\u1ee7a Li-Ning l\u00e0 m\u1ed9t v\u1eadt li\u1ec7u \u0111\u1ebf gi\u1eefa c\u1ea3i ti\u1ebfn \u0111\u01b0\u1ee3c ph\u00e1t tri\u1ec3n \u0111\u1ed9c l\u1eadp b\u1edfi Li Ning. N\u00f3 \u0111\u01b0\u1ee3c \u0111i\u1ec1u ch\u1ebf th\u00f4ng qua quy tr\u00ecnh t\u1ea1o b\u1ecdt ch\u1ea5t l\u1ecfng si\u00eau t\u1edbi h\u1ea1n, so v\u1edbi c\u00e1c v\u1eadt li\u1ec7u truy\u1ec1n th\u1ed1ng, n\u00f3 gi\u00fap gi\u1ea3m \u0111\u00e1ng k\u1ec3 tr\u1ecdng l\u01b0\u1ee3ng c\u1ee7a \u0111\u1ebf gi\u1eefa v\u00e0 c\u1ea3i thi\u1ec7n \u0111\u00e1ng k\u1ec3 hi\u1ec7u su\u1ea5t b\u1eadt l\u1ea1i c\u1ee7a n\u00f3. N\u00f3 c\u00f3 tu\u1ed5i th\u1ecd d\u00e0i h\u01a1n v\u00e0 c\u1ea3i thi\u1ec7n \u0111\u00e1ng k\u1ec3 ch\u1ee9c n\u0103ng c\u1ee7a s\u1ea3n ph\u1ea9m. \u0110\u1ed3ng th\u1eddi, th\u00f4ng qua c\u00e1c \u0111i\u1ec1u ch\u1ec9nh c\u00f3 m\u1ee5c ti\u00eau h\u01a1n, n\u00f3 c\u00f3 th\u1ec3 th\u00edch \u1ee9ng v\u1edbi nhu c\u1ea7u c\u1ea1nh tranh c\u1ee7a c\u00e1c m\u00f4n th\u1ec3 thao kh\u00e1c nhau nh\u01b0 ch\u1ea1y, b\u00f3ng r\u1ed5, c\u1ea7u l\u00f4ng, b\u00f3ng b\u00e0n, v.v. v\u00e0 h\u1ed7 tr\u1ee3 hi\u1ec7u su\u1ea5t t\u1ed1t cho c\u00e1c v\u1eadn \u0111\u1ed9ng vi\u00ean \u1edf c\u00e1c m\u00f4n th\u1ec3 thao kh\u00e1c nhau.<\/p>\n<p class=\"QN2lPu\">GCR LOC<\/p>\n<p class=\"QN2lPu\">GCR (Groud Control Rubber) l\u00e0 m\u1ed9t lo\u1ea1i cao su ch\u1ed1ng tr\u01b0\u1ee3t nh\u1eb9 m\u1edbi, qua vi\u1ec7c \u0111i\u1ec1u ch\u1ec9nh c\u00f4ng th\u1ee9c v\u00e0 quy tr\u00ecnh, m\u1eadt \u0111\u1ed9 c\u1ee7a n\u00f3 th\u1ea5p h\u01a1n cao su th\u00f4ng th\u01b0\u1eddng v\u00e0 th\u1ea5p h\u01a1n m\u1eadt \u0111\u1ed9 c\u1ee7a n\u01b0\u1edbc v\u00e0 c\u00f3 th\u1ec3 n\u1ed5i tr\u00ean m\u1eb7t n\u01b0\u1edbc. \u0110\u1ed3ng th\u1eddi, hi\u1ec7u su\u1ea5t ch\u1ed1ng tr\u01b0\u1ee3t \u01b0\u1edbt c\u1ee7a GCR \u0111\u01b0\u1ee3c c\u1ea3i thi\u1ec7n \u0111\u00e1ng k\u1ec3 so v\u1edbi cao su th\u00f4ng th\u01b0\u1eddng, c\u00f3 th\u1ec3 mang l\u1ea1i tr\u1ea3i nghi\u1ec7m \u0111eo tho\u1ea3i m\u00e1i v\u00e0 an to\u00e0n h\u01a1n. T\u1ea5m s\u1ee3i carbon<\/p>\n<p class=\"QN2lPu\">CARBON-FIBER PLATE<\/p>\n<p class=\"QN2lPu\">\u0111\u01b0\u1ee3c l\u00e0m b\u1eb1ng s\u1ee3i carbon c\u00f3 tr\u1ecdng l\u01b0\u1ee3ng nh\u1eb9 h\u01a1n v\u00e0 b\u1ec1n h\u01a1n v\u1eadt li\u1ec7u TPU truy\u1ec1n th\u1ed1ng. N\u00f3 c\u00f3 \u0111\u1ed9 d\u1ebbo dai, kh\u1ea3 n\u0103ng ch\u1ed1ng \u0111\u1ed9ng \u0111\u1ea5t v\u00e0 ch\u1ed1ng va \u0111\u1eadp t\u1ed1t. Gi\u00fap cung c\u1ea5p s\u1ef1 h\u1ed7 tr\u1ee3 v\u00e0 truy\u1ec1n l\u1ef1c t\u1ed1t trong qu\u00e1 tr\u00ecnh t\u1eadp luy\u1ec7n, gi\u1ea3m t\u1ed5n th\u1ea5t khi t\u1eadp luy\u1ec7n v\u00e0 c\u1ea3i thi\u1ec7n hi\u1ec7u su\u1ea5t t\u1eadp luy\u1ec7n.<\/p>\n<p class=\"QN2lPu\">C\u00f4ng ngh\u1ec7 \u0111\u1ebf gi\u00e0y l\u1ee5a<\/p>\n<p class=\"QN2lPu\">BOOM FIBER c\u1ee7a Li Ning l\u00e0 m\u1ed9t lo\u1ea1i ch\u1ea5t \u0111\u00e0n h\u1ed3i d\u1ebbo nhi\u1ec7t m\u1edbi Th\u00f4ng qua c\u00f4ng ngh\u1ec7 k\u00e9o s\u1ee3i m\u1edbi nh\u1ea5t, n\u00f3 c\u00f3 th\u1ec3 \u0111\u01b0\u1ee3c ch\u1ebf bi\u1ebfn th\u00e0nh &#8220;l\u1ee5a&#8221; m\u1edbi. T\u00ednh linh ho\u1ea1t, \u0111\u1ed9 \u0111\u00e0n h\u1ed3i v\u00e0 \u0111\u1ed9 b\u1ec1n t\u1ed1t h\u01a1n so v\u1edbi c\u00e1c lo\u1ea1i s\u1ee3i th\u00f4ng th\u01b0\u1eddng. b\u00e0n tay. K\u1ebft h\u1ee3p &#8220;\u7a3b\u4e1d&#8221; v\u1edbi c\u00f4ng ngh\u1ec7 d\u1ec7t ti\u00ean ti\u1ebfn, b\u1ea1n c\u00f3 th\u1ec3 c\u00f3 \u0111\u01b0\u1ee3c ph\u1ea7n tr\u00ean nh\u1eb9, tho\u00e1ng kh\u00ed v\u00e0 tho\u1ea3i m\u00e1i, kh\u00f4ng d\u1ec5 bi\u1ebfn d\u1ea1ng v\u00e0 c\u00f3 tu\u1ed5i th\u1ecd cao h\u01a1n<\/p>\n<p class=\"QN2lPu\">S\u1ea2N PH\u1ea8M C\u00d3 C\u00c1C M\u00c0U:<\/p>\n<p class=\"QN2lPu\">ARMU005-23V &#8211; M\u00c0U Neon mango yellow<\/p>\n<p class=\"QN2lPu\">ARMU005-24V &#8211; M\u00c0U Could Blue \/Neon Ice<\/p>\n<p class=\"QN2lPu\">ARMU005-27V &#8211; M\u00c0U Fruity Neon\/Neon Gor<\/p>\n<p class=\"QN2lPu\">\n<p class=\"QN2lPu\">M\u00d4 T\u1ea2 CHI TI\u1ebeT :<\/p>\n<p class=\"QN2lPu\">Ch\u1ea5t li\u1ec7u : Ph\u1ea7n tr\u00ean: D\u1ec7t + TPU &#8211; \u0110\u1ebf: Cao su + Nh\u1ef1a \u0111\u00e0n h\u1ed3i nhi\u1ec7t d\u1ebbo<\/p>\n<p class=\"QN2lPu\">C\u00f4ng ngh\u1ec7&nbsp;: LI-NING BOOM, GCR LOC, CARBON-FIBER PLATE, BOOM FIBER<\/p>\n<p class=\"QN2lPu\">D\u00f2ng s\u1ea3n ph\u1ea9m :&nbsp;Running\/ Ch\u1ea1y b\u1ed9<\/p>\n<p class=\"QN2lPu\">Xu\u1ea5t x\u1ee9 : Trung Qu\u1ed1c<\/p>\n<div class=\"QN2lPu\">\n<div style=\"position: relative; width: 100%; padding-bottom: 133.69%;\"><picture class=\"UkIsx8\"><source srcset=\"https:\/\/down-vn.img.susercontent.com\/file\/vn-11134202-7ra0g-m85lynxng41z28@resize_w875_nl.webp 1x, https:\/\/down-vn.img.susercontent.com\/file\/vn-11134202-7ra0g-m85lynxng41z28@resize_w1750_nl.webp 2x\" type=\"image\/webp\" class=\"UkIsx8\"><img decoding=\"async\" width=\"875\" loading=\"lazy\" class=\"uXN1L5 lazyload GqYslU\" srcset=\"https:\/\/down-vn.img.susercontent.com\/file\/vn-11134202-7ra0g-m85lynxng41z28@resize_w875_nl 1x, https:\/\/down-vn.img.susercontent.com\/file\/vn-11134202-7ra0g-m85lynxng41z28@resize_w1750_nl 2x\" src=\"https:\/\/down-vn.img.susercontent.com\/file\/vn-11134202-7ra0g-m85lynxng41z28\" height=\"1170\"><\/picture><\/div>\n<\/div>\n<p class=\"QN2lPu\">H\u01af\u1edaNG D\u1eaaN B\u1ea2O QU\u1ea2N :<\/p>\n<p class=\"QN2lPu\">&#8211; Gi\u1eb7t s\u1ea1ch v\u1ebft b\u1ea9n \u1edf nhi\u1ec7t \u0111\u1ed9 th\u01b0\u1eddng<\/p>\n<p class=\"QN2lPu\">&#8211; Kh\u00f4ng s\u1eed d\u1ee5ng ch\u1ea5t t\u1ea9y<\/p>\n<p class=\"QN2lPu\">&#8211; Tr\u00e1nh ph\u01a1i tr\u1ef1c ti\u1ebfp d\u01b0\u1edbi \u00e1nh n\u1eafng g\u1eaft<\/p>\n<p class=\"QN2lPu\">\n<p class=\"QN2lPu\">B\u1ea2O H\u00c0NH &amp; \u0110\u1ed4I TR\u1ea2 :<\/p>\n<p class=\"QN2lPu\">&#8211; Kh\u00f4ng b\u1ea3o h\u00e0nh<\/p>\n<p class=\"QN2lPu\">&#8211; \u0110\u1ed5i tr\u1ea3 trong v\u00f2ng 7 ng\u00e0y n\u1ebfu l\u1ed7i ph\u00e1t sinh t\u1eeb ph\u00eda nh\u00e0 s\u1ea3n xu\u1ea5t<\/p>\n<p class=\"QN2lPu\">\n<p class=\"QN2lPu\">TH\u00d4NG TIN TH\u01af\u01a0NG HI\u1ec6U :<\/p>\n<p class=\"QN2lPu\">N\u0103m 1990, t\u1eadp \u0111o\u00e0n s\u1ea3n xu\u1ea5t d\u1ee5ng c\u1ee5 th\u1ec3 thao Li-ning Sports \u0111\u01b0\u1ee3c th\u00e0nh l\u1eadp b\u1edfi Li Ning &#8211; m\u1ed9t trong nh\u1eefng v\u1eadn \u0111\u1ed9ng vi\u00ean xu\u1ea5t s\u1eafc nh\u1ea5t th\u1ebf k\u1ef7 20. Ch\u01b0a \u0111\u1ea7y 20 n\u0103m sau, th\u01b0\u01a1ng hi\u1ec7u n\u00e0y \u0111\u00e3 n\u1eb1m trong top nh\u1eefng h\u00e3ng th\u1eddi trang th\u1ec3 thao h\u00e0ng \u0111\u1ea7u th\u1ebf gi\u1edbi. Hi\u1ec7n nay, v\u1edbi n\u1ed7 l\u1ef1c s\u00e1ng t\u1ea1o v\u00e0 \u0111\u1ed5i m\u1edbi, Li-ning \u0111i\u1ec1u h\u00e0nh m\u1ed9t \u201cTrung t\u00e2m s\u00e1ng t\u1ea1o to\u00e0n c\u1ea7u\u201d t\u1ea1i Hongkong, l\u00e0 trung t\u00e2m thi\u1ebft k\u1ebf s\u1ea3n ph\u1ea9m l\u1edbn nh\u1ea5t t\u1ea1i Ch\u00e2u \u00c1 n\u01a1i t\u1eadp trung h\u00e0ng tr\u0103m nh\u00e0 thi\u1ebft k\u1ebf chuy\u00ean nghi\u1ec7p \u0111\u1ebfn t\u1eeb Italia, T\u00e2y Ban Nha, M\u1ef9\u2026 V\u1edbi kh\u1ea9u hi\u1ec7u \u201cMake the change\u201d, Li-ning t\u1ef1 tin mang \u0111\u1ebfn nh\u1eefng s\u1ea3n ph\u1ea9m \u01b0u vi\u1ec7t, thi\u1ebft k\u1ebf phong c\u00e1ch ph\u00f9 h\u1ee3p t\u1eebng m\u00f4n th\u1ec3 thao v\u00e0 ho\u00e0n c\u1ea3nh s\u1eed d\u1ee5ng.<\/p>\n<p class=\"QN2lPu\">_____________________<\/p>\n<p class=\"QN2lPu\">#giaydep #giay #the #thao #nam #nu #giaythethao #giaythethaonu #giaythethaonam #giaysneaker #giaysneakernam #giaysneakernu #giaythethaodonde #giaythethaodondenu #giaythethaodondenam #giaychaythethao #giaychaynam #giaychaynu #giaychaybo #giaychaybonam #giaychaybonu #thethaonam #thethaonu #giaynamdep #giaynudep #giaydoi #thoitrang #sneaker #running #sport #giaycaulong #caulong #giaycaulongnu #giaycaulongnam #Badminton #giaybongban #bongban #giaybongbannam #giaybongbannu #bongro #giaybongro #giaybongronam #giaybongronu  #giaychinhhang #giaytapluyen #tapluyen #giaytapluyennam #giaytapluyennu #lining #liningoffical #thethaodangoai #thethaothoitrang<\/p>\n<\/div>\n","protected":false},"excerpt":{"rendered":"<p>Li Ning Feidian 4 CHALLENGER l\u00e0 lo\u1ea1i gi\u00e0y \u0111ua nh\u1eb9, c\u00f3 \u0111\u1ed9 n\u1ea3y cao, s\u1eed d\u1ee5ng c\u00e1ch k\u1ebft h\u1ee3p m\u00e0u s\u1eafc \u0111\u01a1n gi\u1ea3n, t\u1ea1o n\u00ean s\u1ef1 \u0111\u01a1n gi\u1ea3n v\u00e0 gi\u1ea3n d\u1ecb. Ph\u1ea7n tr\u00ean \u0111\u01b0\u1ee3c l\u00e0m b\u1eb1ng ch\u1ea5t li\u1ec7u tho\u1ea3i m\u00e1i, m\u1ec1m m\u1ea1i v\u00e0 mang l\u1ea1i c\u1ea3m gi\u00e1c tho\u1ea3i m\u00e1i cho b\u00e0n ch\u00e2n. Logo Li Ning&#8230;<\/p>\n","protected":false},"featured_media":14295,"comment_status":"open","ping_status":"closed","template":"","meta":[],"product_brand":[],"product_cat":[1037],"product_tag":[],"class_list":{"0":"post-14231","1":"product","2":"type-product","3":"status-publish","4":"has-post-thumbnail","6":"product_cat-giay-chay-bo","8":"first","9":"instock","10":"sale","11":"featured","12":"shipping-taxable","13":"purchasable","14":"product-type-variable"},"_links":{"self":[{"href":"https:\/\/web-ban-le.mbws.vn\/the-thao-du-lich\/wp-json\/wp\/v2\/product\/14231","targetHints":{"allow":["GET"]}}],"collection":[{"href":"https:\/\/web-ban-le.mbws.vn\/the-thao-du-lich\/wp-json\/wp\/v2\/product"}],"about":[{"href":"https:\/\/web-ban-le.mbws.vn\/the-thao-du-lich\/wp-json\/wp\/v2\/types\/product"}],"replies":[{"embeddable":true,"href":"https:\/\/web-ban-le.mbws.vn\/the-thao-du-lich\/wp-json\/wp\/v2\/comments?post=14231"}],"wp:featuredmedia":[{"embeddable":true,"href":"https:\/\/web-ban-le.mbws.vn\/the-thao-du-lich\/wp-json\/wp\/v2\/media\/14295"}],"wp:attachment":[{"href":"https:\/\/web-ban-le.mbws.vn\/the-thao-du-lich\/wp-json\/wp\/v2\/media?parent=14231"}],"wp:term":[{"taxonomy":"product_brand","embeddable":true,"href":"https:\/\/web-ban-le.mbws.vn\/the-thao-du-lich\/wp-json\/wp\/v2\/product_brand?post=14231"},{"taxonomy":"product_cat","embeddable":true,"href":"https:\/\/web-ban-le.mbws.vn\/the-thao-du-lich\/wp-json\/wp\/v2\/product_cat?post=14231"},{"taxonomy":"product_tag","embeddable":true,"href":"https:\/\/web-ban-le.mbws.vn\/the-thao-du-lich\/wp-json\/wp\/v2\/product_tag?post=14231"}],"curies":[{"name":"wp","href":"https:\/\/api.w.org\/{rel}","templated":true}]}}