{"id":14315,"date":"2025-10-27T11:03:02","date_gmt":"2025-10-27T04:03:02","guid":{"rendered":"https:\/\/web-ban-le.mbws.vn\/the-thao-du-lich\/?post_type=product&#038;p=14315"},"modified":"2025-11-10T08:06:59","modified_gmt":"2025-11-10T01:06:59","slug":"dep-hai-quai-the-thao-nu-li-ning-thoi-trang-sportlife-agau012-8v","status":"publish","type":"product","link":"https:\/\/web-ban-le.mbws.vn\/the-thao-du-lich\/san-pham\/dep-hai-quai-the-thao-nu-li-ning-thoi-trang-sportlife-agau012-8v\/","title":{"rendered":"D\u00e9p Hai Quai Th\u1ec3 Thao N\u1eef Li-Ning Th\u1eddi trang\/Sportlife AGAU012-8V"},"content":{"rendered":"<div class=\"e8lZp3\">\n<p class=\"QN2lPu\">D\u00e9p hai quai Nam AGAU012-8V&nbsp;c\u00f3 thi\u1ebft k\u1ebf n\u0103ng \u0111\u1ed9ng, hi\u1ec7n \u0111\u1ea1i, ph\u00f9 h\u1ee3p cho phong c\u00e1ch th\u1eddi trang th\u01b0\u1eddng ng\u00e0y. Ch\u1ea5t li\u1ec7u TPU b\u1ec1n b\u1ec9, d\u1ebbo dai, mang l\u1ea1i c\u1ea3m gi\u00e1c tho\u1ea3i m\u00e1i v\u00e0 ch\u1eafc ch\u1eafn khi di chuy\u1ec3n. Hai quai \u00f4m ch\u00e2n gi\u00fap c\u1ed1 \u0111\u1ecbnh t\u1ed1t, t\u1ea1o s\u1ef1 linh ho\u1ea1t v\u00e0 \u1ed5n \u0111\u1ecbnh khi s\u1eed d\u1ee5ng. \u0110\u1ebf d\u00e9p c\u00f3 \u0111\u1ed9 b\u00e1m t\u1ed1t, ch\u1ed1ng tr\u01a1n tr\u01b0\u1ee3t, \u0111\u1ea3m b\u1ea3o an to\u00e0n tr\u00ean nhi\u1ec1u b\u1ec1 m\u1eb7t. Ph\u00f9 h\u1ee3p \u0111\u1ec3 \u0111i d\u1ea1o, du l\u1ecbch ho\u1eb7c s\u1eed d\u1ee5ng h\u1eb1ng ng\u00e0y.<\/p>\n<p class=\"QN2lPu\">\n<p class=\"QN2lPu\">M\u00d4 T\u1ea2 CHI TI\u1ebeT :<\/p>\n<p class=\"QN2lPu\">C\u00f3 th\u1ec3 th\u00e1o r\u1eddi 2 l\u1edbp \u0111\u1ebf \u0111\u1ec3 d\u1ec5 d\u00e0ng v\u1ec7 sinh<\/p>\n<p class=\"QN2lPu\">Ch\u1ea5t li\u1ec7u : TPU<\/p>\n<p class=\"QN2lPu\">D\u00f2ng s\u1ea3n ph\u1ea9m : Th\u1eddi trang\/Sportlife<\/p>\n<p class=\"QN2lPu\">Xu\u1ea5t x\u1ee9 : Trung Qu\u1ed1c<\/p>\n<p class=\"QN2lPu\">\n<p class=\"QN2lPu\">H\u01af\u1edaNG D\u1eaaN B\u1ea2O QU\u1ea2N :<\/p>\n<p class=\"QN2lPu\">&#8211; Gi\u1eb7t s\u1ea1ch v\u1ebft b\u1ea9n \u1edf nhi\u1ec7t \u0111\u1ed9 th\u01b0\u1eddng<\/p>\n<p class=\"QN2lPu\">&#8211; Kh\u00f4ng s\u1eed d\u1ee5ng ch\u1ea5t t\u1ea9y<\/p>\n<p class=\"QN2lPu\">&#8211; Tr\u00e1nh ph\u01a1i tr\u1ef1c ti\u1ebfp d\u01b0\u1edbi \u00e1nh n\u1eafng g\u1eaft<\/p>\n<p class=\"QN2lPu\">\n<p class=\"QN2lPu\">B\u1ea2O H\u00c0NH &amp; \u0110\u1ed4I TR\u1ea2 :<\/p>\n<p class=\"QN2lPu\">&#8211; Kh\u00f4ng b\u1ea3o h\u00e0nh<\/p>\n<p class=\"QN2lPu\">&#8211; \u0110\u1ed5i tr\u1ea3 trong v\u00f2ng 7 ng\u00e0y n\u1ebfu l\u1ed7i ph\u00e1t sinh t\u1eeb ph\u00eda nh\u00e0 s\u1ea3n xu\u1ea5t<\/p>\n<p class=\"QN2lPu\">\n<p class=\"QN2lPu\">TH\u00d4NG TIN TH\u01af\u01a0NG HI\u1ec6U :<\/p>\n<p class=\"QN2lPu\">N\u0103m 1990, t\u1eadp \u0111o\u00e0n s\u1ea3n xu\u1ea5t d\u1ee5ng c\u1ee5 th\u1ec3 thao Li-ning Sports \u0111\u01b0\u1ee3c th\u00e0nh l\u1eadp b\u1edfi Li Ning &#8211; m\u1ed9t trong nh\u1eefng v\u1eadn \u0111\u1ed9ng vi\u00ean xu\u1ea5t s\u1eafc nh\u1ea5t th\u1ebf k\u1ef7 20. Ch\u01b0a \u0111\u1ea7y 20 n\u0103m sau, th\u01b0\u01a1ng hi\u1ec7u n\u00e0y \u0111\u00e3 n\u1eb1m trong top nh\u1eefng h\u00e3ng th\u1eddi trang th\u1ec3 thao h\u00e0ng \u0111\u1ea7u th\u1ebf gi\u1edbi. Hi\u1ec7n nay, v\u1edbi n\u1ed7 l\u1ef1c s\u00e1ng t\u1ea1o v\u00e0 \u0111\u1ed5i m\u1edbi, Li-ning \u0111i\u1ec1u h\u00e0nh m\u1ed9t \u201cTrung t\u00e2m s\u00e1ng t\u1ea1o to\u00e0n c\u1ea7u\u201d t\u1ea1i Hongkong, l\u00e0 trung t\u00e2m thi\u1ebft k\u1ebf s\u1ea3n ph\u1ea9m l\u1edbn nh\u1ea5t t\u1ea1i Ch\u00e2u \u00c1 n\u01a1i t\u1eadp trung h\u00e0ng tr\u0103m nh\u00e0 thi\u1ebft k\u1ebf chuy\u00ean nghi\u1ec7p \u0111\u1ebfn t\u1eeb Italia, T\u00e2y Ban Nha, M\u1ef9\u2026 V\u1edbi kh\u1ea9u hi\u1ec7u \u201cMake the change\u201d, Li-ning t\u1ef1 tin mang \u0111\u1ebfn nh\u1eefng s\u1ea3n ph\u1ea9m \u01b0u vi\u1ec7t, thi\u1ebft k\u1ebf phong c\u00e1ch ph\u00f9 h\u1ee3p t\u1eebng m\u00f4n th\u1ec3 thao v\u00e0 ho\u00e0n c\u1ea3nh s\u1eed d\u1ee5ng<\/p>\n<p class=\"QN2lPu\">___________________<\/p>\n<p class=\"QN2lPu\">#dep #the #thao #thao #nam #nu #depthethao #depthethaonu #depquaingang #depnam #depthethaonam  #depnu  #depthethaonu #depnamthethao  #depdimua #depchongtrontruot #liningstore #liningvietnamstore #depgiare #depchinhhang #thethaonam  #theothaonu #depdihoc #depdep #depdichoi  #thethaonam #thethaonu #depnamdep #depnudep #depdoi  #depdebang #debang #debangthethao #thethaodebang #thoitrang #sport #dep #sandal #depsandal<\/p>\n<\/div>\n","protected":false},"excerpt":{"rendered":"<p>D\u00e9p hai quai Nam AGAU012-8V&nbsp;c\u00f3 thi\u1ebft k\u1ebf n\u0103ng \u0111\u1ed9ng, hi\u1ec7n \u0111\u1ea1i, ph\u00f9 h\u1ee3p cho phong c\u00e1ch th\u1eddi trang th\u01b0\u1eddng ng\u00e0y. Ch\u1ea5t li\u1ec7u TPU b\u1ec1n b\u1ec9, d\u1ebbo dai, mang l\u1ea1i c\u1ea3m gi\u00e1c tho\u1ea3i m\u00e1i v\u00e0 ch\u1eafc ch\u1eafn khi di chuy\u1ec3n. Hai quai \u00f4m ch\u00e2n gi\u00fap c\u1ed1 \u0111\u1ecbnh t\u1ed1t, t\u1ea1o s\u1ef1 linh ho\u1ea1t v\u00e0 \u1ed5n \u0111\u1ecbnh khi&#8230;<\/p>\n","protected":false},"featured_media":14334,"comment_status":"open","ping_status":"closed","template":"","meta":[],"product_brand":[],"product_cat":[1268],"product_tag":[],"class_list":{"0":"post-14315","1":"product","2":"type-product","3":"status-publish","4":"has-post-thumbnail","6":"product_cat-khac-xang-dan-va-dep","8":"first","9":"instock","10":"sale","11":"featured","12":"shipping-taxable","13":"purchasable","14":"product-type-variable"},"_links":{"self":[{"href":"https:\/\/web-ban-le.mbws.vn\/the-thao-du-lich\/wp-json\/wp\/v2\/product\/14315","targetHints":{"allow":["GET"]}}],"collection":[{"href":"https:\/\/web-ban-le.mbws.vn\/the-thao-du-lich\/wp-json\/wp\/v2\/product"}],"about":[{"href":"https:\/\/web-ban-le.mbws.vn\/the-thao-du-lich\/wp-json\/wp\/v2\/types\/product"}],"replies":[{"embeddable":true,"href":"https:\/\/web-ban-le.mbws.vn\/the-thao-du-lich\/wp-json\/wp\/v2\/comments?post=14315"}],"wp:featuredmedia":[{"embeddable":true,"href":"https:\/\/web-ban-le.mbws.vn\/the-thao-du-lich\/wp-json\/wp\/v2\/media\/14334"}],"wp:attachment":[{"href":"https:\/\/web-ban-le.mbws.vn\/the-thao-du-lich\/wp-json\/wp\/v2\/media?parent=14315"}],"wp:term":[{"taxonomy":"product_brand","embeddable":true,"href":"https:\/\/web-ban-le.mbws.vn\/the-thao-du-lich\/wp-json\/wp\/v2\/product_brand?post=14315"},{"taxonomy":"product_cat","embeddable":true,"href":"https:\/\/web-ban-le.mbws.vn\/the-thao-du-lich\/wp-json\/wp\/v2\/product_cat?post=14315"},{"taxonomy":"product_tag","embeddable":true,"href":"https:\/\/web-ban-le.mbws.vn\/the-thao-du-lich\/wp-json\/wp\/v2\/product_tag?post=14315"}],"curies":[{"name":"wp","href":"https:\/\/api.w.org\/{rel}","templated":true}]}}