{"id":14316,"date":"2025-10-27T11:03:02","date_gmt":"2025-10-27T04:03:02","guid":{"rendered":"https:\/\/web-ban-le.mbws.vn\/the-thao-du-lich\/?post_type=product&#038;p=14316"},"modified":"2025-11-10T08:06:58","modified_gmt":"2025-11-10T01:06:58","slug":"ao-khoac-gio-the-thao-nam-li-ning-running-afdt185-10","status":"publish","type":"product","link":"https:\/\/web-ban-le.mbws.vn\/the-thao-du-lich\/san-pham\/ao-khoac-gio-the-thao-nam-li-ning-running-afdt185-10\/","title":{"rendered":"\u00c1o Kho\u00e1c Gi\u00f3 Th\u1ec3 Thao Nam Li-Ning Running AFDT185-10"},"content":{"rendered":"<div class=\"e8lZp3\">\n<p class=\"QN2lPu\">V\u1edbi item \u00e1o kho\u00e1c gi\u00f3, ch\u1ea5t li\u1ec7u v\u1ea3i c\u1ea3n gi\u00f3 \u0111\u01b0\u1ee3c Li-Ning \u1ee9ng d\u1ee5ng c\u00e1c c\u00f4ng ngh\u1ec7 ti\u00ean ti\u1ebfn ch\u1ed1ng th\u1ea5m n\u01b0\u1edbc, gi\u1eef cho qu\u1ea7n \u00e1o lu\u00f4n kh\u00f4 r\u00e1o v\u1edbi th\u1eddi ti\u1ebft m\u00f9a \u0111\u00f4ng.M\u00e0u s\u1eafc \u0111\u01a1n gi\u1ea3n&nbsp;nh\u01b0ng v\u1eabn n\u1ed5i b\u1eadt l\u00ean phong c\u00e1ch th\u1eddi trang, hi\u1ec7n \u0111\u1ea1i tr\u1ebb trung v\u1edbi ng\u01b0\u1eddi s\u1eed d\u1ee5ng.<\/p>\n<p class=\"QN2lPu\">C\u00d4NG NGH\u1ec6&nbsp;AT DRY FREEZE&nbsp;:&nbsp;C\u00f4ng ngh\u1ec7 v\u1ea3i gi\u00fap t\u1ea1o c\u1ea3m gi\u00e1c m\u00e1t m\u1ebb cho ng\u01b0\u1eddi s\u1eed d\u1ee5ng<\/p>\n<p class=\"QN2lPu\">Khi da ti\u1ebfp x\u00fac v\u1edbi v\u1ea3i, do t\u1ed3n t\u1ea1i m\u1ed9t ch\u00eanh l\u1ec7ch nhi\u1ec7t \u0111\u1ed9 nh\u1ea5t \u0111\u1ecbnh, g\u00e2y ra s\u1ef1 trao \u0111\u1ed5i nhi\u1ec7t, l\u00e0m cho da c\u1ea3m th\u1ea5y m\u00e1t l\u1ea1nh trong ch\u1edbp m\u1eaft. S\u1ef1 m\u1ea5t nhi\u1ec7t c\u1ee7a c\u01a1 th\u1ec3 \u0111\u01b0\u1ee3c t\u1ea1o th\u00e0nh t\u1eeb hai ph\u1ea7n, m\u1ed9t ph\u1ea7n l\u00e0 v\u1ea3i t\u1ef1 h\u1ea5p th\u1ee5 nhi\u1ec7t, ph\u1ea7n c\u00f2n l\u1ea1i l\u00e0 th\u00f4ng qua v\u1ea3i \u0111\u1ec3 truy\u1ec1n nhi\u1ec7t \u0111\u1ebfn m\u00f4i tr\u01b0\u1eddng b\u00ean ngo\u00e0i<\/p>\n<p class=\"QN2lPu\">C\u00d4NG NGH\u1ec6&nbsp;AT-UV&nbsp;:&nbsp;C\u00f4ng ngh\u1ec7 ch\u1ed1ng tia c\u1ef1c t\u00edm<\/p>\n<p class=\"QN2lPu\">C\u00f4ng ngh\u1ec7 AT-UV c\u00f3 th\u1ec3 hi\u1ec7u qu\u1ea3 ng\u0103n ch\u1eb7n t\u00e1c h\u1ea1i c\u1ee7a tia c\u1ef1c t\u00edm \u0111\u1ed1i v\u1edbi da, cung c\u1ea5p b\u1ea3o v\u1ec7 cho ho\u1ea1t \u0111\u1ed9ng ngo\u00e0i tr\u1eddi d\u01b0\u1edbi \u00e1nh n\u1eafng m\u1eb7t tr\u1eddi.S\u1ee3i v\u1ea3i c\u00f3 kh\u1ea3 n\u0103ng ch\u1ed1ng tia c\u1ef1c t\u00edm ho\u1eb7c qua qu\u00e1 tr\u00ecnh x\u1eed l\u00fd sau c\u00f9ng gi\u00fap cho v\u1ea3i c\u00f3 kh\u1ea3 n\u0103ng h\u1ea5p th\u1ee5 v\u00e0 ph\u1ea3n x\u1ea1 tia c\u1ef1c t\u00edm, gi\u1ea3m thi\u1ec3u s\u1ef1 t\u1ed5n th\u01b0\u01a1ng c\u1ee7a tia c\u1ef1c t\u00edm \u0111\u1ed1i v\u1edbi da.<\/p>\n<p class=\"QN2lPu\">Ch\u1ed1ng tia c\u1ef1c t\u00edm h\u01a1n 99%<\/p>\n<p class=\"QN2lPu\">\n<p class=\"QN2lPu\">M\u00d4 T\u1ea2 CHI TI\u1ebeT :<\/p>\n<p class=\"QN2lPu\">Ch\u1ea5t li\u1ec7u : Nylon83% Elastane17%<\/p>\n<p class=\"QN2lPu\">\u00c1o&nbsp;gi\u00f3&nbsp;1&nbsp;l\u1edbp<\/p>\n<p class=\"QN2lPu\">C\u00f4ng ngh\u1ec7 :&nbsp;AT DRY FREEZE, AT-UV<\/p>\n<p class=\"QN2lPu\">D\u00f2ng s\u1ea3n ph\u1ea9m : Running\/ Ch\u1ea1y b\u1ed9<\/p>\n<p class=\"QN2lPu\">Form d\u00e1ng :&nbsp;Slim fit<\/p>\n<p class=\"QN2lPu\">Gh\u00e9p B\u1ed9 Qu\u1ea7n ( Tham Kh\u1ea3o)&nbsp;:&nbsp;AYKT197-1<\/p>\n<p class=\"QN2lPu\">Form Ch\u1ecdn Size : Main<\/p>\n<p class=\"QN2lPu\">Xu\u1ea5t x\u1ee9 : Trung Qu\u1ed1c<\/p>\n<div class=\"QN2lPu\">\n<div style=\"position: relative; width: 100%; padding-bottom: 36.324%;\"><picture class=\"UkIsx8\"><source srcset=\"https:\/\/down-vn.img.susercontent.com\/file\/vn-11134202-7ra0g-m85m28zilhl0d5@resize_w875_nl.webp 1x, https:\/\/down-vn.img.susercontent.com\/file\/vn-11134202-7ra0g-m85m28zilhl0d5@resize_w1750_nl.webp 2x\" type=\"image\/webp\" class=\"UkIsx8\"><img decoding=\"async\" width=\"875\" loading=\"lazy\" class=\"uXN1L5 lazyload GqYslU\" srcset=\"https:\/\/down-vn.img.susercontent.com\/file\/vn-11134202-7ra0g-m85m28zilhl0d5@resize_w875_nl 1x, https:\/\/down-vn.img.susercontent.com\/file\/vn-11134202-7ra0g-m85m28zilhl0d5@resize_w1750_nl 2x\" src=\"https:\/\/down-vn.img.susercontent.com\/file\/vn-11134202-7ra0g-m85m28zilhl0d5\" height=\"318\"><\/picture><\/div>\n<\/div>\n<p class=\"QN2lPu\">H\u01af\u1edaNG D\u1eaaN B\u1ea2O QU\u1ea2N :<\/p>\n<p class=\"QN2lPu\">&#8211; Gi\u1eb7t s\u1ea1ch v\u1ebft b\u1ea9n \u1edf nhi\u1ec7t \u0111\u1ed9 th\u01b0\u1eddng<\/p>\n<p class=\"QN2lPu\">&#8211; Kh\u00f4ng s\u1eed d\u1ee5ng ch\u1ea5t t\u1ea9y<\/p>\n<p class=\"QN2lPu\">&#8211; Tr\u00e1nh ph\u01a1i tr\u1ef1c ti\u1ebfp d\u01b0\u1edbi \u00e1nh n\u1eafng g\u1eaft<\/p>\n<p class=\"QN2lPu\">\n<p class=\"QN2lPu\">B\u1ea2O H\u00c0NH &amp; \u0110\u1ed4I TR\u1ea2 :<\/p>\n<p class=\"QN2lPu\">&#8211; Kh\u00f4ng b\u1ea3o h\u00e0nh<\/p>\n<p class=\"QN2lPu\">&#8211; \u0110\u1ed5i tr\u1ea3 trong v\u00f2ng 7 ng\u00e0y n\u1ebfu l\u1ed7i ph\u00e1t sinh t\u1eeb ph\u00eda nh\u00e0 s\u1ea3n xu\u1ea5t<\/p>\n<p class=\"QN2lPu\">\n<p class=\"QN2lPu\">TH\u00d4NG TIN TH\u01af\u01a0NG HI\u1ec6U :<\/p>\n<p class=\"QN2lPu\">L\u00e0 m\u1ed9t trong nh\u1eefng th\u01b0\u01a1ng hi\u1ec7u th\u1eddi trang th\u1ec3 thao h\u00e0ng \u0111\u1ea7u th\u1ebf gi\u1edbi, Li-Ning \u0111i\u1ec1u h\u00e0nh m\u1ed9t &#8220;Trung t\u00e2m s\u00e1ng t\u1ea1o to\u00e0n c\u1ea7u&#8221; t\u1ea1i H\u1ed3ng K\u00f4ng &#8211; Th\u00e0nh ph\u1ed1 th\u1eddi trang l\u1edbn nh\u1ea5t Ch\u00e2u \u00c1 &#8211; \u0110\u00e2y l\u00e0 &#8220;\u0111\u1ea1i b\u1ea3n doanh s\u00e1ng t\u1ea1o&#8221; uy t\u00edn c\u1ee7a Li-Ning, t\u1eadp trung h\u00e0ng tr\u0103m nh\u00e0 thi\u1ebft k\u1ebf \u0111\u1eb3ng c\u1ea5p \u0111\u1ebfn t\u1eeb Italia, T\u00e2y Ban Nha, M\u1ef9, &#8230;v.v<\/p>\n<p class=\"QN2lPu\">S\u1ea3n ph\u1ea9m th\u1eddi trang th\u1ec3 thao Li-Ning \u0111\u01b0\u1ee3c thi\u1ebft k\u1ebf d\u1ef1a tr\u00ean nh\u1eefng c\u00f4ng ngh\u1ec7 \u01b0u vi\u1ec7t nh\u1ea5t v\u1ec1 k\u0129 thu\u1eadt v\u00e0 ch\u1ea5t li\u1ec7u. V\u1edbi s\u1ef1 \u0111\u1ed5i m\u1edbi kh\u00f4ng ng\u1eebng v\u00e0 \u0111\u1eb7t ti\u00eau ch\u00ed cao v\u1ec1 an to\u00e0n, th\u1eddi trang, th\u1ea9m m\u0129, ti\u1ec7n d\u1ee5ng v\u00e0 gi\u00e1 th\u00e0nh h\u1ee3p l\u00fd; C\u00e1c d\u00f2ng s\u1ea3n ph\u1ea9m c\u1ee7a Li-Ning \u0111a d\u1ea1ng phong c\u00e1ch v\u00e0 ph\u00f9 h\u1ee3p v\u1edbi m\u1ecdi \u0111\u1ed1i t\u01b0\u1ee3ng. \u0110\u00f3 l\u00e0 d\u00f2ng s\u1ea3n ph\u1ea9m d\u00e0nh ri\u00eang cho thi \u0111\u1ea5u th\u1ec3 thao th\u00e0nh t\u00edch cao v\u1edbi nh\u1eefng h\u1ed7 tr\u1ee3 t\u1ed1i \u0111a cho v\u1eadn \u0111\u1ed9ng vi\u00ean chuy\u00ean nghi\u1ec7p. \u0110\u00f3 l\u00e0 d\u00f2ng s\u1ea3n ph\u1ea9m ti\u1ec7n d\u1ee5ng v\u1edbi phong c\u00e1ch m\u1ea1nh m\u1ebd, c\u00e1 t\u00ednh ho\u1eb7c tr\u00e0n \u0111\u1ea7y s\u1ef1 cu\u1ed1n h\u00fat m\u1ec1m m\u1ea1i ho\u1eb7c \u0111\u1ea7y t\u00ednh ng\u1eabu h\u1ee9ng d\u00e0nh cho c\u00e1c trang ph\u1ee5c trong sinh ho\u1ea1t h\u00e0ng ng\u00e0y, nh\u01b0: \u0111i l\u00e0m, d\u1ea1o ph\u1ed1, picnic, t\u1eadp luy\u1ec7n \u2026m\u00e0 v\u1eabn gi\u1eef \u0111\u01b0\u1ee3c v\u1ebb \u0111\u1eb9p n\u0103ng \u0111\u1ed9ng c\u1ee7a phong c\u00e1ch th\u1ec3 thao.<\/p>\n<p class=\"QN2lPu\">V\u1edbi ph\u01b0\u01a1ng ch\u00e2m \u201cAnything Is Possible\u201d, Li-Ning l\u00e0 m\u00f3n qu\u00e0 thi\u1ebft th\u1ef1c d\u00e0nh cho m\u1ecdi t\u00edn \u0111\u1ed3 y\u00eau th\u00edch th\u1eddi trang th\u1ec3 thao. Ai c\u0169ng c\u00f3 th\u1ec3 s\u1edf h\u1eefu Li-Ning v\u00e0 \u0111\u1ebfn v\u1edbi Li-Ning l\u00e0 \u0111\u1ebfn v\u1edbi nh\u1eefng gi\u1ea5c m\u01a1 c\u00f3 th\u1eadt &#8211; s\u1ef1 m\u1ea1nh m\u1ebd, t\u1ef1 tin v\u00e0 gi\u1ea3i ph\u00f3ng c\u01a1 th\u1ec3. \u0110\u00f3 l\u00e0 s\u1ee9 m\u1ec7nh m\u00e0 t\u1eeb khi ra \u0111\u1eddi \u0111\u1ebfn nay, Li-Ning kh\u00f4ng ng\u1eebng theo \u0111u\u1ed5i.<\/p>\n<p class=\"QN2lPu\">____________________<\/p>\n<p class=\"QN2lPu\">#lining #liningchinhhang #liningvietnam #liningstore #aolining #quanaolining #chinhhang #aolining #polo #aopolo #aothun #aothudong #aodaitay #aogio #aogiothethao #aokhoac #aokhoacthethao #quanao #quanaothudong #aothethao #aothethaonam #aothethaonu #thethao #trangphucthethao #the #thao #nam #nu #ao #thun #aonu #aonam #quanaothethaonam #quanaothethaonu #bothethao #nam #nu #trangphucgym #aotapgym #aogym #aoliningpgymnam #aolininggymnu #aochaybo #aokhoacchaybo #aotapluyen #aolongvu #aoni #aobong #aokhoaclongvu #aokhoacbong #aonithethao<\/p>\n<\/div>\n","protected":false},"excerpt":{"rendered":"<p>V\u1edbi item \u00e1o kho\u00e1c gi\u00f3, ch\u1ea5t li\u1ec7u v\u1ea3i c\u1ea3n gi\u00f3 \u0111\u01b0\u1ee3c Li-Ning \u1ee9ng d\u1ee5ng c\u00e1c c\u00f4ng ngh\u1ec7 ti\u00ean ti\u1ebfn ch\u1ed1ng th\u1ea5m n\u01b0\u1edbc, gi\u1eef cho qu\u1ea7n \u00e1o lu\u00f4n kh\u00f4 r\u00e1o v\u1edbi th\u1eddi ti\u1ebft m\u00f9a \u0111\u00f4ng.M\u00e0u s\u1eafc \u0111\u01a1n gi\u1ea3n&nbsp;nh\u01b0ng v\u1eabn n\u1ed5i b\u1eadt l\u00ean phong c\u00e1ch th\u1eddi trang, hi\u1ec7n \u0111\u1ea1i tr\u1ebb trung v\u1edbi ng\u01b0\u1eddi s\u1eed d\u1ee5ng. C\u00d4NG NGH\u1ec6&nbsp;AT&#8230;<\/p>\n","protected":false},"featured_media":14344,"comment_status":"open","ping_status":"closed","template":"","meta":[],"product_brand":[],"product_cat":[1115],"product_tag":[],"class_list":{"0":"post-14316","1":"product","2":"type-product","3":"status-publish","4":"has-post-thumbnail","6":"product_cat-ao-khoac","8":"first","9":"instock","10":"sale","11":"featured","12":"shipping-taxable","13":"purchasable","14":"product-type-variable"},"_links":{"self":[{"href":"https:\/\/web-ban-le.mbws.vn\/the-thao-du-lich\/wp-json\/wp\/v2\/product\/14316","targetHints":{"allow":["GET"]}}],"collection":[{"href":"https:\/\/web-ban-le.mbws.vn\/the-thao-du-lich\/wp-json\/wp\/v2\/product"}],"about":[{"href":"https:\/\/web-ban-le.mbws.vn\/the-thao-du-lich\/wp-json\/wp\/v2\/types\/product"}],"replies":[{"embeddable":true,"href":"https:\/\/web-ban-le.mbws.vn\/the-thao-du-lich\/wp-json\/wp\/v2\/comments?post=14316"}],"wp:featuredmedia":[{"embeddable":true,"href":"https:\/\/web-ban-le.mbws.vn\/the-thao-du-lich\/wp-json\/wp\/v2\/media\/14344"}],"wp:attachment":[{"href":"https:\/\/web-ban-le.mbws.vn\/the-thao-du-lich\/wp-json\/wp\/v2\/media?parent=14316"}],"wp:term":[{"taxonomy":"product_brand","embeddable":true,"href":"https:\/\/web-ban-le.mbws.vn\/the-thao-du-lich\/wp-json\/wp\/v2\/product_brand?post=14316"},{"taxonomy":"product_cat","embeddable":true,"href":"https:\/\/web-ban-le.mbws.vn\/the-thao-du-lich\/wp-json\/wp\/v2\/product_cat?post=14316"},{"taxonomy":"product_tag","embeddable":true,"href":"https:\/\/web-ban-le.mbws.vn\/the-thao-du-lich\/wp-json\/wp\/v2\/product_tag?post=14316"}],"curies":[{"name":"wp","href":"https:\/\/api.w.org\/{rel}","templated":true}]}}