{"id":13718,"date":"2025-10-23T15:52:49","date_gmt":"2025-10-23T08:52:49","guid":{"rendered":"https:\/\/web-ban-le.mbws.vn\/thiet-bi-dien-gia-dung\/?post_type=product&#038;p=13718"},"modified":"2025-10-30T18:27:02","modified_gmt":"2025-10-30T11:27:02","slug":"quat-dung-toshiba-9-canh-dc-inverter-f-lsd30wvn-30w-tiet-kiem-dien-26-cap-do-gio-do-on-thap-thiet-ke-tinh-te","status":"publish","type":"product","link":"https:\/\/web-ban-le.mbws.vn\/thiet-bi-dien-gia-dung\/san-pham\/quat-dung-toshiba-9-canh-dc-inverter-f-lsd30wvn-30w-tiet-kiem-dien-26-cap-do-gio-do-on-thap-thiet-ke-tinh-te\/","title":{"rendered":"Qu\u1ea1t \u0110\u1ee9ng Toshiba 9 C\u00e1nh DC Inverter F-LSD30(W)VN 30W &#8211; Ti\u1ebft Ki\u1ec7m \u0110i\u1ec7n &#8211; 26 C\u1ea5p \u0110\u1ed9 Gi\u00f3 &#8211; \u0110\u1ed9 \u1ed3n th\u1ea5p &#8211; Thi\u1ebft K\u1ebf Tinh T\u1ebf"},"content":{"rendered":"<div class=\"e8lZp3\">\n<div class=\"QN2lPu\">\n<div style=\"position: relative; width: 100%; padding-bottom: 147.059%;\"><picture class=\"UkIsx8\"><source srcset=\"https:\/\/down-vn.img.susercontent.com\/file\/vn-11134208-7ra0g-m6ybcxr21zl36b@resize_w875_nl.webp 1x, https:\/\/down-vn.img.susercontent.com\/file\/vn-11134208-7ra0g-m6ybcxr21zl36b@resize_w1750_nl.webp 2x\" type=\"image\/webp\" class=\"UkIsx8\"><img decoding=\"async\" width=\"875\" loading=\"lazy\" class=\"uXN1L5 lazyload GqYslU\" srcset=\"https:\/\/down-vn.img.susercontent.com\/file\/vn-11134208-7ra0g-m6ybcxr21zl36b@resize_w875_nl 1x, https:\/\/down-vn.img.susercontent.com\/file\/vn-11134208-7ra0g-m6ybcxr21zl36b@resize_w1750_nl 2x\" src=\"https:\/\/down-vn.img.susercontent.com\/file\/vn-11134208-7ra0g-m6ybcxr21zl36b\" height=\"1287\"><\/picture><\/div>\n<\/div>\n<div class=\"QN2lPu\">\n<div style=\"position: relative; width: 100%; padding-bottom: 140.056%;\"><picture class=\"UkIsx8\"><source srcset=\"https:\/\/down-vn.img.susercontent.com\/file\/vn-11134208-7ra0g-m6ybcxr23e5jb4@resize_w875_nl.webp 1x, https:\/\/down-vn.img.susercontent.com\/file\/vn-11134208-7ra0g-m6ybcxr23e5jb4@resize_w1750_nl.webp 2x\" type=\"image\/webp\" class=\"UkIsx8\"><img decoding=\"async\" width=\"875\" loading=\"lazy\" class=\"uXN1L5 lazyload GqYslU\" srcset=\"https:\/\/down-vn.img.susercontent.com\/file\/vn-11134208-7ra0g-m6ybcxr23e5jb4@resize_w875_nl 1x, https:\/\/down-vn.img.susercontent.com\/file\/vn-11134208-7ra0g-m6ybcxr23e5jb4@resize_w1750_nl 2x\" src=\"https:\/\/down-vn.img.susercontent.com\/file\/vn-11134208-7ra0g-m6ybcxr23e5jb4\" height=\"1225\"><\/picture><\/div>\n<\/div>\n<div class=\"QN2lPu\">\n<div style=\"position: relative; width: 100%; padding-bottom: 140.056%;\"><picture class=\"UkIsx8\"><source srcset=\"https:\/\/down-vn.img.susercontent.com\/file\/vn-11134208-7ra0g-m6ybcxr24spzf8@resize_w875_nl.webp 1x, https:\/\/down-vn.img.susercontent.com\/file\/vn-11134208-7ra0g-m6ybcxr24spzf8@resize_w1750_nl.webp 2x\" type=\"image\/webp\" class=\"UkIsx8\"><img decoding=\"async\" width=\"875\" loading=\"lazy\" class=\"uXN1L5 lazyload GqYslU\" srcset=\"https:\/\/down-vn.img.susercontent.com\/file\/vn-11134208-7ra0g-m6ybcxr24spzf8@resize_w875_nl 1x, https:\/\/down-vn.img.susercontent.com\/file\/vn-11134208-7ra0g-m6ybcxr24spzf8@resize_w1750_nl 2x\" src=\"https:\/\/down-vn.img.susercontent.com\/file\/vn-11134208-7ra0g-m6ybcxr24spzf8\" height=\"1225\"><\/picture><\/div>\n<\/div>\n<div class=\"QN2lPu\">\n<div style=\"position: relative; width: 100%; padding-bottom: 130.039%;\"><picture class=\"UkIsx8\"><source srcset=\"https:\/\/down-vn.img.susercontent.com\/file\/vn-11134208-7ra0g-m6ybcxr267af83@resize_w875_nl.webp 1x, https:\/\/down-vn.img.susercontent.com\/file\/vn-11134208-7ra0g-m6ybcxr267af83@resize_w1750_nl.webp 2x\" type=\"image\/webp\" class=\"UkIsx8\"><img decoding=\"async\" width=\"875\" loading=\"lazy\" class=\"uXN1L5 lazyload GqYslU\" srcset=\"https:\/\/down-vn.img.susercontent.com\/file\/vn-11134208-7ra0g-m6ybcxr267af83@resize_w875_nl 1x, https:\/\/down-vn.img.susercontent.com\/file\/vn-11134208-7ra0g-m6ybcxr267af83@resize_w1750_nl 2x\" src=\"https:\/\/down-vn.img.susercontent.com\/file\/vn-11134208-7ra0g-m6ybcxr267af83\" height=\"1138\"><\/picture><\/div>\n<\/div>\n<div class=\"QN2lPu\">\n<div style=\"position: relative; width: 100%; padding-bottom: 126.582%;\"><picture class=\"UkIsx8\"><source srcset=\"https:\/\/down-vn.img.susercontent.com\/file\/vn-11134208-7ra0g-m6ybcxr27luv1e@resize_w875_nl.webp 1x, https:\/\/down-vn.img.susercontent.com\/file\/vn-11134208-7ra0g-m6ybcxr27luv1e@resize_w1750_nl.webp 2x\" type=\"image\/webp\" class=\"UkIsx8\"><img decoding=\"async\" width=\"875\" loading=\"lazy\" class=\"uXN1L5 lazyload QSLoEa GqYslU\" srcset=\"https:\/\/down-vn.img.susercontent.com\/file\/vn-11134208-7ra0g-m6ybcxr27luv1e@resize_w875_nl 1x, https:\/\/down-vn.img.susercontent.com\/file\/vn-11134208-7ra0g-m6ybcxr27luv1e@resize_w1750_nl 2x\" src=\"https:\/\/down-vn.img.susercontent.com\/file\/vn-11134208-7ra0g-m6ybcxr27luv1e\" height=\"1108\"><\/picture><\/div>\n<\/div>\n<p class=\"QN2lPu\">\n<p class=\"QN2lPu\">QU\u1ea0T M\u00c1Y TOSHIBA F-LSD30(W)VN<\/p>\n<p class=\"QN2lPu\">Bi\u1ec3u t\u01b0\u1ee3ng c\u1ee7a s\u1ef1 tinh t\u1ebf v\u00e0 \u0111\u1eb3ng c\u1ea5p<\/p>\n<p class=\"QN2lPu\">Thi\u1ebft k\u1ebf sang tr\u1ecdng v\u1edbi m\u00e0n h\u00ecnh LED si\u00eau l\u1edbn, hi\u1ec3n th\u1ecb \u0111\u1ea7y \u0111\u1ee7 th\u00f4ng tin, k\u1ebft h\u1ee3p v\u1edbi b\u1ed9 c\u1ea3m bi\u1ebfn nhi\u1ec7t \u0111\u1ed9 th\u00f4ng minh mang \u0111\u1ebfn \u0111\u1eb3ng c\u1ea5p v\u00e0 s\u1ef1 tho\u1ea3i m\u00e1i cho ng\u01b0\u1eddi s\u1eed d\u1ee5ng.<\/p>\n<p class=\"QN2lPu\">DC Inverter: ti\u1ebft ki\u1ec7m 70% \u0111i\u1ec7n<\/p>\n<p class=\"QN2lPu\">26 c\u1ea5p \u0111\u1ed9 gi\u00f3<\/p>\n<p class=\"QN2lPu\">Remote xoay v\u00f4 c\u1ea5p<\/p>\n<p class=\"QN2lPu\">C\u1ea3m bi\u1ebfn nhi\u1ec7t \u0111\u1ed9 th\u00f4ng minh<\/p>\n<p class=\"QN2lPu\">M\u00e0n h\u00ecnh hi\u1ec3n th\u1ecb l\u1edbn, r\u00f5 r\u00e0ng<\/p>\n<p class=\"QN2lPu\">\n<p class=\"QN2lPu\">1. T\u00cdNH N\u0102NG<\/p>\n<p class=\"QN2lPu\">Ti\u1ebft ki\u1ec7m ti\u1ec1n \u0111i\u1ec7n v\u1edbi \u0111\u1ed9ng c\u01a1 DC Inverter<\/p>\n<p class=\"QN2lPu\">Qu\u1ea1t m\u00e1y Toshiba F-LSD30(W)VN \u0111\u01b0\u1ee3c trang b\u1ecb \u0111\u1ed9ng c\u01a1 nam ch\u00e2m v\u0129nh c\u1eedu (DC Inverter) hi\u1ec7n \u0111\u1ea1i mang \u0111\u1ebfn lu\u1ed3ng gi\u00f3 m\u1ea1nh m\u1ebd, ti\u1ebft ki\u1ec7m \u0111\u1ebfn 45% m\u1ee9c ti\u00eau th\u1ee5 \u0111i\u1ec7n n\u0103ng khi \u1edf t\u1ed1c \u0111\u1ed9 cao v\u00e0 70% khi \u1edf t\u1ed1c \u0111\u1ed9 th\u1ea5p. Ch\u00ednh v\u00ec v\u1eady, vi\u1ec7c chi tr\u1ea3 ti\u1ec1n \u0111i\u1ec7n m\u1ed7i th\u00e1ng s\u1ebd ch\u1eb3ng c\u00f2n l\u00e0 b\u00e0i to\u00e1n khi\u1ebfn b\u1ea1n \u0111au \u0111\u1ea7u khi ngh\u0129 \u0111\u1ebfn.<\/p>\n<p class=\"QN2lPu\">\n<p class=\"QN2lPu\">Ch\u1ebf \u0111\u1ed9 gi\u00f3 th\u00f4ng minh<\/p>\n<p class=\"QN2lPu\">Thi\u1ebft l\u1eadp nhi\u1ec1u ch\u1ebf \u0111\u1ed9 gi\u00f3 th\u00f4ng minh, qu\u1ea1t m\u00e1y Toshiba F-LSD30(W)VN c\u00f3 th\u1ec3 \u0111i\u1ec1u ch\u1ec9nh \u1edf nhi\u1ec1u m\u1ee9c \u0111\u1ed9 kh\u00e1c nhau, \u0111\u00e1p \u1ee9ng m\u1ecdi nhu c\u1ea7u v\u00e0 kh\u00f4ng gian s\u1ed1ng c\u1ee7a ng\u01b0\u1eddi s\u1eed d\u1ee5ng. S\u1ea3n ph\u1ea9m bao g\u1ed3m c\u00e1c ch\u1ebf \u0111\u1ed9 qu\u1ea1t nh\u01b0 sau: Ch\u1ebf \u0111\u1ed9 Normal (Th\u01b0\u1eddng), Ch\u1ebf \u0111\u1ed9 Natural (T\u1ef1 nhi\u00ean), Ch\u1ebf \u0111\u1ed9 Sleep (Ng\u1ee7), Ch\u1ebf \u0111\u1ed9 Silent (Y\u00ean t\u0129nh), Ch\u1ebf \u0111\u1ed9 Comfort (Tho\u1ea3i m\u00e1i).<\/p>\n<p class=\"QN2lPu\">\n<p class=\"QN2lPu\">1. THI\u1ebeT K\u1ebe<\/p>\n<p class=\"QN2lPu\">C\u00e1nh qu\u1ea1t \u0111\u1ed9c \u0111\u00e1o<\/p>\n<p class=\"QN2lPu\">V\u1edbi thi\u1ebft k\u1ebf 7-9 c\u00e1nh, lu\u1ed3ng gi\u00f3 \u0111\u01b0\u1ee3c ph\u00e1t ra t\u1eeb qu\u1ea1t s\u1ebd t\u1ecfa kh\u1eafp v\u00e0 m\u1ea1nh m\u1ebd h\u01a1n mang \u0111\u1ebfn s\u1ef1 m\u00e1t m\u1ebb \u1edf b\u1ea5t k\u1ef3 kh\u00f4ng gian n\u00e0o. Nh\u00ecn chung, thi\u1ebft k\u1ebf c\u00e1nh qu\u1ea1t Toshiba kh\u1eafc ph\u1ee5c \u0111\u01b0\u1ee3c c\u00e1c khuy\u1ebft \u0111i\u1ec3m so v\u1edbi qu\u1ea1t truy\u1ec1n th\u1ed1ng.<\/p>\n<p class=\"QN2lPu\">\n<p class=\"QN2lPu\">3. T\u00cdNH N\u0102NG<\/p>\n<p class=\"QN2lPu\">V\u1eadn h\u00e0nh si\u00eau \u00eam \u00e1i<\/p>\n<p class=\"QN2lPu\">Qu\u1ea1t m\u00e1y Toshiba F-LSD30(W)VN v\u1edbi c\u1ea5u t\u1ea1o \u0111\u1eb7c bi\u1ec7t nh\u1eb1m \u0111i\u1ec1u ch\u1ec9nh \u0111\u1ed9 \u1ed3n t\u1ed1i \u0111a nh\u01b0ng v\u1eabn \u0111\u1ea3m b\u1ea3o l\u01b0\u1ee3ng gi\u00f3, lu\u1ed3ng gi\u00f3 th\u1ed5i m\u00e1t. \u1ede ch\u1ebf \u0111\u1ed9 \u201cSilent\u201d, \u0111\u1ed9 \u1ed3n ch\u1ec9 \u1edf m\u1ee9c 27 dB, r\u1ea5t th\u1ea5p so v\u1edbi c\u00e1c d\u00f2ng qu\u1ea1t kh\u00e1c ph\u00f9 h\u1ee3p v\u1edbi nh\u1eefng ng\u01b0\u1eddi kh\u00f3 ng\u1ee7, nh\u1ea1y c\u1ea3m v\u1edbi ti\u1ebfng \u1ed3n.<\/p>\n<\/div>\n","protected":false},"excerpt":{"rendered":"<p>QU\u1ea0T M\u00c1Y TOSHIBA F-LSD30(W)VN Bi\u1ec3u t\u01b0\u1ee3ng c\u1ee7a s\u1ef1 tinh t\u1ebf v\u00e0 \u0111\u1eb3ng c\u1ea5p Thi\u1ebft k\u1ebf sang tr\u1ecdng v\u1edbi m\u00e0n h\u00ecnh LED si\u00eau l\u1edbn, hi\u1ec3n th\u1ecb \u0111\u1ea7y \u0111\u1ee7 th\u00f4ng tin, k\u1ebft h\u1ee3p v\u1edbi b\u1ed9 c\u1ea3m bi\u1ebfn nhi\u1ec7t \u0111\u1ed9 th\u00f4ng minh mang \u0111\u1ebfn \u0111\u1eb3ng c\u1ea5p v\u00e0 s\u1ef1 tho\u1ea3i m\u00e1i cho ng\u01b0\u1eddi s\u1eed d\u1ee5ng. DC Inverter: ti\u1ebft ki\u1ec7m&#8230;<\/p>\n","protected":false},"featured_media":13804,"comment_status":"open","ping_status":"closed","template":"","meta":[],"product_brand":[1245],"product_cat":[1214],"product_tag":[],"class_list":{"0":"post-13718","1":"product","2":"type-product","3":"status-publish","4":"has-post-thumbnail","6":"product_brand-toshiba","7":"product_cat-quat","9":"first","10":"instock","11":"sale","12":"shipping-taxable","13":"purchasable","14":"product-type-simple"},"_links":{"self":[{"href":"https:\/\/web-ban-le.mbws.vn\/thiet-bi-dien-gia-dung\/wp-json\/wp\/v2\/product\/13718","targetHints":{"allow":["GET"]}}],"collection":[{"href":"https:\/\/web-ban-le.mbws.vn\/thiet-bi-dien-gia-dung\/wp-json\/wp\/v2\/product"}],"about":[{"href":"https:\/\/web-ban-le.mbws.vn\/thiet-bi-dien-gia-dung\/wp-json\/wp\/v2\/types\/product"}],"replies":[{"embeddable":true,"href":"https:\/\/web-ban-le.mbws.vn\/thiet-bi-dien-gia-dung\/wp-json\/wp\/v2\/comments?post=13718"}],"wp:featuredmedia":[{"embeddable":true,"href":"https:\/\/web-ban-le.mbws.vn\/thiet-bi-dien-gia-dung\/wp-json\/wp\/v2\/media\/13804"}],"wp:attachment":[{"href":"https:\/\/web-ban-le.mbws.vn\/thiet-bi-dien-gia-dung\/wp-json\/wp\/v2\/media?parent=13718"}],"wp:term":[{"taxonomy":"product_brand","embeddable":true,"href":"https:\/\/web-ban-le.mbws.vn\/thiet-bi-dien-gia-dung\/wp-json\/wp\/v2\/product_brand?post=13718"},{"taxonomy":"product_cat","embeddable":true,"href":"https:\/\/web-ban-le.mbws.vn\/thiet-bi-dien-gia-dung\/wp-json\/wp\/v2\/product_cat?post=13718"},{"taxonomy":"product_tag","embeddable":true,"href":"https:\/\/web-ban-le.mbws.vn\/thiet-bi-dien-gia-dung\/wp-json\/wp\/v2\/product_tag?post=13718"}],"curies":[{"name":"wp","href":"https:\/\/api.w.org\/{rel}","templated":true}]}}