{"id":13720,"date":"2025-10-23T15:52:49","date_gmt":"2025-10-23T08:52:49","guid":{"rendered":"https:\/\/web-ban-le.mbws.vn\/thiet-bi-dien-gia-dung\/?post_type=product&#038;p=13720"},"modified":"2025-10-30T18:27:02","modified_gmt":"2025-10-30T11:27:02","slug":"may-tam-nuoc-nong-truc-tiep-toshiba-twh-45emc1pvnk-kb-cong-nghe-senstemp-bom-dc-tiet-kiem-dien","status":"publish","type":"product","link":"https:\/\/web-ban-le.mbws.vn\/thiet-bi-dien-gia-dung\/san-pham\/may-tam-nuoc-nong-truc-tiep-toshiba-twh-45emc1pvnk-kb-cong-nghe-senstemp-bom-dc-tiet-kiem-dien\/","title":{"rendered":"M\u00e1y T\u1eafm N\u01b0\u1edbc N\u00f3ng Tr\u1ef1c Ti\u1ebfp Toshiba TWH-45EMC1PVN(K)-KB &#8211; C\u00f4ng Ngh\u1ec7 SensTemp &#8211; B\u01a1m DC Ti\u1ebft Ki\u1ec7m \u0110i\u1ec7n"},"content":{"rendered":"<div class=\"e8lZp3\">\n<div class=\"QN2lPu\">\n<div style=\"position: relative; width: 100%; padding-bottom: 135.87%;\"><picture class=\"UkIsx8\"><source srcset=\"https:\/\/down-vn.img.susercontent.com\/file\/vn-11134208-7ras8-mcmw7h2fls0y80@resize_w875_nl.webp 1x, https:\/\/down-vn.img.susercontent.com\/file\/vn-11134208-7ras8-mcmw7h2fls0y80@resize_w1750_nl.webp 2x\" type=\"image\/webp\" class=\"UkIsx8\"><img decoding=\"async\" width=\"875\" loading=\"lazy\" class=\"uXN1L5 lazyload GqYslU\" srcset=\"https:\/\/down-vn.img.susercontent.com\/file\/vn-11134208-7ras8-mcmw7h2fls0y80@resize_w875_nl 1x, https:\/\/down-vn.img.susercontent.com\/file\/vn-11134208-7ras8-mcmw7h2fls0y80@resize_w1750_nl 2x\" src=\"https:\/\/down-vn.img.susercontent.com\/file\/vn-11134208-7ras8-mcmw7h2fls0y80\" height=\"1189\"><\/picture><\/div>\n<\/div>\n<div class=\"QN2lPu\">\n<div style=\"position: relative; width: 100%; padding-bottom: 146.628%;\"><picture class=\"UkIsx8\"><source srcset=\"https:\/\/down-vn.img.susercontent.com\/file\/vn-11134208-7ras8-mcmw7h2fn6le82@resize_w875_nl.webp 1x, https:\/\/down-vn.img.susercontent.com\/file\/vn-11134208-7ras8-mcmw7h2fn6le82@resize_w1750_nl.webp 2x\" type=\"image\/webp\" class=\"UkIsx8\"><img decoding=\"async\" width=\"875\" loading=\"lazy\" class=\"uXN1L5 lazyload GqYslU\" srcset=\"https:\/\/down-vn.img.susercontent.com\/file\/vn-11134208-7ras8-mcmw7h2fn6le82@resize_w875_nl 1x, https:\/\/down-vn.img.susercontent.com\/file\/vn-11134208-7ras8-mcmw7h2fn6le82@resize_w1750_nl 2x\" src=\"https:\/\/down-vn.img.susercontent.com\/file\/vn-11134208-7ras8-mcmw7h2fn6le82\" height=\"1283\"><\/picture><\/div>\n<\/div>\n<div class=\"QN2lPu\">\n<div style=\"position: relative; width: 100%; padding-bottom: 150.15%;\"><picture class=\"UkIsx8\"><source srcset=\"https:\/\/down-vn.img.susercontent.com\/file\/vn-11134208-7ras8-mcmw7h2fol5u76@resize_w875_nl.webp 1x, https:\/\/down-vn.img.susercontent.com\/file\/vn-11134208-7ras8-mcmw7h2fol5u76@resize_w1750_nl.webp 2x\" type=\"image\/webp\" class=\"UkIsx8\"><img decoding=\"async\" width=\"875\" loading=\"lazy\" class=\"uXN1L5 lazyload GqYslU\" srcset=\"https:\/\/down-vn.img.susercontent.com\/file\/vn-11134208-7ras8-mcmw7h2fol5u76@resize_w875_nl 1x, https:\/\/down-vn.img.susercontent.com\/file\/vn-11134208-7ras8-mcmw7h2fol5u76@resize_w1750_nl 2x\" src=\"https:\/\/down-vn.img.susercontent.com\/file\/vn-11134208-7ras8-mcmw7h2fol5u76\" height=\"1314\"><\/picture><\/div>\n<\/div>\n<div class=\"QN2lPu\">\n<div style=\"position: relative; width: 100%; padding-bottom: 150.15%;\"><picture class=\"UkIsx8\"><source srcset=\"https:\/\/down-vn.img.susercontent.com\/file\/vn-11134208-7ras8-mcmw7h2fpzqaa3@resize_w875_nl.webp 1x, https:\/\/down-vn.img.susercontent.com\/file\/vn-11134208-7ras8-mcmw7h2fpzqaa3@resize_w1750_nl.webp 2x\" type=\"image\/webp\" class=\"UkIsx8\"><img decoding=\"async\" width=\"875\" loading=\"lazy\" class=\"uXN1L5 lazyload GqYslU\" srcset=\"https:\/\/down-vn.img.susercontent.com\/file\/vn-11134208-7ras8-mcmw7h2fpzqaa3@resize_w875_nl 1x, https:\/\/down-vn.img.susercontent.com\/file\/vn-11134208-7ras8-mcmw7h2fpzqaa3@resize_w1750_nl 2x\" src=\"https:\/\/down-vn.img.susercontent.com\/file\/vn-11134208-7ras8-mcmw7h2fpzqaa3\" height=\"1314\"><\/picture><\/div>\n<\/div>\n<div class=\"QN2lPu\">\n<div style=\"position: relative; width: 100%; padding-bottom: 150.15%;\"><picture class=\"UkIsx8\"><source srcset=\"https:\/\/down-vn.img.susercontent.com\/file\/vn-11134208-7ras8-mcmw7h2freaq03@resize_w875_nl.webp 1x, https:\/\/down-vn.img.susercontent.com\/file\/vn-11134208-7ras8-mcmw7h2freaq03@resize_w1750_nl.webp 2x\" type=\"image\/webp\" class=\"UkIsx8\"><img decoding=\"async\" width=\"875\" loading=\"lazy\" class=\"uXN1L5 lazyload GqYslU\" srcset=\"https:\/\/down-vn.img.susercontent.com\/file\/vn-11134208-7ras8-mcmw7h2freaq03@resize_w875_nl 1x, https:\/\/down-vn.img.susercontent.com\/file\/vn-11134208-7ras8-mcmw7h2freaq03@resize_w1750_nl 2x\" src=\"https:\/\/down-vn.img.susercontent.com\/file\/vn-11134208-7ras8-mcmw7h2freaq03\" height=\"1314\"><\/picture><\/div>\n<\/div>\n<div class=\"QN2lPu\">\n<div style=\"position: relative; width: 100%; padding-bottom: 150.15%;\"><picture class=\"UkIsx8\"><source srcset=\"https:\/\/down-vn.img.susercontent.com\/file\/vn-11134208-7ras8-mcmw7h2fssv6cb@resize_w875_nl.webp 1x, https:\/\/down-vn.img.susercontent.com\/file\/vn-11134208-7ras8-mcmw7h2fssv6cb@resize_w1750_nl.webp 2x\" type=\"image\/webp\" class=\"UkIsx8\"><img decoding=\"async\" width=\"875\" loading=\"lazy\" class=\"uXN1L5 lazyload GqYslU\" srcset=\"https:\/\/down-vn.img.susercontent.com\/file\/vn-11134208-7ras8-mcmw7h2fssv6cb@resize_w875_nl 1x, https:\/\/down-vn.img.susercontent.com\/file\/vn-11134208-7ras8-mcmw7h2fssv6cb@resize_w1750_nl 2x\" src=\"https:\/\/down-vn.img.susercontent.com\/file\/vn-11134208-7ras8-mcmw7h2fssv6cb\" height=\"1314\"><\/picture><\/div>\n<\/div>\n<div class=\"QN2lPu\">\n<div style=\"position: relative; width: 100%; padding-bottom: 150.15%;\"><picture class=\"UkIsx8\"><source srcset=\"https:\/\/down-vn.img.susercontent.com\/file\/vn-11134208-7ras8-mcmw7h2fu7fmdb@resize_w875_nl.webp 1x, https:\/\/down-vn.img.susercontent.com\/file\/vn-11134208-7ras8-mcmw7h2fu7fmdb@resize_w1750_nl.webp 2x\" type=\"image\/webp\" class=\"UkIsx8\"><img decoding=\"async\" width=\"875\" loading=\"lazy\" class=\"uXN1L5 lazyload QSLoEa GqYslU\" srcset=\"https:\/\/down-vn.img.susercontent.com\/file\/vn-11134208-7ras8-mcmw7h2fu7fmdb@resize_w875_nl 1x, https:\/\/down-vn.img.susercontent.com\/file\/vn-11134208-7ras8-mcmw7h2fu7fmdb@resize_w1750_nl 2x\" src=\"https:\/\/down-vn.img.susercontent.com\/file\/vn-11134208-7ras8-mcmw7h2fu7fmdb\" height=\"1314\"><\/picture><\/div>\n<\/div>\n<div class=\"QN2lPu\">\n<div style=\"position: relative; width: 100%; padding-bottom: 150.15%;\"><picture class=\"UkIsx8\"><source srcset=\"https:\/\/down-vn.img.susercontent.com\/file\/vn-11134208-7ras8-mcmw7h2fvm0213@resize_w875_nl.webp 1x, https:\/\/down-vn.img.susercontent.com\/file\/vn-11134208-7ras8-mcmw7h2fvm0213@resize_w1750_nl.webp 2x\" type=\"image\/webp\" class=\"UkIsx8\"><img decoding=\"async\" width=\"875\" loading=\"lazy\" class=\"uXN1L5 lazyload QSLoEa GqYslU\" srcset=\"https:\/\/down-vn.img.susercontent.com\/file\/vn-11134208-7ras8-mcmw7h2fvm0213@resize_w875_nl 1x, https:\/\/down-vn.img.susercontent.com\/file\/vn-11134208-7ras8-mcmw7h2fvm0213@resize_w1750_nl 2x\" src=\"https:\/\/down-vn.img.susercontent.com\/file\/vn-11134208-7ras8-mcmw7h2fvm0213\" height=\"1314\"><\/picture><\/div>\n<\/div>\n<div class=\"QN2lPu\">\n<div style=\"position: relative; width: 100%; padding-bottom: 150.15%;\"><picture class=\"UkIsx8\"><source srcset=\"https:\/\/down-vn.img.susercontent.com\/file\/vn-11134208-7ras8-mcmw7h2fx0kie2@resize_w875_nl.webp 1x, https:\/\/down-vn.img.susercontent.com\/file\/vn-11134208-7ras8-mcmw7h2fx0kie2@resize_w1750_nl.webp 2x\" type=\"image\/webp\" class=\"UkIsx8\"><img decoding=\"async\" width=\"875\" loading=\"lazy\" class=\"uXN1L5 lazyload QSLoEa GqYslU\" srcset=\"https:\/\/down-vn.img.susercontent.com\/file\/vn-11134208-7ras8-mcmw7h2fx0kie2@resize_w875_nl 1x, https:\/\/down-vn.img.susercontent.com\/file\/vn-11134208-7ras8-mcmw7h2fx0kie2@resize_w1750_nl 2x\" src=\"https:\/\/down-vn.img.susercontent.com\/file\/vn-11134208-7ras8-mcmw7h2fx0kie2\" height=\"1314\"><\/picture><\/div>\n<\/div>\n<p class=\"QN2lPu\">\n<p class=\"QN2lPu\">X\u1eec L\u00dd TH\u00d4NG MINH<\/p>\n<p class=\"QN2lPu\">C\u1ea5p nhi\u1ec7t ph\u00f9 h\u1ee3p<\/p>\n<p class=\"QN2lPu\">B\u1ea3o v\u1ec7 gia \u0111\u00ecnh b\u1ea1n v\u1edbi m\u00e1y t\u1eafm n\u01b0\u1edbc n\u00f3ng Toshiba. C\u00f4ng ngh\u1ec7 c\u1ea3m bi\u1ebfn v\u00e0 \u0111i\u1ec1u ch\u1ec9nh nhi\u1ec7t \u0111\u1ed9 th\u00f4ng minh gi\u00fap tr\u00e1nh b\u1ecfng, \u0111\u1eb7c bi\u1ec7t an to\u00e0n cho tr\u1ebb nh\u1ecf.<\/p>\n<p class=\"QN2lPu\">&nbsp;<\/p>\n<p class=\"QN2lPu\">C\u1ea3m bi\u1ebfn l\u01b0u l\u01b0\u1ee3ng &amp; Nhi\u1ec7t \u0111\u1ed9 ngu\u1ed3n n\u01b0\u1edbc: Ph\u00e1t hi\u1ec7n l\u01b0u l\u01b0\u1ee3ng d\u00f2ng ch\u1ea3y v\u00e0 nhi\u1ec7t \u0111\u1ed9 ch\u00ednh x\u00e1c c\u1ee7a ngu\u1ed3n n\u01b0\u1edbc \u0111\u1ea7u v\u00e0o t\u1ee9c th\u00ec.<\/p>\n<p class=\"QN2lPu\">Thanh nhi\u1ec7t t\u00e1ch r\u1eddi ngu\u1ed3n n\u01b0\u1edbc: T\u1ef1 \u0111\u1ed9ng \u0111i\u1ec1u ch\u1ec9nh c\u00f4ng su\u1ea5t l\u00e0m n\u00f3ng ph\u00f9 h\u1ee3p m\u1edbi m\u1ee9c nhi\u1ec7t \u0111\u1ed9 l\u1ef1a ch\u1ecdn.<\/p>\n<p class=\"QN2lPu\">Chip x\u1eed l\u00fd th\u00f4ng minh &#8211; ti\u1ec7n l\u1ee3i: T\u00ednh to\u00e1n v\u00e0 \u0111i\u1ec1u khi\u1ec3n c\u00e1c ho\u1ea1t \u0111\u1ed9ng c\u1ee7a m\u00e1y m\u1ed9t c\u00e1ch h\u1ee3p l\u00fd v\u00e0 nhanh ch\u00f3ng.<\/p>\n<p class=\"QN2lPu\">&nbsp;<\/p>\n<p class=\"QN2lPu\">C\u00d4NG NGH\u1ec6<\/p>\n<p class=\"QN2lPu\">H\u1ea1n ch\u1ebf bi\u1ebfn \u0111\u1ed9ng nhi\u1ec7t<\/p>\n<p class=\"QN2lPu\">Kh\u00f4ng ng\u1eebng theo d\u00f5i v\u00e0 \u0111i\u1ec1u ch\u1ec9nh nhi\u1ec7t \u0111\u1ed9 n\u01b0\u1edbc m\u1ed9t c\u00e1ch ch\u00ednh x\u00e1c t\u1eebng gi\u00e2y. Nh\u1edd kh\u1ea3 n\u0103ng thu th\u1eadp d\u1eef li\u1ec7u v\u1ec1 l\u01b0u l\u01b0\u1ee3ng v\u00e0 nhi\u1ec7t \u0111\u1ed9 n\u01b0\u1edbc t\u1ee9c th\u1eddi, m\u00e1y t\u1eafm n\u01b0\u1edbc n\u00f3ng Toshiba lu\u00f4n \u0111\u1ea3m b\u1ea3o nhi\u1ec7t \u0111\u1ed9 \u1ed5n \u0111\u1ecbnh v\u00e0 ti\u1ebft ki\u1ec7m \u0111i\u1ec7n n\u0103ng.<\/p>\n<p class=\"QN2lPu\">\n<p class=\"QN2lPu\">Tr\u1ea3i nghi\u1ec7m th\u01b0 gi\u00e3n<\/p>\n<p class=\"QN2lPu\">M\u00e1y b\u01a1m DC gi\u00fap t\u0103ng \u00e1p l\u1ef1c n\u01b0\u1edbc m\u1ea1nh m\u1ebd, mang \u0111\u1ebfn c\u1ea3m gi\u00e1c s\u1ea3ng kho\u00e1i nh\u01b0 \u0111ang t\u1eadn h\u01b0\u1edfng li\u1ec7u ph\u00e1p th\u1ee7y l\u1ef1c t\u1ea1i spa.&nbsp;<\/p>\n<p class=\"QN2lPu\">V\u1edbi \u0111\u1ed9 \u1ed3n ch\u1ec9 38dB(A), m\u00e1y t\u1eafm n\u01b0\u1edbc n\u00f3ng Toshiba ho\u1ea1t \u0111\u1ed9ng \u00eam \u00e1i h\u01a1n nhi\u1ec1u so v\u1edbi c\u00e1c lo\u1ea1i m\u00e1y b\u01a1m truy\u1ec1n th\u1ed1ng, mang \u0111\u1ebfn kh\u00f4ng gian y\u00ean t\u0129nh tuy\u1ec7t \u0111\u1ed1i.<\/p>\n<p class=\"QN2lPu\">\n<p class=\"QN2lPu\">THI\u1ebeT K\u1ebe<\/p>\n<p class=\"QN2lPu\">Thi\u1ebft k\u1ebf hi\u1ec7n \u0111\u1ea1i&nbsp;<\/p>\n<p class=\"QN2lPu\">chu\u1ea9n an to\u00e0n<\/p>\n<p class=\"QN2lPu\">H\u1ec7 th\u1ed1ng \u0111i\u1ec7n v\u00e0 n\u01b0\u1edbc t\u00e1ch bi\u1ec7t, \u0111\u01b0\u1ee3c thi\u1ebft k\u1ebf c\u00e1c ng\u0103n \u0111\u1ed9c l\u1eadp ng\u0103n ng\u1eeba v\u00e0 lo\u1ea1i b\u1ecf c\u00e1c s\u1ef1 c\u1ed1 li\u00ean quan \u0111\u1ebfn \u0111i\u1ec7n, b\u1ea3o v\u1ec7 ng\u01b0\u1eddi d\u00f9ng tuy\u1ec7t \u0111\u1ed1i. Ngo\u00e0i ra c\u00f2n gi\u00fap thi\u1ebft b\u1ecb ho\u1ea1t \u0111\u1ed9ng \u1ed5n \u0111\u1ecbnh v\u00e0 b\u1ec1n b\u1ec9 h\u01a1n.<\/p>\n<p class=\"QN2lPu\">\n<p class=\"QN2lPu\">Thi\u1ebft k\u1ebf ti\u1ec7n l\u1ee3i&nbsp;<\/p>\n<p class=\"QN2lPu\">Ki\u1ec3m so\u00e1t d\u1ec5 d\u00e0ng<\/p>\n<p class=\"QN2lPu\">M\u00e0n h\u00ecnh LED th\u1ec3 hi\u1ec7n r\u00f5 n\u00e9t, ch\u00ednh x\u00e1c m\u1ee9c nhi\u1ec7t \u0111\u1ed9 m\u00e0 b\u1ea1n mong mu\u1ed1n.<\/p>\n<p class=\"QN2lPu\">\n<p class=\"QN2lPu\">T\u00cdNH N\u0102NG<\/p>\n<p class=\"QN2lPu\">\u0110a d\u1ea1ng ch\u1ebf \u0111\u1ed9<\/p>\n<p class=\"QN2lPu\">Ph\u00f9 h\u1ee3p cho c\u1ea3 nh\u00e0<\/p>\n<p class=\"QN2lPu\">T\u00ednh n\u0103ng c\u00e0i \u0111\u1eb7t th\u1ee7 c\u00f4ng 3 ch\u1ebf \u0111\u1ed9 nhi\u1ec7t t\u00f9y \u00fd M1, M2 v\u00e0 M3 \u0111\u1ec3 ghi nh\u1edb s\u1edf th\u00edch v\u00e0 nhu c\u1ea7u s\u1eed d\u1ee5ng c\u1ee7a c\u00e1c th\u00e0nh vi\u00ean trong gia \u0111\u00ecnh.<\/p>\n<p class=\"QN2lPu\">\n<p class=\"QN2lPu\">TI\u1ec6N \u00cdCH<\/p>\n<p class=\"QN2lPu\">N\u00f3ng l\u1ea1nh c\u00e2n b\u1eb1ng, c\u01a1 th\u1ec3 kh\u1ecfe m\u1ea1nh<\/p>\n<p class=\"QN2lPu\">M\u00e1y t\u1eafm n\u01b0\u1edbc n\u00f3ng Toshiba cung c\u1ea5p 2 ch\u1ebf \u0111\u1ed9 ri\u00eang bi\u1ec7t, ph\u00f9 h\u1ee3p m\u1ecdi kho\u1ea3nh kh\u1eafc:<\/p>\n<p class=\"QN2lPu\">&nbsp;<\/p>\n<p class=\"QN2lPu\">Th\u1ec3 thao: Th\u01b0 gi\u00e3n v\u00e0 gi\u1ea3m \u0111au c\u01a1 b\u1eafp nhanh ch\u00f3ng nh\u1edd qu\u00e1 tr\u00ecnh l\u00e0m \u1ea5m d\u1ea7n (l\u00ean \u0111\u1ebfn 39\u00b0C). Chu k\u1ef3 n\u00f3ng l\u1ea1nh xen k\u1ebd k\u00edch th\u00edch tu\u1ea7n ho\u00e0n m\u00e1u, gi\u00fap c\u01a1 th\u1ec3 ph\u1ee5c h\u1ed3i m\u1ed9t c\u00e1ch hi\u1ec7u qu\u1ea3.<\/p>\n<p class=\"QN2lPu\">\n<p class=\"QN2lPu\">Th\u01b0 gi\u00e3n: Chu\u1ea9n b\u1ecb cho m\u1ed9t gi\u1ea5c ng\u1ee7 ngon v\u00e0 s\u00e2u nh\u1edd chu tr\u00ecnh n\u00f3ng l\u1ea1nh \u0111\u1ed9c \u0111\u00e1o, nhi\u1ec7t \u0111\u1ed9 s\u1ebd t\u0103ng d\u1ea7n l\u00ean v\u00e0 duy tr\u00ec \u1edf m\u1ee9c 40\u00b0C trong 2 ph\u00fat, sau \u0111\u00f3 gi\u1ea3m d\u1ea7n xu\u1ed1ng 38\u00b0C.<\/p>\n<p class=\"QN2lPu\">\n<p class=\"QN2lPu\">T\u1ef1 \u0111\u1ed9ng \u0111i\u1ec1u ch\u1ec9nh<\/p>\n<p class=\"QN2lPu\">nhi\u1ec7t n\u01b0\u1edbc nh\u01b0 \u00fd<\/p>\n<p class=\"QN2lPu\">T\u1eadn h\u01b0\u1edfng l\u00e0n n\u01b0\u1edbc \u1ea5m \u00e1p, ph\u00f9 h\u1ee3p m\u1ecdi \u0111i\u1ec1u ki\u1ec7n th\u1eddi ti\u1ebft v\u1edbi ch\u1ebf \u0111\u1ed9 t\u1ef1 \u0111\u1ed9ng \u0111\u1ec1 xu\u1ea5t nhi\u1ec7t \u0111\u1ed9 n\u01b0\u1edbc. Tho\u1ea3i m\u00e1i t\u1eadn h\u01b0\u1edfng c\u1ea3m gi\u00e1c th\u01b0 th\u00e1i trong su\u1ed1t 4 m\u00f9a.<\/p>\n<\/div>\n","protected":false},"excerpt":{"rendered":"<p>X\u1eec L\u00dd TH\u00d4NG MINH C\u1ea5p nhi\u1ec7t ph\u00f9 h\u1ee3p B\u1ea3o v\u1ec7 gia \u0111\u00ecnh b\u1ea1n v\u1edbi m\u00e1y t\u1eafm n\u01b0\u1edbc n\u00f3ng Toshiba. C\u00f4ng ngh\u1ec7 c\u1ea3m bi\u1ebfn v\u00e0 \u0111i\u1ec1u ch\u1ec9nh nhi\u1ec7t \u0111\u1ed9 th\u00f4ng minh gi\u00fap tr\u00e1nh b\u1ecfng, \u0111\u1eb7c bi\u1ec7t an to\u00e0n cho tr\u1ebb nh\u1ecf. &nbsp; C\u1ea3m bi\u1ebfn l\u01b0u l\u01b0\u1ee3ng &amp; Nhi\u1ec7t \u0111\u1ed9 ngu\u1ed3n n\u01b0\u1edbc: Ph\u00e1t hi\u1ec7n l\u01b0u l\u01b0\u1ee3ng d\u00f2ng&#8230;<\/p>\n","protected":false},"featured_media":13809,"comment_status":"open","ping_status":"closed","template":"","meta":[],"product_brand":[1245],"product_cat":[1217],"product_tag":[],"class_list":{"0":"post-13720","1":"product","2":"type-product","3":"status-publish","4":"has-post-thumbnail","6":"product_brand-toshiba","7":"product_cat-may-nuoc-nong","9":"first","10":"instock","11":"sale","12":"shipping-taxable","13":"purchasable","14":"product-type-simple"},"_links":{"self":[{"href":"https:\/\/web-ban-le.mbws.vn\/thiet-bi-dien-gia-dung\/wp-json\/wp\/v2\/product\/13720","targetHints":{"allow":["GET"]}}],"collection":[{"href":"https:\/\/web-ban-le.mbws.vn\/thiet-bi-dien-gia-dung\/wp-json\/wp\/v2\/product"}],"about":[{"href":"https:\/\/web-ban-le.mbws.vn\/thiet-bi-dien-gia-dung\/wp-json\/wp\/v2\/types\/product"}],"replies":[{"embeddable":true,"href":"https:\/\/web-ban-le.mbws.vn\/thiet-bi-dien-gia-dung\/wp-json\/wp\/v2\/comments?post=13720"}],"wp:featuredmedia":[{"embeddable":true,"href":"https:\/\/web-ban-le.mbws.vn\/thiet-bi-dien-gia-dung\/wp-json\/wp\/v2\/media\/13809"}],"wp:attachment":[{"href":"https:\/\/web-ban-le.mbws.vn\/thiet-bi-dien-gia-dung\/wp-json\/wp\/v2\/media?parent=13720"}],"wp:term":[{"taxonomy":"product_brand","embeddable":true,"href":"https:\/\/web-ban-le.mbws.vn\/thiet-bi-dien-gia-dung\/wp-json\/wp\/v2\/product_brand?post=13720"},{"taxonomy":"product_cat","embeddable":true,"href":"https:\/\/web-ban-le.mbws.vn\/thiet-bi-dien-gia-dung\/wp-json\/wp\/v2\/product_cat?post=13720"},{"taxonomy":"product_tag","embeddable":true,"href":"https:\/\/web-ban-le.mbws.vn\/thiet-bi-dien-gia-dung\/wp-json\/wp\/v2\/product_tag?post=13720"}],"curies":[{"name":"wp","href":"https:\/\/api.w.org\/{rel}","templated":true}]}}