{"id":13724,"date":"2025-10-23T15:52:50","date_gmt":"2025-10-23T08:52:50","guid":{"rendered":"https:\/\/web-ban-le.mbws.vn\/thiet-bi-dien-gia-dung\/?post_type=product&#038;p=13724"},"modified":"2025-10-30T18:27:02","modified_gmt":"2025-10-30T11:27:02","slug":"noi-com-dien-tu-toshiba-1-8-lit-rc-18dh5uvnw-de-ve-sinh-voi-nap-noi-va-van-de-thao-roi-de-su-dung-voi-man-hinh-led","status":"publish","type":"product","link":"https:\/\/web-ban-le.mbws.vn\/thiet-bi-dien-gia-dung\/san-pham\/noi-com-dien-tu-toshiba-1-8-lit-rc-18dh5uvnw-de-ve-sinh-voi-nap-noi-va-van-de-thao-roi-de-su-dung-voi-man-hinh-led\/","title":{"rendered":"N\u1ed3i C\u01a1m \u0110i\u1ec7n T\u1eed Toshiba 1.8 L\u00edt RC-18DH5UVN(W) &#8211; D\u1ec5 v\u1ec7 sinh v\u1edbi n\u1eafp n\u1ed3i v\u00e0 van d\u1ec5 th\u00e1o r\u1eddi, D\u1ec5 S\u1eed D\u1ee5ng V\u1edbi M\u00e0n H\u00ecnh LED"},"content":{"rendered":"<div class=\"e8lZp3\">\n<div class=\"QN2lPu\">\n<div style=\"position: relative; width: 100%; padding-bottom: 121.951%;\"><picture class=\"UkIsx8\"><source srcset=\"https:\/\/down-vn.img.susercontent.com\/file\/vn-11134208-820l4-mesgt05iy2o6de@resize_w875_nl.webp 1x, https:\/\/down-vn.img.susercontent.com\/file\/vn-11134208-820l4-mesgt05iy2o6de@resize_w1750_nl.webp 2x\" type=\"image\/webp\" class=\"UkIsx8\"><img decoding=\"async\" width=\"875\" loading=\"lazy\" class=\"uXN1L5 lazyload GqYslU\" srcset=\"https:\/\/down-vn.img.susercontent.com\/file\/vn-11134208-820l4-mesgt05iy2o6de@resize_w875_nl 1x, https:\/\/down-vn.img.susercontent.com\/file\/vn-11134208-820l4-mesgt05iy2o6de@resize_w1750_nl 2x\" src=\"https:\/\/down-vn.img.susercontent.com\/file\/vn-11134208-820l4-mesgt05iy2o6de\" height=\"1067\"><\/picture><\/div>\n<\/div>\n<div class=\"QN2lPu\">\n<div style=\"position: relative; width: 100%; padding-bottom: 68.1199%;\"><picture class=\"UkIsx8\"><source srcset=\"https:\/\/down-vn.img.susercontent.com\/file\/vn-11134208-820l4-mesgt05hdvyb97@resize_w875_nl.webp 1x, https:\/\/down-vn.img.susercontent.com\/file\/vn-11134208-820l4-mesgt05hdvyb97@resize_w1750_nl.webp 2x\" type=\"image\/webp\" class=\"UkIsx8\"><img decoding=\"async\" width=\"875\" loading=\"lazy\" class=\"uXN1L5 lazyload GqYslU\" srcset=\"https:\/\/down-vn.img.susercontent.com\/file\/vn-11134208-820l4-mesgt05hdvyb97@resize_w875_nl 1x, https:\/\/down-vn.img.susercontent.com\/file\/vn-11134208-820l4-mesgt05hdvyb97@resize_w1750_nl 2x\" src=\"https:\/\/down-vn.img.susercontent.com\/file\/vn-11134208-820l4-mesgt05hdvyb97\" height=\"596\"><\/picture><\/div>\n<\/div>\n<div class=\"QN2lPu\">\n<div style=\"position: relative; width: 100%; padding-bottom: 181.488%;\"><picture class=\"UkIsx8\"><source srcset=\"https:\/\/down-vn.img.susercontent.com\/file\/vn-11134208-820l4-mesgt05htc7b0b@resize_w875_nl.webp 1x, https:\/\/down-vn.img.susercontent.com\/file\/vn-11134208-820l4-mesgt05htc7b0b@resize_w1750_nl.webp 2x\" type=\"image\/webp\" class=\"UkIsx8\"><img decoding=\"async\" width=\"875\" loading=\"lazy\" class=\"uXN1L5 lazyload GqYslU\" srcset=\"https:\/\/down-vn.img.susercontent.com\/file\/vn-11134208-820l4-mesgt05htc7b0b@resize_w875_nl 1x, https:\/\/down-vn.img.susercontent.com\/file\/vn-11134208-820l4-mesgt05htc7b0b@resize_w1750_nl 2x\" src=\"https:\/\/down-vn.img.susercontent.com\/file\/vn-11134208-820l4-mesgt05htc7b0b\" height=\"1588\"><\/picture><\/div>\n<\/div>\n<div class=\"QN2lPu\">\n<div style=\"position: relative; width: 100%; padding-bottom: 168.35%;\"><picture class=\"UkIsx8\"><source srcset=\"https:\/\/down-vn.img.susercontent.com\/file\/vn-11134208-820l4-mesgt05izh8m22@resize_w875_nl.webp 1x, https:\/\/down-vn.img.susercontent.com\/file\/vn-11134208-820l4-mesgt05izh8m22@resize_w1750_nl.webp 2x\" type=\"image\/webp\" class=\"UkIsx8\"><img decoding=\"async\" width=\"875\" loading=\"lazy\" class=\"uXN1L5 lazyload GqYslU\" srcset=\"https:\/\/down-vn.img.susercontent.com\/file\/vn-11134208-820l4-mesgt05izh8m22@resize_w875_nl 1x, https:\/\/down-vn.img.susercontent.com\/file\/vn-11134208-820l4-mesgt05izh8m22@resize_w1750_nl 2x\" src=\"https:\/\/down-vn.img.susercontent.com\/file\/vn-11134208-820l4-mesgt05izh8m22\" height=\"1473\"><\/picture><\/div>\n<\/div>\n<div class=\"QN2lPu\">\n<div style=\"position: relative; width: 100%; padding-bottom: 119.904%;\"><picture class=\"UkIsx8\"><source srcset=\"https:\/\/down-vn.img.susercontent.com\/file\/vn-11134208-820l4-mesgt05j0vt2f5@resize_w875_nl.webp 1x, https:\/\/down-vn.img.susercontent.com\/file\/vn-11134208-820l4-mesgt05j0vt2f5@resize_w1750_nl.webp 2x\" type=\"image\/webp\" class=\"UkIsx8\"><img decoding=\"async\" width=\"875\" loading=\"lazy\" class=\"uXN1L5 lazyload GqYslU\" srcset=\"https:\/\/down-vn.img.susercontent.com\/file\/vn-11134208-820l4-mesgt05j0vt2f5@resize_w875_nl 1x, https:\/\/down-vn.img.susercontent.com\/file\/vn-11134208-820l4-mesgt05j0vt2f5@resize_w1750_nl 2x\" src=\"https:\/\/down-vn.img.susercontent.com\/file\/vn-11134208-820l4-mesgt05j0vt2f5\" height=\"1049\"><\/picture><\/div>\n<\/div>\n<div class=\"QN2lPu\">\n<div style=\"position: relative; width: 100%; padding-bottom: 194.553%;\"><picture class=\"UkIsx8\"><source srcset=\"https:\/\/down-vn.img.susercontent.com\/file\/vn-11134208-820l4-mesgt05j2adi43@resize_w875_nl.webp 1x, https:\/\/down-vn.img.susercontent.com\/file\/vn-11134208-820l4-mesgt05j2adi43@resize_w1750_nl.webp 2x\" type=\"image\/webp\" class=\"UkIsx8\"><img decoding=\"async\" width=\"875\" loading=\"lazy\" class=\"uXN1L5 lazyload GqYslU\" srcset=\"https:\/\/down-vn.img.susercontent.com\/file\/vn-11134208-820l4-mesgt05j2adi43@resize_w875_nl 1x, https:\/\/down-vn.img.susercontent.com\/file\/vn-11134208-820l4-mesgt05j2adi43@resize_w1750_nl 2x\" src=\"https:\/\/down-vn.img.susercontent.com\/file\/vn-11134208-820l4-mesgt05j2adi43\" height=\"1702\"><\/picture><\/div>\n<\/div>\n<div class=\"QN2lPu\">\n<div style=\"position: relative; width: 100%; padding-bottom: 173.31%;\"><picture class=\"UkIsx8\"><source srcset=\"https:\/\/down-vn.img.susercontent.com\/file\/vn-11134208-820l4-mesgt05j3oxy9d@resize_w875_nl.webp 1x, https:\/\/down-vn.img.susercontent.com\/file\/vn-11134208-820l4-mesgt05j3oxy9d@resize_w1750_nl.webp 2x\" type=\"image\/webp\" class=\"UkIsx8\"><img decoding=\"async\" width=\"875\" loading=\"lazy\" class=\"uXN1L5 lazyload GqYslU\" srcset=\"https:\/\/down-vn.img.susercontent.com\/file\/vn-11134208-820l4-mesgt05j3oxy9d@resize_w875_nl 1x, https:\/\/down-vn.img.susercontent.com\/file\/vn-11134208-820l4-mesgt05j3oxy9d@resize_w1750_nl 2x\" src=\"https:\/\/down-vn.img.susercontent.com\/file\/vn-11134208-820l4-mesgt05j3oxy9d\" height=\"1516\"><\/picture><\/div>\n<\/div>\n<div class=\"QN2lPu\">\n<div style=\"position: relative; width: 100%; padding-bottom: 129.199%;\"><picture class=\"UkIsx8\"><source srcset=\"https:\/\/down-vn.img.susercontent.com\/file\/vn-11134208-820l4-mesgt05j53ieea@resize_w875_nl.webp 1x, https:\/\/down-vn.img.susercontent.com\/file\/vn-11134208-820l4-mesgt05j53ieea@resize_w1750_nl.webp 2x\" type=\"image\/webp\" class=\"UkIsx8\"><img decoding=\"async\" width=\"875\" loading=\"lazy\" class=\"uXN1L5 lazyload GqYslU\" srcset=\"https:\/\/down-vn.img.susercontent.com\/file\/vn-11134208-820l4-mesgt05j53ieea@resize_w875_nl 1x, https:\/\/down-vn.img.susercontent.com\/file\/vn-11134208-820l4-mesgt05j53ieea@resize_w1750_nl 2x\" src=\"https:\/\/down-vn.img.susercontent.com\/file\/vn-11134208-820l4-mesgt05j53ieea\" height=\"1130\"><\/picture><\/div>\n<\/div>\n<div class=\"QN2lPu\">\n<div style=\"position: relative; width: 100%; padding-bottom: 131.752%;\"><picture class=\"UkIsx8\"><source srcset=\"https:\/\/down-vn.img.susercontent.com\/file\/vn-11134208-820l4-mesgt05j6i2u27@resize_w875_nl.webp 1x, https:\/\/down-vn.img.susercontent.com\/file\/vn-11134208-820l4-mesgt05j6i2u27@resize_w1750_nl.webp 2x\" type=\"image\/webp\" class=\"UkIsx8\"><img decoding=\"async\" width=\"875\" loading=\"lazy\" class=\"uXN1L5 lazyload QSLoEa GqYslU\" srcset=\"https:\/\/down-vn.img.susercontent.com\/file\/vn-11134208-820l4-mesgt05j6i2u27@resize_w875_nl 1x, https:\/\/down-vn.img.susercontent.com\/file\/vn-11134208-820l4-mesgt05j6i2u27@resize_w1750_nl 2x\" src=\"https:\/\/down-vn.img.susercontent.com\/file\/vn-11134208-820l4-mesgt05j6i2u27\" height=\"1153\"><\/picture><\/div>\n<\/div>\n<div class=\"QN2lPu\">\n<div style=\"position: relative; width: 100%; padding-bottom: 152.905%;\"><picture class=\"UkIsx8\"><source srcset=\"https:\/\/down-vn.img.susercontent.com\/file\/vn-11134208-820l4-mesgt05j7wnaed@resize_w875_nl.webp 1x, https:\/\/down-vn.img.susercontent.com\/file\/vn-11134208-820l4-mesgt05j7wnaed@resize_w1750_nl.webp 2x\" type=\"image\/webp\" class=\"UkIsx8\"><img decoding=\"async\" width=\"875\" loading=\"lazy\" class=\"uXN1L5 lazyload QSLoEa GqYslU\" srcset=\"https:\/\/down-vn.img.susercontent.com\/file\/vn-11134208-820l4-mesgt05j7wnaed@resize_w875_nl 1x, https:\/\/down-vn.img.susercontent.com\/file\/vn-11134208-820l4-mesgt05j7wnaed@resize_w1750_nl 2x\" src=\"https:\/\/down-vn.img.susercontent.com\/file\/vn-11134208-820l4-mesgt05j7wnaed\" height=\"1338\"><\/picture><\/div>\n<\/div>\n<div class=\"QN2lPu\">\n<div style=\"position: relative; width: 100%; padding-bottom: 110.497%;\"><picture class=\"UkIsx8\"><source srcset=\"https:\/\/down-vn.img.susercontent.com\/file\/vn-11134208-820l4-mesgt05j9b7q75@resize_w875_nl.webp 1x, https:\/\/down-vn.img.susercontent.com\/file\/vn-11134208-820l4-mesgt05j9b7q75@resize_w1750_nl.webp 2x\" type=\"image\/webp\" class=\"UkIsx8\"><img decoding=\"async\" width=\"875\" loading=\"lazy\" class=\"uXN1L5 lazyload QSLoEa GqYslU\" srcset=\"https:\/\/down-vn.img.susercontent.com\/file\/vn-11134208-820l4-mesgt05j9b7q75@resize_w875_nl 1x, https:\/\/down-vn.img.susercontent.com\/file\/vn-11134208-820l4-mesgt05j9b7q75@resize_w1750_nl 2x\" src=\"https:\/\/down-vn.img.susercontent.com\/file\/vn-11134208-820l4-mesgt05j9b7q75\" height=\"967\"><\/picture><\/div>\n<\/div>\n<div class=\"QN2lPu\">\n<div style=\"position: relative; width: 100%; padding-bottom: 129.702%;\"><picture class=\"UkIsx8\"><source srcset=\"https:\/\/down-vn.img.susercontent.com\/file\/vn-11134208-820l4-mesgt05japs6a2@resize_w875_nl.webp 1x, https:\/\/down-vn.img.susercontent.com\/file\/vn-11134208-820l4-mesgt05japs6a2@resize_w1750_nl.webp 2x\" type=\"image\/webp\" class=\"UkIsx8\"><img decoding=\"async\" width=\"875\" loading=\"lazy\" class=\"uXN1L5 lazyload QSLoEa GqYslU\" srcset=\"https:\/\/down-vn.img.susercontent.com\/file\/vn-11134208-820l4-mesgt05japs6a2@resize_w875_nl 1x, https:\/\/down-vn.img.susercontent.com\/file\/vn-11134208-820l4-mesgt05japs6a2@resize_w1750_nl 2x\" src=\"https:\/\/down-vn.img.susercontent.com\/file\/vn-11134208-820l4-mesgt05japs6a2\" height=\"1135\"><\/picture><\/div>\n<\/div>\n<p class=\"QN2lPu\">N\u1ed3i C\u01a1m \u0110i\u1ec7n T\u1eed Toshiba 1.8 L\u00edt RC-18DH5UVN(W)<\/p>\n<p class=\"QN2lPu\">\n<p class=\"QN2lPu\">Lo\u1ea1i n\u1ed3i( Cao t\u1ea7n, \u0111i\u1ec7n t\u1eed, n\u1eafp r\u1eddi, n\u1eafp g\u00e0i) * \t\u0110i\u1ec7n t\u1eed<\/p>\n<p class=\"QN2lPu\"> Dung t\u00edch n\u1ed3i * \t1.8L<\/p>\n<p class=\"QN2lPu\"> C\u00f4ng su\u1ea5t * \t860W<\/p>\n<p class=\"QN2lPu\"> C\u00f4ng su\u1ea5t m\u00e2m nhi\u1ec7t ch\u00ednh \t760W<\/p>\n<p class=\"QN2lPu\"> C\u00f4ng su\u1ea5t m\u00e2m nhi\u1ec7t n\u1eafp \t30W<\/p>\n<p class=\"QN2lPu\"> C\u00f4ng su\u1ea5t m\u00e2m nhi\u1ec7t b\u00ean \t71W<\/p>\n<p class=\"QN2lPu\"> C\u00f4ng ngh\u1ec7 n\u1ea5u * (c\u00f3 m\u1ea5y m\u00e2m nhi\u1ec7t) \t3D- 3 m\u00e2m nhi\u1ec7t<\/p>\n<p class=\"QN2lPu\"> B\u1ea3ng \u0111i\u1ec1u khi\u1ec3n( n\u00fat nh\u1ea5n, n\u00fat g\u1ea1t hay c\u1ea3m \u1ee9ng\u2026)* \tN\u00fat b\u1ea5m<\/p>\n<p class=\"QN2lPu\"> \u0110\u1ed9 d\u00e0y l\u00f2ng n\u1ed3i * \t2mm<\/p>\n<p class=\"QN2lPu\"> Ch\u1ea5t li\u1ec7u l\u00f2ng n\u1ed3i( ghi r\u00f5 ch\u1ea5t li\u1ec7u, c\u00e1c l\u1edbp ch\u1ea5t li\u1ec7u, ch\u1ea5t li\u1ec7u ch\u1ed1ng d\u00ednh g\u00ec) * \tL\u00f2ng n\u1ed3i b\u1eb1ng h\u1ee3p kim ph\u1ee7 ch\u1ed1ng d\u00ednh Bichotan<\/p>\n<p class=\"QN2lPu\"> Ch\u1ee9c n\u0103ng n\u1ea5u (h\u1ea7m, n\u1ea5u suop, chi\u00ean\u2026) * \tB\u00ecnh th\u01b0\u1eddng, T\u0103ng v\u1ecb ng\u1ecdt,m\u1ec1m, c\u1ee9ng, Sushi<\/p>\n<p class=\"QN2lPu\"> C\u00f3 ch\u1ee9c n\u0103ng t\u1ef1 l\u00e0m s\u1ea1ch kh\u00f4ng \tKh\u00f4ng<\/p>\n<p class=\"QN2lPu\"> C\u00f3 \u0111i\u1ec1u ch\u1ec9nh b\u1eb1ng gi\u1ecdng n\u00f3i kh\u00f4ng? b\u1eb1ng nh\u1eefng th\u1ee9 ti\u1ebfng n\u00e0o? \tKh\u00f4ng<\/p>\n<p class=\"QN2lPu\"> C\u00f3 gi\u1eef \u1ea5m kh\u00f4ng?gi\u1eef \u1ea5m \u0111\u01b0\u1ee3c bao nhi\u00eau ti\u1ebfng \tC\u00f3 &#8211; l\u00ean \u0111\u1ebfn 24H<\/p>\n<p class=\"QN2lPu\"> C\u00f3 h\u1eb9n gi\u1edd n\u1ea5u kh\u00f4ng? \u0111\u01b0\u1ee3c t\u1ed1i \u0111a bao nhi\u00eau ti\u1ebfng \tC\u00f3 24h<\/p>\n<p class=\"QN2lPu\"> C\u00f3 h\u1eb9n gi\u1edd n\u1ea5u xong kh\u00f4ng? \tC\u00f3<\/p>\n<p class=\"QN2lPu\"> C\u00f3 t\u1ef1 \u0111\u1ed9ng ghi nh\u1edb ch\u1ebf \u0111\u1ed9 n\u1ea5u kh\u00f4ng? trong bao nhi\u00eau ph\u00fat \t<\/p>\n<p class=\"QN2lPu\"> C\u00f3 van tho\u00e1t h\u01a1i th\u00f4ng minh kh\u00f4ng \tC\u00f3<\/p>\n<p class=\"QN2lPu\"> Chi\u1ec1u d\u00e0i d\u00e2y \u0111i\u1ec7n (cm) * \t100 cm<\/p>\n<p class=\"QN2lPu\"> D\u00e2y \u0111i\u1ec7n (th\u00e1o r\u1eddi hay c\u1ed1 \u0111\u1ecbnh v\u1edbi n\u1ed3i)* \tTh\u00e1o r\u1eddi<\/p>\n<p class=\"QN2lPu\">&#8221; \u0110i\u1ec3m nh\u1ea5n b\u00e1n h\u00e0ng( t\u00ednh n\u0103ng, \u0111i\u1ec3m n\u1ed5i b\u1eadt..)*<\/p>\n<p class=\"QN2lPu\">VD: Gi\u1eef \u1ea5m t\u1eeb 12 &#8211; 24 gi\u1edd m\u00e0 kh\u00f4ng l\u00e0m thiu c\u01a1m,\u2026 &#8221;\t&#8220;Thi\u1ebft k\u1ebf \u0111\u1eb9p, th\u1eddi trang<\/p>\n<p class=\"QN2lPu\">H\u1eb9n gi\u1edd v\u00e0 gi\u1eef \u1ea5m l\u00ean t\u1edbi 24H<\/p>\n<p class=\"QN2lPu\">L\u00f2ng n\u1ed3i d\u00e0y 4mm ph\u1ee7 Bichotan<\/p>\n<p class=\"QN2lPu\">C\u00f4ng ngh\u1ec7 n\u1ea5u 3D&#8221;<\/p>\n<p class=\"QN2lPu\"> H\u00ecnh s\u1ea3n ph\u1ea9m ch\u1ea5t l\u01b0\u1ee3ng cao (3 &#8211; 5 h\u00ecnh)* \tYes<\/p>\n<p class=\"QN2lPu\"> Kh\u1ed1i l\u01b0\u1ee3ng c\u1ee7a s\u1ea3n ph\u1ea9m (t\u00ednh th\u00f9ng) &#8211; kg * \t5.8kg<\/p>\n<p class=\"QN2lPu\"> Kh\u1ed1i l\u01b0\u1ee3ng c\u1ee7a s\u1ea3n ph\u1ea9m (kh\u00f4ng t\u00ednh th\u00f9ng) &#8211; kg * \t4.8kg<\/p>\n<p class=\"QN2lPu\"> K\u00edch th\u01b0\u1edbc( d\u00e0i x s\u00e2u x cao) cm * t\u00ednh th\u00f9ng \t39.3*32.9*29.5<\/p>\n<p class=\"QN2lPu\"> K\u00edch th\u01b0\u1edbc( d\u00e0i x s\u00e2u x cao) cm * s\u1ea3n ph\u1ea9m \t35.5*28.6*24.8<\/p>\n<p class=\"QN2lPu\"> Ch\u1ea5t li\u1ec7u th\u00e2n v\u1ecf \tNh\u1ef1a<\/p>\n<p class=\"QN2lPu\"> M\u00e0u s\u1eafc* \tTr\u1eafng <\/p>\n<p class=\"QN2lPu\"> N\u1ea5u \u0111\u01b0\u1ee3c (S\u1ed1 c\u1ed1c g\u1ea1o n\u1ea5u \u0111\u01b0\u1ee3c)* \t10 c\u1ed1c<\/p>\n<p class=\"QN2lPu\"> Ng\u00e0y v\u1ec1 h\u00e0ng d\u1ef1 ki\u1ebfn* \t15\/11\/2024<\/p>\n<p class=\"QN2lPu\"> Ng\u00f4n ng\u1eef * (ti\u1ebfng Anh hay ti\u1ebfng Vi\u1ec7t,&#8230;) \tTi\u1ebfng Anh<\/p>\n<p class=\"QN2lPu\"> Ph\u1ee5 ki\u1ec7n k\u00e8m theo * \tX\u1eedng h\u1ea5p, v\u00e1 (th\u00eca, mu\u1ed7ng) c\u01a1m, h\u0169 \u0111ong g\u1ea1o<\/p>\n<p class=\"QN2lPu\"> S\u1ea3n xu\u1ea5t t\u1ea1i * \tTrung Qu\u1ed1c <\/p>\n<p class=\"QN2lPu\"> S\u1ed1 l\u01b0\u1ee3ng ch\u01b0\u01a1ng tr\u00ecnh n\u1ea5u * \t10+5<\/p>\n<p class=\"QN2lPu\"> S\u1ed1 ng\u01b0\u1eddi \u0103n * \t<\/p>\n<p class=\"QN2lPu\"> T\u00e0i li\u1ec7u + HDSD* \tC\u00f3<\/p>\n<p class=\"QN2lPu\"> Th\u1eddi gian b\u1ea3o h\u00e0nh( s\u1ea3n ph\u1ea9m, \u0111\u1ed9ng c\u01a1, ph\u1ee5 ki\u1ec7n\u2026)* \t1 n\u0103m <\/p>\n<p class=\"QN2lPu\">\n<p class=\"QN2lPu\">C\u00f4ng ngh\u1ec7 enzyme umami<\/p>\n<p class=\"QN2lPu\">Th\u01a1m ngon tr\u1ecdn v\u1ecb<\/p>\n<p class=\"QN2lPu\">Nh\u1edd v\u00e0o c\u00f4ng ngh\u1ec7 ti\u00ean ti\u1ebfn k\u1ebft h\u1ee3p c\u00f9ng quy tr\u00ecnh n\u1ea5u \u0111\u1ed9c quy\u1ec1n m\u1ed7i h\u1ea1t g\u1ea1o \u0111\u01b0\u1ee3c n\u00e2ng niu qua t\u1eebng giai \u0111o\u1ea1n: ng\u00e2m g\u1ea1o trong n\u01b0\u1edbc \u1ea5m, ki\u1ec3m so\u00e1t nhi\u1ec7t \u0111\u1ed9 tinh vi (60-70\u00b0C) \u0111\u1ec3 ph\u00e1 v\u1ee1 c\u1ea5u tr\u00fac tinh b\u1ed9t, k\u00edch ho\u1ea1t t\u1ed1i \u0111a enzyme, gi\u00fap h\u1ea1t g\u1ea1o ch\u00edn \u0111\u1ec1u, n\u1edf bung ho\u00e0n h\u1ea3o, gi\u1ea3i ph\u00f3ng tr\u1ecdn v\u1eb9n v\u1ecb ng\u1ecdt t\u1ef1 nhi\u00ean t\u0103ng l\u00ean \u0111\u1ebfn 20-30%.<\/p>\n<p class=\"QN2lPu\">\n<p class=\"QN2lPu\">C\u00d4NG NGH\u1ec6 CHUY\u00caN BI\u1ec6T N\u1ea4U AI<\/p>\n<p class=\"QN2lPu\">N\u1ea5u \u201cAI\u201d th\u00f4ng minh, th\u0103ng v\u1ecb tinh t\u00fay<\/p>\n<p class=\"QN2lPu\">N\u1ed3i c\u01a1m \u0111i\u1ec7n Toshiba RC-18DH5UVN(W) v\u1edbi c\u00f4ng ngh\u1ec7 n\u1ea5u AI ti\u00ean ti\u1ebfn, t\u1ef1 \u0111\u1ed9ng \u0111i\u1ec1u ch\u1ec9nh nhi\u1ec7t \u0111\u1ed9 v\u00e0 th\u1eddi gian n\u1ea5u \u0111\u1ec3 k\u00edch ho\u1ea1t t\u1ed1i \u0111a Enzyme Amylase. Nh\u1edd \u0111\u00f3, c\u1ea5u tr\u00fac h\u1ea1t g\u1ea1o \u0111\u01b0\u1ee3c n\u1edbi l\u1ecfng ho\u00e0n h\u1ea3o, gi\u1ea3i ph\u00f3ng v\u1ecb ng\u1ecdt t\u1ef1 nhi\u00ean, mang \u0111\u1ebfn cho b\u1ea1n nh\u1eefng b\u1eefa c\u01a1m th\u01a1m ngon kh\u00f3 c\u01b0\u1ee1ng.<\/p>\n<p class=\"QN2lPu\">\n<p class=\"QN2lPu\">C\u00d4NG NGH\u1ec6 NHI\u1ec6T 3D<\/p>\n<p class=\"QN2lPu\">T\u1ecfa nhi\u1ec7t linh ho\u1ea1t<\/p>\n<p class=\"QN2lPu\">Ch\u00edn \u0111\u1ec1u d\u1ebbo th\u01a1m<\/p>\n<p class=\"QN2lPu\">Tr\u1ea3i nghi\u1ec7m n\u1ea5u c\u01a1m ho\u00e0n to\u00e0n m\u1edbi v\u1edbi c\u00f4ng ngh\u1ec7 gia nhi\u1ec7t 3D \u0111\u1ed9c \u0111\u00e1o, t\u1ecfa nhi\u1ec7t v\u00e0 l\u00e0m n\u00f3ng \u0111\u1ec1u t\u1eeb m\u1ecdi ph\u00eda gi\u00fap c\u01a1m ch\u00edn nhanh, m\u1ec1m d\u1ebbo, ng\u1ecdt th\u01a1m t\u1ef1 nhi\u00ean.<\/p>\n<p class=\"QN2lPu\">&nbsp;<\/p>\n<p class=\"QN2lPu\">Ngo\u00e0i ra, m\u00e2m nhi\u1ec7t ph\u00eda tr\u00ean ng\u0103n nh\u1ecf n\u01b0\u1edbc, \u0111\u1ea3m b\u1ea3o h\u1ea1t g\u1ea1o lu\u00f4n t\u01a1i x\u1ed1p m\u00e0 kh\u00f4ng b\u1ecb nh\u00e3o.<\/p>\n<p class=\"QN2lPu\">\n<p class=\"QN2lPu\">THI\u1ebeT K\u1ebe<\/p>\n<p class=\"QN2lPu\">L\u00f2ng n\u1ed3i ch\u1ea5t l\u01b0\u1ee3ng, h\u1ea1t c\u01a1m ng\u1ecdt th\u01a1m<\/p>\n<p class=\"QN2lPu\">N\u1ed3i c\u01a1m \u0111i\u1ec7n Toshiba trang b\u1ecb Binchotan 2.0mm ph\u1ee7 \u0111\u1ed3ng, s\u1eed d\u1ee5ng b\u1ee9c x\u1ea1 h\u1ed3ng ngo\u1ea1i xa, gi\u00fap c\u01a1m ch\u00edn \u0111\u1ec1u, t\u01a1i x\u1ed1p, h\u1ea1t g\u1ea1o tr\u00f2n m\u1ea9y. L\u1edbp ph\u1ee7 \u0111\u1ed3ng t\u0103ng c\u01b0\u1eddng \u0111\u1ed9 b\u1ec1n, \u0111\u1ea3m b\u1ea3o tu\u1ed5i th\u1ecd l\u00e2u d\u00e0i, mang \u0111\u1ebfn cho b\u1ea1n nh\u1eefng b\u1eefa c\u01a1m th\u01a1m ngon, ch\u1ea5t l\u01b0\u1ee3ng.<\/p>\n<p class=\"QN2lPu\">\n<p class=\"QN2lPu\">T\u00cdNH N\u0102NG<\/p>\n<p class=\"QN2lPu\">T\u1ed1i \u01b0u b\u1ea3o v\u1ec7<\/p>\n<p class=\"QN2lPu\">An t\u00e2m s\u1eed d\u1ee5ng<\/p>\n<p class=\"QN2lPu\">N\u1ed3i c\u01a1m \u0111i\u1ec7n Toshiba RC-18DH5UVN(W) lu\u00f4n \u01b0u ti\u00ean s\u1ef1 an to\u00e0n trong t\u1eebng chi ti\u1ebft c\u1ee7a s\u1ea3n ph\u1ea9m.<\/p>\n<p class=\"QN2lPu\">&nbsp;<\/p>\n<p class=\"QN2lPu\">Th\u00e2n n\u1ed3i c\u00e1ch nhi\u1ec7t<\/p>\n<p class=\"QN2lPu\">L\u1edbp r\u1ed7ng 20mm+ ng\u0103n ng\u1eeba nguy c\u01a1 ch\u1eadp ch\u00e1y<\/p>\n<p class=\"QN2lPu\">&nbsp;<\/p>\n<p class=\"QN2lPu\">Ng\u0103n ng\u1eeba c\u1ea1n n\u01b0\u1edbc<\/p>\n<p class=\"QN2lPu\">T\u1ef1 \u0111\u1ed9ng d\u1eebng ho\u1ea1t \u0111\u1ed9ng khi c\u1ea1n h\u1ebft n\u01b0\u1edbc, ph\u00f2ng ng\u1eeba r\u1ee7i ro.<\/p>\n<p class=\"QN2lPu\">&nbsp;<\/p>\n<p class=\"QN2lPu\">L\u1edbp v\u1ecf ch\u1ed1ng ch\u00e1y<\/p>\n<p class=\"QN2lPu\">L\u1edbp v\u1ecf ch\u1ed1ng ch\u00e1y Toshiba 5VA b\u1ea3o v\u1ec7 c\u00e1c linh ki\u1ec7n b\u00ean trong kh\u1ecfi nguy c\u01a1 h\u1ecfa ho\u1ea1n ti\u1ec1m \u1ea9n trong su\u1ed1t qu\u00e1 tr\u00ecnh v\u1eadn h\u00e0nh.<\/p>\n<p class=\"QN2lPu\">&nbsp;<\/p>\n<p class=\"QN2lPu\">B\u1ea3o v\u1ec7 qu\u00e1 nhi\u1ec7t<\/p>\n<p class=\"QN2lPu\">\u0110\u01b0\u1ee3c trang b\u1ecb c\u1ea7u ch\u00ec nhi\u1ec7t 172\u00b0C s\u1ebd ng\u1eaft \u0111i\u1ec7n khi qu\u00e1 nhi\u1ec7t \u0111\u1ec3 tr\u00e1nh h\u1ecfa ho\u1ea1n.<\/p>\n<p class=\"QN2lPu\">\n<p class=\"QN2lPu\">T\u00cdNH N\u0102NG<\/p>\n<p class=\"QN2lPu\">Kh\u00e1ng khu\u1ea9n t\u1ed1i \u0111a<\/p>\n<p class=\"QN2lPu\">C\u01a1m ngon an to\u00e0n<\/p>\n<p class=\"QN2lPu\">N\u1ed3i c\u01a1m \u0111i\u1ec7n Toshiba \u0111\u01b0\u1ee3c trang b\u1ecb l\u1edbp ph\u1ee7 kh\u00e1ng khu\u1ea9n tr\u00ean l\u00f2ng n\u1ed3i, n\u1eafp v\u00e0 th\u00eca, gi\u00fap ng\u0103n ng\u1eeba s\u1ef1 ph\u00e1t tri\u1ec3n c\u1ee7a vi khu\u1ea9n g\u00e2y h\u1ea1i nh\u01b0 Escherichia coli v\u00e0 T\u1ee5 c\u1ea7u v\u00e0ng l\u00ean \u0111\u1ebfn 99,99%.<\/p>\n<p class=\"QN2lPu\">&nbsp;<\/p>\n<p class=\"QN2lPu\">B\u00ean c\u1ea1nh \u0111\u00f3, l\u1edbp ph\u1ee7 kh\u00e1ng khu\u1ea9n c\u00f2n gi\u00fap c\u01a1m gi\u1eef \u0111\u01b0\u1ee3c \u0111\u1ed9 d\u1ebbo th\u01a1m 24 gi\u1edd. Ch\u1ec9 c\u1ea7n n\u1ea5u m\u1ed9t l\u1ea7n, b\u1ea1n c\u00f3 th\u1ec3 th\u01b0\u1edfng th\u1ee9c c\u01a1m tr\u1ecdn v\u1eb9n c\u1ea3 ng\u00e0y.<\/p>\n<p class=\"QN2lPu\">\n<p class=\"QN2lPu\">T\u00cdNH N\u0102NG<\/p>\n<p class=\"QN2lPu\">C\u01a1m chu\u1ea9n v\u1ecb<\/p>\n<p class=\"QN2lPu\">Ngon h\u1ebft \u00fd<\/p>\n<p class=\"QN2lPu\">V\u1edbi ch\u1ebf \u0111\u1ed9 ch\u1ecdn lo\u1ea1i g\u1ea1o chuy\u00ean bi\u1ec7t, n\u1ed3i c\u01a1m \u0111i\u1ec7n Toshiba Toshiba RC-18DH5UVN(W) gi\u00fap t\u1ed1i \u01b0u h\u01b0\u01a1ng v\u1ecb, \u0111\u00e1p \u1ee9ng kh\u1ea9u v\u1ecb \u0111a d\u1ea1ng c\u1ee7a t\u1eebng th\u00e0nh vi\u00ean trong gia \u0111\u00ecnh. T\u1eeb c\u01a1m m\u1ec1m d\u1ebbo, th\u01a1m ng\u1ecdt \u0111\u1ebfn c\u01a1m s\u0103n ch\u1eafc, t\u1eebng h\u1ea1t \u0111\u1ec1u \u0111\u01b0\u1ee3c n\u1ea5u ch\u00edn chu\u1ea9n v\u1ecb. \u0110\u1ed3ng th\u1eddi \u0111\u00e8n LED tr\u1eafng gi\u00fap b\u1ea1n d\u1ec5 d\u00e0ng theo d\u00f5i qu\u00e1 tr\u00ecnh n\u1ea5u.<\/p>\n<p class=\"QN2lPu\">\n<p class=\"QN2lPu\">C\u01a1m chu\u1ea9n v\u1ecb<\/p>\n<p class=\"QN2lPu\">Ngon h\u1ebft \u00fd<\/p>\n<p class=\"QN2lPu\">B\u1eefa t\u1ed1i c\u00f3 th\u1ec3 \u0111\u01b0\u1ee3c chu\u1ea9n b\u1ecb ngay t\u1eeb s\u1edbm v\u1edbi ch\u1ee9c n\u0103ng h\u1eb9n gi\u1edd th\u00f4ng minh l\u00ean \u0111\u1ebfn 24 ti\u1ebfng. B\u1ea1n c\u00f3 th\u1ec3 t\u1ef1 ch\u1ee7 v\u00e0 ti\u1ebft ki\u1ec7m th\u1eddi gian n\u1ea5u \u0103n, th\u1ea3nh th\u01a1i l\u00e0m vi\u1ec7c kh\u00e1c.<\/p>\n<p class=\"QN2lPu\">&nbsp;<\/p>\n<p class=\"QN2lPu\">Ngo\u00e0i ra, n\u1ed3i c\u01a1m \u0111i\u1ec7n Toshiba c\u00f2n c\u00f3 2 ch\u1ebf \u0111\u1ed9 h\u1eb9n gi\u1edd v\u00e0 t\u00f9y ch\u1ec9nh th\u1eddi gian n\u1ea5u trong v\u00f2ng 24h. \u0110\u1eb7t tr\u01b0\u1edbc gi\u1edd n\u1ea5u xong, c\u00f3 th\u1ec3 c\u00e0i \u0111\u1eb7t cho hai b\u1eefa \u0103n ri\u00eang bi\u1ec7t. \u0110\u1eb7c bi\u1ec7t, n\u00fat h\u1eb9n gi\u1edd \u0111\u01b0\u1ee3c thi\u1ebft k\u1ebf ghi nh\u1edb t\u1ef1 \u0111\u1ed9ng, b\u1ea1n c\u00f3 th\u1ec3 n\u1ea5u c\u01a1m ch\u1ec9 v\u1edbi 1 l\u1ea7n nh\u1ea5n n\u00fat.<\/p>\n<\/div>\n","protected":false},"excerpt":{"rendered":"<p>N\u1ed3i C\u01a1m \u0110i\u1ec7n T\u1eed Toshiba 1.8 L\u00edt RC-18DH5UVN(W) Lo\u1ea1i n\u1ed3i( Cao t\u1ea7n, \u0111i\u1ec7n t\u1eed, n\u1eafp r\u1eddi, n\u1eafp g\u00e0i) * \u0110i\u1ec7n t\u1eed Dung t\u00edch n\u1ed3i * 1.8L C\u00f4ng su\u1ea5t * 860W C\u00f4ng su\u1ea5t m\u00e2m nhi\u1ec7t ch\u00ednh 760W C\u00f4ng su\u1ea5t m\u00e2m nhi\u1ec7t n\u1eafp 30W C\u00f4ng su\u1ea5t m\u00e2m nhi\u1ec7t b\u00ean 71W C\u00f4ng ngh\u1ec7 n\u1ea5u * (c\u00f3 m\u1ea5y m\u00e2m&#8230;<\/p>\n","protected":false},"featured_media":13843,"comment_status":"open","ping_status":"closed","template":"","meta":[],"product_brand":[1245],"product_cat":[1219],"product_tag":[],"class_list":{"0":"post-13724","1":"product","2":"type-product","3":"status-publish","4":"has-post-thumbnail","6":"product_brand-toshiba","7":"product_cat-noi-com-dien-noi-hap","9":"first","10":"instock","11":"sale","12":"shipping-taxable","13":"purchasable","14":"product-type-simple"},"_links":{"self":[{"href":"https:\/\/web-ban-le.mbws.vn\/thiet-bi-dien-gia-dung\/wp-json\/wp\/v2\/product\/13724","targetHints":{"allow":["GET"]}}],"collection":[{"href":"https:\/\/web-ban-le.mbws.vn\/thiet-bi-dien-gia-dung\/wp-json\/wp\/v2\/product"}],"about":[{"href":"https:\/\/web-ban-le.mbws.vn\/thiet-bi-dien-gia-dung\/wp-json\/wp\/v2\/types\/product"}],"replies":[{"embeddable":true,"href":"https:\/\/web-ban-le.mbws.vn\/thiet-bi-dien-gia-dung\/wp-json\/wp\/v2\/comments?post=13724"}],"wp:featuredmedia":[{"embeddable":true,"href":"https:\/\/web-ban-le.mbws.vn\/thiet-bi-dien-gia-dung\/wp-json\/wp\/v2\/media\/13843"}],"wp:attachment":[{"href":"https:\/\/web-ban-le.mbws.vn\/thiet-bi-dien-gia-dung\/wp-json\/wp\/v2\/media?parent=13724"}],"wp:term":[{"taxonomy":"product_brand","embeddable":true,"href":"https:\/\/web-ban-le.mbws.vn\/thiet-bi-dien-gia-dung\/wp-json\/wp\/v2\/product_brand?post=13724"},{"taxonomy":"product_cat","embeddable":true,"href":"https:\/\/web-ban-le.mbws.vn\/thiet-bi-dien-gia-dung\/wp-json\/wp\/v2\/product_cat?post=13724"},{"taxonomy":"product_tag","embeddable":true,"href":"https:\/\/web-ban-le.mbws.vn\/thiet-bi-dien-gia-dung\/wp-json\/wp\/v2\/product_tag?post=13724"}],"curies":[{"name":"wp","href":"https:\/\/api.w.org\/{rel}","templated":true}]}}