{"id":13726,"date":"2025-10-23T15:52:50","date_gmt":"2025-10-23T08:52:50","guid":{"rendered":"https:\/\/web-ban-le.mbws.vn\/thiet-bi-dien-gia-dung\/?post_type=product&#038;p=13726"},"modified":"2025-10-30T18:27:02","modified_gmt":"2025-10-30T11:27:02","slug":"noi-com-dien-tu-toshiba-1-8-lit-rc-18dr5uvnw-trang-tang-1-dung-cu-xay-toi-ot-yoko-170ml","status":"publish","type":"product","link":"https:\/\/web-ban-le.mbws.vn\/thiet-bi-dien-gia-dung\/san-pham\/noi-com-dien-tu-toshiba-1-8-lit-rc-18dr5uvnw-trang-tang-1-dung-cu-xay-toi-ot-yoko-170ml\/","title":{"rendered":"N\u1ed3i C\u01a1m \u0110i\u1ec7n T\u1eed Toshiba 1.8 L\u00edt RC-18DR5UVN(W) Tr\u1eafng &#8211; T\u1eb7ng 1 D\u1ee5ng C\u1ee5 Xay T\u1ecfi \u1edat Yoko 170ml"},"content":{"rendered":"<div class=\"e8lZp3\">\n<div class=\"QN2lPu\">\n<div style=\"position: relative; width: 100%; padding-bottom: 141.044%;\"><picture class=\"UkIsx8\"><source srcset=\"https:\/\/down-vn.img.susercontent.com\/file\/vn-11134208-820l4-megnmivav9ja24@resize_w875_nl.webp 1x, https:\/\/down-vn.img.susercontent.com\/file\/vn-11134208-820l4-megnmivav9ja24@resize_w1750_nl.webp 2x\" type=\"image\/webp\" class=\"UkIsx8\"><img decoding=\"async\" width=\"875\" loading=\"lazy\" class=\"uXN1L5 lazyload GqYslU\" srcset=\"https:\/\/down-vn.img.susercontent.com\/file\/vn-11134208-820l4-megnmivav9ja24@resize_w875_nl 1x, https:\/\/down-vn.img.susercontent.com\/file\/vn-11134208-820l4-megnmivav9ja24@resize_w1750_nl 2x\" src=\"https:\/\/down-vn.img.susercontent.com\/file\/vn-11134208-820l4-megnmivav9ja24\" height=\"1234\"><\/picture><\/div>\n<\/div>\n<div class=\"QN2lPu\">\n<div style=\"position: relative; width: 100%; padding-bottom: 141.044%;\"><picture class=\"UkIsx8\"><source srcset=\"https:\/\/down-vn.img.susercontent.com\/file\/vn-11134208-820l4-megnmivs9qtc93@resize_w875_nl.webp 1x, https:\/\/down-vn.img.susercontent.com\/file\/vn-11134208-820l4-megnmivs9qtc93@resize_w1750_nl.webp 2x\" type=\"image\/webp\" class=\"UkIsx8\"><img decoding=\"async\" width=\"875\" loading=\"lazy\" class=\"uXN1L5 lazyload GqYslU\" srcset=\"https:\/\/down-vn.img.susercontent.com\/file\/vn-11134208-820l4-megnmivs9qtc93@resize_w875_nl 1x, https:\/\/down-vn.img.susercontent.com\/file\/vn-11134208-820l4-megnmivs9qtc93@resize_w1750_nl 2x\" src=\"https:\/\/down-vn.img.susercontent.com\/file\/vn-11134208-820l4-megnmivs9qtc93\" height=\"1234\"><\/picture><\/div>\n<\/div>\n<div class=\"QN2lPu\">\n<div style=\"position: relative; width: 100%; padding-bottom: 106.27%;\"><picture class=\"UkIsx8\"><source srcset=\"https:\/\/down-vn.img.susercontent.com\/file\/vn-11134208-820l4-megnmiv8x153aa@resize_w875_nl.webp 1x, https:\/\/down-vn.img.susercontent.com\/file\/vn-11134208-820l4-megnmiv8x153aa@resize_w1750_nl.webp 2x\" type=\"image\/webp\" class=\"UkIsx8\"><img decoding=\"async\" width=\"875\" loading=\"lazy\" class=\"uXN1L5 lazyload GqYslU\" srcset=\"https:\/\/down-vn.img.susercontent.com\/file\/vn-11134208-820l4-megnmiv8x153aa@resize_w875_nl 1x, https:\/\/down-vn.img.susercontent.com\/file\/vn-11134208-820l4-megnmiv8x153aa@resize_w1750_nl 2x\" src=\"https:\/\/down-vn.img.susercontent.com\/file\/vn-11134208-820l4-megnmiv8x153aa\" height=\"930\"><\/picture><\/div>\n<\/div>\n<div class=\"QN2lPu\">\n<div style=\"position: relative; width: 100%; padding-bottom: 161.031%;\"><picture class=\"UkIsx8\"><source srcset=\"https:\/\/down-vn.img.susercontent.com\/file\/vn-11134208-820l4-megnmiv8yfpja8@resize_w875_nl.webp 1x, https:\/\/down-vn.img.susercontent.com\/file\/vn-11134208-820l4-megnmiv8yfpja8@resize_w1750_nl.webp 2x\" type=\"image\/webp\" class=\"UkIsx8\"><img decoding=\"async\" width=\"875\" loading=\"lazy\" class=\"uXN1L5 lazyload GqYslU\" srcset=\"https:\/\/down-vn.img.susercontent.com\/file\/vn-11134208-820l4-megnmiv8yfpja8@resize_w875_nl 1x, https:\/\/down-vn.img.susercontent.com\/file\/vn-11134208-820l4-megnmiv8yfpja8@resize_w1750_nl 2x\" src=\"https:\/\/down-vn.img.susercontent.com\/file\/vn-11134208-820l4-megnmiv8yfpja8\" height=\"1409\"><\/picture><\/div>\n<\/div>\n<div class=\"QN2lPu\">\n<div style=\"position: relative; width: 100%; padding-bottom: 110.011%;\"><picture class=\"UkIsx8\"><source srcset=\"https:\/\/down-vn.img.susercontent.com\/file\/vn-11134208-820l4-megnmiv8zu9z20@resize_w875_nl.webp 1x, https:\/\/down-vn.img.susercontent.com\/file\/vn-11134208-820l4-megnmiv8zu9z20@resize_w1750_nl.webp 2x\" type=\"image\/webp\" class=\"UkIsx8\"><img decoding=\"async\" width=\"875\" loading=\"lazy\" class=\"uXN1L5 lazyload GqYslU\" srcset=\"https:\/\/down-vn.img.susercontent.com\/file\/vn-11134208-820l4-megnmiv8zu9z20@resize_w875_nl 1x, https:\/\/down-vn.img.susercontent.com\/file\/vn-11134208-820l4-megnmiv8zu9z20@resize_w1750_nl 2x\" src=\"https:\/\/down-vn.img.susercontent.com\/file\/vn-11134208-820l4-megnmiv8zu9z20\" height=\"963\"><\/picture><\/div>\n<\/div>\n<div class=\"QN2lPu\">\n<div style=\"position: relative; width: 100%; padding-bottom: 89.4454%;\"><picture class=\"UkIsx8\"><source srcset=\"https:\/\/down-vn.img.susercontent.com\/file\/vn-11134208-820l4-megnmiv918ufae@resize_w875_nl.webp 1x, https:\/\/down-vn.img.susercontent.com\/file\/vn-11134208-820l4-megnmiv918ufae@resize_w1750_nl.webp 2x\" type=\"image\/webp\" class=\"UkIsx8\"><img decoding=\"async\" width=\"875\" loading=\"lazy\" class=\"uXN1L5 lazyload GqYslU\" srcset=\"https:\/\/down-vn.img.susercontent.com\/file\/vn-11134208-820l4-megnmiv918ufae@resize_w875_nl 1x, https:\/\/down-vn.img.susercontent.com\/file\/vn-11134208-820l4-megnmiv918ufae@resize_w1750_nl 2x\" src=\"https:\/\/down-vn.img.susercontent.com\/file\/vn-11134208-820l4-megnmiv918ufae\" height=\"783\"><\/picture><\/div>\n<\/div>\n<div class=\"QN2lPu\">\n<div style=\"position: relative; width: 100%; padding-bottom: 105.374%;\"><picture class=\"UkIsx8\"><source srcset=\"https:\/\/down-vn.img.susercontent.com\/file\/vn-11134208-820l4-megnmiv92nev52@resize_w875_nl.webp 1x, https:\/\/down-vn.img.susercontent.com\/file\/vn-11134208-820l4-megnmiv92nev52@resize_w1750_nl.webp 2x\" type=\"image\/webp\" class=\"UkIsx8\"><img decoding=\"async\" width=\"875\" loading=\"lazy\" class=\"uXN1L5 lazyload QSLoEa GqYslU\" srcset=\"https:\/\/down-vn.img.susercontent.com\/file\/vn-11134208-820l4-megnmiv92nev52@resize_w875_nl 1x, https:\/\/down-vn.img.susercontent.com\/file\/vn-11134208-820l4-megnmiv92nev52@resize_w1750_nl 2x\" src=\"https:\/\/down-vn.img.susercontent.com\/file\/vn-11134208-820l4-megnmiv92nev52\" height=\"922\"><\/picture><\/div>\n<\/div>\n<div class=\"QN2lPu\">\n<div style=\"position: relative; width: 100%; padding-bottom: 110.011%;\"><picture class=\"UkIsx8\"><source srcset=\"https:\/\/down-vn.img.susercontent.com\/file\/vn-11134208-820l4-megnmiv941zbf8@resize_w875_nl.webp 1x, https:\/\/down-vn.img.susercontent.com\/file\/vn-11134208-820l4-megnmiv941zbf8@resize_w1750_nl.webp 2x\" type=\"image\/webp\" class=\"UkIsx8\"><img decoding=\"async\" width=\"875\" loading=\"lazy\" class=\"uXN1L5 lazyload QSLoEa GqYslU\" srcset=\"https:\/\/down-vn.img.susercontent.com\/file\/vn-11134208-820l4-megnmiv941zbf8@resize_w875_nl 1x, https:\/\/down-vn.img.susercontent.com\/file\/vn-11134208-820l4-megnmiv941zbf8@resize_w1750_nl 2x\" src=\"https:\/\/down-vn.img.susercontent.com\/file\/vn-11134208-820l4-megnmiv941zbf8\" height=\"963\"><\/picture><\/div>\n<\/div>\n<div class=\"QN2lPu\">\n<div style=\"position: relative; width: 100%; padding-bottom: 141.044%;\"><picture class=\"UkIsx8\"><source srcset=\"https:\/\/down-vn.img.susercontent.com\/file\/vn-11134208-820l4-megnmiv95gjrcb@resize_w875_nl.webp 1x, https:\/\/down-vn.img.susercontent.com\/file\/vn-11134208-820l4-megnmiv95gjrcb@resize_w1750_nl.webp 2x\" type=\"image\/webp\" class=\"UkIsx8\"><img decoding=\"async\" width=\"875\" loading=\"lazy\" class=\"uXN1L5 lazyload QSLoEa GqYslU\" srcset=\"https:\/\/down-vn.img.susercontent.com\/file\/vn-11134208-820l4-megnmiv95gjrcb@resize_w875_nl 1x, https:\/\/down-vn.img.susercontent.com\/file\/vn-11134208-820l4-megnmiv95gjrcb@resize_w1750_nl 2x\" src=\"https:\/\/down-vn.img.susercontent.com\/file\/vn-11134208-820l4-megnmiv95gjrcb\" height=\"1234\"><\/picture><\/div>\n<\/div>\n<p class=\"QN2lPu\">TH\u00d4NG S\u1ed0 K\u1ef8 THU\u1eacT<\/p>\n<p class=\"QN2lPu\">Th\u00f4ng s\u1ed1 k\u1ef9 thu\u1eadt<\/p>\n<p class=\"QN2lPu\">M\u00e0u s\u1eafc Tr\u1eafng\/Ghi x\u00e1m<\/p>\n<p class=\"QN2lPu\">Dung t\u00edch (L) 1.8<\/p>\n<p class=\"QN2lPu\">Ngu\u1ed3n \u0111i\u1ec7n cung c\u1ea5p 860W<\/p>\n<p class=\"QN2lPu\">K\u00edch th\u01b0\u1edbc (R x S x C) (mm) 355x286x248<\/p>\n<p class=\"QN2lPu\">K\u00edch th\u01b0\u1edbc \u0111\u00f3ng g\u00f3i (mm) 393x329x295<\/p>\n<p class=\"QN2lPu\">Kh\u1ed1i l\u01b0\u1ee3ng \u0111\u00f3ng g\u00f3i (Kg) 5.8<\/p>\n<p class=\"QN2lPu\">Kh\u1ed1i l\u01b0\u1ee3ng (Kg) 4.8<\/p>\n<p class=\"QN2lPu\">Xu\u1ea5t x\u1ee9 Trung Qu\u1ed1c<\/p>\n<p class=\"QN2lPu\">B\u1ea3o h\u00e0nh 12 th\u00e1ng<\/p>\n<p class=\"QN2lPu\">Ti\u1ec7n \u00edch C\u00f3 x\u1eedng h\u1ea5p; H\u1eb9n gi\u1edd l\u00ean \u0111\u1ebfn 24h<\/p>\n<p class=\"QN2lPu\">Ti\u00eau chu\u1ea9n an to\u00e0n (TCVN) CR<\/p>\n<p class=\"QN2lPu\">C\u00f4ng ngh\u1ec7 n\u1ea5u 3D- 3 m\u00e2m nhi\u1ec7t; C\u00f4ng ngh\u1ec7 k\u00edch ho\u1ea1t Enzyme Umami<\/p>\n<p class=\"QN2lPu\">B\u1ea3ng \u0111i\u1ec1u khi\u1ec3n N\u00fat b\u1ea5m<\/p>\n<p class=\"QN2lPu\">\u0110\u1ed9 d\u00e0y \u0111\u00e1y n\u1ed3i 4mm<\/p>\n<p class=\"QN2lPu\">Ch\u1ea5t li\u1ec7u l\u00f2ng n\u1ed3i L\u00f2ng n\u1ed3i b\u1eb1ng h\u1ee3p kim ph\u1ee7 ch\u1ed1ng d\u00ednh Bichotan<\/p>\n<p class=\"QN2lPu\">Ch\u01b0\u01a1ng tr\u00ecnh C\u01a1m th\u01b0\u1eddng, g\u1ea1o l\u1ee9t, c\u01a1m ch\u00e1y, x\u00f4i, g\u1ea1o h\u1ed7n h\u1ee3p, h\u1ea7m, h\u1ea5p, ch\u00e1o, ch\u00e1o ng\u0169 c\u1ed1c ( y\u1ebfn m\u1ea1ch) s\u00fap, l\u00e0m b\u00e1nh B\u00ecnh th\u01b0\u1eddng, T\u0103ng v\u1ecb ng\u1ecdt,m\u1ec1m, c\u1ee9ng, Sushi<\/p>\n<p class=\"QN2lPu\">C\u00e0i \u0111\u1eb7t h\u1eb9n gi\u1edd n\u1ea5u 2H T\u1ef1 \u0111\u1ed9ng ghi nh\u1edb ch\u1ebf \u0111\u1ed9 n\u1ea5u 2H<\/p>\n<p class=\"QN2lPu\">Ph\u1ee5 ki\u1ec7n X\u1eedng h\u1ea5p, v\u00e1 (th\u00eca, mu\u1ed7ng) c\u01a1m, h\u0169 \u0111ong g\u1ea1o<\/p>\n<p class=\"QN2lPu\">S\u1ed1 l\u01b0\u1ee3ng ch\u01b0\u01a1ng tr\u00ecnh n\u1ea5u 10+5<\/p>\n<p class=\"QN2lPu\">S\u1ed1 ng\u01b0\u1eddi \u0103n 8-10 ng\u01b0\u1eddi<\/p>\n<\/div>\n","protected":false},"excerpt":{"rendered":"<p>TH\u00d4NG S\u1ed0 K\u1ef8 THU\u1eacT Th\u00f4ng s\u1ed1 k\u1ef9 thu\u1eadt M\u00e0u s\u1eafc Tr\u1eafng\/Ghi x\u00e1m Dung t\u00edch (L) 1.8 Ngu\u1ed3n \u0111i\u1ec7n cung c\u1ea5p 860W K\u00edch th\u01b0\u1edbc (R x S x C) (mm) 355x286x248 K\u00edch th\u01b0\u1edbc \u0111\u00f3ng g\u00f3i (mm) 393x329x295 Kh\u1ed1i l\u01b0\u1ee3ng \u0111\u00f3ng g\u00f3i (Kg) 5.8 Kh\u1ed1i l\u01b0\u1ee3ng (Kg) 4.8 Xu\u1ea5t x\u1ee9 Trung Qu\u1ed1c B\u1ea3o h\u00e0nh 12 th\u00e1ng Ti\u1ec7n&#8230;<\/p>\n","protected":false},"featured_media":13858,"comment_status":"open","ping_status":"closed","template":"","meta":[],"product_brand":[1245],"product_cat":[1219],"product_tag":[],"class_list":{"0":"post-13726","1":"product","2":"type-product","3":"status-publish","4":"has-post-thumbnail","6":"product_brand-toshiba","7":"product_cat-noi-com-dien-noi-hap","9":"first","10":"instock","11":"shipping-taxable","12":"purchasable","13":"product-type-simple"},"_links":{"self":[{"href":"https:\/\/web-ban-le.mbws.vn\/thiet-bi-dien-gia-dung\/wp-json\/wp\/v2\/product\/13726","targetHints":{"allow":["GET"]}}],"collection":[{"href":"https:\/\/web-ban-le.mbws.vn\/thiet-bi-dien-gia-dung\/wp-json\/wp\/v2\/product"}],"about":[{"href":"https:\/\/web-ban-le.mbws.vn\/thiet-bi-dien-gia-dung\/wp-json\/wp\/v2\/types\/product"}],"replies":[{"embeddable":true,"href":"https:\/\/web-ban-le.mbws.vn\/thiet-bi-dien-gia-dung\/wp-json\/wp\/v2\/comments?post=13726"}],"wp:featuredmedia":[{"embeddable":true,"href":"https:\/\/web-ban-le.mbws.vn\/thiet-bi-dien-gia-dung\/wp-json\/wp\/v2\/media\/13858"}],"wp:attachment":[{"href":"https:\/\/web-ban-le.mbws.vn\/thiet-bi-dien-gia-dung\/wp-json\/wp\/v2\/media?parent=13726"}],"wp:term":[{"taxonomy":"product_brand","embeddable":true,"href":"https:\/\/web-ban-le.mbws.vn\/thiet-bi-dien-gia-dung\/wp-json\/wp\/v2\/product_brand?post=13726"},{"taxonomy":"product_cat","embeddable":true,"href":"https:\/\/web-ban-le.mbws.vn\/thiet-bi-dien-gia-dung\/wp-json\/wp\/v2\/product_cat?post=13726"},{"taxonomy":"product_tag","embeddable":true,"href":"https:\/\/web-ban-le.mbws.vn\/thiet-bi-dien-gia-dung\/wp-json\/wp\/v2\/product_tag?post=13726"}],"curies":[{"name":"wp","href":"https:\/\/api.w.org\/{rel}","templated":true}]}}