{"id":13730,"date":"2025-10-23T15:52:50","date_gmt":"2025-10-23T08:52:50","guid":{"rendered":"https:\/\/web-ban-le.mbws.vn\/thiet-bi-dien-gia-dung\/?post_type=product&#038;p=13730"},"modified":"2025-10-30T18:27:01","modified_gmt":"2025-10-30T11:27:01","slug":"binh-dun-sieu-toc-chong-tran-toshiba-1-5-lit-kt-15drtvnw-co-dem-khu-mui","status":"publish","type":"product","link":"https:\/\/web-ban-le.mbws.vn\/thiet-bi-dien-gia-dung\/san-pham\/binh-dun-sieu-toc-chong-tran-toshiba-1-5-lit-kt-15drtvnw-co-dem-khu-mui\/","title":{"rendered":"B\u00ecnh \u0110un Si\u00eau T\u1ed1c Ch\u1ed1ng Tr\u00e0n Toshiba 1.5 L\u00edt KT-15DRTVN(W) &#8211; C\u00f3 \u0110\u1ec7m Kh\u1eed M\u00f9i"},"content":{"rendered":"<div class=\"e8lZp3\">\n<div class=\"QN2lPu\">\n<div style=\"position: relative; width: 100%; padding-bottom: 142.248%;\"><picture class=\"UkIsx8\"><source srcset=\"https:\/\/down-vn.img.susercontent.com\/file\/vn-11134208-7ra0g-m6yky90kd6xz49@resize_w875_nl.webp 1x, https:\/\/down-vn.img.susercontent.com\/file\/vn-11134208-7ra0g-m6yky90kd6xz49@resize_w1750_nl.webp 2x\" type=\"image\/webp\" class=\"UkIsx8\"><img decoding=\"async\" width=\"875\" loading=\"lazy\" class=\"uXN1L5 lazyload GqYslU\" srcset=\"https:\/\/down-vn.img.susercontent.com\/file\/vn-11134208-7ra0g-m6yky90kd6xz49@resize_w875_nl 1x, https:\/\/down-vn.img.susercontent.com\/file\/vn-11134208-7ra0g-m6yky90kd6xz49@resize_w1750_nl 2x\" src=\"https:\/\/down-vn.img.susercontent.com\/file\/vn-11134208-7ra0g-m6yky90kd6xz49\" height=\"1245\"><\/picture><\/div>\n<\/div>\n<div class=\"QN2lPu\">\n<div style=\"position: relative; width: 100%; padding-bottom: 134.048%;\"><picture class=\"UkIsx8\"><source srcset=\"https:\/\/down-vn.img.susercontent.com\/file\/vn-11134208-7ra0g-m6ykkbla7vz59b@resize_w875_nl.webp 1x, https:\/\/down-vn.img.susercontent.com\/file\/vn-11134208-7ra0g-m6ykkbla7vz59b@resize_w1750_nl.webp 2x\" type=\"image\/webp\" class=\"UkIsx8\"><img decoding=\"async\" width=\"875\" loading=\"lazy\" class=\"uXN1L5 lazyload GqYslU\" srcset=\"https:\/\/down-vn.img.susercontent.com\/file\/vn-11134208-7ra0g-m6ykkbla7vz59b@resize_w875_nl 1x, https:\/\/down-vn.img.susercontent.com\/file\/vn-11134208-7ra0g-m6ykkbla7vz59b@resize_w1750_nl 2x\" src=\"https:\/\/down-vn.img.susercontent.com\/file\/vn-11134208-7ra0g-m6ykkbla7vz59b\" height=\"1173\"><\/picture><\/div>\n<\/div>\n<div class=\"QN2lPu\">\n<div style=\"position: relative; width: 100%; padding-bottom: 155.039%;\"><picture class=\"UkIsx8\"><source srcset=\"https:\/\/down-vn.img.susercontent.com\/file\/vn-11134208-7ra0g-m6ykkbla9ajl2e@resize_w875_nl.webp 1x, https:\/\/down-vn.img.susercontent.com\/file\/vn-11134208-7ra0g-m6ykkbla9ajl2e@resize_w1750_nl.webp 2x\" type=\"image\/webp\" class=\"UkIsx8\"><img decoding=\"async\" width=\"875\" loading=\"lazy\" class=\"uXN1L5 lazyload GqYslU\" srcset=\"https:\/\/down-vn.img.susercontent.com\/file\/vn-11134208-7ra0g-m6ykkbla9ajl2e@resize_w875_nl 1x, https:\/\/down-vn.img.susercontent.com\/file\/vn-11134208-7ra0g-m6ykkbla9ajl2e@resize_w1750_nl 2x\" src=\"https:\/\/down-vn.img.susercontent.com\/file\/vn-11134208-7ra0g-m6ykkbla9ajl2e\" height=\"1357\"><\/picture><\/div>\n<\/div>\n<div class=\"QN2lPu\">\n<div style=\"position: relative; width: 100%; padding-bottom: 127.389%;\"><picture class=\"UkIsx8\"><source srcset=\"https:\/\/down-vn.img.susercontent.com\/file\/vn-11134208-7ra0g-m6ykkblaap4116@resize_w875_nl.webp 1x, https:\/\/down-vn.img.susercontent.com\/file\/vn-11134208-7ra0g-m6ykkblaap4116@resize_w1750_nl.webp 2x\" type=\"image\/webp\" class=\"UkIsx8\"><img decoding=\"async\" width=\"875\" loading=\"lazy\" class=\"uXN1L5 lazyload GqYslU\" srcset=\"https:\/\/down-vn.img.susercontent.com\/file\/vn-11134208-7ra0g-m6ykkblaap4116@resize_w875_nl 1x, https:\/\/down-vn.img.susercontent.com\/file\/vn-11134208-7ra0g-m6ykkblaap4116@resize_w1750_nl 2x\" src=\"https:\/\/down-vn.img.susercontent.com\/file\/vn-11134208-7ra0g-m6ykkblaap4116\" height=\"1115\"><\/picture><\/div>\n<\/div>\n<div class=\"QN2lPu\">\n<div style=\"position: relative; width: 100%; padding-bottom: 140.056%;\"><picture class=\"UkIsx8\"><source srcset=\"https:\/\/down-vn.img.susercontent.com\/file\/vn-11134208-7ra0g-m6ykkblac3ohca@resize_w875_nl.webp 1x, https:\/\/down-vn.img.susercontent.com\/file\/vn-11134208-7ra0g-m6ykkblac3ohca@resize_w1750_nl.webp 2x\" type=\"image\/webp\" class=\"UkIsx8\"><img decoding=\"async\" width=\"875\" loading=\"lazy\" class=\"uXN1L5 lazyload GqYslU\" srcset=\"https:\/\/down-vn.img.susercontent.com\/file\/vn-11134208-7ra0g-m6ykkblac3ohca@resize_w875_nl 1x, https:\/\/down-vn.img.susercontent.com\/file\/vn-11134208-7ra0g-m6ykkblac3ohca@resize_w1750_nl 2x\" src=\"https:\/\/down-vn.img.susercontent.com\/file\/vn-11134208-7ra0g-m6ykkblac3ohca\" height=\"1225\"><\/picture><\/div>\n<\/div>\n<div class=\"QN2lPu\">\n<div style=\"position: relative; width: 100%; padding-bottom: 127.389%;\"><picture class=\"UkIsx8\"><source srcset=\"https:\/\/down-vn.img.susercontent.com\/file\/vn-11134208-7ra0g-m6ykkbladi8x03@resize_w875_nl.webp 1x, https:\/\/down-vn.img.susercontent.com\/file\/vn-11134208-7ra0g-m6ykkbladi8x03@resize_w1750_nl.webp 2x\" type=\"image\/webp\" class=\"UkIsx8\"><img decoding=\"async\" width=\"875\" loading=\"lazy\" class=\"uXN1L5 lazyload GqYslU\" srcset=\"https:\/\/down-vn.img.susercontent.com\/file\/vn-11134208-7ra0g-m6ykkbladi8x03@resize_w875_nl 1x, https:\/\/down-vn.img.susercontent.com\/file\/vn-11134208-7ra0g-m6ykkbladi8x03@resize_w1750_nl 2x\" src=\"https:\/\/down-vn.img.susercontent.com\/file\/vn-11134208-7ra0g-m6ykkbladi8x03\" height=\"1115\"><\/picture><\/div>\n<\/div>\n<div class=\"QN2lPu\">\n<div style=\"position: relative; width: 100%; padding-bottom: 118.064%;\"><picture class=\"UkIsx8\"><source srcset=\"https:\/\/down-vn.img.susercontent.com\/file\/vn-11134208-7ra0g-m6ykkblaewtdf5@resize_w875_nl.webp 1x, https:\/\/down-vn.img.susercontent.com\/file\/vn-11134208-7ra0g-m6ykkblaewtdf5@resize_w1750_nl.webp 2x\" type=\"image\/webp\" class=\"UkIsx8\"><img decoding=\"async\" width=\"875\" loading=\"lazy\" class=\"uXN1L5 lazyload QSLoEa GqYslU\" srcset=\"https:\/\/down-vn.img.susercontent.com\/file\/vn-11134208-7ra0g-m6ykkblaewtdf5@resize_w875_nl 1x, https:\/\/down-vn.img.susercontent.com\/file\/vn-11134208-7ra0g-m6ykkblaewtdf5@resize_w1750_nl 2x\" src=\"https:\/\/down-vn.img.susercontent.com\/file\/vn-11134208-7ra0g-m6ykkblaewtdf5\" height=\"1033\"><\/picture><\/div>\n<\/div>\n<div class=\"QN2lPu\">\n<div style=\"position: relative; width: 100%; padding-bottom: 120.337%;\"><picture class=\"UkIsx8\"><source srcset=\"https:\/\/down-vn.img.susercontent.com\/file\/vn-11134208-7ra0g-m6ykkblagbdt01@resize_w875_nl.webp 1x, https:\/\/down-vn.img.susercontent.com\/file\/vn-11134208-7ra0g-m6ykkblagbdt01@resize_w1750_nl.webp 2x\" type=\"image\/webp\" class=\"UkIsx8\"><img decoding=\"async\" width=\"875\" loading=\"lazy\" class=\"uXN1L5 lazyload QSLoEa GqYslU\" srcset=\"https:\/\/down-vn.img.susercontent.com\/file\/vn-11134208-7ra0g-m6ykkblagbdt01@resize_w875_nl 1x, https:\/\/down-vn.img.susercontent.com\/file\/vn-11134208-7ra0g-m6ykkblagbdt01@resize_w1750_nl 2x\" src=\"https:\/\/down-vn.img.susercontent.com\/file\/vn-11134208-7ra0g-m6ykkblagbdt01\" height=\"1053\"><\/picture><\/div>\n<\/div>\n<div class=\"QN2lPu\">\n<div style=\"position: relative; width: 100%; padding-bottom: 120.337%;\"><picture class=\"UkIsx8\"><source srcset=\"https:\/\/down-vn.img.susercontent.com\/file\/vn-11134208-7ra0g-m6yky90kadt370@resize_w875_nl.webp 1x, https:\/\/down-vn.img.susercontent.com\/file\/vn-11134208-7ra0g-m6yky90kadt370@resize_w1750_nl.webp 2x\" type=\"image\/webp\" class=\"UkIsx8\"><img decoding=\"async\" width=\"875\" loading=\"lazy\" class=\"uXN1L5 lazyload QSLoEa GqYslU\" srcset=\"https:\/\/down-vn.img.susercontent.com\/file\/vn-11134208-7ra0g-m6yky90kadt370@resize_w875_nl 1x, https:\/\/down-vn.img.susercontent.com\/file\/vn-11134208-7ra0g-m6yky90kadt370@resize_w1750_nl 2x\" src=\"https:\/\/down-vn.img.susercontent.com\/file\/vn-11134208-7ra0g-m6yky90kadt370\" height=\"1053\"><\/picture><\/div>\n<\/div>\n<div class=\"QN2lPu\">\n<div style=\"position: relative; width: 100%; padding-bottom: 142.248%;\"><picture class=\"UkIsx8\"><source srcset=\"https:\/\/down-vn.img.susercontent.com\/file\/vn-11134208-7ra0g-m6ykkbla52u9bd@resize_w875_nl.webp 1x, https:\/\/down-vn.img.susercontent.com\/file\/vn-11134208-7ra0g-m6ykkbla52u9bd@resize_w1750_nl.webp 2x\" type=\"image\/webp\" class=\"UkIsx8\"><img decoding=\"async\" width=\"875\" loading=\"lazy\" class=\"uXN1L5 lazyload QSLoEa GqYslU\" srcset=\"https:\/\/down-vn.img.susercontent.com\/file\/vn-11134208-7ra0g-m6ykkbla52u9bd@resize_w875_nl 1x, https:\/\/down-vn.img.susercontent.com\/file\/vn-11134208-7ra0g-m6ykkbla52u9bd@resize_w1750_nl 2x\" src=\"https:\/\/down-vn.img.susercontent.com\/file\/vn-11134208-7ra0g-m6ykkbla52u9bd\" height=\"1245\"><\/picture><\/div>\n<\/div>\n<p class=\"QN2lPu\">\n<p class=\"QN2lPu\">B\u00ecnh \u0111\u01b0\u1ee3c trang b\u1ecb t\u00ednh n\u0103ng ch\u1ed1ng tr\u00e0n gi\u00fap ng\u0103n ng\u1eeba c\u00e1c t\u00ecnh hu\u1ed1ng s\u01a1 \u00fd, b\u1ea3o \u0111\u1ea3m an to\u00e0n cho ng\u01b0\u1eddi d\u00f9ng, \u0111\u1eb7c bi\u1ec7t l\u00e0 c\u00e1c gia \u0111\u00ecnh c\u00f3 con nh\u1ecf v\u00e0 th\u00fa c\u01b0ng.<\/p>\n<p class=\"QN2lPu\">\n<p class=\"QN2lPu\">&#8211; Thi\u1ebft k\u1ebf ch\u1ed1ng tr\u00e0n &#8211; an to\u00e0n s\u1eed d\u1ee5ng<\/p>\n<p class=\"QN2lPu\">&#8211; N\u00fat nh\u1ea5n kh\u00f3a n\u01b0\u1edbc th\u00f4ng minh &#8211; b\u1ea3o v\u1ec7 t\u1ed1i \u0111a<\/p>\n<p class=\"QN2lPu\">&#8211; C\u00f4ng su\u1ea5t l\u1edbn 1500W &#8211; \u0111un s\u00f4i nhanh ch\u1ec9 6 ph\u00fat<\/p>\n<p class=\"QN2lPu\">&#8211; \u0110\u1ec7m kh\u1eed m\u00f9i Silica chu\u1ea9n ROHS<\/p>\n<p class=\"QN2lPu\">&#8211; N\u1eafp th\u00e1o r\u1eddi &#8211; v\u1ec7 sinh d\u1ec5 d\u00e0ng<\/p>\n<p class=\"QN2lPu\">&#8211; Th\u00e2n v\u1ecf 2 l\u1edbp &#8211; gi\u1eef nhi\u1ec7t t\u1ed1i \u01b0u<\/p>\n<p class=\"QN2lPu\">\n<p class=\"QN2lPu\">Th\u00f4ng tin s\u1ea3n ph\u1ea9m<\/p>\n<p class=\"QN2lPu\">Dung t\u00edch l\u1ecdc: 1.5L<\/p>\n<p class=\"QN2lPu\">\u0110i\u1ec7n \u00e1p (V): 220V<\/p>\n<p class=\"QN2lPu\">T\u1ea7n s\u1ed1 (Hz): 50\/60Hz<\/p>\n<p class=\"QN2lPu\">C\u00f4ng su\u1ea5t (W): 1500W<\/p>\n<p class=\"QN2lPu\">Ch\u1ea5t li\u1ec7u v\u1ecf: Inox SUS316L<\/p>\n<p class=\"QN2lPu\">M\u00e0u s\u1eafc: Tr\u1eafng<\/p>\n<p class=\"QN2lPu\">K\u00edch th\u01b0\u1edbc (RxCxS) (mm): 237x160x266<\/p>\n<p class=\"QN2lPu\">K\u00edch th\u01b0\u1edbc \u0111\u00f3ng th\u00f9ng (RxCxS) (mm): 220x196x290<\/p>\n<p class=\"QN2lPu\">S\u1ed1 l\u01b0\u1ee3ng\/th\u00f9ng: 6<\/p>\n<p class=\"QN2lPu\">K\u00edch th\u01b0\u1edbc th\u00f9ng carton (mm): 232x206x302<\/p>\n<p class=\"QN2lPu\">K\u00edch th\u01b0\u1edbc th\u00f9ng Shrink film (mm): 621x466x303<\/p>\n<p class=\"QN2lPu\">Tr\u1ecdng l\u01b0\u1ee3ng (kg): 1.35<\/p>\n<p class=\"QN2lPu\">Tr\u1ecdng l\u01b0\u1ee3ng \u0111\u00f3ng g\u00f3i: 1.47<\/p>\n<\/div>\n","protected":false},"excerpt":{"rendered":"<p>B\u00ecnh \u0111\u01b0\u1ee3c trang b\u1ecb t\u00ednh n\u0103ng ch\u1ed1ng tr\u00e0n gi\u00fap ng\u0103n ng\u1eeba c\u00e1c t\u00ecnh hu\u1ed1ng s\u01a1 \u00fd, b\u1ea3o \u0111\u1ea3m an to\u00e0n cho ng\u01b0\u1eddi d\u00f9ng, \u0111\u1eb7c bi\u1ec7t l\u00e0 c\u00e1c gia \u0111\u00ecnh c\u00f3 con nh\u1ecf v\u00e0 th\u00fa c\u01b0ng. &#8211; Thi\u1ebft k\u1ebf ch\u1ed1ng tr\u00e0n &#8211; an to\u00e0n s\u1eed d\u1ee5ng &#8211; N\u00fat nh\u1ea5n kh\u00f3a n\u01b0\u1edbc th\u00f4ng minh &#8211; b\u1ea3o v\u1ec7&#8230;<\/p>\n","protected":false},"featured_media":13888,"comment_status":"open","ping_status":"closed","template":"","meta":[],"product_brand":[1245],"product_cat":[1230],"product_tag":[],"class_list":{"0":"post-13730","1":"product","2":"type-product","3":"status-publish","4":"has-post-thumbnail","6":"product_brand-toshiba","7":"product_cat-am-sieu-toc-binh-thuy","9":"first","10":"instock","11":"sale","12":"shipping-taxable","13":"purchasable","14":"product-type-simple"},"_links":{"self":[{"href":"https:\/\/web-ban-le.mbws.vn\/thiet-bi-dien-gia-dung\/wp-json\/wp\/v2\/product\/13730","targetHints":{"allow":["GET"]}}],"collection":[{"href":"https:\/\/web-ban-le.mbws.vn\/thiet-bi-dien-gia-dung\/wp-json\/wp\/v2\/product"}],"about":[{"href":"https:\/\/web-ban-le.mbws.vn\/thiet-bi-dien-gia-dung\/wp-json\/wp\/v2\/types\/product"}],"replies":[{"embeddable":true,"href":"https:\/\/web-ban-le.mbws.vn\/thiet-bi-dien-gia-dung\/wp-json\/wp\/v2\/comments?post=13730"}],"wp:featuredmedia":[{"embeddable":true,"href":"https:\/\/web-ban-le.mbws.vn\/thiet-bi-dien-gia-dung\/wp-json\/wp\/v2\/media\/13888"}],"wp:attachment":[{"href":"https:\/\/web-ban-le.mbws.vn\/thiet-bi-dien-gia-dung\/wp-json\/wp\/v2\/media?parent=13730"}],"wp:term":[{"taxonomy":"product_brand","embeddable":true,"href":"https:\/\/web-ban-le.mbws.vn\/thiet-bi-dien-gia-dung\/wp-json\/wp\/v2\/product_brand?post=13730"},{"taxonomy":"product_cat","embeddable":true,"href":"https:\/\/web-ban-le.mbws.vn\/thiet-bi-dien-gia-dung\/wp-json\/wp\/v2\/product_cat?post=13730"},{"taxonomy":"product_tag","embeddable":true,"href":"https:\/\/web-ban-le.mbws.vn\/thiet-bi-dien-gia-dung\/wp-json\/wp\/v2\/product_tag?post=13730"}],"curies":[{"name":"wp","href":"https:\/\/api.w.org\/{rel}","templated":true}]}}