{"id":13762,"date":"2025-10-23T15:53:11","date_gmt":"2025-10-23T08:53:11","guid":{"rendered":"https:\/\/web-ban-le.mbws.vn\/thiet-bi-dien-gia-dung\/?post_type=product&#038;p=13762"},"modified":"2025-10-30T18:27:01","modified_gmt":"2025-10-30T11:27:01","slug":"may-giat-cua-ngang-toshiba-inverter-10-5-kg-tw-t25bu115mwvmg-cong-nghe-giat-thong-minh-cam-ung-sac-net","status":"publish","type":"product","link":"https:\/\/web-ban-le.mbws.vn\/thiet-bi-dien-gia-dung\/san-pham\/may-giat-cua-ngang-toshiba-inverter-10-5-kg-tw-t25bu115mwvmg-cong-nghe-giat-thong-minh-cam-ung-sac-net\/","title":{"rendered":"M\u00e1y Gi\u1eb7t C\u1eeda Ngang Toshiba Inverter 10.5 Kg &#8211; TW-T25BU115MWV(MG) &#8211; C\u00f4ng Ngh\u1ec7 Gi\u1eb7t Th\u00f4ng Minh &#8211; C\u1ea3m \u1ee8ng S\u1eafc N\u00e9t"},"content":{"rendered":"<div class=\"e8lZp3\">\n<div class=\"QN2lPu\">\n<div style=\"position: relative; width: 100%; padding-bottom: 140.056%;\"><picture class=\"UkIsx8\"><source srcset=\"https:\/\/down-vn.img.susercontent.com\/file\/vn-11134208-7ra0g-m6xvkmyx4cagf5@resize_w875_nl.webp 1x, https:\/\/down-vn.img.susercontent.com\/file\/vn-11134208-7ra0g-m6xvkmyx4cagf5@resize_w1750_nl.webp 2x\" type=\"image\/webp\" class=\"UkIsx8\"><img decoding=\"async\" width=\"875\" loading=\"lazy\" class=\"uXN1L5 lazyload GqYslU\" srcset=\"https:\/\/down-vn.img.susercontent.com\/file\/vn-11134208-7ra0g-m6xvkmyx4cagf5@resize_w875_nl 1x, https:\/\/down-vn.img.susercontent.com\/file\/vn-11134208-7ra0g-m6xvkmyx4cagf5@resize_w1750_nl 2x\" src=\"https:\/\/down-vn.img.susercontent.com\/file\/vn-11134208-7ra0g-m6xvkmyx4cagf5\" height=\"1225\"><\/picture><\/div>\n<\/div>\n<div class=\"QN2lPu\">\n<div style=\"position: relative; width: 100%; padding-bottom: 137.931%;\"><picture class=\"UkIsx8\"><source srcset=\"https:\/\/down-vn.img.susercontent.com\/file\/vn-11134208-7ra0g-m6yb0nz2ns0xc4@resize_w875_nl.webp 1x, https:\/\/down-vn.img.susercontent.com\/file\/vn-11134208-7ra0g-m6yb0nz2ns0xc4@resize_w1750_nl.webp 2x\" type=\"image\/webp\" class=\"UkIsx8\"><img decoding=\"async\" width=\"875\" loading=\"lazy\" class=\"uXN1L5 lazyload GqYslU\" srcset=\"https:\/\/down-vn.img.susercontent.com\/file\/vn-11134208-7ra0g-m6yb0nz2ns0xc4@resize_w875_nl 1x, https:\/\/down-vn.img.susercontent.com\/file\/vn-11134208-7ra0g-m6yb0nz2ns0xc4@resize_w1750_nl 2x\" src=\"https:\/\/down-vn.img.susercontent.com\/file\/vn-11134208-7ra0g-m6yb0nz2ns0xc4\" height=\"1207\"><\/picture><\/div>\n<\/div>\n<div class=\"QN2lPu\">\n<div style=\"position: relative; width: 100%; padding-bottom: 137.931%;\"><picture class=\"UkIsx8\"><source srcset=\"https:\/\/down-vn.img.susercontent.com\/file\/vn-11134208-7ra0g-m6yb0nz2p6ldd1@resize_w875_nl.webp 1x, https:\/\/down-vn.img.susercontent.com\/file\/vn-11134208-7ra0g-m6yb0nz2p6ldd1@resize_w1750_nl.webp 2x\" type=\"image\/webp\" class=\"UkIsx8\"><img decoding=\"async\" width=\"875\" loading=\"lazy\" class=\"uXN1L5 lazyload GqYslU\" srcset=\"https:\/\/down-vn.img.susercontent.com\/file\/vn-11134208-7ra0g-m6yb0nz2p6ldd1@resize_w875_nl 1x, https:\/\/down-vn.img.susercontent.com\/file\/vn-11134208-7ra0g-m6yb0nz2p6ldd1@resize_w1750_nl 2x\" src=\"https:\/\/down-vn.img.susercontent.com\/file\/vn-11134208-7ra0g-m6yb0nz2p6ldd1\" height=\"1207\"><\/picture><\/div>\n<\/div>\n<div class=\"QN2lPu\">\n<div style=\"position: relative; width: 100%; padding-bottom: 125.313%;\"><picture class=\"UkIsx8\"><source srcset=\"https:\/\/down-vn.img.susercontent.com\/file\/vn-11134208-7ra0g-m6yb0nz2ql5t61@resize_w875_nl.webp 1x, https:\/\/down-vn.img.susercontent.com\/file\/vn-11134208-7ra0g-m6yb0nz2ql5t61@resize_w1750_nl.webp 2x\" type=\"image\/webp\" class=\"UkIsx8\"><img decoding=\"async\" width=\"875\" loading=\"lazy\" class=\"uXN1L5 lazyload GqYslU\" srcset=\"https:\/\/down-vn.img.susercontent.com\/file\/vn-11134208-7ra0g-m6yb0nz2ql5t61@resize_w875_nl 1x, https:\/\/down-vn.img.susercontent.com\/file\/vn-11134208-7ra0g-m6yb0nz2ql5t61@resize_w1750_nl 2x\" src=\"https:\/\/down-vn.img.susercontent.com\/file\/vn-11134208-7ra0g-m6yb0nz2ql5t61\" height=\"1096\"><\/picture><\/div>\n<\/div>\n<div class=\"QN2lPu\">\n<div style=\"position: relative; width: 100%; padding-bottom: 137.741%;\"><picture class=\"UkIsx8\"><source srcset=\"https:\/\/down-vn.img.susercontent.com\/file\/vn-11134208-7ra0g-m6yb0nz2rzq93d@resize_w875_nl.webp 1x, https:\/\/down-vn.img.susercontent.com\/file\/vn-11134208-7ra0g-m6yb0nz2rzq93d@resize_w1750_nl.webp 2x\" type=\"image\/webp\" class=\"UkIsx8\"><img decoding=\"async\" width=\"875\" loading=\"lazy\" class=\"uXN1L5 lazyload GqYslU\" srcset=\"https:\/\/down-vn.img.susercontent.com\/file\/vn-11134208-7ra0g-m6yb0nz2rzq93d@resize_w875_nl 1x, https:\/\/down-vn.img.susercontent.com\/file\/vn-11134208-7ra0g-m6yb0nz2rzq93d@resize_w1750_nl 2x\" src=\"https:\/\/down-vn.img.susercontent.com\/file\/vn-11134208-7ra0g-m6yb0nz2rzq93d\" height=\"1205\"><\/picture><\/div>\n<\/div>\n<div class=\"QN2lPu\">\n<div style=\"position: relative; width: 100%; padding-bottom: 109.051%;\"><picture class=\"UkIsx8\"><source srcset=\"https:\/\/down-vn.img.susercontent.com\/file\/vn-11134208-7ra0g-m6yb2e0nmp945a@resize_w875_nl.webp 1x, https:\/\/down-vn.img.susercontent.com\/file\/vn-11134208-7ra0g-m6yb2e0nmp945a@resize_w1750_nl.webp 2x\" type=\"image\/webp\" class=\"UkIsx8\"><img decoding=\"async\" width=\"875\" loading=\"lazy\" class=\"uXN1L5 lazyload GqYslU\" srcset=\"https:\/\/down-vn.img.susercontent.com\/file\/vn-11134208-7ra0g-m6yb2e0nmp945a@resize_w875_nl 1x, https:\/\/down-vn.img.susercontent.com\/file\/vn-11134208-7ra0g-m6yb2e0nmp945a@resize_w1750_nl 2x\" src=\"https:\/\/down-vn.img.susercontent.com\/file\/vn-11134208-7ra0g-m6yb2e0nmp945a\" height=\"954\"><\/picture><\/div>\n<\/div>\n<div class=\"QN2lPu\">\n<div style=\"position: relative; width: 100%; padding-bottom: 141.044%;\"><picture class=\"UkIsx8\"><source srcset=\"https:\/\/down-vn.img.susercontent.com\/file\/vn-11134208-7ra0g-m6yb2e0no3tk13@resize_w875_nl.webp 1x, https:\/\/down-vn.img.susercontent.com\/file\/vn-11134208-7ra0g-m6yb2e0no3tk13@resize_w1750_nl.webp 2x\" type=\"image\/webp\" class=\"UkIsx8\"><img decoding=\"async\" width=\"875\" loading=\"lazy\" class=\"uXN1L5 lazyload GqYslU\" srcset=\"https:\/\/down-vn.img.susercontent.com\/file\/vn-11134208-7ra0g-m6yb2e0no3tk13@resize_w875_nl 1x, https:\/\/down-vn.img.susercontent.com\/file\/vn-11134208-7ra0g-m6yb2e0no3tk13@resize_w1750_nl 2x\" src=\"https:\/\/down-vn.img.susercontent.com\/file\/vn-11134208-7ra0g-m6yb2e0no3tk13\" height=\"1234\"><\/picture><\/div>\n<\/div>\n<div class=\"QN2lPu\">\n<div style=\"position: relative; width: 100%; padding-bottom: 130.039%;\"><picture class=\"UkIsx8\"><source srcset=\"https:\/\/down-vn.img.susercontent.com\/file\/vn-11134208-7ra0g-m6yb2e0npie036@resize_w875_nl.webp 1x, https:\/\/down-vn.img.susercontent.com\/file\/vn-11134208-7ra0g-m6yb2e0npie036@resize_w1750_nl.webp 2x\" type=\"image\/webp\" class=\"UkIsx8\"><img decoding=\"async\" width=\"875\" loading=\"lazy\" class=\"uXN1L5 lazyload QSLoEa GqYslU\" srcset=\"https:\/\/down-vn.img.susercontent.com\/file\/vn-11134208-7ra0g-m6yb2e0npie036@resize_w875_nl 1x, https:\/\/down-vn.img.susercontent.com\/file\/vn-11134208-7ra0g-m6yb2e0npie036@resize_w1750_nl 2x\" src=\"https:\/\/down-vn.img.susercontent.com\/file\/vn-11134208-7ra0g-m6yb2e0npie036\" height=\"1138\"><\/picture><\/div>\n<\/div>\n<div class=\"QN2lPu\">\n<div style=\"position: relative; width: 100%; padding-bottom: 108.108%;\"><picture class=\"UkIsx8\"><source srcset=\"https:\/\/down-vn.img.susercontent.com\/file\/vn-11134208-7ra0g-m6yb2e0nqwyg5e@resize_w875_nl.webp 1x, https:\/\/down-vn.img.susercontent.com\/file\/vn-11134208-7ra0g-m6yb2e0nqwyg5e@resize_w1750_nl.webp 2x\" type=\"image\/webp\" class=\"UkIsx8\"><img decoding=\"async\" width=\"875\" loading=\"lazy\" class=\"uXN1L5 lazyload QSLoEa GqYslU\" srcset=\"https:\/\/down-vn.img.susercontent.com\/file\/vn-11134208-7ra0g-m6yb2e0nqwyg5e@resize_w875_nl 1x, https:\/\/down-vn.img.susercontent.com\/file\/vn-11134208-7ra0g-m6yb2e0nqwyg5e@resize_w1750_nl 2x\" src=\"https:\/\/down-vn.img.susercontent.com\/file\/vn-11134208-7ra0g-m6yb2e0nqwyg5e\" height=\"946\"><\/picture><\/div>\n<\/div>\n<div class=\"QN2lPu\">\n<div style=\"position: relative; width: 100%; padding-bottom: 129.87%;\"><picture class=\"UkIsx8\"><source srcset=\"https:\/\/down-vn.img.susercontent.com\/file\/vn-11134208-7ra0g-m6yb2e0nsbiwd8@resize_w875_nl.webp 1x, https:\/\/down-vn.img.susercontent.com\/file\/vn-11134208-7ra0g-m6yb2e0nsbiwd8@resize_w1750_nl.webp 2x\" type=\"image\/webp\" class=\"UkIsx8\"><img decoding=\"async\" width=\"875\" loading=\"lazy\" class=\"uXN1L5 lazyload QSLoEa GqYslU\" srcset=\"https:\/\/down-vn.img.susercontent.com\/file\/vn-11134208-7ra0g-m6yb2e0nsbiwd8@resize_w875_nl 1x, https:\/\/down-vn.img.susercontent.com\/file\/vn-11134208-7ra0g-m6yb2e0nsbiwd8@resize_w1750_nl 2x\" src=\"https:\/\/down-vn.img.susercontent.com\/file\/vn-11134208-7ra0g-m6yb2e0nsbiwd8\" height=\"1136\"><\/picture><\/div>\n<\/div>\n<div class=\"QN2lPu\">\n<div style=\"position: relative; width: 100%; padding-bottom: 140.056%;\"><picture class=\"UkIsx8\"><source srcset=\"https:\/\/down-vn.img.susercontent.com\/file\/vn-11134208-7ra0g-m6yb0nz2teap09@resize_w875_nl.webp 1x, https:\/\/down-vn.img.susercontent.com\/file\/vn-11134208-7ra0g-m6yb0nz2teap09@resize_w1750_nl.webp 2x\" type=\"image\/webp\" class=\"UkIsx8\"><img decoding=\"async\" width=\"875\" loading=\"lazy\" class=\"uXN1L5 lazyload QSLoEa GqYslU\" srcset=\"https:\/\/down-vn.img.susercontent.com\/file\/vn-11134208-7ra0g-m6yb0nz2teap09@resize_w875_nl 1x, https:\/\/down-vn.img.susercontent.com\/file\/vn-11134208-7ra0g-m6yb0nz2teap09@resize_w1750_nl 2x\" src=\"https:\/\/down-vn.img.susercontent.com\/file\/vn-11134208-7ra0g-m6yb0nz2teap09\" height=\"1225\"><\/picture><\/div>\n<\/div>\n<p class=\"QN2lPu\">\n<p class=\"QN2lPu\">M\u00c1Y GI\u1eb6T C\u1eecA TR\u01af\u1edaC TOSHIBA TW-T25BU115MWV(MG)<\/p>\n<p class=\"QN2lPu\">M\u00e0n h\u00ecnh m\u00e0u, c\u1ea3m \u1ee9ng hi\u1ec7n \u0111\u1ea1i, d\u1ec5 s\u1eed d\u1ee5ng<\/p>\n<p class=\"QN2lPu\">\u0110\u01b0\u1ee3c trang b\u1ecb m\u00e0n h\u00ecnh m\u00e0u c\u1ea3m \u1ee9ng s\u1eafc n\u00e9t v\u1edbi h\u00ecnh \u1ea3nh minh h\u1ecda \u0111\u1eb9p v\u00e0 d\u1ec5 hi\u1ec3u, ch\u1eef v\u00e0 s\u1ed1 to r\u00f5 gi\u00fap ng\u01b0\u1eddi d\u00f9ng s\u1eed d\u1ee5ng m\u00e1y gi\u1eb7t tho\u1ea3i m\u00e1i v\u00e0 d\u1ec5 d\u00e0ng h\u01a1n bao gi\u1edd h\u1ebft.<\/p>\n<p class=\"QN2lPu\">Kh\u1ed1i l\u01b0\u1ee3ng gi\u1eb7t: 10,5 kg<\/p>\n<p class=\"QN2lPu\">M\u00e0n h\u00ecnh m\u00e0u, c\u1ea3m \u1ee9ng s\u1eafc n\u00e9t<\/p>\n<p class=\"QN2lPu\">L\u1ed3ng gi\u1eb7t si\u00eau r\u1ed9ng 535mm<\/p>\n<p class=\"QN2lPu\">C\u00f4ng ngh\u1ec7 Aroma+ th\u01a1m h\u01a1n, m\u1ec1m m\u1ea1i h\u01a1n<\/p>\n<p class=\"QN2lPu\">C\u00f4ng ngh\u1ec7 Si\u00eau b\u1ecdt kh\u00ed nano UFB<\/p>\n<p class=\"QN2lPu\">C\u00f4ng ngh\u1ec7 Great Steam di\u1ec7t khu\u1ea9n<\/p>\n<p class=\"QN2lPu\">C\u00f4ng ngh\u1ec7 Color Alive gi\u1ea3m \u0111\u1ed9 phai m\u00e0u<\/p>\n<p class=\"QN2lPu\">AI Smart, AI Saving, AI Care<\/p>\n<p class=\"QN2lPu\">M\u00e1y c\u00f3 th\u1ec3 ho\u1ea1t \u0111\u1ed9ng v\u1edbi \u00e1p l\u1ef1c n\u01b0\u1edbc y\u1ebfu<\/p>\n<p class=\"QN2lPu\">\n<p class=\"QN2lPu\">\n<p class=\"QN2lPu\">THI\u1ebeT K\u1ebe<\/p>\n<p class=\"QN2lPu\">M\u00e0n h\u00ecnh m\u00e0u, c\u1ea3m \u1ee9ng<\/p>\n<p class=\"QN2lPu\">M\u00e1y gi\u1eb7t Toshiba TW-T25BU115MWV(MG)&nbsp;v\u1edbi thi\u1ebft k\u1ebf c\u1eeda 2 l\u1edbp k\u00ednh c\u01b0\u1eddng l\u1ef1c k\u1ebft h\u1ee3p c\u00f9ng b\u1ea3ng \u0111i\u1ec1u khi\u1ec3n c\u1ea3m \u1ee9ng m\u00e0u s\u1eafc n\u00e9t t\u1ea1o n\u00ean m\u1ed9t s\u1ea3n ph\u1ea9m li\u1ec1n m\u1ea1ch v\u00e0 tinh x\u1ea3o trong t\u1eebng \u0111\u01b0\u1eddng n\u00e9t.<\/p>\n<p class=\"QN2lPu\">M\u1eb7t tr\u01b0\u1edbc s\u1eed d\u1ee5ng t\u1ea5m th\u00e9p nguy\u00ean kh\u1ed1i&nbsp;li\u1ec1n m\u1ea1ch bao quanh b\u1ea3ng \u0111i\u1ec1u khi\u1ec3n hi\u1ec7n \u0111\u1ea1i g\u00f3p ph\u1ea7n t\u1ea1o n\u00ean m\u1ed9t tuy\u1ec7t t\u00e1c thi\u1ebft k\u1ebf n\u00e2ng t\u1ea7m kh\u00f4ng gian s\u1ed1ng.<\/p>\n<p class=\"QN2lPu\">B\u1ea3ng \u0111i\u1ec1u khi\u1ec3n c\u1ea3m \u1ee9ng m\u00e0u s\u1eafc n\u00e9t, si\u00eau nh\u1ea1y, h\u00ecnh \u1ea3nh minh h\u1ecda d\u1ec5 hi\u1ec3u c\u00f9ng v\u1edbi ch\u1eef v\u00e0 s\u1ed1 to r\u00f5 gi\u00fap thao t\u00e1c \u0111i\u1ec1u khi\u1ec3n m\u00e1y gi\u1edd \u0111\u00e2y nh\u1eb9 nh\u00e0ng v\u00e0 d\u1ec5 d\u00e0ng h\u01a1n r\u1ea5t nhi\u1ec1u.<\/p>\n<p class=\"QN2lPu\">\n<p class=\"QN2lPu\">L\u1ed3ng gi\u1eb7t si\u00eau r\u1ed9ng 535mm<\/p>\n<p class=\"QN2lPu\">M\u00e1y gi\u1eb7t Toshiba TW-T25BU115MWV(MG) \u0111\u01b0\u1ee3c trang b\u1ecb l\u1ed3ng gi\u1eb7t v\u1edbi \u0111\u01b0\u1eddng k\u00ednh l\u00ean \u0111\u1ebfn 535mm, r\u1ed9ng nh\u1ea5t hi\u1ec7n nay*. L\u1ed3ng gi\u1eb7t r\u1ed9ng gi\u00fap gi\u1eb7t s\u1ea1ch h\u01a1n, gi\u1ea3m nh\u0103n tr\u00ean \u0111\u1ed3 gi\u1eb7t.<\/p>\n<p class=\"QN2lPu\">T\u01b0\u01a1ng x\u1ee9ng v\u1edbi l\u1ed3ng gi\u1eb7t 535mm l\u00e0 c\u1eeda r\u1ed9ng \u0111\u1ebfn 365mm, r\u1ed9ng nh\u1ea5t hi\u1ec7n nay*. C\u1eeda r\u1ed9ng gi\u00fap thao t\u00e1c \u0111\u01b0a \u0111\u1ed3 gi\u1eb7t v\u00e0o v\u00e0 l\u1ea5y \u0111\u1ed3 ra tr\u1edf n\u00ean th\u1eadt d\u1ec5 d\u00e0ng.<\/p>\n<p class=\"QN2lPu\">Si\u00eau b\u1ecdt kh\u00ed nano Ultra Fine Bubble<\/p>\n<p class=\"QN2lPu\">\n<p class=\"QN2lPu\">Th\u1ea5m s\u00e2u t\u1eebng s\u1ee3i v\u1ea3i<\/p>\n<p class=\"QN2lPu\">M\u00e1y gi\u1eb7t Toshiba TW-T25BU115MWV(MG) s\u1eed d\u1ee5ng c\u00f4ng ngh\u1ec7 \u0111\u1ed9c quy\u1ec1n UFB ch\u1ec9 c\u00f3 \u1edf c\u00e1c d\u00f2ng m\u00e1y gi\u1eb7t cao c\u1ea5p c\u1ee7a Toshiba.<\/p>\n<p class=\"QN2lPu\">C\u00f4ng ngh\u1ec7 UFB s\u1ebd t\u1ea1o ra nh\u1eefng b\u1ecdt kh\u00ed Nano c\u00f3 k\u00edch th\u01b0\u1edbc si\u00eau nh\u1ecf gi\u00fap cho c\u00e1c ch\u1ea5t gi\u1eb7t t\u1ea9y d\u1ec5 d\u00e0ng len l\u1ecfi v\u00e0 th\u1ea5m s\u00e2u v\u00e0o t\u1eebng s\u1ee3i v\u1ea3i, \u0111\u00e1nh bay c\u00e1c v\u1ebft b\u1ea9n c\u1ee9ng \u0111\u1ea7u.&nbsp;Ngo\u00e0i ra, b\u1ecdt kh\u00ed nano c\u00f2n gi\u00fap gi\u1ea3m d\u01b0 l\u01b0\u1ee3ng ch\u1ea5t gi\u1eb7t t\u1ea9y t\u1ed3n \u0111\u1ecdng trong s\u1ee3i v\u1ea3i sau khi gi\u1eb7t xong.<\/p>\n<p class=\"QN2lPu\">&#8211; Gi\u1eb7t s\u1ea1ch h\u01a1n.<\/p>\n<p class=\"QN2lPu\">&#8211; Gi\u1ea3m d\u01b0 l\u01b0\u1ee3ng ch\u1ea5t gi\u1eb7t t\u1ea9y.<\/p>\n<p class=\"QN2lPu\">&#8211; Ng\u0103n ng\u1eeba \u1ed1 v\u00e0ng.<\/p>\n<p class=\"QN2lPu\">\n<p class=\"QN2lPu\">C\u00d4NG NGH\u1ec6<\/p>\n<p class=\"QN2lPu\">C\u00f4ng ngh\u1ec7 Aroma+ gi\u00fap \u00e1o qu\u1ea7n th\u01a1m h\u01a1n, m\u1ec1m m\u1ea1i h\u01a1n<\/p>\n<p class=\"QN2lPu\">M\u00e1y gi\u1eb7t Toshiba TW-T25BU115MWV(MG) s\u1eed d\u1ee5ng c\u00f4ng ngh\u1ec7 \u0111\u1ed9c quy\u1ec1n Aroma+ ch\u1ec9 c\u00f3 \u1edf c\u00e1c d\u00f2ng m\u00e1y gi\u1eb7t cao c\u1ea5p c\u1ee7a Toshiba.<\/p>\n<p class=\"QN2lPu\">C\u00f4ng ngh\u1ec7 Aroma+ s\u1ebd&nbsp;tinh ch\u1ec9nh t\u1ed1i \u01b0u nhi\u1ec7t \u0111\u1ed9 n\u01b0\u1edbc, \u0111\u1ed9 h\u00f2a tan c\u1ee7a n\u01b0\u1edbc x\u1ea3 v\u1ea3i trong l\u1ed3ng gi\u1eb7t v\u00e0 th\u1eddi gian \u0111\u1ed3 gi\u1eb7t&nbsp;ti\u1ebfp x\u00fac v\u1edbi n\u01b0\u1edbc x\u1ea3 v\u1ea3i \u0111\u1ec3 mang l\u1ea1i h\u01b0\u01a1ng th\u01a1m m\u1ea1nh h\u01a1n, \u0111\u1ed9 m\u1ec1m m\u1ea1i cao h\u01a1n tr\u00ean \u0111\u1ed3 gi\u1eb7t sau khi \u0111\u00e3 ph\u01a1i kh\u00f4.<\/p>\n<p class=\"QN2lPu\">&nbsp;&#8211;&nbsp;&nbsp;\u0110\u1ed3 gi\u1eb7t th\u01a1m h\u01a1n, l\u01b0u h\u01b0\u01a1ng l\u00e2u h\u01a1n.<\/p>\n<p class=\"QN2lPu\">&nbsp;&#8211;&nbsp;&nbsp;\u0110\u1ed3 gi\u1eb7t m\u1ec1m m\u1ea1i h\u01a1n, kh\u00f4ng th\u00f4 r\u00e1p.<\/p>\n<p class=\"QN2lPu\">\n<p class=\"QN2lPu\">C\u00f4ng ngh\u1ec7 Great Steam di\u1ec7t khu\u1ea9n t\u1ed1i \u0111a<\/p>\n<p class=\"QN2lPu\">Nh\u1eefng v\u1ebft b\u1ea9n b\u00e1m tr\u00ean qu\u1ea7n \u00e1o s\u1ebd \u0111\u01b0\u1ee3c l\u00e0m m\u1ec1m b\u1eb1ng h\u01a1i n\u01b0\u1edbc nh\u1edd c\u00f4ng ngh\u1ec7 GREAT STEAM, mang l\u1ea1i kh\u1ea3 n\u0103ng l\u00e0m s\u1ea1ch s\u00e2u \u0111\u1ed3ng th\u1eddi lo\u1ea1i b\u1ecf c\u00e1c ph\u00e2n t\u1eed g\u00e2y m\u00f9i kh\u00f3 ch\u1ecbu b\u00e1m tr\u00ean qu\u1ea7n \u00e1o.<\/p>\n<p class=\"QN2lPu\">Kh\u1ea3 n\u0103ng di\u1ec7t khu\u1ea9n hi\u1ec7u qu\u1ea3 l\u00ean \u0111\u1ebfn 99,99% gi\u00fap b\u1ea3o v\u1ec7 s\u1ee9c kh\u1ecfe, \u0111\u1eb7c bi\u1ec7t l\u00e0 l\u00e0n da nh\u1ea1y c\u1ea3m c\u1ee7a tr\u1ebb em.<\/p>\n<p class=\"QN2lPu\">Qu\u1ea7n \u00e1o sau khi gi\u1eb7t kh\u00f4ng b\u1ecb nh\u0103n, ti\u1ebft ki\u1ec7m th\u1eddi gian gi\u1eb7t \u1ee7i, c\u1ef1c k\u00ec ph\u00f9 h\u1ee3p v\u1edbi nh\u1eefng ng\u01b0\u1eddi b\u1eadn r\u1ed9n.&nbsp;<\/p>\n<p class=\"QN2lPu\">\n<p class=\"QN2lPu\">C\u00f4ng ngh\u1ec7 Color Alive gi\u1ea3m phai m\u00e0u s\u1ee3i v\u1ea3i<\/p>\n<p class=\"QN2lPu\">S\u1eed d\u1ee5ng n\u01b0\u1edbc l\u1ea1nh k\u1ebft h\u1ee3p c\u00f9ng s\u00f3ng n\u01b0\u1edbc c\u1ef1c m\u1ea1nh trong qu\u00e1 tr\u00ecnh gi\u1eb7t gi\u00fap \u00e1o qu\u1ea7n s\u1ea1ch s\u1ebd tinh t\u01b0\u01a1m m\u00e0 kh\u00f4ng c\u1ea7n s\u1eed d\u1ee5ng nhi\u1ec1u n\u0103ng l\u01b0\u1ee3ng nh\u01b0 gi\u1eb7t n\u01b0\u1edbc n\u00f3ng.<\/p>\n<p class=\"QN2lPu\">&nbsp;&#8211;&nbsp;&nbsp;Gi\u1eb7t s\u1ea1ch hi\u1ec7u qu\u1ea3.<\/p>\n<p class=\"QN2lPu\">&nbsp;&#8211;&nbsp;&nbsp;Ti\u1ebft ki\u1ec7m \u0111i\u1ec7n v\u01b0\u1ee3t tr\u1ed9i.<\/p>\n<p class=\"QN2lPu\">&nbsp;&#8211;&nbsp;&nbsp;Gi\u1ea3m \u0111\u1ed9 phai m\u00e0u, b\u1ea3o v\u1ec7 \u00e1o qu\u1ea7n t\u1ed1i \u01b0u.<\/p>\n<p class=\"QN2lPu\">\n<p class=\"QN2lPu\">Ti\u1ebft ki\u1ec7m \u0111i\u1ec7n n\u0103ng, v\u1eadn h\u00e0nh b\u1ec1n b\u1ec9&nbsp;<\/p>\n<p class=\"QN2lPu\">M\u00e1y gi\u1eb7t Toshiba TW-T25BU115MWV(MG) trang b\u1ecb c\u00f4ng ngh\u1ec7 Origin Inverter gi\u00fap ti\u1ebft ki\u1ec7m n\u0103ng l\u01b0\u1ee3ng \u0111\u00e1ng k\u1ec3, t\u1ed1i \u01b0u chi ph\u00ed sinh ho\u1ea1t cho gia \u0111\u00ecnh.<\/p>\n<p class=\"QN2lPu\">\u0110\u1ed9ng c\u01a1 kh\u00f4ng ch\u1ed5i than&nbsp;gi\u00fap m\u00e1y ho\u1ea1t \u0111\u1ed9ng \u00eam \u00e1i mang \u0111\u1ebfn tr\u1ea3i nghi\u1ec7m tuy\u1ec7t v\u1eddi cho ng\u01b0\u1eddi d\u00f9ng.<\/p>\n<p class=\"QN2lPu\">\n<p class=\"QN2lPu\">K\u1ebft n\u1ed1i th\u00f4ng minh qua \u1ee9ng d\u1ee5ng TSmartLife<\/p>\n<p class=\"QN2lPu\">M\u00e1y cho ph\u00e9p ch\u1ee7 \u0111\u1ed9ng k\u1ebft n\u1ed1i v\u00e0 t\u01b0\u01a1ng t\u00e1c t\u1eeb xa qua \u1ee9ng d\u1ee5ng TSmartLife.&nbsp;<\/p>\n<p class=\"QN2lPu\">C\u00e1c thao t\u00e1c, t\u00f9y ch\u1ec9nh theo y\u00eau c\u1ea7u c\u00e1 nh\u00e2n gi\u1edd \u0111\u00e2y tr\u1edf n\u00ean v\u00f4 c\u00f9ng \u0111\u01a1n gi\u1ea3n.&nbsp;Ch\u1ec9 c\u1ea7n m\u1ed9t chi\u1ebfc \u0111i\u1ec7n tho\u1ea1i th\u00f4ng minh k\u1ebft n\u1ed1i \u0111\u01b0\u1ee3c internet, c\u00f2n l\u1ea1i \u1ee9ng d\u1ee5ng TSmartLife s\u1ebd gi\u00fap b\u1ea1n.&nbsp;<\/p>\n<p class=\"QN2lPu\">Ngo\u00e0i ra, b\u1ea1n c\u0169ng c\u00f3 th\u1ec3 chia s\u1ebb quy\u1ec1n \u0111i\u1ec1u khi\u1ec3n cho c\u00e1c th\u00e0nh vi\u00ean trong gia \u0111\u00ecnh c\u00f9ng san s\u1ebb c\u00f4ng vi\u1ec7c nh\u00e0 v\u1edbi nhau.&nbsp;<\/p>\n<p class=\"QN2lPu\">Khi g\u1eb7p v\u1ea5n \u0111\u1ec1 c\u1ea7n h\u1ed7 tr\u1ee3, b\u1ea1n c\u00f3 th\u1ec3 li\u00ean h\u1ec7 tr\u1ef1c ti\u1ebfp th\u00f4ng qua \u1ee9ng d\u1ee5ng:&nbsp;<\/p>\n<p class=\"QN2lPu\">&nbsp;&#8211;&nbsp;&nbsp;G\u1ecdi t\u1ed5ng \u0111\u00e0i ch\u0103m s\u00f3c kh\u00e1ch h\u00e0ng&nbsp;<\/p>\n<p class=\"QN2lPu\">&nbsp;&#8211;&nbsp;&nbsp;Li\u00ean k\u1ebft \u0111\u1ebfn website b\u1ea3o h\u00e0nh&nbsp;<\/p>\n<p class=\"QN2lPu\">&nbsp;&#8211;&nbsp;&nbsp;C\u00e1c c\u00e2u h\u1ecfi th\u01b0\u1eddng g\u1eb7p FAQ&nbsp;<\/p>\n<p class=\"QN2lPu\">&nbsp;&#8211;&nbsp;&nbsp;H\u01b0\u1edbng d\u1eabn s\u1eed d\u1ee5ng<\/p>\n<p class=\"QN2lPu\">\n<p class=\"QN2lPu\">AI Smart : AI Control, AI Saving, AI Care<\/p>\n<p class=\"QN2lPu\">T\u00ednh to\u00e1n ch\u00ednh x\u00e1c&nbsp;kh\u1ed1i l\u01b0\u1ee3ng \u0111\u1ed3 gi\u1eb7t \u0111\u1ec3 t\u00ednh to\u00e1n th\u00f4ng minh th\u1eddi gian gi\u1eb7t, m\u1ef1c n\u01b0\u1edbc, t\u1ed1c \u0111\u1ed9 quay ph\u00f9 h\u1ee3p.<\/p>\n<p class=\"QN2lPu\">AI Saving: G\u1ee3i \u00fd chu tr\u00ecnh gi\u1eb7t v\u00e0 chu tr\u00ecnh gi\u1eb7t \u0111\u1ec1u \u0111\u01b0\u1ee3c \u00e1p d\u1ee5ng h\u1ee3p l\u00fd b\u1eb1ng tr\u00ed th\u00f4ng minh AI ch\u1ee9 kh\u00f4ng ph\u1ea3i t\u00ednh to\u00e1n th\u1ee7 c\u00f4ng gi\u00fap gi\u1ea3m ti\u00eau hao n\u01b0\u1edbc, \u0111i\u1ec7n v\u00e0 n\u01b0\u1edbc gi\u1eb7t.<\/p>\n<p class=\"QN2lPu\">AI Care: T\u1ef1 \u0111\u1ed9ng l\u1ef1a ch\u1ecdn nhi\u1ec7t \u0111\u1ed9 n\u01b0\u1edbc v\u00e0 t\u1ed1c \u0111\u1ed9 v\u1eaft ph\u00f9 h\u1ee3p gi\u00fap gi\u1ea3m ph\u1ea3i m\u00e0u v\u00e0 b\u1ea3o v\u1ec7 s\u1ee3i v\u1ea3i.<\/p>\n<p class=\"QN2lPu\">\n<p class=\"QN2lPu\">CH\u1ebe \u0110\u1ed8 DRUM CLEAN<\/p>\n<p class=\"QN2lPu\">Ti\u00eau di\u1ec7t m\u1ecdi vi khu\u1ea9n b\u00e1m tr\u00ean l\u1ed3ng gi\u1eb7t<\/p>\n<p class=\"QN2lPu\">S\u1ef1 k\u1ebft h\u1ee3p nh\u1ecbp nh\u00e0ng gi\u1eefa nhi\u1ec7t \u0111\u1ed9 n\u01b0\u1edbc cao v\u00e0 d\u00f2ng n\u01b0\u1edbc ch\u1ea3y th\u1eadt m\u1ea1nh, xo\u00e1y s\u00e2u \u0111\u00e1nh tan nh\u1eefng c\u1eb7n b\u1ea9n v\u00e0 vi khu\u1ea9n b\u00ean trong l\u1eabn ngo\u00e0i l\u1ed3ng gi\u1eb7t.&nbsp;<\/p>\n<p class=\"QN2lPu\">V\u00f2ng \u0111\u1ec7m c\u1eeda kh\u00e1ng khu\u1ea9n t\u1ed1i \u01b0u, b\u1ea3o v\u1ec7 s\u1ee9c kh\u1ecfe<\/p>\n<\/div>\n","protected":false},"excerpt":{"rendered":"<p>M\u00c1Y GI\u1eb6T C\u1eecA TR\u01af\u1edaC TOSHIBA TW-T25BU115MWV(MG) M\u00e0n h\u00ecnh m\u00e0u, c\u1ea3m \u1ee9ng hi\u1ec7n \u0111\u1ea1i, d\u1ec5 s\u1eed d\u1ee5ng \u0110\u01b0\u1ee3c trang b\u1ecb m\u00e0n h\u00ecnh m\u00e0u c\u1ea3m \u1ee9ng s\u1eafc n\u00e9t v\u1edbi h\u00ecnh \u1ea3nh minh h\u1ecda \u0111\u1eb9p v\u00e0 d\u1ec5 hi\u1ec3u, ch\u1eef v\u00e0 s\u1ed1 to r\u00f5 gi\u00fap ng\u01b0\u1eddi d\u00f9ng s\u1eed d\u1ee5ng m\u00e1y gi\u1eb7t tho\u1ea3i m\u00e1i v\u00e0 d\u1ec5 d\u00e0ng h\u01a1n bao gi\u1edd&#8230;<\/p>\n","protected":false},"featured_media":13919,"comment_status":"open","ping_status":"closed","template":"","meta":[],"product_brand":[1245],"product_cat":[1216],"product_tag":[],"class_list":{"0":"post-13762","1":"product","2":"type-product","3":"status-publish","4":"has-post-thumbnail","6":"product_brand-toshiba","7":"product_cat-may-giat-va-say","9":"first","10":"instock","11":"sale","12":"shipping-taxable","13":"purchasable","14":"product-type-simple"},"_links":{"self":[{"href":"https:\/\/web-ban-le.mbws.vn\/thiet-bi-dien-gia-dung\/wp-json\/wp\/v2\/product\/13762","targetHints":{"allow":["GET"]}}],"collection":[{"href":"https:\/\/web-ban-le.mbws.vn\/thiet-bi-dien-gia-dung\/wp-json\/wp\/v2\/product"}],"about":[{"href":"https:\/\/web-ban-le.mbws.vn\/thiet-bi-dien-gia-dung\/wp-json\/wp\/v2\/types\/product"}],"replies":[{"embeddable":true,"href":"https:\/\/web-ban-le.mbws.vn\/thiet-bi-dien-gia-dung\/wp-json\/wp\/v2\/comments?post=13762"}],"wp:featuredmedia":[{"embeddable":true,"href":"https:\/\/web-ban-le.mbws.vn\/thiet-bi-dien-gia-dung\/wp-json\/wp\/v2\/media\/13919"}],"wp:attachment":[{"href":"https:\/\/web-ban-le.mbws.vn\/thiet-bi-dien-gia-dung\/wp-json\/wp\/v2\/media?parent=13762"}],"wp:term":[{"taxonomy":"product_brand","embeddable":true,"href":"https:\/\/web-ban-le.mbws.vn\/thiet-bi-dien-gia-dung\/wp-json\/wp\/v2\/product_brand?post=13762"},{"taxonomy":"product_cat","embeddable":true,"href":"https:\/\/web-ban-le.mbws.vn\/thiet-bi-dien-gia-dung\/wp-json\/wp\/v2\/product_cat?post=13762"},{"taxonomy":"product_tag","embeddable":true,"href":"https:\/\/web-ban-le.mbws.vn\/thiet-bi-dien-gia-dung\/wp-json\/wp\/v2\/product_tag?post=13762"}],"curies":[{"name":"wp","href":"https:\/\/api.w.org\/{rel}","templated":true}]}}