{"id":13763,"date":"2025-10-23T15:53:11","date_gmt":"2025-10-23T08:53:11","guid":{"rendered":"https:\/\/web-ban-le.mbws.vn\/thiet-bi-dien-gia-dung\/?post_type=product&#038;p=13763"},"modified":"2025-10-31T08:49:46","modified_gmt":"2025-10-31T01:49:46","slug":"binh-dun-sieu-toc-chong-tran-toshiba-1-5-lit-kt-15drtvnh-co-dem-khu-mui","status":"publish","type":"product","link":"https:\/\/web-ban-le.mbws.vn\/thiet-bi-dien-gia-dung\/san-pham\/binh-dun-sieu-toc-chong-tran-toshiba-1-5-lit-kt-15drtvnh-co-dem-khu-mui\/","title":{"rendered":"B\u00ecnh \u0110un Si\u00eau T\u1ed1c Ch\u1ed1ng Tr\u00e0n Toshiba 1.5 L\u00edt KT-15DRTVN(H) &#8211; C\u00f3 \u0110\u1ec7m Kh\u1eed M\u00f9i"},"content":{"rendered":"<div class=\"e8lZp3\">\n<div class=\"QN2lPu\">\n<div style=\"position: relative; width: 100%; padding-bottom: 75.0188%;\"><picture class=\"UkIsx8\"><source srcset=\"https:\/\/down-vn.img.susercontent.com\/file\/vn-11134208-7ras8-m15eof5lj6uz71@resize_w875_nl.webp 1x, https:\/\/down-vn.img.susercontent.com\/file\/vn-11134208-7ras8-m15eof5lj6uz71@resize_w1750_nl.webp 2x\" type=\"image\/webp\" class=\"UkIsx8\"><img decoding=\"async\" width=\"875\" loading=\"lazy\" class=\"uXN1L5 lazyload GqYslU\" srcset=\"https:\/\/down-vn.img.susercontent.com\/file\/vn-11134208-7ras8-m15eof5lj6uz71@resize_w875_nl 1x, https:\/\/down-vn.img.susercontent.com\/file\/vn-11134208-7ras8-m15eof5lj6uz71@resize_w1750_nl 2x\" src=\"https:\/\/down-vn.img.susercontent.com\/file\/vn-11134208-7ras8-m15eof5lj6uz71\" height=\"656\"><\/picture><\/div>\n<\/div>\n<p class=\"QN2lPu\">B\u00ecnh \u0110un Si\u00eau T\u1ed1c Toshiba 1.5 L\u00edt KT-15DRTVN(H)<\/p>\n<p class=\"QN2lPu\">\n<p class=\"QN2lPu\">1. \u0110\u1eb6C \u0110I\u1ec2M N\u1ed4I B\u1eacT<\/p>\n<p class=\"QN2lPu\">&#8211; Dung t\u00edch 1.5 l\u00edt, c\u00f4ng su\u1ea5t l\u1edbn 1500W&nbsp;\u0111un s\u00f4i n\u01b0\u1edbc nhanh, ti\u1ebft ki\u1ec7m th\u1eddi gian.<\/p>\n<p class=\"QN2lPu\">&#8211; Ru\u1ed9t b\u00ecnh b\u1eb1ng inox 316 cao c\u1ea5p, v\u1ecf b\u1eb1ng nh\u1ef1a 5VA ch\u1ed1ng ch\u00e1y&nbsp;an to\u00e0n s\u1eed d\u1ee5ng.<\/p>\n<p class=\"QN2lPu\">&#8211; Thao t\u00e1c b\u1eadt\/t\u1eaft d\u1ec5 d\u00e0ng&nbsp;v\u1edbi n\u00fat c\u00f4ng t\u1eafc tr\u00ean th\u00e2n b\u00ecnh, c\u00f3 \u0111\u00e8n b\u00e1o tr\u1ea1ng th\u00e1i ho\u1ea1t \u0111\u1ed9ng ti\u1ec7n l\u1ee3i.<\/p>\n<p class=\"QN2lPu\">&#8211; Trang b\u1ecb&nbsp;n\u00fat nh\u1ea5n kh\u00f3a n\u01b0\u1edbc n\u00f3ng&nbsp;tr\u00ean n\u1eafp b\u00ecnh gi\u00fap ch\u1ed1ng tr\u00e0n hi\u1ec7u qu\u1ea3 ngay c\u1ea3 khi b\u00ecnh \u0111un b\u1ecb \u0111\u1ed5.<\/p>\n<p class=\"QN2lPu\">&#8211; \u0110\u1ea3m b\u1ea3o an to\u00e0n v\u1edbi t\u00ednh n\u0103ng&nbsp;t\u1ef1 ng\u1eaft khi n\u01b0\u1edbc s\u00f4i v\u00e0 khi c\u1ea1n n\u01b0\u1edbc.<\/p>\n<p class=\"QN2lPu\">\n<p class=\"QN2lPu\">2. TH\u00d4NG S\u1ed0 K\u1ef8 THU\u1eacT<\/p>\n<p class=\"QN2lPu\">&#8211; C\u00f4ng su\u1ea5t: 1500W<\/p>\n<p class=\"QN2lPu\">&#8211; Dung t\u00edch: 1.5 l\u00edt<\/p>\n<p class=\"QN2lPu\">&#8211; Ch\u1ea5t li\u1ec7u ru\u1ed9t b\u00ecnh: Inox 316<\/p>\n<p class=\"QN2lPu\">&#8211; Ch\u1ea5t li\u1ec7u v\u1ecf b\u00ecnh: Nh\u1ef1a 5VA<\/p>\n<p class=\"QN2lPu\">&#8211; \u0110\u1ebf ti\u1ebfp \u0111i\u1ec7n: Strix<\/p>\n<p class=\"QN2lPu\">&#8211; Chi\u1ec1u d\u00e0i d\u00e2y \u0111i\u1ec7n: 75 cm<\/p>\n<p class=\"QN2lPu\">&#8211; K\u00edch th\u01b0\u1edbc &#8211; Kh\u1ed1i l\u01b0\u1ee3ng: 237x160x266 mm &#8211; 1.35 kg<\/p>\n<p class=\"QN2lPu\">&#8211; Th\u01b0\u01a1ng hi\u1ec7u c\u1ee7a: Nh\u1eadt B\u1ea3n<\/p>\n<p class=\"QN2lPu\">&#8211; S\u1ea3n xu\u1ea5t t\u1ea1i: Trung Qu\u1ed1c<\/p>\n<p class=\"QN2lPu\">&#8211; N\u0103m ra m\u1eaft: 2024<\/p>\n<p class=\"QN2lPu\">&#8211; H\u00e3ng: Toshiba.&nbsp;<\/p>\n<div class=\"QN2lPu\">\n<div style=\"position: relative; width: 100%; padding-bottom: 66.7111%;\"><picture class=\"UkIsx8\"><source srcset=\"https:\/\/down-vn.img.susercontent.com\/file\/vn-11134208-7ras8-m0zk09bccftn53@resize_w875_nl.webp 1x, https:\/\/down-vn.img.susercontent.com\/file\/vn-11134208-7ras8-m0zk09bccftn53@resize_w1750_nl.webp 2x\" type=\"image\/webp\" class=\"UkIsx8\"><img decoding=\"async\" width=\"875\" loading=\"lazy\" class=\"uXN1L5 lazyload GqYslU\" srcset=\"https:\/\/down-vn.img.susercontent.com\/file\/vn-11134208-7ras8-m0zk09bccftn53@resize_w875_nl 1x, https:\/\/down-vn.img.susercontent.com\/file\/vn-11134208-7ras8-m0zk09bccftn53@resize_w1750_nl 2x\" src=\"https:\/\/down-vn.img.susercontent.com\/file\/vn-11134208-7ras8-m0zk09bccftn53\" height=\"584\"><\/picture><\/div>\n<\/div>\n<\/div>\n","protected":false},"excerpt":{"rendered":"<p>B\u00ecnh \u0110un Si\u00eau T\u1ed1c Toshiba 1.5 L\u00edt KT-15DRTVN(H) 1. \u0110\u1eb6C \u0110I\u1ec2M N\u1ed4I B\u1eacT &#8211; Dung t\u00edch 1.5 l\u00edt, c\u00f4ng su\u1ea5t l\u1edbn 1500W&nbsp;\u0111un s\u00f4i n\u01b0\u1edbc nhanh, ti\u1ebft ki\u1ec7m th\u1eddi gian. &#8211; Ru\u1ed9t b\u00ecnh b\u1eb1ng inox 316 cao c\u1ea5p, v\u1ecf b\u1eb1ng nh\u1ef1a 5VA ch\u1ed1ng ch\u00e1y&nbsp;an to\u00e0n s\u1eed d\u1ee5ng. &#8211; Thao t\u00e1c b\u1eadt\/t\u1eaft d\u1ec5 d\u00e0ng&nbsp;v\u1edbi n\u00fat c\u00f4ng t\u1eafc&#8230;<\/p>\n","protected":false},"featured_media":13910,"comment_status":"open","ping_status":"closed","template":"","meta":[],"product_brand":[1244],"product_cat":[1230],"product_tag":[],"class_list":{"0":"post-13763","1":"product","2":"type-product","3":"status-publish","4":"has-post-thumbnail","6":"product_brand-suddath","7":"product_cat-am-sieu-toc-binh-thuy","9":"first","10":"instock","11":"shipping-taxable","12":"purchasable","13":"product-type-simple"},"_links":{"self":[{"href":"https:\/\/web-ban-le.mbws.vn\/thiet-bi-dien-gia-dung\/wp-json\/wp\/v2\/product\/13763","targetHints":{"allow":["GET"]}}],"collection":[{"href":"https:\/\/web-ban-le.mbws.vn\/thiet-bi-dien-gia-dung\/wp-json\/wp\/v2\/product"}],"about":[{"href":"https:\/\/web-ban-le.mbws.vn\/thiet-bi-dien-gia-dung\/wp-json\/wp\/v2\/types\/product"}],"replies":[{"embeddable":true,"href":"https:\/\/web-ban-le.mbws.vn\/thiet-bi-dien-gia-dung\/wp-json\/wp\/v2\/comments?post=13763"}],"wp:featuredmedia":[{"embeddable":true,"href":"https:\/\/web-ban-le.mbws.vn\/thiet-bi-dien-gia-dung\/wp-json\/wp\/v2\/media\/13910"}],"wp:attachment":[{"href":"https:\/\/web-ban-le.mbws.vn\/thiet-bi-dien-gia-dung\/wp-json\/wp\/v2\/media?parent=13763"}],"wp:term":[{"taxonomy":"product_brand","embeddable":true,"href":"https:\/\/web-ban-le.mbws.vn\/thiet-bi-dien-gia-dung\/wp-json\/wp\/v2\/product_brand?post=13763"},{"taxonomy":"product_cat","embeddable":true,"href":"https:\/\/web-ban-le.mbws.vn\/thiet-bi-dien-gia-dung\/wp-json\/wp\/v2\/product_cat?post=13763"},{"taxonomy":"product_tag","embeddable":true,"href":"https:\/\/web-ban-le.mbws.vn\/thiet-bi-dien-gia-dung\/wp-json\/wp\/v2\/product_tag?post=13763"}],"curies":[{"name":"wp","href":"https:\/\/api.w.org\/{rel}","templated":true}]}}