{"id":13795,"date":"2025-10-23T15:53:33","date_gmt":"2025-10-23T08:53:33","guid":{"rendered":"https:\/\/web-ban-le.mbws.vn\/thiet-bi-dien-gia-dung\/?post_type=product&#038;p=13795"},"modified":"2025-10-30T18:26:06","modified_gmt":"2025-10-30T11:26:06","slug":"noi-com-dien-cao-tan-toshiba-rc-10ip1pv-1-lit-rc-18ip1pv-1-8-lit-hat-com-chin-deu-lam-duoc-com-chay-chinh-hang","status":"publish","type":"product","link":"https:\/\/web-ban-le.mbws.vn\/thiet-bi-dien-gia-dung\/san-pham\/noi-com-dien-cao-tan-toshiba-rc-10ip1pv-1-lit-rc-18ip1pv-1-8-lit-hat-com-chin-deu-lam-duoc-com-chay-chinh-hang\/","title":{"rendered":"N\u1ed3i C\u01a1m \u0110i\u1ec7n Cao T\u1ea7n Toshiba &#8211; RC-10IP1PV 1 L\u00edt \/ RC-18IP1PV 1.8 L\u00edt &#8211; H\u1ea1t C\u01a1m Ch\u00edn \u0110\u1ec1u &#8211; L\u00e0m \u0110\u01b0\u1ee3c C\u01a1m Ch\u00e1y &#8211; Ch\u00ednh H\u00e3ng"},"content":{"rendered":"<div class=\"e8lZp3\">\n<div class=\"QN2lPu\">\n<div style=\"position: relative; width: 100%; padding-bottom: 147.059%;\"><picture class=\"UkIsx8\"><source srcset=\"https:\/\/down-vn.img.susercontent.com\/file\/vn-11134208-7ra0g-m6ylby5uz7088d@resize_w875_nl.webp 1x, https:\/\/down-vn.img.susercontent.com\/file\/vn-11134208-7ra0g-m6ylby5uz7088d@resize_w1750_nl.webp 2x\" type=\"image\/webp\" class=\"UkIsx8\"><img decoding=\"async\" width=\"875\" loading=\"lazy\" class=\"uXN1L5 lazyload GqYslU\" srcset=\"https:\/\/down-vn.img.susercontent.com\/file\/vn-11134208-7ra0g-m6ylby5uz7088d@resize_w875_nl 1x, https:\/\/down-vn.img.susercontent.com\/file\/vn-11134208-7ra0g-m6ylby5uz7088d@resize_w1750_nl 2x\" src=\"https:\/\/down-vn.img.susercontent.com\/file\/vn-11134208-7ra0g-m6ylby5uz7088d\" height=\"1287\"><\/picture><\/div>\n<\/div>\n<div class=\"QN2lPu\">\n<div style=\"position: relative; width: 100%; padding-bottom: 147.059%;\"><picture class=\"UkIsx8\"><source srcset=\"https:\/\/down-vn.img.susercontent.com\/file\/vn-11134208-7ras8-m5sd0l7usl0701@resize_w875_nl.webp 1x, https:\/\/down-vn.img.susercontent.com\/file\/vn-11134208-7ras8-m5sd0l7usl0701@resize_w1750_nl.webp 2x\" type=\"image\/webp\" class=\"UkIsx8\"><img decoding=\"async\" width=\"875\" loading=\"lazy\" class=\"uXN1L5 lazyload GqYslU\" srcset=\"https:\/\/down-vn.img.susercontent.com\/file\/vn-11134208-7ras8-m5sd0l7usl0701@resize_w875_nl 1x, https:\/\/down-vn.img.susercontent.com\/file\/vn-11134208-7ras8-m5sd0l7usl0701@resize_w1750_nl 2x\" src=\"https:\/\/down-vn.img.susercontent.com\/file\/vn-11134208-7ras8-m5sd0l7usl0701\" height=\"1287\"><\/picture><\/div>\n<\/div>\n<div class=\"QN2lPu\">\n<div style=\"position: relative; width: 100%; padding-bottom: 138.696%;\"><picture class=\"UkIsx8\"><source srcset=\"https:\/\/down-vn.img.susercontent.com\/file\/vn-11134208-7ras8-m5sd0l7utzknce@resize_w875_nl.webp 1x, https:\/\/down-vn.img.susercontent.com\/file\/vn-11134208-7ras8-m5sd0l7utzknce@resize_w1750_nl.webp 2x\" type=\"image\/webp\" class=\"UkIsx8\"><img decoding=\"async\" width=\"875\" loading=\"lazy\" class=\"uXN1L5 lazyload GqYslU\" srcset=\"https:\/\/down-vn.img.susercontent.com\/file\/vn-11134208-7ras8-m5sd0l7utzknce@resize_w875_nl 1x, https:\/\/down-vn.img.susercontent.com\/file\/vn-11134208-7ras8-m5sd0l7utzknce@resize_w1750_nl 2x\" src=\"https:\/\/down-vn.img.susercontent.com\/file\/vn-11134208-7ras8-m5sd0l7utzknce\" height=\"1214\"><\/picture><\/div>\n<\/div>\n<div class=\"QN2lPu\">\n<div style=\"position: relative; width: 100%; padding-bottom: 121.655%;\"><picture class=\"UkIsx8\"><source srcset=\"https:\/\/down-vn.img.susercontent.com\/file\/vn-11134208-7ras8-m5sd4qdw6xjrb1@resize_w875_nl.webp 1x, https:\/\/down-vn.img.susercontent.com\/file\/vn-11134208-7ras8-m5sd4qdw6xjrb1@resize_w1750_nl.webp 2x\" type=\"image\/webp\" class=\"UkIsx8\"><img decoding=\"async\" width=\"875\" loading=\"lazy\" class=\"uXN1L5 lazyload GqYslU\" srcset=\"https:\/\/down-vn.img.susercontent.com\/file\/vn-11134208-7ras8-m5sd4qdw6xjrb1@resize_w875_nl 1x, https:\/\/down-vn.img.susercontent.com\/file\/vn-11134208-7ras8-m5sd4qdw6xjrb1@resize_w1750_nl 2x\" src=\"https:\/\/down-vn.img.susercontent.com\/file\/vn-11134208-7ras8-m5sd4qdw6xjrb1\" height=\"1064\"><\/picture><\/div>\n<\/div>\n<div class=\"QN2lPu\">\n<div style=\"position: relative; width: 100%; padding-bottom: 121.655%;\"><picture class=\"UkIsx8\"><source srcset=\"https:\/\/down-vn.img.susercontent.com\/file\/vn-11134208-7ras8-m5sd4qdw8c47d9@resize_w875_nl.webp 1x, https:\/\/down-vn.img.susercontent.com\/file\/vn-11134208-7ras8-m5sd4qdw8c47d9@resize_w1750_nl.webp 2x\" type=\"image\/webp\" class=\"UkIsx8\"><img decoding=\"async\" width=\"875\" loading=\"lazy\" class=\"uXN1L5 lazyload QSLoEa GqYslU\" srcset=\"https:\/\/down-vn.img.susercontent.com\/file\/vn-11134208-7ras8-m5sd4qdw8c47d9@resize_w875_nl 1x, https:\/\/down-vn.img.susercontent.com\/file\/vn-11134208-7ras8-m5sd4qdw8c47d9@resize_w1750_nl 2x\" src=\"https:\/\/down-vn.img.susercontent.com\/file\/vn-11134208-7ras8-m5sd4qdw8c47d9\" height=\"1064\"><\/picture><\/div>\n<\/div>\n<div class=\"QN2lPu\">\n<div style=\"position: relative; width: 100%; padding-bottom: 108.696%;\"><picture class=\"UkIsx8\"><source srcset=\"https:\/\/down-vn.img.susercontent.com\/file\/vn-11134208-7ras8-m5sd4qdw9qonfe@resize_w875_nl.webp 1x, https:\/\/down-vn.img.susercontent.com\/file\/vn-11134208-7ras8-m5sd4qdw9qonfe@resize_w1750_nl.webp 2x\" type=\"image\/webp\" class=\"UkIsx8\"><img decoding=\"async\" width=\"875\" loading=\"lazy\" class=\"uXN1L5 lazyload QSLoEa GqYslU\" srcset=\"https:\/\/down-vn.img.susercontent.com\/file\/vn-11134208-7ras8-m5sd4qdw9qonfe@resize_w875_nl 1x, https:\/\/down-vn.img.susercontent.com\/file\/vn-11134208-7ras8-m5sd4qdw9qonfe@resize_w1750_nl 2x\" src=\"https:\/\/down-vn.img.susercontent.com\/file\/vn-11134208-7ras8-m5sd4qdw9qonfe\" height=\"951\"><\/picture><\/div>\n<\/div>\n<p class=\"QN2lPu\">\n<p class=\"QN2lPu\">N\u1ed2I C\u01a0M \u0110I\u1ec6N TOSHIBA RC-10IP1PV<\/p>\n<p class=\"QN2lPu\">S\u1ea3n xu\u1ea5t v\u1edbi c\u00f4ng ngh\u1ec7 hi\u1ec7n \u0111\u1ea1i, ch\u1ea5t l\u01b0\u1ee3ng v\u01b0\u1ee3t tr\u1ed9i, b\u1ec1n b\u1ec9 mang l\u1ea1i nhi\u1ec1u ti\u1ec7n \u00edch cho gia \u0111\u00ecnh h\u01a1n so v\u1edbi n\u1ed3i c\u01a1m th\u00f4ng th\u01b0\u1eddng.<\/p>\n<p class=\"QN2lPu\">C\u00f4ng ngh\u1ec7 cao t\u1ea7n IH 1000W<\/p>\n<p class=\"QN2lPu\">C\u00f4ng ngh\u1ec7 nhi\u1ec7t 3D \u0111\u1ed3ng \u0111\u1ec1u<\/p>\n<p class=\"QN2lPu\">L\u1edbp ph\u1ee7 carbon Binchotan cao c\u1ea5p<\/p>\n<p class=\"QN2lPu\">L\u00f2ng n\u1ed3i ch\u1ed1ng d\u00ednh tuy\u1ec7t \u0111\u1ed1i<\/p>\n<p class=\"QN2lPu\">H\u1eb9n gi\u1edd n\u1ea5u trong 24 gi\u1edd<\/p>\n<p class=\"QN2lPu\">\n<p class=\"QN2lPu\">C\u00d4NG NGH\u1ec6<\/p>\n<p class=\"QN2lPu\">C\u00f4ng ngh\u1ec7 cao t\u1ea7n IH<\/p>\n<p class=\"QN2lPu\">N\u1ed3i c\u01a1m \u0111i\u1ec7n Toshiba RC-10IP1PV s\u1eed d\u1ee5ng c\u00f4ng ngh\u1ec7 cao t\u1ea7n IH v\u1edbi c\u00f4ng su\u1ea5t 1000W. V\u1edbi c\u00f4ng su\u1ea5t cao, nhi\u1ec7t l\u01b0\u1ee3ng c\u1ee7a n\u1ed3i \u0111\u01b0\u1ee3c truy\u1ec1n t\u1ea1i t\u1ea5t c\u1ea3 c\u00e1c \u0111i\u1ec3m c\u1ee7a n\u1ed3i. \u0110\u1ed3ng th\u1eddi, nhi\u1ec7t l\u01b0\u1ee3ng c\u0169ng \u0111\u01b0\u1ee3c \u0111i\u1ec1u ch\u1ec9nh ch\u00ednh x\u00e1c gi\u00fap cho h\u1ea1t c\u01a1m \u0111\u01b0\u1ee3c ch\u00edn \u0111\u1ec1u.<\/p>\n<p class=\"QN2lPu\">C\u00f4ng ngh\u1ec7 nhi\u1ec7t 3D<\/p>\n<p class=\"QN2lPu\">B\u00ean c\u1ea1nh \u0111\u00f3, s\u1ea3n ph\u1ea9m n\u00e0y c\u0169ng s\u1eed d\u1ee5ng c\u00f4ng ngh\u1ec7 nhi\u1ec7t 3D t\u0103ng kh\u1ea3 n\u0103ng \u0111\u1ed1i l\u01b0u \u0111\u1ed1i l\u01b0u b\u00ean trong n\u1ed3i. T\u1eeb \u0111\u00f3 c\u01a1m n\u1ea5u ra s\u1ebd ngon h\u01a1n v\u00e0 gi\u1eef \u1ea5m \u0111\u01b0\u1ee3c l\u00e2u h\u01a1n.<\/p>\n<p class=\"QN2lPu\">\n<p class=\"QN2lPu\">THI\u1ebeT K\u1ebe<\/p>\n<p class=\"QN2lPu\">L\u00f2ng n\u1ed3i d\u00e0y v\u1edbi thi\u1ebft k\u1ebf 7 l\u1edbp cao c\u1ea5p<\/p>\n<p class=\"QN2lPu\">N\u1ed3i c\u01a1m \u0111i\u1ec7n Toshiba RC-10IP1PV c\u00f3 thi\u1ebft k\u1ebf n\u1ed3i 7 l\u1edbp. L\u1edbp \u0111\u1ea7u ti\u00ean l\u00e0 l\u1edbp ph\u1ee7 g\u1ed1m Ceramic ch\u1ecbu nhi\u1ec7t, l\u1edbp th\u1ee9 hai l\u00e0 th\u00e9p kh\u00f4ng g\u1ec9 gi\u00fap nhi\u1ec7t sinh nhanh v\u00e0 cao\u2026 Nh\u1eefng l\u1edbp ti\u1ebfp theo \u0111\u1ec1u \u0111\u01b0\u1ee3c thi\u1ebft k\u1ebf v\u1edbi ch\u1ea5t li\u1ec7u l\u00e0 kim lo\u1ea1i v\u00e0 h\u1ee3p kim t\u1ed1t. Nh\u1edd v\u1eady m\u00e0 n\u1ed3i n\u00f3ng nhanh v\u00e0 c\u00f3 \u0111\u1ed9 b\u1ec1n cao.<\/p>\n<p class=\"QN2lPu\">\n<p class=\"QN2lPu\">D\u1ec5 d\u00e0ng v\u1ec7 sinh v\u00e0 b\u1ec1n b\u1ec9<\/p>\n<p class=\"QN2lPu\">Ph\u00eda l\u00f2ng n\u1ed3i \u0111\u01b0\u1ee3c ph\u1ee7 m\u1ed9t l\u1edbp Carbon Binchotan \u0111\u01b0\u1ee3c xu\u1ea5t x\u1ee9 t\u1eeb Wakayamam c\u1ee7a Nh\u1eadt B\u1ea3n. L\u1edbp ph\u1ee7 n\u00e0y \u0111\u01b0\u1ee3c tinh ch\u1ebf \u1edf nhi\u1ec7t \u0111\u1ed9 1200\u00b0C v\u00e0 tr\u1ea3i qua nhi\u1ec1u c\u00f4ng \u0111o\u1ea1n gia c\u00f4ng c\u1ea7u k\u1ef3. Nh\u1edd l\u1edbp ph\u1ee7 n\u00e0y m\u00e0 n\u1ed3i c\u00f3 kh\u1ea3 n\u0103ng ch\u1ed1ng d\u00ednh t\u1ed1t v\u00e0 d\u1ec5 d\u00e0ng v\u1ec7 sinh. B\u00ean c\u1ea1nh \u0111\u00f3, v\u00ec \u0111\u01b0\u1ee3c gia c\u00f4ng c\u1ea9n th\u1eadn m\u00e0 n\u1ed3i c\u00f3 th\u1ec3 gi\u1eef \u0111\u01b0\u1ee3c l\u1edbp ph\u1ee7 c\u00f3 tu\u1ed5i th\u1ecd cao.<\/p>\n<\/div>\n","protected":false},"excerpt":{"rendered":"<p>N\u1ed2I C\u01a0M \u0110I\u1ec6N TOSHIBA RC-10IP1PV S\u1ea3n xu\u1ea5t v\u1edbi c\u00f4ng ngh\u1ec7 hi\u1ec7n \u0111\u1ea1i, ch\u1ea5t l\u01b0\u1ee3ng v\u01b0\u1ee3t tr\u1ed9i, b\u1ec1n b\u1ec9 mang l\u1ea1i nhi\u1ec1u ti\u1ec7n \u00edch cho gia \u0111\u00ecnh h\u01a1n so v\u1edbi n\u1ed3i c\u01a1m th\u00f4ng th\u01b0\u1eddng. C\u00f4ng ngh\u1ec7 cao t\u1ea7n IH 1000W C\u00f4ng ngh\u1ec7 nhi\u1ec7t 3D \u0111\u1ed3ng \u0111\u1ec1u L\u1edbp ph\u1ee7 carbon Binchotan cao c\u1ea5p L\u00f2ng n\u1ed3i ch\u1ed1ng d\u00ednh&#8230;<\/p>\n","protected":false},"featured_media":13947,"comment_status":"open","ping_status":"closed","template":"","meta":[],"product_brand":[1244],"product_cat":[1219],"product_tag":[],"class_list":{"0":"post-13795","1":"product","2":"type-product","3":"status-publish","4":"has-post-thumbnail","6":"product_brand-suddath","7":"product_cat-noi-com-dien-noi-hap","9":"first","10":"instock","11":"sale","12":"shipping-taxable","13":"purchasable","14":"product-type-variable"},"_links":{"self":[{"href":"https:\/\/web-ban-le.mbws.vn\/thiet-bi-dien-gia-dung\/wp-json\/wp\/v2\/product\/13795","targetHints":{"allow":["GET"]}}],"collection":[{"href":"https:\/\/web-ban-le.mbws.vn\/thiet-bi-dien-gia-dung\/wp-json\/wp\/v2\/product"}],"about":[{"href":"https:\/\/web-ban-le.mbws.vn\/thiet-bi-dien-gia-dung\/wp-json\/wp\/v2\/types\/product"}],"replies":[{"embeddable":true,"href":"https:\/\/web-ban-le.mbws.vn\/thiet-bi-dien-gia-dung\/wp-json\/wp\/v2\/comments?post=13795"}],"wp:featuredmedia":[{"embeddable":true,"href":"https:\/\/web-ban-le.mbws.vn\/thiet-bi-dien-gia-dung\/wp-json\/wp\/v2\/media\/13947"}],"wp:attachment":[{"href":"https:\/\/web-ban-le.mbws.vn\/thiet-bi-dien-gia-dung\/wp-json\/wp\/v2\/media?parent=13795"}],"wp:term":[{"taxonomy":"product_brand","embeddable":true,"href":"https:\/\/web-ban-le.mbws.vn\/thiet-bi-dien-gia-dung\/wp-json\/wp\/v2\/product_brand?post=13795"},{"taxonomy":"product_cat","embeddable":true,"href":"https:\/\/web-ban-le.mbws.vn\/thiet-bi-dien-gia-dung\/wp-json\/wp\/v2\/product_cat?post=13795"},{"taxonomy":"product_tag","embeddable":true,"href":"https:\/\/web-ban-le.mbws.vn\/thiet-bi-dien-gia-dung\/wp-json\/wp\/v2\/product_tag?post=13795"}],"curies":[{"name":"wp","href":"https:\/\/api.w.org\/{rel}","templated":true}]}}