{"id":87,"date":"2025-06-20T09:04:57","date_gmt":"2025-06-20T02:04:57","guid":{"rendered":"https:\/\/core.mbws.vn\/?page_id=87"},"modified":"2025-11-04T13:39:04","modified_gmt":"2025-11-04T06:39:04","slug":"gioi-thieu","status":"publish","type":"page","link":"https:\/\/web-ban-le.mbws.vn\/thiet-bi-dien-tu\/gioi-thieu\/","title":{"rendered":"Gi\u1edbi thi\u1ec7u"},"content":{"rendered":"\n\t<section class=\"section\" id=\"section_1204848977\">\n\t\t<div class=\"section-bg fill\" >\n\t\t\t\t\t\t\t\t\t\n\t\t\t\n\n\t\t<\/div>\n\n\t\t\n\n\t\t<div class=\"section-content relative\">\n\t\t\t\n<div class=\"row align-middle\"  id=\"row-800016805\">\n\n\t<div id=\"col-1485441197\" class=\"col medium-5 small-12 large-5\"  >\n\t\t\t\t<div class=\"col-inner\"  >\n\t\t\t\n\t\t\t\n\n  <div class=\"banner has-hover\" id=\"banner-692891540\">\n          <div class=\"banner-inner fill\">\n        <div class=\"banner-bg fill\" >\n            <img loading=\"lazy\" decoding=\"async\" width=\"755\" height=\"755\" src=\"https:\/\/web-ban-le.mbws.vn\/wp-content\/uploads\/sites\/27\/2025\/10\/b23c397aa3b0c3c72395e09b0688e6a4.webp\" class=\"bg attachment-large size-large\" alt=\"\" \/>                                    \n                    <\/div>\n\t\t\n        <div class=\"banner-layers container\">\n            <div class=\"fill banner-link\"><\/div>            \n   <div id=\"text-box-2084949219\" class=\"text-box banner-layer x50 md-x50 lg-x50 y50 md-y50 lg-y50 res-text\">\n                                <div class=\"text-box-content text dark\">\n              \n              <div class=\"text-inner text-center\">\n                  \n              <\/div>\n           <\/div>\n                            \n<style>\n#text-box-2084949219 {\n  width: 60%;\n}\n#text-box-2084949219 .text-box-content {\n  font-size: 100%;\n}\n@media (min-width:550px) {\n  #text-box-2084949219 {\n    width: 60%;\n  }\n}\n<\/style>\n    <\/div>\n \n        <\/div>\n      <\/div>\n\n            \n<style>\n#banner-692891540 {\n  padding-top: 400px;\n  background-color: rgb(255, 255, 255);\n}\n#banner-692891540 .banner-bg img {\n  object-position: 50% 0%;\n}\n@media (min-width:550px) {\n  #banner-692891540 {\n    padding-top: 600px;\n  }\n}\n<\/style>\n  <\/div>\n\n\n\t\t<\/div>\n\t\t\t\t\t<\/div>\n\n\t\n\n\t<div id=\"col-1578408913\" class=\"col medium-7 small-12 large-7\"  >\n\t\t\t\t<div class=\"col-inner\"  >\n\t\t\t\n\t\t\t\n<div class=\"container section-title-container\" ><h1 class=\"section-title section-title-normal\"><b><\/b><span class=\"section-title-main\" >Gi\u1edbi thi\u1ec7u<\/span><b><\/b><\/h1><\/div>\n<p><b>Thi\u1ebft B\u1ecb \u0110i\u1ec7n T\u1eed<\/b> t\u1ef1 h\u00e0o l\u00e0 \u0111\u1ecba ch\u1ec9 mua s\u1eafm \u0111\u00e1ng tin c\u1eady, mang \u0111\u1ebfn cho kh\u00e1ch h\u00e0ng nh\u1eefng s\u1ea3n ph\u1ea9m c\u00f4ng ngh\u1ec7 ch\u1ea5t l\u01b0\u1ee3ng cao, ch\u00ednh h\u00e3ng 100%, \u0111\u1ebfn t\u1eeb c\u00e1c th\u01b0\u01a1ng hi\u1ec7u uy t\u00edn h\u00e0ng \u0111\u1ea7u. Ch\u00fang t\u00f4i cam k\u1ebft mang l\u1ea1i tr\u1ea3i nghi\u1ec7m mua s\u1eafm ti\u1ec7n l\u1ee3i, gi\u00e1 c\u1ea3 c\u1ea1nh tranh c\u00f9ng nhi\u1ec1u ch\u01b0\u01a1ng tr\u00ecnh \u01b0u \u0111\u00e3i h\u1ea5p d\u1eabn quanh n\u0103m.<\/p>\n<p data-start=\"621\" data-end=\"959\">Danh m\u1ee5c s\u1ea3n ph\u1ea9m t\u1ea1i <b>Thi\u1ebft B\u1ecb \u0110i\u1ec7n T\u1eed<\/b>\u00a0\u0111\u01b0\u1ee3c c\u1eadp nh\u1eadt th\u01b0\u1eddng xuy\u00ean, \u0111\u00e1p \u1ee9ng \u0111a d\u1ea1ng nhu c\u1ea7u c\u1ee7a kh\u00e1ch h\u00e0ng \u2013 t\u1eeb <strong data-start=\"736\" data-end=\"758\">tai nghe Bluetooth<\/strong>, <strong data-start=\"760\" data-end=\"777\">loa kh\u00f4ng d\u00e2y<\/strong>, <strong data-start=\"779\" data-end=\"790\">d\u00e2y s\u1ea1c<\/strong>, <strong data-start=\"792\" data-end=\"808\">c\u1ee7 s\u1ea1c nhanh<\/strong>, \u0111\u1ebfn <strong data-start=\"814\" data-end=\"837\">ph\u1ee5 ki\u1ec7n \u0111i\u1ec7n tho\u1ea1i<\/strong> v\u00e0 <strong data-start=\"841\" data-end=\"864\">thi\u1ebft b\u1ecb th\u00f4ng minh<\/strong>. M\u1ed7i s\u1ea3n ph\u1ea9m \u0111\u1ec1u \u0111\u01b0\u1ee3c ch\u1ecdn l\u1ecdc k\u1ef9 l\u01b0\u1ee1ng, \u0111\u1ea3m b\u1ea3o ch\u1ea5t l\u01b0\u1ee3ng, \u0111\u1ed9 b\u1ec1n v\u00e0 t\u00ednh n\u0103ng v\u01b0\u1ee3t tr\u1ed9i.<\/p>\n<p data-start=\"961\" data-end=\"1291\">V\u1edbi \u0111\u1ed9i ng\u0169 nh\u00e2n vi\u00ean t\u01b0 v\u1ea5n chuy\u00ean nghi\u1ec7p, t\u1eadn t\u00e2m v\u00e0 am hi\u1ec3u c\u00f4ng ngh\u1ec7, <b>Thi\u1ebft B\u1ecb \u0110i\u1ec7n T\u1eed<\/b>\u00a0lu\u00f4n s\u1eb5n s\u00e0ng h\u1ed7 tr\u1ee3 kh\u00e1ch h\u00e0ng trong su\u1ed1t qu\u00e1 tr\u00ecnh mua s\u1eafm v\u00e0 s\u1eed d\u1ee5ng. Ch\u00fang t\u00f4i ch\u00fa tr\u1ecdng x\u00e2y d\u1ef1ng d\u1ecbch v\u1ee5 ch\u0103m s\u00f3c kh\u00e1ch h\u00e0ng chu \u0111\u00e1o, giao h\u00e0ng nhanh ch\u00f3ng v\u00e0 b\u1ea3o h\u00e0nh minh b\u1ea1ch, gi\u00fap b\u1ea1n y\u00ean t\u00e2m tuy\u1ec7t \u0111\u1ed1i khi l\u1ef1a ch\u1ecdn s\u1ea3n ph\u1ea9m.<\/p>\n<p data-start=\"1293\" data-end=\"1453\"><b>Thi\u1ebft B\u1ecb \u0110i\u1ec7n T\u1eed<\/b> \u2013 N\u01a1i b\u1ea1n t\u00ecm th\u1ea5y m\u1ecdi thi\u1ebft b\u1ecb c\u00f4ng ngh\u1ec7 hi\u1ec7n \u0111\u1ea1i, ti\u1ec7n \u00edch v\u00e0 \u0111\u00e1ng tin c\u1eady, gi\u00fap n\u00e2ng t\u1ea7m tr\u1ea3i nghi\u1ec7m trong t\u1eebng kho\u1ea3nh kh\u1eafc cu\u1ed9c s\u1ed1ng.<\/p>\n<a href=\"\/cua-hang\" class=\"button primary reveal-icon\"  style=\"border-radius:5px;\">\n\t\t<span>Mua h\u00e0ng ngay<\/span>\n\t<i class=\"icon-shopping-cart\" aria-hidden=\"true\" ><\/i><\/a>\n\n<a href=\"\/lien-he\" class=\"button secondary is-outline\"  style=\"border-radius:5px;\">\n\t\t<span>Li\u00ean h\u1ec7<\/span>\n\t<\/a>\n\n\t\t<\/div>\n\t\t\t\t\n<style>\n#col-1578408913 > .col-inner {\n  padding: 0px 1% 0px 1%;\n}\n@media (min-width:550px) {\n  #col-1578408913 > .col-inner {\n    padding: 0px 2% 0px 2%;\n  }\n}\n@media (min-width:850px) {\n  #col-1578408913 > .col-inner {\n    padding: 0px 0px 0px 5%;\n  }\n}\n<\/style>\n\t<\/div>\n\n\t\n<\/div>\n\t\t<\/div>\n\n\t\t\n<style>\n#section_1204848977 {\n  padding-top: 30px;\n  padding-bottom: 30px;\n}\n<\/style>\n\t<\/section>\n\t\n","protected":false},"excerpt":{"rendered":"","protected":false},"author":1,"featured_media":0,"parent":0,"menu_order":12,"comment_status":"closed","ping_status":"closed","template":"page-blank.php","meta":{"footnotes":""},"class_list":["post-87","page","type-page","status-publish","hentry"],"_links":{"self":[{"href":"https:\/\/web-ban-le.mbws.vn\/thiet-bi-dien-tu\/wp-json\/wp\/v2\/pages\/87","targetHints":{"allow":["GET"]}}],"collection":[{"href":"https:\/\/web-ban-le.mbws.vn\/thiet-bi-dien-tu\/wp-json\/wp\/v2\/pages"}],"about":[{"href":"https:\/\/web-ban-le.mbws.vn\/thiet-bi-dien-tu\/wp-json\/wp\/v2\/types\/page"}],"author":[{"embeddable":true,"href":"https:\/\/web-ban-le.mbws.vn\/thiet-bi-dien-tu\/wp-json\/wp\/v2\/users\/1"}],"replies":[{"embeddable":true,"href":"https:\/\/web-ban-le.mbws.vn\/thiet-bi-dien-tu\/wp-json\/wp\/v2\/comments?post=87"}],"version-history":[{"count":31,"href":"https:\/\/web-ban-le.mbws.vn\/thiet-bi-dien-tu\/wp-json\/wp\/v2\/pages\/87\/revisions"}],"predecessor-version":[{"id":15996,"href":"https:\/\/web-ban-le.mbws.vn\/thiet-bi-dien-tu\/wp-json\/wp\/v2\/pages\/87\/revisions\/15996"}],"wp:attachment":[{"href":"https:\/\/web-ban-le.mbws.vn\/thiet-bi-dien-tu\/wp-json\/wp\/v2\/media?parent=87"}],"curies":[{"name":"wp","href":"https:\/\/api.w.org\/{rel}","templated":true}]}}