{"id":15180,"date":"2025-10-28T17:01:06","date_gmt":"2025-10-28T10:01:06","guid":{"rendered":"https:\/\/web-ban-le.mbws.vn\/thiet-bi-dien-tu\/?post_type=product&#038;p=15180"},"modified":"2025-11-04T13:19:50","modified_gmt":"2025-11-04T06:19:50","slug":"tai-nghe-co-day-co-mic-hieu-ung-am-thanh-vom-6d-chinh-hang-hoco-jack-3-5mm-h17-hocomall","status":"publish","type":"product","link":"https:\/\/web-ban-le.mbws.vn\/thiet-bi-dien-tu\/san-pham\/tai-nghe-co-day-co-mic-hieu-ung-am-thanh-vom-6d-chinh-hang-hoco-jack-3-5mm-h17-hocomall\/","title":{"rendered":"Tai nghe c\u00f3 d\u00e2y c\u00f3 mic hi\u1ec7u \u1ee9ng \u00e2m thanh v\u00f2m 6d ch\u00ednh h\u00e3ng HOCO jack 3.5mm h17 hocomall"},"content":{"rendered":"<div class=\"e8lZp3\">\n<p class=\"QN2lPu\">* * * * * * * * * * * * * * * * * * * * * * * * * * * * * * * GI\u1edaI THI\u1ec6U  SHOP* * * * * * * * * * * * * * * * * * * * * * * * * * * * * * <\/p>\n<p class=\"QN2lPu\">\n<p class=\"QN2lPu\">&#8211; Th\u01b0\u01a1ng hi\u1ec7u Hoco \u0111\u00e3 ho\u1ea1t \u0111\u1ed9ng 10 n\u0103m \u0111\u00e3 kh\u1eb3ng \u0111\u1ecbnh \u0111\u01b0\u1ee3c ch\u1ea5t l\u01b0\u1ee3ng v\u00e0 vi th\u1ebf trong l\u00f2ng ng\u01b0\u1eddi ti\u00eau d\u00f9ng .<\/p>\n<p class=\"QN2lPu\">\n<p class=\"QN2lPu\">* * * * * * * * * * * * * * * * * * * * * * * * * * * * * * TH\u00d4NG TIN S\u1ea2N PH\u1ea8M* * * * * * * * * * * * * * * * * * * * * * * * * * * *<\/p>\n<p class=\"QN2lPu\">\n<p class=\"QN2lPu\">\n<p class=\"QN2lPu\">\n<p class=\"QN2lPu\">&#8211; B\u1ed9 d\u00e2y 12 mm cho \u00e2m thanh t\u1ef1 nhi\u00ean v\u1edbi nh\u1eefng s\u1eafc th\u00e1i \u0111\u1eb7c s\u1eafc<\/p>\n<p class=\"QN2lPu\">\n<p class=\"QN2lPu\">&#8211; Thi\u1ebft k\u1ebf c\u00f4ng th\u00e1i h\u1ecdc tho\u1ea3i m\u00e1i c\u1ea3i thi\u1ec7n s\u1ef1 \u1ed5n \u0111\u1ecbnh v\u00e0 tho\u1ea3i m\u00e1i, kh\u00f4ng g\u00e2y kh\u00f3 ch\u1ecbu cho tai <\/p>\n<p class=\"QN2lPu\">\n<p class=\"QN2lPu\">&#8211; Microphone HD h\u1ea1n ch\u1ebf nhi\u1ec5u, \u1ed3n cho ch\u1ea5t l\u01b0\u1ee3ng \u0111\u00e0m tho\u1ea1i t\u1ed1t nh\u1ea5t <\/p>\n<p class=\"QN2lPu\">\n<p class=\"QN2lPu\">&#8211; S\u1eed d\u1ee5ng v\u1eadt li\u1ec7u nh\u1ef1a ABS, th\u00e2n thi\u1ec7n v\u1edbi da gi\u00fap \u0111eo th\u1eddi gian d\u00e0i v\u1eabn tho\u1ea3i m\u00e1i<\/p>\n<p class=\"QN2lPu\">\n<p class=\"QN2lPu\">&#8211; D\u00e2y b\u1eb1ng nh\u1ef1a TPE, m\u1ec1m m\u1ea1i, ch\u1ed1ng r\u1ed1i, \u0111\u1ed9 co gi\u00e3n cao<\/p>\n<p class=\"QN2lPu\">\n<p class=\"QN2lPu\">\n<p class=\"QN2lPu\">B\u1ed8 S\u1ea2N PH\u1ea8M BAO G\u1ed2M<\/p>\n<p class=\"QN2lPu\">1 : TAI NGHE<\/p>\n<p class=\"QN2lPu\">\n<p class=\"QN2lPu\">* * * * * * * * * * * * * * * * * * * * * * * * * * QUY\u1ec0N L\u1ee2I C\u1ee6A KH\u00c1CH H\u00c0NG * * * * * * * * * * * * * * * * * * * * * * * * * * * <\/p>\n<p class=\"QN2lPu\">\n<p class=\"QN2lPu\">&#8211; H\u00e0ng ch\u00ednh h\u00e3ng 100%<\/p>\n<p class=\"QN2lPu\">&#8211; Lu\u00f4n lu\u00f4n s\u1eb5n h\u00e0ng , th\u1eddi gian \u0111\u00f3ng g\u00f3i nhanh tr\u00f3ng<\/p>\n<p class=\"QN2lPu\">&#8211; d\u1eef v\u1ecf h\u1ed9p \u0111\u1ec3 \u0111\u01b0\u1ee3c h\u1ed7 tr\u1ee3 khi s\u1ea3n ph\u1ea9m l\u1ed7i .<\/p>\n<\/div>\n","protected":false},"excerpt":{"rendered":"<p>* * * * * * * * * * * * * * * * * * * * * * * * * * * * * * * GI\u1edaI THI\u1ec6U SHOP* * * * * * * * * * * * * * * * * * * * * *&#8230;<\/p>\n","protected":false},"featured_media":15213,"comment_status":"open","ping_status":"closed","template":"","meta":[],"product_brand":[1881],"product_cat":[1673],"product_tag":[],"class_list":{"0":"post-15180","1":"product","2":"type-product","3":"status-publish","4":"has-post-thumbnail","6":"product_brand-hoco","7":"product_cat-headphones","9":"first","10":"instock","11":"sale","12":"shipping-taxable","13":"purchasable","14":"product-type-variable"},"_links":{"self":[{"href":"https:\/\/web-ban-le.mbws.vn\/thiet-bi-dien-tu\/wp-json\/wp\/v2\/product\/15180","targetHints":{"allow":["GET"]}}],"collection":[{"href":"https:\/\/web-ban-le.mbws.vn\/thiet-bi-dien-tu\/wp-json\/wp\/v2\/product"}],"about":[{"href":"https:\/\/web-ban-le.mbws.vn\/thiet-bi-dien-tu\/wp-json\/wp\/v2\/types\/product"}],"replies":[{"embeddable":true,"href":"https:\/\/web-ban-le.mbws.vn\/thiet-bi-dien-tu\/wp-json\/wp\/v2\/comments?post=15180"}],"wp:featuredmedia":[{"embeddable":true,"href":"https:\/\/web-ban-le.mbws.vn\/thiet-bi-dien-tu\/wp-json\/wp\/v2\/media\/15213"}],"wp:attachment":[{"href":"https:\/\/web-ban-le.mbws.vn\/thiet-bi-dien-tu\/wp-json\/wp\/v2\/media?parent=15180"}],"wp:term":[{"taxonomy":"product_brand","embeddable":true,"href":"https:\/\/web-ban-le.mbws.vn\/thiet-bi-dien-tu\/wp-json\/wp\/v2\/product_brand?post=15180"},{"taxonomy":"product_cat","embeddable":true,"href":"https:\/\/web-ban-le.mbws.vn\/thiet-bi-dien-tu\/wp-json\/wp\/v2\/product_cat?post=15180"},{"taxonomy":"product_tag","embeddable":true,"href":"https:\/\/web-ban-le.mbws.vn\/thiet-bi-dien-tu\/wp-json\/wp\/v2\/product_tag?post=15180"}],"curies":[{"name":"wp","href":"https:\/\/api.w.org\/{rel}","templated":true}]}}