{"id":15299,"date":"2025-10-28T17:01:55","date_gmt":"2025-10-28T10:01:55","guid":{"rendered":"https:\/\/web-ban-le.mbws.vn\/thiet-bi-dien-tu\/?post_type=product&#038;p=15299"},"modified":"2025-11-04T13:19:49","modified_gmt":"2025-11-04T06:19:49","slug":"dau-chuyen-doi-usb-sang-type-c-3-0-hoco-khong-dung-duoc-micro-va-tai-nghe","status":"publish","type":"product","link":"https:\/\/web-ban-le.mbws.vn\/thiet-bi-dien-tu\/san-pham\/dau-chuyen-doi-usb-sang-type-c-3-0-hoco-khong-dung-duoc-micro-va-tai-nghe\/","title":{"rendered":"\u0110\u1ea7u chuy\u1ec3n \u0111\u1ed5i usb sang type c 3.0 HOCO kh\u00f4ng d\u00f9ng \u0111\u01b0\u1ee3c micro v\u00e0 tai nghe"},"content":{"rendered":"<div class=\"e8lZp3\">\n<p class=\"QN2lPu\">* * * * * * * * * * * * * * * * * * * * * * * * * * * * * * * GI\u1edaI THI\u1ec6U  SHOP* * * * * * * * * * * * * * * * * * * * * * * * * * * * * * <\/p>\n<p class=\"QN2lPu\">\n<p class=\"QN2lPu\"> &#8211; Th\u01b0\u01a1ng hi\u1ec7u Hoco \u0111\u00e3 ho\u1ea1t \u0111\u1ed9ng 10 n\u0103m \u0111\u00e3 kh\u1eb3ng \u0111\u1ecbnh \u0111\u01b0\u1ee3c ch\u1ea5t l\u01b0\u1ee3ng v\u00e0 vi th\u1ebf trong l\u00f2ng ng\u01b0\u1eddi ti\u00eau d\u00f9ng .<\/p>\n<p class=\"QN2lPu\">\n<p class=\"QN2lPu\">* * * * * * * * * * * * * * * * * * * * * * * * * * * * * * TH\u00d4NG TIN S\u1ea2N PH\u1ea8M* * * * * * * * * * * * * * * * * * * * * * * * * * * *<\/p>\n<p class=\"QN2lPu\">\n<p class=\"QN2lPu\">1. B\u1ed9 chuy\u1ec3n \u0111\u1ed5i OTG c\u1eafm v\u00e0 ch\u1ea1y USB3.0, truy\u1ec1n d\u1eef li\u1ec7u s\u1ea1c, ph\u00f9 h\u1ee3p v\u1edbi<\/p>\n<p class=\"QN2lPu\"> nhi\u1ec1u lo\u1ea1i thi\u1ebft b\u1ecb<\/p>\n<p class=\"QN2lPu\">2.\u0110\u01b0\u1eddng truy\u1ec1n t\u1ed1c \u0111\u1ed9 cao USB3.0 5Gbps nhanh h\u01a1n USB2.0 480Mbps (t\u1ea1o <\/p>\n<p class=\"QN2lPu\">b\u1ea3ng \u0111o so s\u00e1nh)<\/p>\n<p class=\"QN2lPu\">3. H\u1ed7 tr\u1ee3 \u0111\u1ea7u USB: b\u00e0n ph\u00edm, chu\u1ed9t, \u0111\u0129a U, \u0111\u1ea7u \u0111\u1ecdc th\u1ebb, \u0111\u0129a c\u1ee9ng di <\/p>\n<p class=\"QN2lPu\">\u0111\u1ed9ng, m\u00e1y in, c\u00e1p d\u1eef li\u1ec7u, gamepad v\u00e0 c\u00e1c thi\u1ebft b\u1ecb kh\u00e1c<\/p>\n<p class=\"QN2lPu\">C\u1ea1nh Type-c: m\u00e1y t\u00ednh x\u00e1ch tay, m\u00e1y t\u00ednh b\u1ea3ng, \u0111i\u1ec7n tho\u1ea1i di \u0111\u1ed9ng (L\u01b0u <\/p>\n<p class=\"QN2lPu\">\u00fd: \u0111i\u1ec7n tho\u1ea1i di \u0111\u1ed9ng v\u00e0 m\u00e1y t\u00ednh b\u1ea3ng c\u1ea7n h\u1ed7 tr\u1ee3 ch\u1ee9c n\u0103ng OTG)<\/p>\n<p class=\"QN2lPu\">Hi\u1ec3n th\u1ecb h\u00ecnh \u1ea3nh:<\/p>\n<p class=\"QN2lPu\">S\u1eed d\u1ee5ng h\u00ecnh \u1ea3nh c\u1ee7a \u0111i\u1ec7n tho\u1ea1i di \u0111\u1ed9ng th\u00f4ng qua \u0111\u0129a U b\u00ean ngo\u00e0i USB <\/p>\n<p class=\"QN2lPu\">sang \u0111\u1ea7u Type-C <\/p>\n<p class=\"QN2lPu\">H\u00ecnh \u1ea3nh hi\u1ec3n th\u1ecb s\u1eed d\u1ee5ng b\u00e0n ph\u00edm b\u00ean ngo\u00e0i c\u1ed5ng USB n\u1eef sang \u0111\u1ea7u Type-C<\/p>\n<p class=\"QN2lPu\">\n<p class=\"QN2lPu\">\n<p class=\"QN2lPu\">* * * * * * * * * * * * * * * * * * * * * * * * * * QUY\u1ec0N L\u1ee2I C\u1ee6A KH\u00c1CH H\u00c0NG * * * * * * * * * * * * * * * * * * * * * * * * * * * <\/p>\n<p class=\"QN2lPu\">\n<p class=\"QN2lPu\">&#8211; H\u00e0ng ch\u00ednh h\u00e3ng 100%<\/p>\n<p class=\"QN2lPu\">&#8211; Lu\u00f4n lu\u00f4n s\u1eb5n h\u00e0ng , th\u1eddi gian \u0111\u00f3ng g\u00f3i nhanh tr\u00f3ng<\/p>\n<p class=\"QN2lPu\">&#8211; d\u1eef v\u1ecf h\u1ed9p \u0111\u1ec3 \u0111\u01b0\u1ee3c h\u1ed7 tr\u1ee3 khi s\u1ea3n ph\u1ea9m l\u1ed7i .<\/p>\n<\/div>\n","protected":false},"excerpt":{"rendered":"<p>* * * * * * * * * * * * * * * * * * * * * * * * * * * * * * * GI\u1edaI THI\u1ec6U SHOP* * * * * * * * * * * * * * * * * * * * * *&#8230;<\/p>\n","protected":false},"featured_media":15328,"comment_status":"open","ping_status":"closed","template":"","meta":[],"product_brand":[1881],"product_cat":[1724],"product_tag":[],"class_list":{"0":"post-15299","1":"product","2":"type-product","3":"status-publish","4":"has-post-thumbnail","6":"product_brand-hoco","7":"product_cat-usb-otg","9":"first","10":"instock","11":"sale","12":"shipping-taxable","13":"purchasable","14":"product-type-variable"},"_links":{"self":[{"href":"https:\/\/web-ban-le.mbws.vn\/thiet-bi-dien-tu\/wp-json\/wp\/v2\/product\/15299","targetHints":{"allow":["GET"]}}],"collection":[{"href":"https:\/\/web-ban-le.mbws.vn\/thiet-bi-dien-tu\/wp-json\/wp\/v2\/product"}],"about":[{"href":"https:\/\/web-ban-le.mbws.vn\/thiet-bi-dien-tu\/wp-json\/wp\/v2\/types\/product"}],"replies":[{"embeddable":true,"href":"https:\/\/web-ban-le.mbws.vn\/thiet-bi-dien-tu\/wp-json\/wp\/v2\/comments?post=15299"}],"wp:featuredmedia":[{"embeddable":true,"href":"https:\/\/web-ban-le.mbws.vn\/thiet-bi-dien-tu\/wp-json\/wp\/v2\/media\/15328"}],"wp:attachment":[{"href":"https:\/\/web-ban-le.mbws.vn\/thiet-bi-dien-tu\/wp-json\/wp\/v2\/media?parent=15299"}],"wp:term":[{"taxonomy":"product_brand","embeddable":true,"href":"https:\/\/web-ban-le.mbws.vn\/thiet-bi-dien-tu\/wp-json\/wp\/v2\/product_brand?post=15299"},{"taxonomy":"product_cat","embeddable":true,"href":"https:\/\/web-ban-le.mbws.vn\/thiet-bi-dien-tu\/wp-json\/wp\/v2\/product_cat?post=15299"},{"taxonomy":"product_tag","embeddable":true,"href":"https:\/\/web-ban-le.mbws.vn\/thiet-bi-dien-tu\/wp-json\/wp\/v2\/product_tag?post=15299"}],"curies":[{"name":"wp","href":"https:\/\/api.w.org\/{rel}","templated":true}]}}