{"id":15347,"date":"2025-10-28T17:02:19","date_gmt":"2025-10-28T10:02:19","guid":{"rendered":"https:\/\/web-ban-le.mbws.vn\/thiet-bi-dien-tu\/?post_type=product&#038;p=15347"},"modified":"2025-11-04T13:19:49","modified_gmt":"2025-11-04T06:19:49","slug":"tai-nghe-co-day-type-c-hoco-am-thanh-vom-6d-c17-dung-cho-samsung-xiaomi-oppo-hocomall","status":"publish","type":"product","link":"https:\/\/web-ban-le.mbws.vn\/thiet-bi-dien-tu\/san-pham\/tai-nghe-co-day-type-c-hoco-am-thanh-vom-6d-c17-dung-cho-samsung-xiaomi-oppo-hocomall\/","title":{"rendered":"Tai nghe c\u00f3 d\u00e2y type c HOCO \u00e2m thanh v\u00f2m 6d c17 d\u00f9ng cho samsung xiaomi oppo .. hocomall"},"content":{"rendered":"<div class=\"e8lZp3\">\n<p class=\"QN2lPu\">* * * * * * * * * * * * * * * * * * * * * * * * * * * * * * * GI\u1edaI THI\u1ec6U  SHOP* * * * * * * * * * * * * * * * * * * * * * * * * * * * * * <\/p>\n<p class=\"QN2lPu\">\n<p class=\"QN2lPu\">&#8211; Th\u01b0\u01a1ng hi\u1ec7u Hoco \u0111\u00e3 ho\u1ea1t \u0111\u1ed9ng 10 n\u0103m \u0111\u00e3 kh\u1eb3ng \u0111\u1ecbnh \u0111\u01b0\u1ee3c ch\u1ea5t l\u01b0\u1ee3ng v\u00e0 vi th\u1ebf trong l\u00f2ng ng\u01b0\u1eddi ti\u00eau d\u00f9ng .<\/p>\n<p class=\"QN2lPu\">\n<p class=\"QN2lPu\">* * * * * * * * * * * * * * * * * * * * * * * * * * * * * * TH\u00d4NG TIN S\u1ea2N PH\u1ea8M* * * * * * * * * * * * * * * * * * * * * * * * * * * *<\/p>\n<p class=\"QN2lPu\">\n<p class=\"QN2lPu\">Tai nghe nghe nh\u1ea1c c\u00f3 d\u00e2y Type-C b\u00ean trong tai nghe nh\u1ea1c C17 &#8211; Tr\u1eafng<\/p>\n<p class=\"QN2lPu\">Cu\u1ed9n d\u00e2y chuy\u1ec3n \u0111\u1ed9ng l\u1edbn 14mm, m\u00e0ng ch\u1eafn polyme cung c\u1ea5p t\u1ea7n s\u1ed1 ba t\u1ea7n s\u1ed1 c\u00e2n b\u1eb1ng t\u1ed1t v\u00e0 s\u1eafc th\u00e1i \u0111\u1eb7c bi\u1ec7t<\/p>\n<p class=\"QN2lPu\">Chip codec \u00e2m thanh ti\u00ean ti\u1ebfn mang l\u1ea1i ch\u1ea5t l\u01b0\u1ee3ng \u00e2m thanh kh\u00f4ng b\u1ecb m\u1ea5t<\/p>\n<p class=\"QN2lPu\">Micr\u00f4 \u0111a h\u01b0\u1edbng c\u00f3 \u0111\u1ed9 nh\u1ea1y cao \u0111\u1ea3m b\u1ea3o cu\u1ed9c g\u1ecdi tho\u1ea1i \u0111\u1ed9 n\u00e9t cao<\/p>\n<p class=\"QN2lPu\">Thi\u1ebft k\u1ebf n\u1eeda trong tai tho\u1ea3i m\u00e1i, kh\u00f4ng g\u00e2y \u00e1p l\u1ef1c cho tai c\u1ee7a b\u1ea1n<\/p>\n<p class=\"QN2lPu\">3 n\u00fat \u0111i\u1ec1u khi\u1ec3n d\u00e2y, d\u1ec5 v\u1eadn h\u00e0nh<\/p>\n<p class=\"QN2lPu\">C\u00e1p TPE ch\u1ea5t l\u01b0\u1ee3ng cao, kh\u00f4ng s\u1ee3 cong<\/p>\n<p class=\"QN2lPu\">S\u1ef1 ch\u1ec9 r\u00f5:<\/p>\n<p class=\"QN2lPu\">Ch\u1ea5t li\u1ec7u: ABS + TPE<\/p>\n<p class=\"QN2lPu\">Lo\u1ea1i loa: Cu\u1ed9n d\u00e2y di chuy\u1ec3n \u03a614mm&nbsp;<\/p>\n<p class=\"QN2lPu\">Chi\u1ec1u d\u00e0i d\u00e2y: 1.1m<\/p>\n<p class=\"QN2lPu\">D\u1ea3i t\u1ea7n s\u1ed1 \u00e2m thanh: 20Hz-20kHz<\/p>\n<p class=\"QN2lPu\">Giao di\u1ec7n: Type-C<\/p>\n<p class=\"QN2lPu\">B\u1ea2NG C\u00c1C D\u00d2NG M\u00c1Y H\u1ed6 TR\u1ee2<\/p>\n<div class=\"QN2lPu\">\n<div style=\"position: relative; width: 100%; padding-bottom: 89.2061%;\"><picture class=\"UkIsx8\"><source srcset=\"https:\/\/down-vn.img.susercontent.com\/file\/vn-11134202-7ras8-m1ikej5er49fe6@resize_w875_nl.webp 1x, https:\/\/down-vn.img.susercontent.com\/file\/vn-11134202-7ras8-m1ikej5er49fe6@resize_w1750_nl.webp 2x\" type=\"image\/webp\" class=\"UkIsx8\"><img decoding=\"async\" width=\"875\" loading=\"lazy\" class=\"uXN1L5 lazyload GqYslU\" srcset=\"https:\/\/down-vn.img.susercontent.com\/file\/vn-11134202-7ras8-m1ikej5er49fe6@resize_w875_nl 1x, https:\/\/down-vn.img.susercontent.com\/file\/vn-11134202-7ras8-m1ikej5er49fe6@resize_w1750_nl 2x\" src=\"https:\/\/down-vn.img.susercontent.com\/file\/vn-11134202-7ras8-m1ikej5er49fe6\" height=\"781\"><\/picture><\/div>\n<\/div>\n<div class=\"QN2lPu\">\n<div style=\"position: relative; width: 100%; padding-bottom: 83.2639%;\"><picture class=\"UkIsx8\"><source srcset=\"https:\/\/down-vn.img.susercontent.com\/file\/vn-11134202-7ras8-m1ikejhm993nf9@resize_w875_nl.webp 1x, https:\/\/down-vn.img.susercontent.com\/file\/vn-11134202-7ras8-m1ikejhm993nf9@resize_w1750_nl.webp 2x\" type=\"image\/webp\" class=\"UkIsx8\"><img decoding=\"async\" width=\"875\" loading=\"lazy\" class=\"uXN1L5 lazyload GqYslU\" srcset=\"https:\/\/down-vn.img.susercontent.com\/file\/vn-11134202-7ras8-m1ikejhm993nf9@resize_w875_nl 1x, https:\/\/down-vn.img.susercontent.com\/file\/vn-11134202-7ras8-m1ikejhm993nf9@resize_w1750_nl 2x\" src=\"https:\/\/down-vn.img.susercontent.com\/file\/vn-11134202-7ras8-m1ikejhm993nf9\" height=\"729\"><\/picture><\/div>\n<\/div>\n<p class=\"QN2lPu\">\n<p class=\"QN2lPu\">B\u1ed8 S\u1ea2N PH\u1ea8M BAO G\u1ed2M<\/p>\n<p class=\"QN2lPu\">1 : TAI NGHE<\/p>\n<p class=\"QN2lPu\">\n<p class=\"QN2lPu\">* * * * * * * * * * * * * * * * * * * * * * * * * * QUY\u1ec0N L\u1ee2I C\u1ee6A KH\u00c1CH H\u00c0NG * * * * * * * * * * * * * * * * * * * * * * * * * * * <\/p>\n<p class=\"QN2lPu\">\n<p class=\"QN2lPu\">&#8211; H\u00e0ng ch\u00ednh h\u00e3ng 100%<\/p>\n<p class=\"QN2lPu\">&#8211; Lu\u00f4n lu\u00f4n s\u1eb5n h\u00e0ng , th\u1eddi gian \u0111\u00f3ng g\u00f3i nhanh tr\u00f3ng<\/p>\n<p class=\"QN2lPu\">&#8211; d\u1eef v\u1ecf h\u1ed9p \u0111\u1ec3 \u0111\u01b0\u1ee3c h\u1ed7 tr\u1ee3 khi s\u1ea3n ph\u1ea9m l\u1ed7i .<\/p>\n<\/div>\n","protected":false},"excerpt":{"rendered":"<p>* * * * * * * * * * * * * * * * * * * * * * * * * * * * * * * GI\u1edaI THI\u1ec6U SHOP* * * * * * * * * * * * * * * * * * * * * *&#8230;<\/p>\n","protected":false},"featured_media":15364,"comment_status":"open","ping_status":"closed","template":"","meta":[],"product_brand":[1881],"product_cat":[1673],"product_tag":[],"class_list":{"0":"post-15347","1":"product","2":"type-product","3":"status-publish","4":"has-post-thumbnail","6":"product_brand-hoco","7":"product_cat-headphones","9":"first","10":"instock","11":"sale","12":"shipping-taxable","13":"purchasable","14":"product-type-variable"},"_links":{"self":[{"href":"https:\/\/web-ban-le.mbws.vn\/thiet-bi-dien-tu\/wp-json\/wp\/v2\/product\/15347","targetHints":{"allow":["GET"]}}],"collection":[{"href":"https:\/\/web-ban-le.mbws.vn\/thiet-bi-dien-tu\/wp-json\/wp\/v2\/product"}],"about":[{"href":"https:\/\/web-ban-le.mbws.vn\/thiet-bi-dien-tu\/wp-json\/wp\/v2\/types\/product"}],"replies":[{"embeddable":true,"href":"https:\/\/web-ban-le.mbws.vn\/thiet-bi-dien-tu\/wp-json\/wp\/v2\/comments?post=15347"}],"wp:featuredmedia":[{"embeddable":true,"href":"https:\/\/web-ban-le.mbws.vn\/thiet-bi-dien-tu\/wp-json\/wp\/v2\/media\/15364"}],"wp:attachment":[{"href":"https:\/\/web-ban-le.mbws.vn\/thiet-bi-dien-tu\/wp-json\/wp\/v2\/media?parent=15347"}],"wp:term":[{"taxonomy":"product_brand","embeddable":true,"href":"https:\/\/web-ban-le.mbws.vn\/thiet-bi-dien-tu\/wp-json\/wp\/v2\/product_brand?post=15347"},{"taxonomy":"product_cat","embeddable":true,"href":"https:\/\/web-ban-le.mbws.vn\/thiet-bi-dien-tu\/wp-json\/wp\/v2\/product_cat?post=15347"},{"taxonomy":"product_tag","embeddable":true,"href":"https:\/\/web-ban-le.mbws.vn\/thiet-bi-dien-tu\/wp-json\/wp\/v2\/product_tag?post=15347"}],"curies":[{"name":"wp","href":"https:\/\/api.w.org\/{rel}","templated":true}]}}